{"id":622,"date":"2025-06-02T02:35:22","date_gmt":"2025-06-02T00:35:22","guid":{"rendered":"http:\/\/yolckze.cluster100.hosting.ovh.net\/?page_id=622"},"modified":"2025-12-30T00:40:51","modified_gmt":"2025-12-29T23:40:51","slug":"ateliers-dimprovisation-en-entreprise-en-milieu-scolaire-ou-en-structure","status":"publish","type":"page","link":"https:\/\/improlabe.fr\/index.php\/nos-prestations-dimprovisation-appliquee-en-entreprise\/ateliers-dimprovisation-en-entreprise-en-milieu-scolaire-ou-en-structure\/","title":{"rendered":"Ateliers d\u2019improvisation en entreprise, en milieu scolaire ou en structure"},"content":{"rendered":"\n<h4 class=\"wp-block-heading has-vivid-red-color has-text-color has-link-color wp-elements-564a98e5ec80f74887c6e34709d1062e\">L\u2019improvisation, un outil puissant pour d\u00e9velopper les comp\u00e9tences relationnelles, la coh\u00e9sion et la cr\u00e9ativit\u00e9<\/h4>\n\n\n\n<div style=\"height:30px\" aria-hidden=\"true\" class=\"wp-block-spacer\"><\/div>\n\n\n<div class=\"wp-block-image\">\n<figure class=\"aligncenter size-full\"><img loading=\"lazy\" decoding=\"async\" width=\"206\" height=\"206\" src=\"https:\/\/improlabe.fr\/wp-content\/uploads\/2025\/12\/Ateliers-participatifs-a-Tours-\u2013-animation-collective-animee-par-Improlabe.jpg\" alt=\"Ateliers de th\u00e9\u00e2tre d'improvisation \u00e0 Tours \u2013 animation collective anim\u00e9e par Improlabe\" class=\"wp-image-1088\" srcset=\"https:\/\/improlabe.fr\/wp-content\/uploads\/2025\/12\/Ateliers-participatifs-a-Tours-\u2013-animation-collective-animee-par-Improlabe.jpg 206w, https:\/\/improlabe.fr\/wp-content\/uploads\/2025\/12\/Ateliers-participatifs-a-Tours-\u2013-animation-collective-animee-par-Improlabe-150x150.jpg 150w\" sizes=\"auto, (max-width: 206px) 100vw, 206px\" \/><\/figure>\n<\/div>\n\n\n<div style=\"height:30px\" aria-hidden=\"true\" class=\"wp-block-spacer\"><\/div>\n\n\n\n<p>Les ateliers de th\u00e9\u00e2tre d&#8217;improvisation participatifs \u00e0 Tours propos\u00e9s par la Compagnie Improlabe s\u2019adressent aux entreprises, aux \u00e9tablissements scolaires et aux organisations souhaitant travailler la communication, le collectif, le plaisir de partager, le fun et les dynamiques de groupe.<\/p>\n\n\n\n<p>L\u2019improvisation est un formidable levier pour apprendre \u00e0 \u00e9couter, \u00e0 coop\u00e9rer, \u00e0 oser.<br>Au-del\u00e0 de la sc\u00e8ne, elle d\u00e9veloppe des comp\u00e9tences cl\u00e9s utiles dans tous les environnements professionnels, \u00e9ducatifs ou sociaux.<br>Nous proposons des ateliers sur mesure, adapt\u00e9s \u00e0 votre structure : entreprise, \u00e9tablissement scolaire, centre social, collectivit\u00e9, organisme de formation\u2026<\/p>\n\n\n\n<div style=\"height:40px\" aria-hidden=\"true\" class=\"wp-block-spacer\"><\/div>\n\n\n\n<h4 class=\"wp-block-heading has-vivid-red-color has-text-color has-link-color wp-elements-71f762f6867c669268ca43520762823f\">Pour qui ? Une p\u00e9dagogie active et accessible \u00e0 tous les publics !<\/h4>\n\n\n\n<div style=\"height:10px\" aria-hidden=\"true\" class=\"wp-block-spacer\"><\/div>\n\n\n\n<p>Salari\u00e9\u00b7es, \u00e9l\u00e8ves, b\u00e9n\u00e9voles, formateur\u00b7rices, professionnel\u00b7les du soin, de l\u2019\u00e9ducation, du social ou du monde associatif\u2026<br>Nos ateliers s\u2019adressent \u00e0 tous les groupes, d\u00e9butants ou initi\u00e9s, avec une p\u00e9dagogie bienveillante et progressive.<\/p>\n\n\n\n<div style=\"height:40px\" aria-hidden=\"true\" class=\"wp-block-spacer\"><\/div>\n\n\n\n<h4 class=\"wp-block-heading has-vivid-red-color has-text-color has-link-color wp-elements-3613faf86585e3cd47a037f000f8d107\">Ce que permettent nos ateliers de th\u00e9\u00e2tre d&#8217;improvisation <\/h4>\n\n\n\n<div style=\"height:10px\" aria-hidden=\"true\" class=\"wp-block-spacer\"><\/div>\n\n\n\n<ul class=\"wp-block-list\">\n<li><strong>Am\u00e9liorer la prise de parole<\/strong> : gagner en aisance, en clart\u00e9 et en impact.<\/li>\n\n\n\n<li><strong>Renforcer la confiance en soi<\/strong> : affirmer sa voix, assumer sa pr\u00e9sence, oser l\u2019expression.<\/li>\n\n\n\n<li><strong>Favoriser l\u2019\u00e9coute et la coop\u00e9ration<\/strong> : jouer avec l\u2019autre, co-construire, se rendre disponible.<\/li>\n\n\n\n<li><strong>Stimuler la cr\u00e9ativit\u00e9<\/strong> : imaginer, rebondir, tester librement.<\/li>\n\n\n\n<li><strong>S\u2019autoriser \u00e0 essayer<\/strong> : dans un cadre s\u00e9curis\u00e9, o\u00f9 l\u2019erreur devient ressource.<\/li>\n<\/ul>\n\n\n\n<div style=\"height:40px\" aria-hidden=\"true\" class=\"wp-block-spacer\"><\/div>\n\n\n\n<h4 class=\"wp-block-heading has-vivid-red-color has-text-color has-link-color wp-elements-15dd9b14034bcf05ea3473b868b7d472\">Modalit\u00e9s pratiques des ateliers de th\u00e9\u00e2tre d&#8217;improvisation<\/h4>\n\n\n\n<div style=\"height:10px\" aria-hidden=\"true\" class=\"wp-block-spacer\"><\/div>\n\n\n\n<p><strong>Formats propos\u00e9s<\/strong> : ateliers ponctuels ou cycles de plusieurs s\u00e9ances, stages ou interventions en \u00e9v\u00e9nement, adapt\u00e9s \u00e0 votre contexte. <br><strong>Dur\u00e9e<\/strong> : de 1h \u00e0 3h<br><strong>Lieu<\/strong> : dans vos locaux ou en salle mise \u00e0 disposition.<br><strong>Public<\/strong> : de 6 \u00e0 20 participant\u00b7es par groupe (possibilit\u00e9 d&#8217;avoir plus de participant.es avec plus d&#8217;intervenant.es).<br><strong>Tarif<\/strong> : sur devis, selon dur\u00e9e, lieu et nombre de personnes.<\/p>\n\n\n\n<div style=\"height:40px\" aria-hidden=\"true\" class=\"wp-block-spacer\"><\/div>\n\n\n\n<h4 class=\"wp-block-heading has-vivid-red-color has-text-color has-link-color wp-elements-1957c7193de8e543463175adea0af130\">Une approche sur mesure ! Des ateliers adapt\u00e9s aux entreprises, en milieu scolaire et aux diff\u00e9rentes organisations<\/h4>\n\n\n\n<div style=\"height:10px\" aria-hidden=\"true\" class=\"wp-block-spacer\"><\/div>\n\n\n\n<p>Chaque intervention est con\u00e7ue en dialogue avec vous.<br>Nous partons de vos objectifs, de votre public, de vos contraintes, pour construire ensemble un atelier juste, vivant et impactant.<\/p>\n\n\n\n<div style=\"height:40px\" aria-hidden=\"true\" class=\"wp-block-spacer\"><\/div>\n\n\n\n<h4 class=\"wp-block-heading has-vivid-red-color has-text-color has-link-color wp-elements-0e5910b442b9783e1cff80eb9ccd0b38\">Envie d\u2019en savoir plus ?<\/h4>\n\n\n\n<div style=\"height:10px\" aria-hidden=\"true\" class=\"wp-block-spacer\"><\/div>\n\n\n\n<p>\u00c9crivez-nous \u00e0 <a>improlabe@gmail.com<\/a> ou appelez nous !<br>On vous \u00e9coute, on imagine, on construit.<\/p>\n\n\n\n<p>Ces ateliers participatifs s\u2019inscrivent dans la continuit\u00e9 de <a href=\"https:\/\/improlabe.fr\/index.php\/nos-prestations-dimprovisation-appliquee-en-entreprise\/\">nos formations cl\u00e9s en main, de nos actions de team building et de nos animations sur mesure.<\/a><\/p>\n\n\n\n<div style=\"height:30px\" aria-hidden=\"true\" class=\"wp-block-spacer\"><\/div>\n\n\n<div class=\"wp-block-image\">\n<figure class=\"aligncenter size-full\"><img loading=\"lazy\" decoding=\"async\" width=\"206\" height=\"206\" src=\"https:\/\/improlabe.fr\/wp-content\/uploads\/2025\/12\/Ateliers-participatifs-a-Tours-\u2013-formatrice-auger-vanessa-et-emilie-mendonca-animee-par-Improlabe.jpg\" alt=\"Ateliers participatifs \u00e0 Tours \u2013 formatrice auger vanessa et emilie mendon\u00e7a anim\u00e9e par Improlabe\" class=\"wp-image-1089\" srcset=\"https:\/\/improlabe.fr\/wp-content\/uploads\/2025\/12\/Ateliers-participatifs-a-Tours-\u2013-formatrice-auger-vanessa-et-emilie-mendonca-animee-par-Improlabe.jpg 206w, https:\/\/improlabe.fr\/wp-content\/uploads\/2025\/12\/Ateliers-participatifs-a-Tours-\u2013-formatrice-auger-vanessa-et-emilie-mendonca-animee-par-Improlabe-150x150.jpg 150w\" sizes=\"auto, (max-width: 206px) 100vw, 206px\" \/><\/figure>\n<\/div>","protected":false},"excerpt":{"rendered":"<p>L\u2019improvisation, un outil puissant pour d\u00e9velopper les comp\u00e9tences relationnelles, la coh\u00e9sion et la cr\u00e9ativit\u00e9 Les ateliers de th\u00e9\u00e2tre d&#8217;improvisation participatifs \u00e0 Tours propos\u00e9s par la Compagnie Improlabe s\u2019adressent aux entreprises, aux \u00e9tablissements scolaires et aux organisations souhaitant travailler la communication, le collectif, le plaisir de partager, le fun et les dynamiques de groupe. L\u2019improvisation est [&hellip;]<\/p>\n","protected":false},"author":1,"featured_media":0,"parent":126,"menu_order":0,"comment_status":"closed","ping_status":"closed","template":"","meta":{"footnotes":""},"class_list":["post-622","page","type-page","status-publish","hentry"],"yoast_head":"<!-- This site is optimized with the Yoast SEO plugin v26.8 - https:\/\/yoast.com\/product\/yoast-seo-wordpress\/ -->\n<title>Ateliers improvisation \u00e0 Tours \u2013 Entreprises, scolaire, organisations<\/title>\n<meta name=\"description\" content=\"Improlabe propose des ateliers de th\u00e9\u00e2tre d&#039;improvisation \u00e0 Tours pour les entreprises, le milieu scolaire et toutes structures.\" \/>\n<meta name=\"robots\" content=\"index, follow, max-snippet:-1, max-image-preview:large, max-video-preview:-1\" \/>\n<link rel=\"canonical\" href=\"https:\/\/improlabe.fr\/index.php\/nos-prestations-dimprovisation-appliquee-en-entreprise\/ateliers-dimprovisation-en-entreprise-en-milieu-scolaire-ou-en-structure\/\" \/>\n<meta property=\"og:locale\" content=\"fr_FR\" \/>\n<meta property=\"og:type\" content=\"article\" \/>\n<meta property=\"og:title\" content=\"Ateliers improvisation \u00e0 Tours \u2013 Entreprises, scolaire, organisations\" \/>\n<meta property=\"og:description\" content=\"Improlabe propose des ateliers de th\u00e9\u00e2tre d&#039;improvisation \u00e0 Tours pour les entreprises, le milieu scolaire et toutes structures.\" \/>\n<meta property=\"og:url\" content=\"https:\/\/improlabe.fr\/index.php\/nos-prestations-dimprovisation-appliquee-en-entreprise\/ateliers-dimprovisation-en-entreprise-en-milieu-scolaire-ou-en-structure\/\" \/>\n<meta property=\"article:publisher\" content=\"https:\/\/www.facebook.com\/profile.php?id=61575341305513\" \/>\n<meta property=\"article:modified_time\" content=\"2025-12-29T23:40:51+00:00\" \/>\n<meta name=\"twitter:card\" content=\"summary_large_image\" \/>\n<meta name=\"twitter:label1\" content=\"Dur\u00e9e de lecture estim\u00e9e\" \/>\n\t<meta name=\"twitter:data1\" content=\"3 minutes\" \/>\n<script type=\"application\/ld+json\" class=\"yoast-schema-graph\">{\"@context\":\"https:\/\/schema.org\",\"@graph\":[{\"@type\":\"WebPage\",\"@id\":\"https:\/\/improlabe.fr\/index.php\/nos-prestations-dimprovisation-appliquee-en-entreprise\/ateliers-dimprovisation-en-entreprise-en-milieu-scolaire-ou-en-structure\/\",\"url\":\"https:\/\/improlabe.fr\/index.php\/nos-prestations-dimprovisation-appliquee-en-entreprise\/ateliers-dimprovisation-en-entreprise-en-milieu-scolaire-ou-en-structure\/\",\"name\":\"Ateliers improvisation \u00e0 Tours \u2013 Entreprises, scolaire, organisations\",\"isPartOf\":{\"@id\":\"https:\/\/improlabe.fr\/#website\"},\"datePublished\":\"2025-06-02T00:35:22+00:00\",\"dateModified\":\"2025-12-29T23:40:51+00:00\",\"description\":\"Improlabe propose des ateliers de th\u00e9\u00e2tre d'improvisation \u00e0 Tours pour les entreprises, le milieu scolaire et toutes structures.\",\"breadcrumb\":{\"@id\":\"https:\/\/improlabe.fr\/index.php\/nos-prestations-dimprovisation-appliquee-en-entreprise\/ateliers-dimprovisation-en-entreprise-en-milieu-scolaire-ou-en-structure\/#breadcrumb\"},\"inLanguage\":\"fr-FR\",\"potentialAction\":[{\"@type\":\"ReadAction\",\"target\":[\"https:\/\/improlabe.fr\/index.php\/nos-prestations-dimprovisation-appliquee-en-entreprise\/ateliers-dimprovisation-en-entreprise-en-milieu-scolaire-ou-en-structure\/\"]}]},{\"@type\":\"BreadcrumbList\",\"@id\":\"https:\/\/improlabe.fr\/index.php\/nos-prestations-dimprovisation-appliquee-en-entreprise\/ateliers-dimprovisation-en-entreprise-en-milieu-scolaire-ou-en-structure\/#breadcrumb\",\"itemListElement\":[{\"@type\":\"ListItem\",\"position\":1,\"name\":\"Accueil\",\"item\":\"https:\/\/improlabe.fr\/\"},{\"@type\":\"ListItem\",\"position\":2,\"name\":\"Nos prestations d&#8217;improvisation appliqu\u00e9e en entreprise\",\"item\":\"https:\/\/improlabe.fr\/index.php\/nos-prestations-dimprovisation-appliquee-en-entreprise\/\"},{\"@type\":\"ListItem\",\"position\":3,\"name\":\"Ateliers d\u2019improvisation en entreprise, en milieu scolaire ou en structure\"}]},{\"@type\":\"WebSite\",\"@id\":\"https:\/\/improlabe.fr\/#website\",\"url\":\"https:\/\/improlabe.fr\/\",\"name\":\"improlabe.fr\",\"description\":\"Improlabe est une compagnie port\u00e9e par deux &lt;strong&gt;com\u00e9diennes de th\u00e9\u00e2tre d\u2019improvisation \u00e0 Tours&lt;\/strong&gt;, engag\u00e9es dans la cr\u00e9ation, la transmission et l\u2019exploration des pratiques improvis\u00e9es contemporaines.&lt;br&gt;Car la Compagnie Improlabe n\u2019est pas qu\u2019un laboratoire : c\u2019est aussi et surtout un lieu d\u2019exploration de l\u2019improvisation th\u00e9\u00e2trale. \u00c0 la mani\u00e8re de l\u2019astrolabe qui guidait marins et explorateurs en des temps recul\u00e9s, Improlabe est un outil de d\u00e9couverte et d\u2019ouverture vers l\u2019ensemble des pratiques th\u00e9\u00e2trales improvis\u00e9es d\u2019aujourd\u2019hui, en Touraine, en France et \u00e0 l\u2019\u00e9tranger.&lt;br&gt;\u00c0 travers ses ateliers, stages, spectacles, interventions p\u00e9dagogiques et prestations \u00e0 destination du monde de l\u2019entreprise et des professionnels, Improlabe d\u00e9ploie l\u2019univers de l\u2019improvisation th\u00e9\u00e2trale aupr\u00e8s de publics vari\u00e9s, dans une approche exigeante, accessible et profond\u00e9ment humaine.\",\"publisher\":{\"@id\":\"https:\/\/improlabe.fr\/#organization\"},\"potentialAction\":[{\"@type\":\"SearchAction\",\"target\":{\"@type\":\"EntryPoint\",\"urlTemplate\":\"https:\/\/improlabe.fr\/?s={search_term_string}\"},\"query-input\":{\"@type\":\"PropertyValueSpecification\",\"valueRequired\":true,\"valueName\":\"search_term_string\"}}],\"inLanguage\":\"fr-FR\"},{\"@type\":\"Organization\",\"@id\":\"https:\/\/improlabe.fr\/#organization\",\"name\":\"Compagnie Improlabe\",\"url\":\"https:\/\/improlabe.fr\/\",\"logo\":{\"@type\":\"ImageObject\",\"inLanguage\":\"fr-FR\",\"@id\":\"https:\/\/improlabe.fr\/#\/schema\/logo\/image\/\",\"url\":\"https:\/\/improlabe.fr\/wp-content\/uploads\/2025\/04\/cropped-BANDEAU-LOGO-v26-3-scaled-1.jpg\",\"contentUrl\":\"https:\/\/improlabe.fr\/wp-content\/uploads\/2025\/04\/cropped-BANDEAU-LOGO-v26-3-scaled-1.jpg\",\"width\":2413,\"height\":878,\"caption\":\"Compagnie Improlabe\"},\"image\":{\"@id\":\"https:\/\/improlabe.fr\/#\/schema\/logo\/image\/\"},\"sameAs\":[\"https:\/\/www.facebook.com\/profile.php?id=61575341305513\",\"https:\/\/www.instagram.com\/improlabe_tours\/\",\"https:\/\/www.linkedin.com\/company\/improlabe\"]}]}<\/script>\n<!-- \/ Yoast SEO plugin. -->","yoast_head_json":{"title":"Ateliers improvisation \u00e0 Tours \u2013 Entreprises, scolaire, organisations","description":"Improlabe propose des ateliers de th\u00e9\u00e2tre d'improvisation \u00e0 Tours pour les entreprises, le milieu scolaire et toutes structures.","robots":{"index":"index","follow":"follow","max-snippet":"max-snippet:-1","max-image-preview":"max-image-preview:large","max-video-preview":"max-video-preview:-1"},"canonical":"https:\/\/improlabe.fr\/index.php\/nos-prestations-dimprovisation-appliquee-en-entreprise\/ateliers-dimprovisation-en-entreprise-en-milieu-scolaire-ou-en-structure\/","og_locale":"fr_FR","og_type":"article","og_title":"Ateliers improvisation \u00e0 Tours \u2013 Entreprises, scolaire, organisations","og_description":"Improlabe propose des ateliers de th\u00e9\u00e2tre d'improvisation \u00e0 Tours pour les entreprises, le milieu scolaire et toutes structures.","og_url":"https:\/\/improlabe.fr\/index.php\/nos-prestations-dimprovisation-appliquee-en-entreprise\/ateliers-dimprovisation-en-entreprise-en-milieu-scolaire-ou-en-structure\/","article_publisher":"https:\/\/www.facebook.com\/profile.php?id=61575341305513","article_modified_time":"2025-12-29T23:40:51+00:00","twitter_card":"summary_large_image","twitter_misc":{"Dur\u00e9e de lecture estim\u00e9e":"3 minutes"},"schema":{"@context":"https:\/\/schema.org","@graph":[{"@type":"WebPage","@id":"https:\/\/improlabe.fr\/index.php\/nos-prestations-dimprovisation-appliquee-en-entreprise\/ateliers-dimprovisation-en-entreprise-en-milieu-scolaire-ou-en-structure\/","url":"https:\/\/improlabe.fr\/index.php\/nos-prestations-dimprovisation-appliquee-en-entreprise\/ateliers-dimprovisation-en-entreprise-en-milieu-scolaire-ou-en-structure\/","name":"Ateliers improvisation \u00e0 Tours \u2013 Entreprises, scolaire, organisations","isPartOf":{"@id":"https:\/\/improlabe.fr\/#website"},"datePublished":"2025-06-02T00:35:22+00:00","dateModified":"2025-12-29T23:40:51+00:00","description":"Improlabe propose des ateliers de th\u00e9\u00e2tre d'improvisation \u00e0 Tours pour les entreprises, le milieu scolaire et toutes structures.","breadcrumb":{"@id":"https:\/\/improlabe.fr\/index.php\/nos-prestations-dimprovisation-appliquee-en-entreprise\/ateliers-dimprovisation-en-entreprise-en-milieu-scolaire-ou-en-structure\/#breadcrumb"},"inLanguage":"fr-FR","potentialAction":[{"@type":"ReadAction","target":["https:\/\/improlabe.fr\/index.php\/nos-prestations-dimprovisation-appliquee-en-entreprise\/ateliers-dimprovisation-en-entreprise-en-milieu-scolaire-ou-en-structure\/"]}]},{"@type":"BreadcrumbList","@id":"https:\/\/improlabe.fr\/index.php\/nos-prestations-dimprovisation-appliquee-en-entreprise\/ateliers-dimprovisation-en-entreprise-en-milieu-scolaire-ou-en-structure\/#breadcrumb","itemListElement":[{"@type":"ListItem","position":1,"name":"Accueil","item":"https:\/\/improlabe.fr\/"},{"@type":"ListItem","position":2,"name":"Nos prestations d&#8217;improvisation appliqu\u00e9e en entreprise","item":"https:\/\/improlabe.fr\/index.php\/nos-prestations-dimprovisation-appliquee-en-entreprise\/"},{"@type":"ListItem","position":3,"name":"Ateliers d\u2019improvisation en entreprise, en milieu scolaire ou en structure"}]},{"@type":"WebSite","@id":"https:\/\/improlabe.fr\/#website","url":"https:\/\/improlabe.fr\/","name":"improlabe.fr","description":"Improlabe est une compagnie port\u00e9e par deux &lt;strong&gt;com\u00e9diennes de th\u00e9\u00e2tre d\u2019improvisation \u00e0 Tours&lt;\/strong&gt;, engag\u00e9es dans la cr\u00e9ation, la transmission et l\u2019exploration des pratiques improvis\u00e9es contemporaines.&lt;br&gt;Car la Compagnie Improlabe n\u2019est pas qu\u2019un laboratoire : c\u2019est aussi et surtout un lieu d\u2019exploration de l\u2019improvisation th\u00e9\u00e2trale. \u00c0 la mani\u00e8re de l\u2019astrolabe qui guidait marins et explorateurs en des temps recul\u00e9s, Improlabe est un outil de d\u00e9couverte et d\u2019ouverture vers l\u2019ensemble des pratiques th\u00e9\u00e2trales improvis\u00e9es d\u2019aujourd\u2019hui, en Touraine, en France et \u00e0 l\u2019\u00e9tranger.&lt;br&gt;\u00c0 travers ses ateliers, stages, spectacles, interventions p\u00e9dagogiques et prestations \u00e0 destination du monde de l\u2019entreprise et des professionnels, Improlabe d\u00e9ploie l\u2019univers de l\u2019improvisation th\u00e9\u00e2trale aupr\u00e8s de publics vari\u00e9s, dans une approche exigeante, accessible et profond\u00e9ment humaine.","publisher":{"@id":"https:\/\/improlabe.fr\/#organization"},"potentialAction":[{"@type":"SearchAction","target":{"@type":"EntryPoint","urlTemplate":"https:\/\/improlabe.fr\/?s={search_term_string}"},"query-input":{"@type":"PropertyValueSpecification","valueRequired":true,"valueName":"search_term_string"}}],"inLanguage":"fr-FR"},{"@type":"Organization","@id":"https:\/\/improlabe.fr\/#organization","name":"Compagnie Improlabe","url":"https:\/\/improlabe.fr\/","logo":{"@type":"ImageObject","inLanguage":"fr-FR","@id":"https:\/\/improlabe.fr\/#\/schema\/logo\/image\/","url":"https:\/\/improlabe.fr\/wp-content\/uploads\/2025\/04\/cropped-BANDEAU-LOGO-v26-3-scaled-1.jpg","contentUrl":"https:\/\/improlabe.fr\/wp-content\/uploads\/2025\/04\/cropped-BANDEAU-LOGO-v26-3-scaled-1.jpg","width":2413,"height":878,"caption":"Compagnie Improlabe"},"image":{"@id":"https:\/\/improlabe.fr\/#\/schema\/logo\/image\/"},"sameAs":["https:\/\/www.facebook.com\/profile.php?id=61575341305513","https:\/\/www.instagram.com\/improlabe_tours\/","https:\/\/www.linkedin.com\/company\/improlabe"]}]}},"_links":{"self":[{"href":"https:\/\/improlabe.fr\/index.php\/wp-json\/wp\/v2\/pages\/622","targetHints":{"allow":["GET"]}}],"collection":[{"href":"https:\/\/improlabe.fr\/index.php\/wp-json\/wp\/v2\/pages"}],"about":[{"href":"https:\/\/improlabe.fr\/index.php\/wp-json\/wp\/v2\/types\/page"}],"author":[{"embeddable":true,"href":"https:\/\/improlabe.fr\/index.php\/wp-json\/wp\/v2\/users\/1"}],"replies":[{"embeddable":true,"href":"https:\/\/improlabe.fr\/index.php\/wp-json\/wp\/v2\/comments?post=622"}],"version-history":[{"count":9,"href":"https:\/\/improlabe.fr\/index.php\/wp-json\/wp\/v2\/pages\/622\/revisions"}],"predecessor-version":[{"id":1092,"href":"https:\/\/improlabe.fr\/index.php\/wp-json\/wp\/v2\/pages\/622\/revisions\/1092"}],"up":[{"embeddable":true,"href":"https:\/\/improlabe.fr\/index.php\/wp-json\/wp\/v2\/pages\/126"}],"wp:attachment":[{"href":"https:\/\/improlabe.fr\/index.php\/wp-json\/wp\/v2\/media?parent=622"}],"curies":[{"name":"wp","href":"https:\/\/api.w.org\/{rel}","templated":true}]}}