{"id":616,"date":"2025-06-02T02:30:30","date_gmt":"2025-06-02T00:30:30","guid":{"rendered":"http:\/\/yolckze.cluster100.hosting.ovh.net\/?page_id=616"},"modified":"2025-06-24T01:43:08","modified_gmt":"2025-06-23T23:43:08","slug":"impro-boost-quel-improvisateur-ou-improvisatrice-es-tu","status":"publish","type":"page","link":"https:\/\/improlabe.fr\/index.php\/ateliers-de-theatre-dimprovisation-a-tours-improlabe\/nos-boosts\/impro-boost-quel-improvisateur-ou-improvisatrice-es-tu\/","title":{"rendered":"IMPRO BOOST &#8211; QUEL IMPROVISATEUR OU IMPROVISATRICE ES-TU ?"},"content":{"rendered":"\n<div class=\"wp-block-group is-nowrap is-layout-flex wp-container-core-group-is-layout-ad2f72ca wp-block-group-is-layout-flex\">\n<figure class=\"wp-block-image size-large is-resized\"><img loading=\"lazy\" decoding=\"async\" width=\"1024\" height=\"1024\" src=\"http:\/\/yolckze.cluster100.hosting.ovh.net\/wp-content\/uploads\/2025\/05\/WEB-Boost-Quel-improvisateur-1024x1024.png\" alt=\"\" class=\"wp-image-419\" style=\"width:105px\" srcset=\"https:\/\/improlabe.fr\/wp-content\/uploads\/2025\/05\/WEB-Boost-Quel-improvisateur-1024x1024.png 1024w, https:\/\/improlabe.fr\/wp-content\/uploads\/2025\/05\/WEB-Boost-Quel-improvisateur-300x300.png 300w, https:\/\/improlabe.fr\/wp-content\/uploads\/2025\/05\/WEB-Boost-Quel-improvisateur-150x150.png 150w, https:\/\/improlabe.fr\/wp-content\/uploads\/2025\/05\/WEB-Boost-Quel-improvisateur-768x768.png 768w, https:\/\/improlabe.fr\/wp-content\/uploads\/2025\/05\/WEB-Boost-Quel-improvisateur.png 1080w\" sizes=\"auto, (max-width: 1024px) 100vw, 1024px\" \/><\/figure>\n\n\n\n<p class=\"has-medium-font-size\"><strong><em>Anim\u00e9 par Vanessa Auger<\/em><br>Mercredi 9 juillet 2025 \u2013 de 19h30 \u00e0 22h30<br>Lieu : Comit\u00e9 de Quartier Lamartine, 36 rue Lamartine, 37000 Tours<\/strong><\/p>\n<\/div>\n\n\n\n<div style=\"height:40px\" aria-hidden=\"true\" class=\"wp-block-spacer\"><\/div>\n\n\n\n<h3 class=\"wp-block-heading has-vivid-red-color has-text-color has-link-color wp-elements-10f0d4147b41aac8e0e29fc099364fe2\">Se d\u00e9couvrir en sc\u00e8ne pour enrichir sa pratique.<\/h3>\n\n\n\n<div style=\"height:40px\" aria-hidden=\"true\" class=\"wp-block-spacer\"><\/div>\n\n\n\n<p>La question-cl\u00e9 : Mais comment j&#8217;improvise, finalement ? &nbsp;<\/p>\n\n\n\n<p>Ce Boost propose un temps de pratique et d\u2019analyse pour mieux comprendre comment tu joues, ce qui t\u2019anime, ce que tu fuis, et ce que tu peux explorer de nouveau.<\/p>\n\n\n\n<p>Explorons les grands profils d\u2019impro : moteur narratif, joueur de relation, chercheur de l\u2019instant, architecte de l\u2019histoire ou d\u00e9fricheur de l\u2019univers &#8230; Qui es-tu ?<br>Un bon moyen de comprendre ton propre jeu\u2026 et de tester ce que tu ne fais jamais.<\/p>\n\n\n\n<p><strong>\u00c0 quoi t\u2019attendre :<\/strong><\/p>\n\n\n\n<p>Des exercices cibl\u00e9s et des sc\u00e8nes guid\u00e9es, pour identifier tes r\u00e9flexes inconscients :<\/p>\n\n\n\n<ul class=\"wp-block-list\">\n<li>Prends-tu vite la parole ou attends-tu le signal des autres ?<\/li>\n\n\n\n<li>Lances-tu une histoire ou pr\u00e9f\u00e8res-tu faire exister un lien ?<\/li>\n\n\n\n<li>Cr\u00e9es-tu un univers ou plonges-tu dans l\u2019instant pr\u00e9sent ?<\/li>\n<\/ul>\n\n\n\n<p>3h d\u2019exploration ludique et technique pour identifier tes appuis, \u00e9largir ta palette et progresser dans ta propre voie, dans un groupe de 12 membres maximum.<\/p>\n\n\n\n<div style=\"height:40px\" aria-hidden=\"true\" class=\"wp-block-spacer\"><\/div>\n\n\n\n<h3 class=\"wp-block-heading has-vivid-red-color has-text-color has-link-color wp-elements-9dd64bd6f1024485290c1e7ef48d3366\">Pour qui ?<\/h3>\n\n\n\n<div style=\"height:10px\" aria-hidden=\"true\" class=\"wp-block-spacer\"><\/div>\n\n\n\n<p>Improvisateurs et improvisatrices avec au minimum une ann\u00e9e d\u2019exp\u00e9rience et \u00e0 l\u2019aise en jeu au plateau.<\/p>\n\n\n\n<div style=\"height:40px\" aria-hidden=\"true\" class=\"wp-block-spacer\"><\/div>\n\n\n\n<h3 class=\"wp-block-heading has-vivid-red-color has-text-color has-link-color wp-elements-0ada14e17b9303a52ab517b98a4a0ce0\">Animatrice<\/h3>\n\n\n\n<div style=\"height:10px\" aria-hidden=\"true\" class=\"wp-block-spacer\"><\/div>\n\n\n\n<p>Cet Impro Boost sera anim\u00e9 par Vanessa Auger, formatrice en th\u00e9\u00e2tre d\u2019improvisation qui adore diss\u00e9quer les impros pour pousser le groupe vers l&#8217;avant (mais sans faire tomber personne).<\/p>\n\n\n\n<div style=\"height:40px\" aria-hidden=\"true\" class=\"wp-block-spacer\"><\/div>\n\n\n\n<h3 class=\"wp-block-heading has-vivid-red-color has-text-color has-link-color wp-elements-6666f8a8be5c296e7340415e567f2b2c\">Infos pratiques<\/h3>\n\n\n\n<div style=\"height:10px\" aria-hidden=\"true\" class=\"wp-block-spacer\"><\/div>\n\n\n\n<p><strong>Dur\u00e9e<\/strong> : 1 s\u00e9ance unique de 3h<br><strong>Date<\/strong> : mercredi 9 juillet 2025<br><strong>Horaires<\/strong> : de 19h30 \u00e0 22h30<br><strong>Lieu<\/strong> : Comit\u00e9 de Quartier Lamartine, 36 rue Lamartine, 37000 Tours<br><strong>Tarif<\/strong> : 35\u20ac<br><strong>Inscriptions<\/strong> : via HelloAsso<\/p>\n\n\n\n<div style=\"height:40px\" aria-hidden=\"true\" class=\"wp-block-spacer\"><\/div>\n\n\n\n<h3 class=\"wp-block-heading has-vivid-red-color has-text-color has-link-color wp-elements-2974658e898cc997bc671a7282d7db54\">S\u2019inscrire<\/h3>\n\n\n\n<div style=\"height:10px\" aria-hidden=\"true\" class=\"wp-block-spacer\"><\/div>\n\n\n\n<div class=\"wp-block-buttons is-layout-flex wp-block-buttons-is-layout-flex\">\n<div class=\"wp-block-button\"><a class=\"wp-block-button__link wp-element-button\" href=\"https:\/\/www.helloasso.com\/associations\/les-amis-de-la-compagnie-improlabe\/evenements\/boost-quel-improvisateur-ice-es-tu\">Je m&#8217;inscris via HelloAsso<\/a><\/div>\n<\/div>\n\n\n\n<p><\/p>\n","protected":false},"excerpt":{"rendered":"<p>Anim\u00e9 par Vanessa AugerMercredi 9 juillet 2025 \u2013 de 19h30 \u00e0 22h30Lieu : Comit\u00e9 de Quartier Lamartine, 36 rue Lamartine, 37000 Tours Se d\u00e9couvrir en sc\u00e8ne pour enrichir sa pratique. La question-cl\u00e9 : Mais comment j&#8217;improvise, finalement ? &nbsp; Ce Boost propose un temps de pratique et d\u2019analyse pour mieux comprendre comment tu joues, ce [&hellip;]<\/p>\n","protected":false},"author":1,"featured_media":0,"parent":150,"menu_order":0,"comment_status":"closed","ping_status":"closed","template":"","meta":{"footnotes":""},"class_list":["post-616","page","type-page","status-publish","hentry"],"yoast_head":"<!-- This site is optimized with the Yoast SEO plugin v26.8 - https:\/\/yoast.com\/product\/yoast-seo-wordpress\/ -->\n<title>IMPRO BOOST - QUEL IMPROVISATEUR OU IMPROVISATRICE ES-TU ? -<\/title>\n<meta name=\"robots\" content=\"index, follow, max-snippet:-1, max-image-preview:large, max-video-preview:-1\" \/>\n<link rel=\"canonical\" href=\"https:\/\/improlabe.fr\/index.php\/ateliers-de-theatre-dimprovisation-a-tours-improlabe\/nos-boosts\/impro-boost-quel-improvisateur-ou-improvisatrice-es-tu\/\" \/>\n<meta property=\"og:locale\" content=\"fr_FR\" \/>\n<meta property=\"og:type\" content=\"article\" \/>\n<meta property=\"og:title\" content=\"IMPRO BOOST - QUEL IMPROVISATEUR OU IMPROVISATRICE ES-TU ? -\" \/>\n<meta property=\"og:description\" content=\"Anim\u00e9 par Vanessa AugerMercredi 9 juillet 2025 \u2013 de 19h30 \u00e0 22h30Lieu : Comit\u00e9 de Quartier Lamartine, 36 rue Lamartine, 37000 Tours Se d\u00e9couvrir en sc\u00e8ne pour enrichir sa pratique. La question-cl\u00e9 : Mais comment j&#8217;improvise, finalement ? &nbsp; Ce Boost propose un temps de pratique et d\u2019analyse pour mieux comprendre comment tu joues, ce [&hellip;]\" \/>\n<meta property=\"og:url\" content=\"https:\/\/improlabe.fr\/index.php\/ateliers-de-theatre-dimprovisation-a-tours-improlabe\/nos-boosts\/impro-boost-quel-improvisateur-ou-improvisatrice-es-tu\/\" \/>\n<meta property=\"article:publisher\" content=\"https:\/\/www.facebook.com\/profile.php?id=61575341305513\" \/>\n<meta property=\"article:modified_time\" content=\"2025-06-23T23:43:08+00:00\" \/>\n<meta property=\"og:image\" content=\"https:\/\/improlabe.fr\/wp-content\/uploads\/2025\/05\/WEB-Boost-Quel-improvisateur.png\" \/>\n\t<meta property=\"og:image:width\" content=\"1080\" \/>\n\t<meta property=\"og:image:height\" content=\"1080\" \/>\n\t<meta property=\"og:image:type\" content=\"image\/png\" \/>\n<meta name=\"twitter:card\" content=\"summary_large_image\" \/>\n<meta name=\"twitter:label1\" content=\"Dur\u00e9e de lecture estim\u00e9e\" \/>\n\t<meta name=\"twitter:data1\" content=\"1 minute\" \/>\n<script type=\"application\/ld+json\" class=\"yoast-schema-graph\">{\"@context\":\"https:\/\/schema.org\",\"@graph\":[{\"@type\":\"WebPage\",\"@id\":\"https:\/\/improlabe.fr\/index.php\/ateliers-de-theatre-dimprovisation-a-tours-improlabe\/nos-boosts\/impro-boost-quel-improvisateur-ou-improvisatrice-es-tu\/\",\"url\":\"https:\/\/improlabe.fr\/index.php\/ateliers-de-theatre-dimprovisation-a-tours-improlabe\/nos-boosts\/impro-boost-quel-improvisateur-ou-improvisatrice-es-tu\/\",\"name\":\"IMPRO BOOST - QUEL IMPROVISATEUR OU IMPROVISATRICE ES-TU ? -\",\"isPartOf\":{\"@id\":\"https:\/\/improlabe.fr\/#website\"},\"primaryImageOfPage\":{\"@id\":\"https:\/\/improlabe.fr\/index.php\/ateliers-de-theatre-dimprovisation-a-tours-improlabe\/nos-boosts\/impro-boost-quel-improvisateur-ou-improvisatrice-es-tu\/#primaryimage\"},\"image\":{\"@id\":\"https:\/\/improlabe.fr\/index.php\/ateliers-de-theatre-dimprovisation-a-tours-improlabe\/nos-boosts\/impro-boost-quel-improvisateur-ou-improvisatrice-es-tu\/#primaryimage\"},\"thumbnailUrl\":\"http:\/\/yolckze.cluster100.hosting.ovh.net\/wp-content\/uploads\/2025\/05\/WEB-Boost-Quel-improvisateur-1024x1024.png\",\"datePublished\":\"2025-06-02T00:30:30+00:00\",\"dateModified\":\"2025-06-23T23:43:08+00:00\",\"breadcrumb\":{\"@id\":\"https:\/\/improlabe.fr\/index.php\/ateliers-de-theatre-dimprovisation-a-tours-improlabe\/nos-boosts\/impro-boost-quel-improvisateur-ou-improvisatrice-es-tu\/#breadcrumb\"},\"inLanguage\":\"fr-FR\",\"potentialAction\":[{\"@type\":\"ReadAction\",\"target\":[\"https:\/\/improlabe.fr\/index.php\/ateliers-de-theatre-dimprovisation-a-tours-improlabe\/nos-boosts\/impro-boost-quel-improvisateur-ou-improvisatrice-es-tu\/\"]}]},{\"@type\":\"ImageObject\",\"inLanguage\":\"fr-FR\",\"@id\":\"https:\/\/improlabe.fr\/index.php\/ateliers-de-theatre-dimprovisation-a-tours-improlabe\/nos-boosts\/impro-boost-quel-improvisateur-ou-improvisatrice-es-tu\/#primaryimage\",\"url\":\"http:\/\/yolckze.cluster100.hosting.ovh.net\/wp-content\/uploads\/2025\/05\/WEB-Boost-Quel-improvisateur-1024x1024.png\",\"contentUrl\":\"http:\/\/yolckze.cluster100.hosting.ovh.net\/wp-content\/uploads\/2025\/05\/WEB-Boost-Quel-improvisateur-1024x1024.png\"},{\"@type\":\"BreadcrumbList\",\"@id\":\"https:\/\/improlabe.fr\/index.php\/ateliers-de-theatre-dimprovisation-a-tours-improlabe\/nos-boosts\/impro-boost-quel-improvisateur-ou-improvisatrice-es-tu\/#breadcrumb\",\"itemListElement\":[{\"@type\":\"ListItem\",\"position\":1,\"name\":\"Accueil\",\"item\":\"https:\/\/improlabe.fr\/\"},{\"@type\":\"ListItem\",\"position\":2,\"name\":\"Nos Ateliers d&#8217;Improvisation\",\"item\":\"https:\/\/improlabe.fr\/index.php\/ateliers-de-theatre-dimprovisation-a-tours-improlabe\/\"},{\"@type\":\"ListItem\",\"position\":3,\"name\":\"Nos boosts Improlabe 2025\",\"item\":\"https:\/\/improlabe.fr\/index.php\/ateliers-de-theatre-dimprovisation-a-tours-improlabe\/nos-boosts\/\"},{\"@type\":\"ListItem\",\"position\":4,\"name\":\"IMPRO BOOST &#8211; QUEL IMPROVISATEUR OU IMPROVISATRICE ES-TU ?\"}]},{\"@type\":\"WebSite\",\"@id\":\"https:\/\/improlabe.fr\/#website\",\"url\":\"https:\/\/improlabe.fr\/\",\"name\":\"improlabe.fr\",\"description\":\"Improlabe est une compagnie port\u00e9e par deux &lt;strong&gt;com\u00e9diennes de th\u00e9\u00e2tre d\u2019improvisation \u00e0 Tours&lt;\/strong&gt;, engag\u00e9es dans la cr\u00e9ation, la transmission et l\u2019exploration des pratiques improvis\u00e9es contemporaines.&lt;br&gt;Car la Compagnie Improlabe n\u2019est pas qu\u2019un laboratoire : c\u2019est aussi et surtout un lieu d\u2019exploration de l\u2019improvisation th\u00e9\u00e2trale. \u00c0 la mani\u00e8re de l\u2019astrolabe qui guidait marins et explorateurs en des temps recul\u00e9s, Improlabe est un outil de d\u00e9couverte et d\u2019ouverture vers l\u2019ensemble des pratiques th\u00e9\u00e2trales improvis\u00e9es d\u2019aujourd\u2019hui, en Touraine, en France et \u00e0 l\u2019\u00e9tranger.&lt;br&gt;\u00c0 travers ses ateliers, stages, spectacles, interventions p\u00e9dagogiques et prestations \u00e0 destination du monde de l\u2019entreprise et des professionnels, Improlabe d\u00e9ploie l\u2019univers de l\u2019improvisation th\u00e9\u00e2trale aupr\u00e8s de publics vari\u00e9s, dans une approche exigeante, accessible et profond\u00e9ment humaine.\",\"publisher\":{\"@id\":\"https:\/\/improlabe.fr\/#organization\"},\"potentialAction\":[{\"@type\":\"SearchAction\",\"target\":{\"@type\":\"EntryPoint\",\"urlTemplate\":\"https:\/\/improlabe.fr\/?s={search_term_string}\"},\"query-input\":{\"@type\":\"PropertyValueSpecification\",\"valueRequired\":true,\"valueName\":\"search_term_string\"}}],\"inLanguage\":\"fr-FR\"},{\"@type\":\"Organization\",\"@id\":\"https:\/\/improlabe.fr\/#organization\",\"name\":\"Compagnie Improlabe\",\"url\":\"https:\/\/improlabe.fr\/\",\"logo\":{\"@type\":\"ImageObject\",\"inLanguage\":\"fr-FR\",\"@id\":\"https:\/\/improlabe.fr\/#\/schema\/logo\/image\/\",\"url\":\"https:\/\/improlabe.fr\/wp-content\/uploads\/2025\/04\/cropped-BANDEAU-LOGO-v26-3-scaled-1.jpg\",\"contentUrl\":\"https:\/\/improlabe.fr\/wp-content\/uploads\/2025\/04\/cropped-BANDEAU-LOGO-v26-3-scaled-1.jpg\",\"width\":2413,\"height\":878,\"caption\":\"Compagnie Improlabe\"},\"image\":{\"@id\":\"https:\/\/improlabe.fr\/#\/schema\/logo\/image\/\"},\"sameAs\":[\"https:\/\/www.facebook.com\/profile.php?id=61575341305513\",\"https:\/\/www.instagram.com\/improlabe_tours\/\",\"https:\/\/www.linkedin.com\/company\/improlabe\"]}]}<\/script>\n<!-- \/ Yoast SEO plugin. -->","yoast_head_json":{"title":"IMPRO BOOST - QUEL IMPROVISATEUR OU IMPROVISATRICE ES-TU ? -","robots":{"index":"index","follow":"follow","max-snippet":"max-snippet:-1","max-image-preview":"max-image-preview:large","max-video-preview":"max-video-preview:-1"},"canonical":"https:\/\/improlabe.fr\/index.php\/ateliers-de-theatre-dimprovisation-a-tours-improlabe\/nos-boosts\/impro-boost-quel-improvisateur-ou-improvisatrice-es-tu\/","og_locale":"fr_FR","og_type":"article","og_title":"IMPRO BOOST - QUEL IMPROVISATEUR OU IMPROVISATRICE ES-TU ? -","og_description":"Anim\u00e9 par Vanessa AugerMercredi 9 juillet 2025 \u2013 de 19h30 \u00e0 22h30Lieu : Comit\u00e9 de Quartier Lamartine, 36 rue Lamartine, 37000 Tours Se d\u00e9couvrir en sc\u00e8ne pour enrichir sa pratique. La question-cl\u00e9 : Mais comment j&#8217;improvise, finalement ? &nbsp; Ce Boost propose un temps de pratique et d\u2019analyse pour mieux comprendre comment tu joues, ce [&hellip;]","og_url":"https:\/\/improlabe.fr\/index.php\/ateliers-de-theatre-dimprovisation-a-tours-improlabe\/nos-boosts\/impro-boost-quel-improvisateur-ou-improvisatrice-es-tu\/","article_publisher":"https:\/\/www.facebook.com\/profile.php?id=61575341305513","article_modified_time":"2025-06-23T23:43:08+00:00","og_image":[{"width":1080,"height":1080,"url":"https:\/\/improlabe.fr\/wp-content\/uploads\/2025\/05\/WEB-Boost-Quel-improvisateur.png","type":"image\/png"}],"twitter_card":"summary_large_image","twitter_misc":{"Dur\u00e9e de lecture estim\u00e9e":"1 minute"},"schema":{"@context":"https:\/\/schema.org","@graph":[{"@type":"WebPage","@id":"https:\/\/improlabe.fr\/index.php\/ateliers-de-theatre-dimprovisation-a-tours-improlabe\/nos-boosts\/impro-boost-quel-improvisateur-ou-improvisatrice-es-tu\/","url":"https:\/\/improlabe.fr\/index.php\/ateliers-de-theatre-dimprovisation-a-tours-improlabe\/nos-boosts\/impro-boost-quel-improvisateur-ou-improvisatrice-es-tu\/","name":"IMPRO BOOST - QUEL IMPROVISATEUR OU IMPROVISATRICE ES-TU ? -","isPartOf":{"@id":"https:\/\/improlabe.fr\/#website"},"primaryImageOfPage":{"@id":"https:\/\/improlabe.fr\/index.php\/ateliers-de-theatre-dimprovisation-a-tours-improlabe\/nos-boosts\/impro-boost-quel-improvisateur-ou-improvisatrice-es-tu\/#primaryimage"},"image":{"@id":"https:\/\/improlabe.fr\/index.php\/ateliers-de-theatre-dimprovisation-a-tours-improlabe\/nos-boosts\/impro-boost-quel-improvisateur-ou-improvisatrice-es-tu\/#primaryimage"},"thumbnailUrl":"http:\/\/yolckze.cluster100.hosting.ovh.net\/wp-content\/uploads\/2025\/05\/WEB-Boost-Quel-improvisateur-1024x1024.png","datePublished":"2025-06-02T00:30:30+00:00","dateModified":"2025-06-23T23:43:08+00:00","breadcrumb":{"@id":"https:\/\/improlabe.fr\/index.php\/ateliers-de-theatre-dimprovisation-a-tours-improlabe\/nos-boosts\/impro-boost-quel-improvisateur-ou-improvisatrice-es-tu\/#breadcrumb"},"inLanguage":"fr-FR","potentialAction":[{"@type":"ReadAction","target":["https:\/\/improlabe.fr\/index.php\/ateliers-de-theatre-dimprovisation-a-tours-improlabe\/nos-boosts\/impro-boost-quel-improvisateur-ou-improvisatrice-es-tu\/"]}]},{"@type":"ImageObject","inLanguage":"fr-FR","@id":"https:\/\/improlabe.fr\/index.php\/ateliers-de-theatre-dimprovisation-a-tours-improlabe\/nos-boosts\/impro-boost-quel-improvisateur-ou-improvisatrice-es-tu\/#primaryimage","url":"http:\/\/yolckze.cluster100.hosting.ovh.net\/wp-content\/uploads\/2025\/05\/WEB-Boost-Quel-improvisateur-1024x1024.png","contentUrl":"http:\/\/yolckze.cluster100.hosting.ovh.net\/wp-content\/uploads\/2025\/05\/WEB-Boost-Quel-improvisateur-1024x1024.png"},{"@type":"BreadcrumbList","@id":"https:\/\/improlabe.fr\/index.php\/ateliers-de-theatre-dimprovisation-a-tours-improlabe\/nos-boosts\/impro-boost-quel-improvisateur-ou-improvisatrice-es-tu\/#breadcrumb","itemListElement":[{"@type":"ListItem","position":1,"name":"Accueil","item":"https:\/\/improlabe.fr\/"},{"@type":"ListItem","position":2,"name":"Nos Ateliers d&#8217;Improvisation","item":"https:\/\/improlabe.fr\/index.php\/ateliers-de-theatre-dimprovisation-a-tours-improlabe\/"},{"@type":"ListItem","position":3,"name":"Nos boosts Improlabe 2025","item":"https:\/\/improlabe.fr\/index.php\/ateliers-de-theatre-dimprovisation-a-tours-improlabe\/nos-boosts\/"},{"@type":"ListItem","position":4,"name":"IMPRO BOOST &#8211; QUEL IMPROVISATEUR OU IMPROVISATRICE ES-TU ?"}]},{"@type":"WebSite","@id":"https:\/\/improlabe.fr\/#website","url":"https:\/\/improlabe.fr\/","name":"improlabe.fr","description":"Improlabe est une compagnie port\u00e9e par deux &lt;strong&gt;com\u00e9diennes de th\u00e9\u00e2tre d\u2019improvisation \u00e0 Tours&lt;\/strong&gt;, engag\u00e9es dans la cr\u00e9ation, la transmission et l\u2019exploration des pratiques improvis\u00e9es contemporaines.&lt;br&gt;Car la Compagnie Improlabe n\u2019est pas qu\u2019un laboratoire : c\u2019est aussi et surtout un lieu d\u2019exploration de l\u2019improvisation th\u00e9\u00e2trale. \u00c0 la mani\u00e8re de l\u2019astrolabe qui guidait marins et explorateurs en des temps recul\u00e9s, Improlabe est un outil de d\u00e9couverte et d\u2019ouverture vers l\u2019ensemble des pratiques th\u00e9\u00e2trales improvis\u00e9es d\u2019aujourd\u2019hui, en Touraine, en France et \u00e0 l\u2019\u00e9tranger.&lt;br&gt;\u00c0 travers ses ateliers, stages, spectacles, interventions p\u00e9dagogiques et prestations \u00e0 destination du monde de l\u2019entreprise et des professionnels, Improlabe d\u00e9ploie l\u2019univers de l\u2019improvisation th\u00e9\u00e2trale aupr\u00e8s de publics vari\u00e9s, dans une approche exigeante, accessible et profond\u00e9ment humaine.","publisher":{"@id":"https:\/\/improlabe.fr\/#organization"},"potentialAction":[{"@type":"SearchAction","target":{"@type":"EntryPoint","urlTemplate":"https:\/\/improlabe.fr\/?s={search_term_string}"},"query-input":{"@type":"PropertyValueSpecification","valueRequired":true,"valueName":"search_term_string"}}],"inLanguage":"fr-FR"},{"@type":"Organization","@id":"https:\/\/improlabe.fr\/#organization","name":"Compagnie Improlabe","url":"https:\/\/improlabe.fr\/","logo":{"@type":"ImageObject","inLanguage":"fr-FR","@id":"https:\/\/improlabe.fr\/#\/schema\/logo\/image\/","url":"https:\/\/improlabe.fr\/wp-content\/uploads\/2025\/04\/cropped-BANDEAU-LOGO-v26-3-scaled-1.jpg","contentUrl":"https:\/\/improlabe.fr\/wp-content\/uploads\/2025\/04\/cropped-BANDEAU-LOGO-v26-3-scaled-1.jpg","width":2413,"height":878,"caption":"Compagnie Improlabe"},"image":{"@id":"https:\/\/improlabe.fr\/#\/schema\/logo\/image\/"},"sameAs":["https:\/\/www.facebook.com\/profile.php?id=61575341305513","https:\/\/www.instagram.com\/improlabe_tours\/","https:\/\/www.linkedin.com\/company\/improlabe"]}]}},"_links":{"self":[{"href":"https:\/\/improlabe.fr\/index.php\/wp-json\/wp\/v2\/pages\/616","targetHints":{"allow":["GET"]}}],"collection":[{"href":"https:\/\/improlabe.fr\/index.php\/wp-json\/wp\/v2\/pages"}],"about":[{"href":"https:\/\/improlabe.fr\/index.php\/wp-json\/wp\/v2\/types\/page"}],"author":[{"embeddable":true,"href":"https:\/\/improlabe.fr\/index.php\/wp-json\/wp\/v2\/users\/1"}],"replies":[{"embeddable":true,"href":"https:\/\/improlabe.fr\/index.php\/wp-json\/wp\/v2\/comments?post=616"}],"version-history":[{"count":7,"href":"https:\/\/improlabe.fr\/index.php\/wp-json\/wp\/v2\/pages\/616\/revisions"}],"predecessor-version":[{"id":722,"href":"https:\/\/improlabe.fr\/index.php\/wp-json\/wp\/v2\/pages\/616\/revisions\/722"}],"up":[{"embeddable":true,"href":"https:\/\/improlabe.fr\/index.php\/wp-json\/wp\/v2\/pages\/150"}],"wp:attachment":[{"href":"https:\/\/improlabe.fr\/index.php\/wp-json\/wp\/v2\/media?parent=616"}],"curies":[{"name":"wp","href":"https:\/\/api.w.org\/{rel}","templated":true}]}}