{"id":430,"date":"2025-05-29T17:32:26","date_gmt":"2025-05-29T15:32:26","guid":{"rendered":"http:\/\/yolckze.cluster100.hosting.ovh.net\/?page_id=430"},"modified":"2025-12-09T17:19:50","modified_gmt":"2025-12-09T16:19:50","slug":"titre-comedie-romantique","status":"publish","type":"page","link":"https:\/\/improlabe.fr\/index.php\/titre-comedie-romantique\/","title":{"rendered":"IMPRO BOOST &#8211; A LA MANI\u00c8RE DE LA COM\u00c9DIE ROMANTIQUE, LA VRAIE !"},"content":{"rendered":"\n<div class=\"wp-block-group is-nowrap is-layout-flex wp-container-core-group-is-layout-ad2f72ca wp-block-group-is-layout-flex\">\n<figure class=\"wp-block-image size-large is-resized\"><img loading=\"lazy\" decoding=\"async\" width=\"1024\" height=\"1024\" src=\"http:\/\/yolckze.cluster100.hosting.ovh.net\/wp-content\/uploads\/2025\/05\/WEB-Boost-comedie-romantique-1024x1024.png\" alt=\"\" class=\"wp-image-416\" style=\"width:105px;height:auto\" srcset=\"https:\/\/improlabe.fr\/wp-content\/uploads\/2025\/05\/WEB-Boost-comedie-romantique-1024x1024.png 1024w, https:\/\/improlabe.fr\/wp-content\/uploads\/2025\/05\/WEB-Boost-comedie-romantique-300x300.png 300w, https:\/\/improlabe.fr\/wp-content\/uploads\/2025\/05\/WEB-Boost-comedie-romantique-150x150.png 150w, https:\/\/improlabe.fr\/wp-content\/uploads\/2025\/05\/WEB-Boost-comedie-romantique-768x768.png 768w, https:\/\/improlabe.fr\/wp-content\/uploads\/2025\/05\/WEB-Boost-comedie-romantique.png 1080w\" sizes=\"auto, (max-width: 1024px) 100vw, 1024px\" \/><\/figure>\n\n\n\n<p class=\"has-medium-font-size\"><strong><em>Anim\u00e9 par Emilie Mendon\u00e7a<\/em><br>Mercredi 20 ao\u00fbt 2025 \u2013 de 19h30 \u00e0 22h30<br>Lieu : 36 rue Lamartine, 37000 Tours<\/strong><\/p>\n<\/div>\n\n\n\n<div style=\"height:40px\" aria-hidden=\"true\" class=\"wp-block-spacer\"><\/div>\n\n\n\n<h3 class=\"wp-block-heading has-vivid-red-color has-text-color has-link-color wp-elements-7f36147fc7fbc02998c3dcdef9149098\">Com\u00e9die romantique : d<strong>u love, des rebondissements<\/strong>&#8230; et pas de clich\u00e9 !<\/h3>\n\n\n\n<div style=\"height:40px\" aria-hidden=\"true\" class=\"wp-block-spacer\"><\/div>\n\n\n\n<p>Que l\u2019\u00e9t\u00e9 ait \u00e9t\u00e9 fructueux du c\u00f4t\u00e9 des amours, ou au contraire si c\u2019\u00e9tait le d\u00e9sert du c\u00f4t\u00e9 des rencontres, voici un atelier de 3h qui permet de remettre les pendules \u00e0 l\u2019heure en insufflant du love dans nos impros \u00e0 la mani\u00e8re d\u2019une com\u00e9die romantique !&nbsp;<\/p>\n\n\n\n<p>On pense conna\u00eetre ce genre, mais\u2026 est-ce vraiment le cas ?&nbsp;<\/p>\n\n\n\n<p><strong>\u00c0 quoi s\u2019attendre&nbsp;:&nbsp;<\/strong><\/p>\n\n\n\n<p>3h de travail autour des sch\u00e9mas de la com\u00e9die romantique pour les jouer avec sinc\u00e9rit\u00e9 et engagement. \u00c0 r\u00e9utiliser aussi bien en impros courtes que sur un long-form ! <\/p>\n\n\n\n<p><strong>A qui s&#8217;adresse cette formation ? Improvisateurs et improvisatrices avec au minimum une ann\u00e9e d\u2019exp\u00e9rience et \u00e0 l\u2019aise en jeu au plateau.<\/strong><\/p>\n\n\n\n<p>Animatrice : Emilie Mendon\u00e7a, formatrice en impro qui passe ses hivers devant les com\u00e9dies romantiques de No\u00ebl et ses \u00e9t\u00e9s \u00e0 attendre LA rencontre en bousculant tous les beaux mecs qui marchent dans la rue. Et entre les deux, elle d\u00e9cortique le genre pour booster ses impros.<\/p>\n\n\n\n<p>Ce Boost propose d\u2019explorer les <strong>codes et les possibilit\u00e9s narratives<\/strong> de la com\u00e9die romantique :<br>ce genre \u00e0 la fois populaire, fin, exigeant, riche en arch\u00e9types\u2026 et en sinc\u00e9rit\u00e9.<\/p>\n\n\n\n<p>Jouer la com\u00e9die romantique avec justesse, sans second degr\u00e9, sans pastiche, en assumant pleinement l\u2019\u00e9motion, le trouble, le charme\u2026 et l\u2019humour de ce style si vivant.<\/p>\n\n\n\n<p>Un atelier tout en connexion, en rythme et en tendresse.<\/p>\n\n\n\n<div style=\"height:40px\" aria-hidden=\"true\" class=\"wp-block-spacer\"><\/div>\n\n\n\n<h3 class=\"wp-block-heading has-vivid-red-color has-text-color has-link-color wp-elements-202b7b0181928158e35916851d391f25\">Pour qui ?<strong> <\/strong><\/h3>\n\n\n\n<div style=\"height:10px\" aria-hidden=\"true\" class=\"wp-block-spacer\"><\/div>\n\n\n\n<p>Improvisateurs et improvisatrices avec au minimum une ann\u00e9e d\u2019exp\u00e9rience et \u00e0 l\u2019aise en jeu au plateau.<\/p>\n\n\n\n<div style=\"height:40px\" aria-hidden=\"true\" class=\"wp-block-spacer\"><\/div>\n\n\n\n<h3 class=\"wp-block-heading has-vivid-red-color has-text-color has-link-color wp-elements-933f28d26e36734698867eb7790c26c0\">Animatrice <\/h3>\n\n\n\n<div style=\"height:10px\" aria-hidden=\"true\" class=\"wp-block-spacer\"><\/div>\n\n\n\n<p>Cet Impro Boost sera anim\u00e9 par <strong>Emilie Mendon\u00e7a<\/strong>, formatrice en impro qui passe ses hivers devant les com\u00e9dies romantiques de No\u00ebl et ses \u00e9t\u00e9s \u00e0 attendre LA rencontre en bousculant tous les beaux mecs qui marchent dans la rue. Et entre les deux, elle d\u00e9cortique le genre pour booster ses impros.<\/p>\n\n\n\n<div style=\"height:40px\" aria-hidden=\"true\" class=\"wp-block-spacer\"><\/div>\n\n\n\n<h3 class=\"wp-block-heading has-vivid-red-color has-text-color has-link-color wp-elements-6666f8a8be5c296e7340415e567f2b2c\">Infos pratiques<\/h3>\n\n\n\n<ul class=\"wp-block-list\">\n<li><strong>Dur\u00e9e<\/strong> : 1 s\u00e9ance unique de 3h<\/li>\n\n\n\n<li><strong>Dates<\/strong> : mercredi 20 ao\u00fbt 2025<\/li>\n\n\n\n<li><strong>Horaires<\/strong> : de 19h30 \u00e0 22h30<\/li>\n\n\n\n<li><strong>Lieu<\/strong> : Comit\u00e9 de Quartier Lamartine, 36 rue Lamartine, 37000 Tours<\/li>\n\n\n\n<li><strong>Tarif<\/strong> : 35\u20ac<\/li>\n\n\n\n<li><strong>Inscriptions<\/strong> : via HelloAsso<\/li>\n<\/ul>\n\n\n\n<div style=\"height:40px\" aria-hidden=\"true\" class=\"wp-block-spacer\"><\/div>\n\n\n\n<h3 class=\"wp-block-heading has-vivid-red-color has-text-color has-link-color wp-elements-2974658e898cc997bc671a7282d7db54\">S\u2019inscrire<\/h3>\n\n\n\n<div style=\"height:10px\" aria-hidden=\"true\" class=\"wp-block-spacer\"><\/div>\n\n\n\n<div class=\"wp-block-buttons is-layout-flex wp-block-buttons-is-layout-flex\">\n<div class=\"wp-block-button\"><a class=\"wp-block-button__link wp-element-button\" href=\"https:\/\/www.helloasso.com\/associations\/les-amis-de-la-compagnie-improlabe\">Je m&#8217;inscris via HelloAsso<\/a><\/div>\n<\/div>\n\n\n\n<p><\/p>\n","protected":false},"excerpt":{"rendered":"<p>Anim\u00e9 par Emilie Mendon\u00e7aMercredi 20 ao\u00fbt 2025 \u2013 de 19h30 \u00e0 22h30Lieu : 36 rue Lamartine, 37000 Tours Com\u00e9die romantique : du love, des rebondissements&#8230; et pas de clich\u00e9 ! Que l\u2019\u00e9t\u00e9 ait \u00e9t\u00e9 fructueux du c\u00f4t\u00e9 des amours, ou au contraire si c\u2019\u00e9tait le d\u00e9sert du c\u00f4t\u00e9 des rencontres, voici un atelier de 3h [&hellip;]<\/p>\n","protected":false},"author":1,"featured_media":0,"parent":0,"menu_order":0,"comment_status":"closed","ping_status":"closed","template":"","meta":{"footnotes":""},"class_list":["post-430","page","type-page","status-publish","hentry"],"yoast_head":"<!-- This site is optimized with the Yoast SEO plugin v26.8 - https:\/\/yoast.com\/product\/yoast-seo-wordpress\/ -->\n<title>Impro Boost - improviser la com\u00e9die romantique<\/title>\n<meta name=\"description\" content=\"La com\u00e9die romantique peut s&#039;improviser avec quelques cl\u00e9s \u00e0 conna\u00eetre ! Venez les d\u00e9couvrir dans cet atelier d&#039;improvisation.\" \/>\n<meta name=\"robots\" content=\"index, follow, max-snippet:-1, max-image-preview:large, max-video-preview:-1\" \/>\n<link rel=\"canonical\" href=\"https:\/\/improlabe.fr\/index.php\/titre-comedie-romantique\/\" \/>\n<meta property=\"og:locale\" content=\"fr_FR\" \/>\n<meta property=\"og:type\" content=\"article\" \/>\n<meta property=\"og:title\" content=\"Impro Boost - improviser la com\u00e9die romantique\" \/>\n<meta property=\"og:description\" content=\"La com\u00e9die romantique peut s&#039;improviser avec quelques cl\u00e9s \u00e0 conna\u00eetre ! Venez les d\u00e9couvrir dans cet atelier d&#039;improvisation.\" \/>\n<meta property=\"og:url\" content=\"https:\/\/improlabe.fr\/index.php\/titre-comedie-romantique\/\" \/>\n<meta property=\"article:publisher\" content=\"https:\/\/www.facebook.com\/profile.php?id=61575341305513\" \/>\n<meta property=\"article:modified_time\" content=\"2025-12-09T16:19:50+00:00\" \/>\n<meta property=\"og:image\" content=\"https:\/\/improlabe.fr\/wp-content\/uploads\/2025\/05\/WEB-Boost-comedie-romantique.png\" \/>\n\t<meta property=\"og:image:width\" content=\"1080\" \/>\n\t<meta property=\"og:image:height\" content=\"1080\" \/>\n\t<meta property=\"og:image:type\" content=\"image\/png\" \/>\n<meta name=\"twitter:card\" content=\"summary_large_image\" \/>\n<meta name=\"twitter:label1\" content=\"Dur\u00e9e de lecture estim\u00e9e\" \/>\n\t<meta name=\"twitter:data1\" content=\"3 minutes\" \/>\n<script type=\"application\/ld+json\" class=\"yoast-schema-graph\">{\"@context\":\"https:\/\/schema.org\",\"@graph\":[{\"@type\":\"WebPage\",\"@id\":\"https:\/\/improlabe.fr\/index.php\/titre-comedie-romantique\/\",\"url\":\"https:\/\/improlabe.fr\/index.php\/titre-comedie-romantique\/\",\"name\":\"Impro Boost - improviser la com\u00e9die romantique\",\"isPartOf\":{\"@id\":\"https:\/\/improlabe.fr\/#website\"},\"primaryImageOfPage\":{\"@id\":\"https:\/\/improlabe.fr\/index.php\/titre-comedie-romantique\/#primaryimage\"},\"image\":{\"@id\":\"https:\/\/improlabe.fr\/index.php\/titre-comedie-romantique\/#primaryimage\"},\"thumbnailUrl\":\"http:\/\/yolckze.cluster100.hosting.ovh.net\/wp-content\/uploads\/2025\/05\/WEB-Boost-comedie-romantique-1024x1024.png\",\"datePublished\":\"2025-05-29T15:32:26+00:00\",\"dateModified\":\"2025-12-09T16:19:50+00:00\",\"description\":\"La com\u00e9die romantique peut s'improviser avec quelques cl\u00e9s \u00e0 conna\u00eetre ! Venez les d\u00e9couvrir dans cet atelier d'improvisation.\",\"breadcrumb\":{\"@id\":\"https:\/\/improlabe.fr\/index.php\/titre-comedie-romantique\/#breadcrumb\"},\"inLanguage\":\"fr-FR\",\"potentialAction\":[{\"@type\":\"ReadAction\",\"target\":[\"https:\/\/improlabe.fr\/index.php\/titre-comedie-romantique\/\"]}]},{\"@type\":\"ImageObject\",\"inLanguage\":\"fr-FR\",\"@id\":\"https:\/\/improlabe.fr\/index.php\/titre-comedie-romantique\/#primaryimage\",\"url\":\"http:\/\/yolckze.cluster100.hosting.ovh.net\/wp-content\/uploads\/2025\/05\/WEB-Boost-comedie-romantique-1024x1024.png\",\"contentUrl\":\"http:\/\/yolckze.cluster100.hosting.ovh.net\/wp-content\/uploads\/2025\/05\/WEB-Boost-comedie-romantique-1024x1024.png\"},{\"@type\":\"BreadcrumbList\",\"@id\":\"https:\/\/improlabe.fr\/index.php\/titre-comedie-romantique\/#breadcrumb\",\"itemListElement\":[{\"@type\":\"ListItem\",\"position\":1,\"name\":\"Accueil\",\"item\":\"https:\/\/improlabe.fr\/\"},{\"@type\":\"ListItem\",\"position\":2,\"name\":\"IMPRO BOOST &#8211; A LA MANI\u00c8RE DE LA COM\u00c9DIE ROMANTIQUE, LA VRAIE !\"}]},{\"@type\":\"WebSite\",\"@id\":\"https:\/\/improlabe.fr\/#website\",\"url\":\"https:\/\/improlabe.fr\/\",\"name\":\"improlabe.fr\",\"description\":\"Improlabe est une compagnie port\u00e9e par deux &lt;strong&gt;com\u00e9diennes de th\u00e9\u00e2tre d\u2019improvisation \u00e0 Tours&lt;\/strong&gt;, engag\u00e9es dans la cr\u00e9ation, la transmission et l\u2019exploration des pratiques improvis\u00e9es contemporaines.&lt;br&gt;Car la Compagnie Improlabe n\u2019est pas qu\u2019un laboratoire : c\u2019est aussi et surtout un lieu d\u2019exploration de l\u2019improvisation th\u00e9\u00e2trale. \u00c0 la mani\u00e8re de l\u2019astrolabe qui guidait marins et explorateurs en des temps recul\u00e9s, Improlabe est un outil de d\u00e9couverte et d\u2019ouverture vers l\u2019ensemble des pratiques th\u00e9\u00e2trales improvis\u00e9es d\u2019aujourd\u2019hui, en Touraine, en France et \u00e0 l\u2019\u00e9tranger.&lt;br&gt;\u00c0 travers ses ateliers, stages, spectacles, interventions p\u00e9dagogiques et prestations \u00e0 destination du monde de l\u2019entreprise et des professionnels, Improlabe d\u00e9ploie l\u2019univers de l\u2019improvisation th\u00e9\u00e2trale aupr\u00e8s de publics vari\u00e9s, dans une approche exigeante, accessible et profond\u00e9ment humaine.\",\"publisher\":{\"@id\":\"https:\/\/improlabe.fr\/#organization\"},\"potentialAction\":[{\"@type\":\"SearchAction\",\"target\":{\"@type\":\"EntryPoint\",\"urlTemplate\":\"https:\/\/improlabe.fr\/?s={search_term_string}\"},\"query-input\":{\"@type\":\"PropertyValueSpecification\",\"valueRequired\":true,\"valueName\":\"search_term_string\"}}],\"inLanguage\":\"fr-FR\"},{\"@type\":\"Organization\",\"@id\":\"https:\/\/improlabe.fr\/#organization\",\"name\":\"Compagnie Improlabe\",\"url\":\"https:\/\/improlabe.fr\/\",\"logo\":{\"@type\":\"ImageObject\",\"inLanguage\":\"fr-FR\",\"@id\":\"https:\/\/improlabe.fr\/#\/schema\/logo\/image\/\",\"url\":\"https:\/\/improlabe.fr\/wp-content\/uploads\/2025\/04\/cropped-BANDEAU-LOGO-v26-3-scaled-1.jpg\",\"contentUrl\":\"https:\/\/improlabe.fr\/wp-content\/uploads\/2025\/04\/cropped-BANDEAU-LOGO-v26-3-scaled-1.jpg\",\"width\":2413,\"height\":878,\"caption\":\"Compagnie Improlabe\"},\"image\":{\"@id\":\"https:\/\/improlabe.fr\/#\/schema\/logo\/image\/\"},\"sameAs\":[\"https:\/\/www.facebook.com\/profile.php?id=61575341305513\",\"https:\/\/www.instagram.com\/improlabe_tours\/\",\"https:\/\/www.linkedin.com\/company\/improlabe\"]}]}<\/script>\n<!-- \/ Yoast SEO plugin. -->","yoast_head_json":{"title":"Impro Boost - improviser la com\u00e9die romantique","description":"La com\u00e9die romantique peut s'improviser avec quelques cl\u00e9s \u00e0 conna\u00eetre ! Venez les d\u00e9couvrir dans cet atelier d'improvisation.","robots":{"index":"index","follow":"follow","max-snippet":"max-snippet:-1","max-image-preview":"max-image-preview:large","max-video-preview":"max-video-preview:-1"},"canonical":"https:\/\/improlabe.fr\/index.php\/titre-comedie-romantique\/","og_locale":"fr_FR","og_type":"article","og_title":"Impro Boost - improviser la com\u00e9die romantique","og_description":"La com\u00e9die romantique peut s'improviser avec quelques cl\u00e9s \u00e0 conna\u00eetre ! Venez les d\u00e9couvrir dans cet atelier d'improvisation.","og_url":"https:\/\/improlabe.fr\/index.php\/titre-comedie-romantique\/","article_publisher":"https:\/\/www.facebook.com\/profile.php?id=61575341305513","article_modified_time":"2025-12-09T16:19:50+00:00","og_image":[{"width":1080,"height":1080,"url":"https:\/\/improlabe.fr\/wp-content\/uploads\/2025\/05\/WEB-Boost-comedie-romantique.png","type":"image\/png"}],"twitter_card":"summary_large_image","twitter_misc":{"Dur\u00e9e de lecture estim\u00e9e":"3 minutes"},"schema":{"@context":"https:\/\/schema.org","@graph":[{"@type":"WebPage","@id":"https:\/\/improlabe.fr\/index.php\/titre-comedie-romantique\/","url":"https:\/\/improlabe.fr\/index.php\/titre-comedie-romantique\/","name":"Impro Boost - improviser la com\u00e9die romantique","isPartOf":{"@id":"https:\/\/improlabe.fr\/#website"},"primaryImageOfPage":{"@id":"https:\/\/improlabe.fr\/index.php\/titre-comedie-romantique\/#primaryimage"},"image":{"@id":"https:\/\/improlabe.fr\/index.php\/titre-comedie-romantique\/#primaryimage"},"thumbnailUrl":"http:\/\/yolckze.cluster100.hosting.ovh.net\/wp-content\/uploads\/2025\/05\/WEB-Boost-comedie-romantique-1024x1024.png","datePublished":"2025-05-29T15:32:26+00:00","dateModified":"2025-12-09T16:19:50+00:00","description":"La com\u00e9die romantique peut s'improviser avec quelques cl\u00e9s \u00e0 conna\u00eetre ! Venez les d\u00e9couvrir dans cet atelier d'improvisation.","breadcrumb":{"@id":"https:\/\/improlabe.fr\/index.php\/titre-comedie-romantique\/#breadcrumb"},"inLanguage":"fr-FR","potentialAction":[{"@type":"ReadAction","target":["https:\/\/improlabe.fr\/index.php\/titre-comedie-romantique\/"]}]},{"@type":"ImageObject","inLanguage":"fr-FR","@id":"https:\/\/improlabe.fr\/index.php\/titre-comedie-romantique\/#primaryimage","url":"http:\/\/yolckze.cluster100.hosting.ovh.net\/wp-content\/uploads\/2025\/05\/WEB-Boost-comedie-romantique-1024x1024.png","contentUrl":"http:\/\/yolckze.cluster100.hosting.ovh.net\/wp-content\/uploads\/2025\/05\/WEB-Boost-comedie-romantique-1024x1024.png"},{"@type":"BreadcrumbList","@id":"https:\/\/improlabe.fr\/index.php\/titre-comedie-romantique\/#breadcrumb","itemListElement":[{"@type":"ListItem","position":1,"name":"Accueil","item":"https:\/\/improlabe.fr\/"},{"@type":"ListItem","position":2,"name":"IMPRO BOOST &#8211; A LA MANI\u00c8RE DE LA COM\u00c9DIE ROMANTIQUE, LA VRAIE !"}]},{"@type":"WebSite","@id":"https:\/\/improlabe.fr\/#website","url":"https:\/\/improlabe.fr\/","name":"improlabe.fr","description":"Improlabe est une compagnie port\u00e9e par deux &lt;strong&gt;com\u00e9diennes de th\u00e9\u00e2tre d\u2019improvisation \u00e0 Tours&lt;\/strong&gt;, engag\u00e9es dans la cr\u00e9ation, la transmission et l\u2019exploration des pratiques improvis\u00e9es contemporaines.&lt;br&gt;Car la Compagnie Improlabe n\u2019est pas qu\u2019un laboratoire : c\u2019est aussi et surtout un lieu d\u2019exploration de l\u2019improvisation th\u00e9\u00e2trale. \u00c0 la mani\u00e8re de l\u2019astrolabe qui guidait marins et explorateurs en des temps recul\u00e9s, Improlabe est un outil de d\u00e9couverte et d\u2019ouverture vers l\u2019ensemble des pratiques th\u00e9\u00e2trales improvis\u00e9es d\u2019aujourd\u2019hui, en Touraine, en France et \u00e0 l\u2019\u00e9tranger.&lt;br&gt;\u00c0 travers ses ateliers, stages, spectacles, interventions p\u00e9dagogiques et prestations \u00e0 destination du monde de l\u2019entreprise et des professionnels, Improlabe d\u00e9ploie l\u2019univers de l\u2019improvisation th\u00e9\u00e2trale aupr\u00e8s de publics vari\u00e9s, dans une approche exigeante, accessible et profond\u00e9ment humaine.","publisher":{"@id":"https:\/\/improlabe.fr\/#organization"},"potentialAction":[{"@type":"SearchAction","target":{"@type":"EntryPoint","urlTemplate":"https:\/\/improlabe.fr\/?s={search_term_string}"},"query-input":{"@type":"PropertyValueSpecification","valueRequired":true,"valueName":"search_term_string"}}],"inLanguage":"fr-FR"},{"@type":"Organization","@id":"https:\/\/improlabe.fr\/#organization","name":"Compagnie Improlabe","url":"https:\/\/improlabe.fr\/","logo":{"@type":"ImageObject","inLanguage":"fr-FR","@id":"https:\/\/improlabe.fr\/#\/schema\/logo\/image\/","url":"https:\/\/improlabe.fr\/wp-content\/uploads\/2025\/04\/cropped-BANDEAU-LOGO-v26-3-scaled-1.jpg","contentUrl":"https:\/\/improlabe.fr\/wp-content\/uploads\/2025\/04\/cropped-BANDEAU-LOGO-v26-3-scaled-1.jpg","width":2413,"height":878,"caption":"Compagnie Improlabe"},"image":{"@id":"https:\/\/improlabe.fr\/#\/schema\/logo\/image\/"},"sameAs":["https:\/\/www.facebook.com\/profile.php?id=61575341305513","https:\/\/www.instagram.com\/improlabe_tours\/","https:\/\/www.linkedin.com\/company\/improlabe"]}]}},"_links":{"self":[{"href":"https:\/\/improlabe.fr\/index.php\/wp-json\/wp\/v2\/pages\/430","targetHints":{"allow":["GET"]}}],"collection":[{"href":"https:\/\/improlabe.fr\/index.php\/wp-json\/wp\/v2\/pages"}],"about":[{"href":"https:\/\/improlabe.fr\/index.php\/wp-json\/wp\/v2\/types\/page"}],"author":[{"embeddable":true,"href":"https:\/\/improlabe.fr\/index.php\/wp-json\/wp\/v2\/users\/1"}],"replies":[{"embeddable":true,"href":"https:\/\/improlabe.fr\/index.php\/wp-json\/wp\/v2\/comments?post=430"}],"version-history":[{"count":8,"href":"https:\/\/improlabe.fr\/index.php\/wp-json\/wp\/v2\/pages\/430\/revisions"}],"predecessor-version":[{"id":842,"href":"https:\/\/improlabe.fr\/index.php\/wp-json\/wp\/v2\/pages\/430\/revisions\/842"}],"wp:attachment":[{"href":"https:\/\/improlabe.fr\/index.php\/wp-json\/wp\/v2\/media?parent=430"}],"curies":[{"name":"wp","href":"https:\/\/api.w.org\/{rel}","templated":true}]}}