{"id":427,"date":"2025-05-29T17:28:44","date_gmt":"2025-05-29T15:28:44","guid":{"rendered":"http:\/\/yolckze.cluster100.hosting.ovh.net\/?page_id=427"},"modified":"2025-06-24T01:48:48","modified_gmt":"2025-06-23T23:48:48","slug":"boost-service-et-lead","status":"publish","type":"page","link":"https:\/\/improlabe.fr\/index.php\/ateliers-de-theatre-dimprovisation-a-tours-improlabe\/nos-boosts\/boost-service-et-lead\/","title":{"rendered":"IMPRO BOOST \u2013 MENER OU SUIVRE"},"content":{"rendered":"\n<div class=\"wp-block-group is-nowrap is-layout-flex wp-container-core-group-is-layout-ad2f72ca wp-block-group-is-layout-flex\">\n<figure class=\"wp-block-image size-large is-resized\"><img loading=\"lazy\" decoding=\"async\" width=\"1024\" height=\"1024\" src=\"http:\/\/yolckze.cluster100.hosting.ovh.net\/wp-content\/uploads\/2025\/05\/WEb-boost-lead-ou-suivre-1024x1024.png\" alt=\"\" class=\"wp-image-418\" style=\"width:105px\" srcset=\"https:\/\/improlabe.fr\/wp-content\/uploads\/2025\/05\/WEb-boost-lead-ou-suivre-1024x1024.png 1024w, https:\/\/improlabe.fr\/wp-content\/uploads\/2025\/05\/WEb-boost-lead-ou-suivre-300x300.png 300w, https:\/\/improlabe.fr\/wp-content\/uploads\/2025\/05\/WEb-boost-lead-ou-suivre-150x150.png 150w, https:\/\/improlabe.fr\/wp-content\/uploads\/2025\/05\/WEb-boost-lead-ou-suivre-768x768.png 768w, https:\/\/improlabe.fr\/wp-content\/uploads\/2025\/05\/WEb-boost-lead-ou-suivre.png 1080w\" sizes=\"auto, (max-width: 1024px) 100vw, 1024px\" \/><\/figure>\n\n\n\n<p class=\"has-medium-font-size\"><strong><em>Anim\u00e9 par Vanessa Auger<\/em><br>Lundi 21 juillet 2025 \u2013 de 19h30 \u00e0 22h30<br>Lieu : 36 rue Lamartine, 37000 Tours<\/strong><br><\/p>\n<\/div>\n\n\n\n<div style=\"height:40px\" aria-hidden=\"true\" class=\"wp-block-spacer\"><\/div>\n\n\n\n<h3 class=\"wp-block-heading has-vivid-red-color has-text-color has-link-color wp-elements-41feeff21061b9c6e9afc28e2f8ce122\">Trouver sa juste place dans le jeu collectif<\/h3>\n\n\n\n<div style=\"height:40px\" aria-hidden=\"true\" class=\"wp-block-spacer\"><\/div>\n\n\n\n<p>Improviser \u00e0 deux, trois ou dix, c\u2019est naviguer en permanence entre deux mouvements : <strong>proposer<\/strong> et <strong>accueillir<\/strong>. Impulser ou \u00e9couter. \u00catre moteur ou soutien. Prendre le lead ou faire briller l\u2019autre.<\/p>\n\n\n\n<p>Ce Boost propose d\u2019explorer ces <strong>dynamiques fondamentales du jeu \u00e0 plusieurs<\/strong>.<br>Quand est-ce que je m\u00e8ne la sc\u00e8ne ? Quand est-ce que je la sers ? Et qu\u2019est-ce que \u00e7a change dans mon \u00e9coute, ma posture, mon plaisir de jeu ?<\/p>\n\n\n\n<p><strong>A quoi s&#8217;attendre :<\/strong><\/p>\n\n\n\n<ul class=\"wp-block-list\">\n<li>l\u2019identification des prises de pouvoir invisibles sur sc\u00e8ne,<\/li>\n\n\n\n<li>la capacit\u00e9 \u00e0 <strong>assumer une position de lead<\/strong> sans \u00e9craser,<\/li>\n\n\n\n<li>la capacit\u00e9 \u00e0 <strong>servir la sc\u00e8ne<\/strong> sans s\u2019effacer,<\/li>\n\n\n\n<li>la fluidit\u00e9 dans l\u2019alternance entre ces deux r\u00f4les.<\/li>\n<\/ul>\n\n\n\n<p>Un atelier pour apprendre \u00e0 <strong>co-construire<\/strong>, avec justesse, pr\u00e9sence et agilit\u00e9, et renforcer la confiance dans le collectif.<\/p>\n\n\n\n<div style=\"height:40px\" aria-hidden=\"true\" class=\"wp-block-spacer\"><\/div>\n\n\n\n<h3 class=\"wp-block-heading has-vivid-red-color has-text-color has-link-color wp-elements-202b7b0181928158e35916851d391f25\">Pour qui ?<strong> <\/strong><\/h3>\n\n\n\n<div style=\"height:10px\" aria-hidden=\"true\" class=\"wp-block-spacer\"><\/div>\n\n\n\n<p>Improvisateurs et improvisatrices avec au minimum une ann\u00e9e d\u2019exp\u00e9rience et \u00e0 l\u2019aise en jeu au plateau.<\/p>\n\n\n\n<div style=\"height:40px\" aria-hidden=\"true\" class=\"wp-block-spacer\"><\/div>\n\n\n\n<h3 class=\"wp-block-heading has-vivid-red-color has-text-color has-link-color wp-elements-933f28d26e36734698867eb7790c26c0\">Animatrice <\/h3>\n\n\n\n<div style=\"height:10px\" aria-hidden=\"true\" class=\"wp-block-spacer\"><\/div>\n\n\n\n<p>Cet Impro Boost sera anim\u00e9 par <strong>Vanessa Auger<\/strong>, qui ma\u00eetrise aussi bien l\u2019art de la mise en lumi\u00e8re que celui du discret \u201cje-te-laisse-la-balle-mais-je-suis-d\u00e9j\u00e0-pr\u00eate-\u00e0-rebondir-derri\u00e8re\u201d.<\/p>\n\n\n\n<div style=\"height:40px\" aria-hidden=\"true\" class=\"wp-block-spacer\"><\/div>\n\n\n\n<h3 class=\"wp-block-heading has-vivid-red-color has-text-color has-link-color wp-elements-6666f8a8be5c296e7340415e567f2b2c\">Infos pratiques<\/h3>\n\n\n\n<ul class=\"wp-block-list\">\n<li><strong>Dur\u00e9e<\/strong> : 1 s\u00e9ance unique de 3h<\/li>\n\n\n\n<li><strong>Dates<\/strong> : lundi 21 juillet 2025<\/li>\n\n\n\n<li><strong>Horaires<\/strong> : de 19h30 \u00e0 22h30<\/li>\n\n\n\n<li><strong>Lieu<\/strong> : Comit\u00e9 de Quartier Lamartine, 36 rue Lamartine, 37000 Tours<\/li>\n\n\n\n<li><strong>Tarif<\/strong> : 35\u20ac<\/li>\n\n\n\n<li><strong>Inscriptions<\/strong> : via HelloAsso<\/li>\n<\/ul>\n\n\n\n<div style=\"height:40px\" aria-hidden=\"true\" class=\"wp-block-spacer\"><\/div>\n\n\n\n<h3 class=\"wp-block-heading has-vivid-red-color has-text-color has-link-color wp-elements-2974658e898cc997bc671a7282d7db54\">S\u2019inscrire<\/h3>\n\n\n\n<div style=\"height:10px\" aria-hidden=\"true\" class=\"wp-block-spacer\"><\/div>\n\n\n\n<div class=\"wp-block-buttons is-layout-flex wp-block-buttons-is-layout-flex\">\n<div class=\"wp-block-button\"><a class=\"wp-block-button__link wp-element-button\" href=\"https:\/\/www.helloasso.com\/associations\/les-amis-de-la-compagnie-improlabe\/evenements\/boost-mener-ou-suivre\">Je m&#8217;inscris via HelloAsso<\/a><\/div>\n<\/div>\n","protected":false},"excerpt":{"rendered":"<p>Anim\u00e9 par Vanessa AugerLundi 21 juillet 2025 \u2013 de 19h30 \u00e0 22h30Lieu : 36 rue Lamartine, 37000 Tours Trouver sa juste place dans le jeu collectif Improviser \u00e0 deux, trois ou dix, c\u2019est naviguer en permanence entre deux mouvements : proposer et accueillir. Impulser ou \u00e9couter. \u00catre moteur ou soutien. Prendre le lead ou faire [&hellip;]<\/p>\n","protected":false},"author":1,"featured_media":0,"parent":150,"menu_order":0,"comment_status":"closed","ping_status":"closed","template":"","meta":{"footnotes":""},"class_list":["post-427","page","type-page","status-publish","hentry"],"yoast_head":"<!-- This site is optimized with the Yoast SEO plugin v26.8 - https:\/\/yoast.com\/product\/yoast-seo-wordpress\/ -->\n<title>IMPRO BOOST \u2013 MENER OU SUIVRE -<\/title>\n<meta name=\"robots\" content=\"index, follow, max-snippet:-1, max-image-preview:large, max-video-preview:-1\" \/>\n<link rel=\"canonical\" href=\"https:\/\/improlabe.fr\/index.php\/ateliers-de-theatre-dimprovisation-a-tours-improlabe\/nos-boosts\/boost-service-et-lead\/\" \/>\n<meta property=\"og:locale\" content=\"fr_FR\" \/>\n<meta property=\"og:type\" content=\"article\" \/>\n<meta property=\"og:title\" content=\"IMPRO BOOST \u2013 MENER OU SUIVRE -\" \/>\n<meta property=\"og:description\" content=\"Anim\u00e9 par Vanessa AugerLundi 21 juillet 2025 \u2013 de 19h30 \u00e0 22h30Lieu : 36 rue Lamartine, 37000 Tours Trouver sa juste place dans le jeu collectif Improviser \u00e0 deux, trois ou dix, c\u2019est naviguer en permanence entre deux mouvements : proposer et accueillir. Impulser ou \u00e9couter. \u00catre moteur ou soutien. Prendre le lead ou faire [&hellip;]\" \/>\n<meta property=\"og:url\" content=\"https:\/\/improlabe.fr\/index.php\/ateliers-de-theatre-dimprovisation-a-tours-improlabe\/nos-boosts\/boost-service-et-lead\/\" \/>\n<meta property=\"article:publisher\" content=\"https:\/\/www.facebook.com\/profile.php?id=61575341305513\" \/>\n<meta property=\"article:modified_time\" content=\"2025-06-23T23:48:48+00:00\" \/>\n<meta property=\"og:image\" content=\"https:\/\/improlabe.fr\/wp-content\/uploads\/2025\/05\/WEb-boost-lead-ou-suivre.png\" \/>\n\t<meta property=\"og:image:width\" content=\"1080\" \/>\n\t<meta property=\"og:image:height\" content=\"1080\" \/>\n\t<meta property=\"og:image:type\" content=\"image\/png\" \/>\n<meta name=\"twitter:card\" content=\"summary_large_image\" \/>\n<meta name=\"twitter:label1\" content=\"Dur\u00e9e de lecture estim\u00e9e\" \/>\n\t<meta name=\"twitter:data1\" content=\"1 minute\" \/>\n<script type=\"application\/ld+json\" class=\"yoast-schema-graph\">{\"@context\":\"https:\/\/schema.org\",\"@graph\":[{\"@type\":\"WebPage\",\"@id\":\"https:\/\/improlabe.fr\/index.php\/ateliers-de-theatre-dimprovisation-a-tours-improlabe\/nos-boosts\/boost-service-et-lead\/\",\"url\":\"https:\/\/improlabe.fr\/index.php\/ateliers-de-theatre-dimprovisation-a-tours-improlabe\/nos-boosts\/boost-service-et-lead\/\",\"name\":\"IMPRO BOOST \u2013 MENER OU SUIVRE -\",\"isPartOf\":{\"@id\":\"https:\/\/improlabe.fr\/#website\"},\"primaryImageOfPage\":{\"@id\":\"https:\/\/improlabe.fr\/index.php\/ateliers-de-theatre-dimprovisation-a-tours-improlabe\/nos-boosts\/boost-service-et-lead\/#primaryimage\"},\"image\":{\"@id\":\"https:\/\/improlabe.fr\/index.php\/ateliers-de-theatre-dimprovisation-a-tours-improlabe\/nos-boosts\/boost-service-et-lead\/#primaryimage\"},\"thumbnailUrl\":\"http:\/\/yolckze.cluster100.hosting.ovh.net\/wp-content\/uploads\/2025\/05\/WEb-boost-lead-ou-suivre-1024x1024.png\",\"datePublished\":\"2025-05-29T15:28:44+00:00\",\"dateModified\":\"2025-06-23T23:48:48+00:00\",\"breadcrumb\":{\"@id\":\"https:\/\/improlabe.fr\/index.php\/ateliers-de-theatre-dimprovisation-a-tours-improlabe\/nos-boosts\/boost-service-et-lead\/#breadcrumb\"},\"inLanguage\":\"fr-FR\",\"potentialAction\":[{\"@type\":\"ReadAction\",\"target\":[\"https:\/\/improlabe.fr\/index.php\/ateliers-de-theatre-dimprovisation-a-tours-improlabe\/nos-boosts\/boost-service-et-lead\/\"]}]},{\"@type\":\"ImageObject\",\"inLanguage\":\"fr-FR\",\"@id\":\"https:\/\/improlabe.fr\/index.php\/ateliers-de-theatre-dimprovisation-a-tours-improlabe\/nos-boosts\/boost-service-et-lead\/#primaryimage\",\"url\":\"http:\/\/yolckze.cluster100.hosting.ovh.net\/wp-content\/uploads\/2025\/05\/WEb-boost-lead-ou-suivre-1024x1024.png\",\"contentUrl\":\"http:\/\/yolckze.cluster100.hosting.ovh.net\/wp-content\/uploads\/2025\/05\/WEb-boost-lead-ou-suivre-1024x1024.png\"},{\"@type\":\"BreadcrumbList\",\"@id\":\"https:\/\/improlabe.fr\/index.php\/ateliers-de-theatre-dimprovisation-a-tours-improlabe\/nos-boosts\/boost-service-et-lead\/#breadcrumb\",\"itemListElement\":[{\"@type\":\"ListItem\",\"position\":1,\"name\":\"Accueil\",\"item\":\"https:\/\/improlabe.fr\/\"},{\"@type\":\"ListItem\",\"position\":2,\"name\":\"Nos Ateliers d&#8217;Improvisation\",\"item\":\"https:\/\/improlabe.fr\/index.php\/ateliers-de-theatre-dimprovisation-a-tours-improlabe\/\"},{\"@type\":\"ListItem\",\"position\":3,\"name\":\"Nos boosts Improlabe 2025\",\"item\":\"https:\/\/improlabe.fr\/index.php\/ateliers-de-theatre-dimprovisation-a-tours-improlabe\/nos-boosts\/\"},{\"@type\":\"ListItem\",\"position\":4,\"name\":\"IMPRO BOOST \u2013 MENER OU SUIVRE\"}]},{\"@type\":\"WebSite\",\"@id\":\"https:\/\/improlabe.fr\/#website\",\"url\":\"https:\/\/improlabe.fr\/\",\"name\":\"improlabe.fr\",\"description\":\"Improlabe est une compagnie port\u00e9e par deux &lt;strong&gt;com\u00e9diennes de th\u00e9\u00e2tre d\u2019improvisation \u00e0 Tours&lt;\/strong&gt;, engag\u00e9es dans la cr\u00e9ation, la transmission et l\u2019exploration des pratiques improvis\u00e9es contemporaines.&lt;br&gt;Car la Compagnie Improlabe n\u2019est pas qu\u2019un laboratoire : c\u2019est aussi et surtout un lieu d\u2019exploration de l\u2019improvisation th\u00e9\u00e2trale. \u00c0 la mani\u00e8re de l\u2019astrolabe qui guidait marins et explorateurs en des temps recul\u00e9s, Improlabe est un outil de d\u00e9couverte et d\u2019ouverture vers l\u2019ensemble des pratiques th\u00e9\u00e2trales improvis\u00e9es d\u2019aujourd\u2019hui, en Touraine, en France et \u00e0 l\u2019\u00e9tranger.&lt;br&gt;\u00c0 travers ses ateliers, stages, spectacles, interventions p\u00e9dagogiques et prestations \u00e0 destination du monde de l\u2019entreprise et des professionnels, Improlabe d\u00e9ploie l\u2019univers de l\u2019improvisation th\u00e9\u00e2trale aupr\u00e8s de publics vari\u00e9s, dans une approche exigeante, accessible et profond\u00e9ment humaine.\",\"publisher\":{\"@id\":\"https:\/\/improlabe.fr\/#organization\"},\"potentialAction\":[{\"@type\":\"SearchAction\",\"target\":{\"@type\":\"EntryPoint\",\"urlTemplate\":\"https:\/\/improlabe.fr\/?s={search_term_string}\"},\"query-input\":{\"@type\":\"PropertyValueSpecification\",\"valueRequired\":true,\"valueName\":\"search_term_string\"}}],\"inLanguage\":\"fr-FR\"},{\"@type\":\"Organization\",\"@id\":\"https:\/\/improlabe.fr\/#organization\",\"name\":\"Compagnie Improlabe\",\"url\":\"https:\/\/improlabe.fr\/\",\"logo\":{\"@type\":\"ImageObject\",\"inLanguage\":\"fr-FR\",\"@id\":\"https:\/\/improlabe.fr\/#\/schema\/logo\/image\/\",\"url\":\"https:\/\/improlabe.fr\/wp-content\/uploads\/2025\/04\/cropped-BANDEAU-LOGO-v26-3-scaled-1.jpg\",\"contentUrl\":\"https:\/\/improlabe.fr\/wp-content\/uploads\/2025\/04\/cropped-BANDEAU-LOGO-v26-3-scaled-1.jpg\",\"width\":2413,\"height\":878,\"caption\":\"Compagnie Improlabe\"},\"image\":{\"@id\":\"https:\/\/improlabe.fr\/#\/schema\/logo\/image\/\"},\"sameAs\":[\"https:\/\/www.facebook.com\/profile.php?id=61575341305513\",\"https:\/\/www.instagram.com\/improlabe_tours\/\",\"https:\/\/www.linkedin.com\/company\/improlabe\"]}]}<\/script>\n<!-- \/ Yoast SEO plugin. -->","yoast_head_json":{"title":"IMPRO BOOST \u2013 MENER OU SUIVRE -","robots":{"index":"index","follow":"follow","max-snippet":"max-snippet:-1","max-image-preview":"max-image-preview:large","max-video-preview":"max-video-preview:-1"},"canonical":"https:\/\/improlabe.fr\/index.php\/ateliers-de-theatre-dimprovisation-a-tours-improlabe\/nos-boosts\/boost-service-et-lead\/","og_locale":"fr_FR","og_type":"article","og_title":"IMPRO BOOST \u2013 MENER OU SUIVRE -","og_description":"Anim\u00e9 par Vanessa AugerLundi 21 juillet 2025 \u2013 de 19h30 \u00e0 22h30Lieu : 36 rue Lamartine, 37000 Tours Trouver sa juste place dans le jeu collectif Improviser \u00e0 deux, trois ou dix, c\u2019est naviguer en permanence entre deux mouvements : proposer et accueillir. Impulser ou \u00e9couter. \u00catre moteur ou soutien. Prendre le lead ou faire [&hellip;]","og_url":"https:\/\/improlabe.fr\/index.php\/ateliers-de-theatre-dimprovisation-a-tours-improlabe\/nos-boosts\/boost-service-et-lead\/","article_publisher":"https:\/\/www.facebook.com\/profile.php?id=61575341305513","article_modified_time":"2025-06-23T23:48:48+00:00","og_image":[{"width":1080,"height":1080,"url":"https:\/\/improlabe.fr\/wp-content\/uploads\/2025\/05\/WEb-boost-lead-ou-suivre.png","type":"image\/png"}],"twitter_card":"summary_large_image","twitter_misc":{"Dur\u00e9e de lecture estim\u00e9e":"1 minute"},"schema":{"@context":"https:\/\/schema.org","@graph":[{"@type":"WebPage","@id":"https:\/\/improlabe.fr\/index.php\/ateliers-de-theatre-dimprovisation-a-tours-improlabe\/nos-boosts\/boost-service-et-lead\/","url":"https:\/\/improlabe.fr\/index.php\/ateliers-de-theatre-dimprovisation-a-tours-improlabe\/nos-boosts\/boost-service-et-lead\/","name":"IMPRO BOOST \u2013 MENER OU SUIVRE -","isPartOf":{"@id":"https:\/\/improlabe.fr\/#website"},"primaryImageOfPage":{"@id":"https:\/\/improlabe.fr\/index.php\/ateliers-de-theatre-dimprovisation-a-tours-improlabe\/nos-boosts\/boost-service-et-lead\/#primaryimage"},"image":{"@id":"https:\/\/improlabe.fr\/index.php\/ateliers-de-theatre-dimprovisation-a-tours-improlabe\/nos-boosts\/boost-service-et-lead\/#primaryimage"},"thumbnailUrl":"http:\/\/yolckze.cluster100.hosting.ovh.net\/wp-content\/uploads\/2025\/05\/WEb-boost-lead-ou-suivre-1024x1024.png","datePublished":"2025-05-29T15:28:44+00:00","dateModified":"2025-06-23T23:48:48+00:00","breadcrumb":{"@id":"https:\/\/improlabe.fr\/index.php\/ateliers-de-theatre-dimprovisation-a-tours-improlabe\/nos-boosts\/boost-service-et-lead\/#breadcrumb"},"inLanguage":"fr-FR","potentialAction":[{"@type":"ReadAction","target":["https:\/\/improlabe.fr\/index.php\/ateliers-de-theatre-dimprovisation-a-tours-improlabe\/nos-boosts\/boost-service-et-lead\/"]}]},{"@type":"ImageObject","inLanguage":"fr-FR","@id":"https:\/\/improlabe.fr\/index.php\/ateliers-de-theatre-dimprovisation-a-tours-improlabe\/nos-boosts\/boost-service-et-lead\/#primaryimage","url":"http:\/\/yolckze.cluster100.hosting.ovh.net\/wp-content\/uploads\/2025\/05\/WEb-boost-lead-ou-suivre-1024x1024.png","contentUrl":"http:\/\/yolckze.cluster100.hosting.ovh.net\/wp-content\/uploads\/2025\/05\/WEb-boost-lead-ou-suivre-1024x1024.png"},{"@type":"BreadcrumbList","@id":"https:\/\/improlabe.fr\/index.php\/ateliers-de-theatre-dimprovisation-a-tours-improlabe\/nos-boosts\/boost-service-et-lead\/#breadcrumb","itemListElement":[{"@type":"ListItem","position":1,"name":"Accueil","item":"https:\/\/improlabe.fr\/"},{"@type":"ListItem","position":2,"name":"Nos Ateliers d&#8217;Improvisation","item":"https:\/\/improlabe.fr\/index.php\/ateliers-de-theatre-dimprovisation-a-tours-improlabe\/"},{"@type":"ListItem","position":3,"name":"Nos boosts Improlabe 2025","item":"https:\/\/improlabe.fr\/index.php\/ateliers-de-theatre-dimprovisation-a-tours-improlabe\/nos-boosts\/"},{"@type":"ListItem","position":4,"name":"IMPRO BOOST \u2013 MENER OU SUIVRE"}]},{"@type":"WebSite","@id":"https:\/\/improlabe.fr\/#website","url":"https:\/\/improlabe.fr\/","name":"improlabe.fr","description":"Improlabe est une compagnie port\u00e9e par deux &lt;strong&gt;com\u00e9diennes de th\u00e9\u00e2tre d\u2019improvisation \u00e0 Tours&lt;\/strong&gt;, engag\u00e9es dans la cr\u00e9ation, la transmission et l\u2019exploration des pratiques improvis\u00e9es contemporaines.&lt;br&gt;Car la Compagnie Improlabe n\u2019est pas qu\u2019un laboratoire : c\u2019est aussi et surtout un lieu d\u2019exploration de l\u2019improvisation th\u00e9\u00e2trale. \u00c0 la mani\u00e8re de l\u2019astrolabe qui guidait marins et explorateurs en des temps recul\u00e9s, Improlabe est un outil de d\u00e9couverte et d\u2019ouverture vers l\u2019ensemble des pratiques th\u00e9\u00e2trales improvis\u00e9es d\u2019aujourd\u2019hui, en Touraine, en France et \u00e0 l\u2019\u00e9tranger.&lt;br&gt;\u00c0 travers ses ateliers, stages, spectacles, interventions p\u00e9dagogiques et prestations \u00e0 destination du monde de l\u2019entreprise et des professionnels, Improlabe d\u00e9ploie l\u2019univers de l\u2019improvisation th\u00e9\u00e2trale aupr\u00e8s de publics vari\u00e9s, dans une approche exigeante, accessible et profond\u00e9ment humaine.","publisher":{"@id":"https:\/\/improlabe.fr\/#organization"},"potentialAction":[{"@type":"SearchAction","target":{"@type":"EntryPoint","urlTemplate":"https:\/\/improlabe.fr\/?s={search_term_string}"},"query-input":{"@type":"PropertyValueSpecification","valueRequired":true,"valueName":"search_term_string"}}],"inLanguage":"fr-FR"},{"@type":"Organization","@id":"https:\/\/improlabe.fr\/#organization","name":"Compagnie Improlabe","url":"https:\/\/improlabe.fr\/","logo":{"@type":"ImageObject","inLanguage":"fr-FR","@id":"https:\/\/improlabe.fr\/#\/schema\/logo\/image\/","url":"https:\/\/improlabe.fr\/wp-content\/uploads\/2025\/04\/cropped-BANDEAU-LOGO-v26-3-scaled-1.jpg","contentUrl":"https:\/\/improlabe.fr\/wp-content\/uploads\/2025\/04\/cropped-BANDEAU-LOGO-v26-3-scaled-1.jpg","width":2413,"height":878,"caption":"Compagnie Improlabe"},"image":{"@id":"https:\/\/improlabe.fr\/#\/schema\/logo\/image\/"},"sameAs":["https:\/\/www.facebook.com\/profile.php?id=61575341305513","https:\/\/www.instagram.com\/improlabe_tours\/","https:\/\/www.linkedin.com\/company\/improlabe"]}]}},"_links":{"self":[{"href":"https:\/\/improlabe.fr\/index.php\/wp-json\/wp\/v2\/pages\/427","targetHints":{"allow":["GET"]}}],"collection":[{"href":"https:\/\/improlabe.fr\/index.php\/wp-json\/wp\/v2\/pages"}],"about":[{"href":"https:\/\/improlabe.fr\/index.php\/wp-json\/wp\/v2\/types\/page"}],"author":[{"embeddable":true,"href":"https:\/\/improlabe.fr\/index.php\/wp-json\/wp\/v2\/users\/1"}],"replies":[{"embeddable":true,"href":"https:\/\/improlabe.fr\/index.php\/wp-json\/wp\/v2\/comments?post=427"}],"version-history":[{"count":12,"href":"https:\/\/improlabe.fr\/index.php\/wp-json\/wp\/v2\/pages\/427\/revisions"}],"predecessor-version":[{"id":725,"href":"https:\/\/improlabe.fr\/index.php\/wp-json\/wp\/v2\/pages\/427\/revisions\/725"}],"up":[{"embeddable":true,"href":"https:\/\/improlabe.fr\/index.php\/wp-json\/wp\/v2\/pages\/150"}],"wp:attachment":[{"href":"https:\/\/improlabe.fr\/index.php\/wp-json\/wp\/v2\/media?parent=427"}],"curies":[{"name":"wp","href":"https:\/\/api.w.org\/{rel}","templated":true}]}}