{"id":398,"date":"2025-05-26T01:58:33","date_gmt":"2025-05-25T23:58:33","guid":{"rendered":"http:\/\/yolckze.cluster100.hosting.ovh.net\/?page_id=398"},"modified":"2025-06-24T02:19:31","modified_gmt":"2025-06-24T00:19:31","slug":"le-choeur-improvisateur-as-tu-du-choeur","status":"publish","type":"page","link":"https:\/\/improlabe.fr\/index.php\/ateliers-de-theatre-dimprovisation-a-tours-improlabe\/cycles-theatre-improvisation-tours\/le-choeur-improvisateur-as-tu-du-choeur\/","title":{"rendered":"EXPLO : Improvisateur, as-tu du ch\u0153ur ?"},"content":{"rendered":"\n<div class=\"wp-block-group is-nowrap is-layout-flex wp-container-core-group-is-layout-ad2f72ca wp-block-group-is-layout-flex\">\n<figure class=\"wp-block-image size-large is-resized\"><img loading=\"lazy\" decoding=\"async\" width=\"1024\" height=\"1024\" src=\"http:\/\/yolckze.cluster100.hosting.ovh.net\/wp-content\/uploads\/2025\/05\/WEB-cycle-Choeur-1024x1024.png\" alt=\"\" class=\"wp-image-198\" style=\"width:105px\" srcset=\"https:\/\/improlabe.fr\/wp-content\/uploads\/2025\/05\/WEB-cycle-Choeur-1024x1024.png 1024w, https:\/\/improlabe.fr\/wp-content\/uploads\/2025\/05\/WEB-cycle-Choeur-300x300.png 300w, https:\/\/improlabe.fr\/wp-content\/uploads\/2025\/05\/WEB-cycle-Choeur-150x150.png 150w, https:\/\/improlabe.fr\/wp-content\/uploads\/2025\/05\/WEB-cycle-Choeur-768x768.png 768w, https:\/\/improlabe.fr\/wp-content\/uploads\/2025\/05\/WEB-cycle-Choeur.png 1080w\" sizes=\"auto, (max-width: 1024px) 100vw, 1024px\" \/><\/figure>\n\n\n\n<p class=\"has-medium-font-size\"><em>Cycle anim\u00e9 par \u00c9milie Mendon\u00e7a<\/em><br><strong>Du 5 mars au 9 avril 2026<\/strong><br><strong>Lieu : Maison des Associations, 94 rue du sanitas, 37000 Tours<\/strong><\/p>\n<\/div>\n\n\n\n<div style=\"height:40px\" aria-hidden=\"true\" class=\"wp-block-spacer\"><\/div>\n\n\n\n<h3 class=\"wp-block-heading has-vivid-red-color has-text-color has-link-color wp-elements-f2a9c35993d03dbcd53816f1bc278166\">Plus on est nombreux, mieux c\u2019est !<\/h3>\n\n\n\n<div style=\"height:40px\" aria-hidden=\"true\" class=\"wp-block-spacer\"><\/div>\n\n\n\n<p>Qui n\u2019a jamais entendu, au cours d\u2019un atelier d\u2019impro ou apr\u00e8s un spectacle :<br>\u00ab Plus on est nombreux, plus c\u2019est le bazar \u00bb ?<br>C\u2019est vrai dans beaucoup de sc\u00e8nes\u2026 mais <strong>pas quand on joue en ch\u0153ur<\/strong>.<\/p>\n\n\n\n<p>Dans ce cycle, on transforme le groupe en <strong>acteur unique<\/strong> de la sc\u00e8ne. Les possibilit\u00e9s narratives, po\u00e9tiques et sc\u00e9nographiques sont d\u00e9multipli\u00e9es, gr\u00e2ce \u00e0 la force d\u2019un corps collectif en mouvement.<\/p>\n\n\n\n<p><strong>\u00c0 quoi s\u2019attendre :<\/strong><\/p>\n\n\n\n<ul class=\"wp-block-list\">\n<li>D\u00e9brancher le mental pour se connecter de mani\u00e8re organique au reste du groupe<\/li>\n\n\n\n<li>Travailler l\u2019\u00e9coute et la cr\u00e9ation collective<\/li>\n\n\n\n<li>Exp\u00e9rimenter diff\u00e9rentes formes de ch\u0153ur : antique, po\u00e9tique, physique&#8230;<\/li>\n\n\n\n<li>Cr\u00e9er des d\u00e9cors vivants, des images fortes, des moments suspendus<\/li>\n\n\n\n<li>Construire un spectacle choral, original et in\u00e9dit, \u00e0 pr\u00e9senter en public<\/li>\n<\/ul>\n\n\n\n<p>Le ch\u0153ur en impro ne sera pas une question de voix, mais de pr\u00e9sence et de connexion \u00e0 l&#8217;autre.<br><\/p>\n\n\n\n<div style=\"height:40px\" aria-hidden=\"true\" class=\"wp-block-spacer\"><\/div>\n\n\n\n<h3 class=\"wp-block-heading has-vivid-red-color has-text-color has-link-color wp-elements-9dd64bd6f1024485290c1e7ef48d3366\">Pour qui ?<\/h3>\n\n\n\n<div style=\"height:10px\" aria-hidden=\"true\" class=\"wp-block-spacer\"><\/div>\n\n\n\n<p>Improvisateur, improvisatrices avec <strong>au minimum deux ann\u00e9es d\u2019exp\u00e9rience<\/strong>, curieux de sortir du jeu individuel pour aller vers le jeu collectif organique, po\u00e9tique ou ludique.<\/p>\n\n\n\n<div style=\"height:40px\" aria-hidden=\"true\" class=\"wp-block-spacer\"><\/div>\n\n\n\n<h3 class=\"wp-block-heading has-vivid-red-color has-text-color has-link-color wp-elements-0ada14e17b9303a52ab517b98a4a0ce0\">Animatrice<\/h3>\n\n\n\n<div style=\"height:10px\" aria-hidden=\"true\" class=\"wp-block-spacer\"><\/div>\n\n\n\n<p>Ce cycle est anim\u00e9 par <strong>\u00c9milie Mendon\u00e7a<\/strong>, improvisatrice pass\u00e9e ma\u00eetre dans l\u2019art des op\u00e9rations \u00e0 ch\u0153ur ouvert.<\/p>\n\n\n\n<div style=\"height:40px\" aria-hidden=\"true\" class=\"wp-block-spacer\"><\/div>\n\n\n\n<h3 class=\"wp-block-heading has-vivid-red-color has-text-color has-link-color wp-elements-6666f8a8be5c296e7340415e567f2b2c\">Infos pratiques<\/h3>\n\n\n\n<div style=\"height:10px\" aria-hidden=\"true\" class=\"wp-block-spacer\"><\/div>\n\n\n\n<ul class=\"wp-block-list\">\n<li><strong>Dur\u00e9e<\/strong> : 6 s\u00e9ances de 2h, dont une d\u00e9di\u00e9e \u00e0 la restitution publique<\/li>\n\n\n\n<li><strong>Dates<\/strong> : du 5 mars au 9 avril 2026<\/li>\n\n\n\n<li><strong>Restitution publique<\/strong> : jeudi 9 avril 2026<\/li>\n\n\n\n<li><strong>Horaires<\/strong> : tous les jeudis, de 19h30 \u00e0 21h30<\/li>\n\n\n\n<li><strong>Lieu<\/strong> : Maison des Associations, 94 rue du sanitas, 37000 Tours<\/li>\n\n\n\n<li><strong>Tarif<\/strong> : 80 \u20ac par cycle (tarifs d\u00e9gressifs \u00e0 partir de trois cycles &#8211; voir billetterie en ligne)<\/li>\n\n\n\n<li><strong>Inscriptions<\/strong> : via HelloAsso<\/li>\n<\/ul>\n\n\n\n<div style=\"height:40px\" aria-hidden=\"true\" class=\"wp-block-spacer\"><\/div>\n\n\n\n<h3 class=\"wp-block-heading has-vivid-red-color has-text-color has-link-color wp-elements-2974658e898cc997bc671a7282d7db54\">S\u2019inscrire<\/h3>\n\n\n\n<div style=\"height:10px\" aria-hidden=\"true\" class=\"wp-block-spacer\"><\/div>\n\n\n\n<div class=\"wp-block-buttons is-layout-flex wp-block-buttons-is-layout-flex\">\n<div class=\"wp-block-button\"><a class=\"wp-block-button__link wp-element-button\" href=\"https:\/\/www.helloasso.com\/associations\/les-amis-de-la-compagnie-improlabe\/evenements\/preinscription-aux-cycles-explo-2025-2026\">Je m&#8217;inscris via HelloAsso<\/a><\/div>\n<\/div>\n\n\n\n<p><\/p>\n","protected":false},"excerpt":{"rendered":"<p>Cycle anim\u00e9 par \u00c9milie Mendon\u00e7aDu 5 mars au 9 avril 2026Lieu : Maison des Associations, 94 rue du sanitas, 37000 Tours Plus on est nombreux, mieux c\u2019est ! Qui n\u2019a jamais entendu, au cours d\u2019un atelier d\u2019impro ou apr\u00e8s un spectacle :\u00ab Plus on est nombreux, plus c\u2019est le bazar \u00bb ?C\u2019est vrai dans beaucoup [&hellip;]<\/p>\n","protected":false},"author":1,"featured_media":0,"parent":147,"menu_order":0,"comment_status":"closed","ping_status":"closed","template":"","meta":{"footnotes":""},"class_list":["post-398","page","type-page","status-publish","hentry"],"yoast_head":"<!-- This site is optimized with the Yoast SEO plugin v26.8 - https:\/\/yoast.com\/product\/yoast-seo-wordpress\/ -->\n<title>EXPLO : Improvisateur, as-tu du ch\u0153ur ? -<\/title>\n<meta name=\"robots\" content=\"index, follow, max-snippet:-1, max-image-preview:large, max-video-preview:-1\" \/>\n<link rel=\"canonical\" href=\"https:\/\/improlabe.fr\/index.php\/ateliers-de-theatre-dimprovisation-a-tours-improlabe\/cycles-theatre-improvisation-tours\/le-choeur-improvisateur-as-tu-du-choeur\/\" \/>\n<meta property=\"og:locale\" content=\"fr_FR\" \/>\n<meta property=\"og:type\" content=\"article\" \/>\n<meta property=\"og:title\" content=\"EXPLO : Improvisateur, as-tu du ch\u0153ur ? -\" \/>\n<meta property=\"og:description\" content=\"Cycle anim\u00e9 par \u00c9milie Mendon\u00e7aDu 5 mars au 9 avril 2026Lieu : Maison des Associations, 94 rue du sanitas, 37000 Tours Plus on est nombreux, mieux c\u2019est ! Qui n\u2019a jamais entendu, au cours d\u2019un atelier d\u2019impro ou apr\u00e8s un spectacle :\u00ab Plus on est nombreux, plus c\u2019est le bazar \u00bb ?C\u2019est vrai dans beaucoup [&hellip;]\" \/>\n<meta property=\"og:url\" content=\"https:\/\/improlabe.fr\/index.php\/ateliers-de-theatre-dimprovisation-a-tours-improlabe\/cycles-theatre-improvisation-tours\/le-choeur-improvisateur-as-tu-du-choeur\/\" \/>\n<meta property=\"article:publisher\" content=\"https:\/\/www.facebook.com\/profile.php?id=61575341305513\" \/>\n<meta property=\"article:modified_time\" content=\"2025-06-24T00:19:31+00:00\" \/>\n<meta property=\"og:image\" content=\"https:\/\/improlabe.fr\/wp-content\/uploads\/2025\/05\/WEB-cycle-Choeur.png\" \/>\n\t<meta property=\"og:image:width\" content=\"1080\" \/>\n\t<meta property=\"og:image:height\" content=\"1080\" \/>\n\t<meta property=\"og:image:type\" content=\"image\/png\" \/>\n<meta name=\"twitter:card\" content=\"summary_large_image\" \/>\n<meta name=\"twitter:label1\" content=\"Dur\u00e9e de lecture estim\u00e9e\" \/>\n\t<meta name=\"twitter:data1\" content=\"2 minutes\" \/>\n<script type=\"application\/ld+json\" class=\"yoast-schema-graph\">{\"@context\":\"https:\/\/schema.org\",\"@graph\":[{\"@type\":\"WebPage\",\"@id\":\"https:\/\/improlabe.fr\/index.php\/ateliers-de-theatre-dimprovisation-a-tours-improlabe\/cycles-theatre-improvisation-tours\/le-choeur-improvisateur-as-tu-du-choeur\/\",\"url\":\"https:\/\/improlabe.fr\/index.php\/ateliers-de-theatre-dimprovisation-a-tours-improlabe\/cycles-theatre-improvisation-tours\/le-choeur-improvisateur-as-tu-du-choeur\/\",\"name\":\"EXPLO : Improvisateur, as-tu du ch\u0153ur ? -\",\"isPartOf\":{\"@id\":\"https:\/\/improlabe.fr\/#website\"},\"primaryImageOfPage\":{\"@id\":\"https:\/\/improlabe.fr\/index.php\/ateliers-de-theatre-dimprovisation-a-tours-improlabe\/cycles-theatre-improvisation-tours\/le-choeur-improvisateur-as-tu-du-choeur\/#primaryimage\"},\"image\":{\"@id\":\"https:\/\/improlabe.fr\/index.php\/ateliers-de-theatre-dimprovisation-a-tours-improlabe\/cycles-theatre-improvisation-tours\/le-choeur-improvisateur-as-tu-du-choeur\/#primaryimage\"},\"thumbnailUrl\":\"http:\/\/yolckze.cluster100.hosting.ovh.net\/wp-content\/uploads\/2025\/05\/WEB-cycle-Choeur-1024x1024.png\",\"datePublished\":\"2025-05-25T23:58:33+00:00\",\"dateModified\":\"2025-06-24T00:19:31+00:00\",\"breadcrumb\":{\"@id\":\"https:\/\/improlabe.fr\/index.php\/ateliers-de-theatre-dimprovisation-a-tours-improlabe\/cycles-theatre-improvisation-tours\/le-choeur-improvisateur-as-tu-du-choeur\/#breadcrumb\"},\"inLanguage\":\"fr-FR\",\"potentialAction\":[{\"@type\":\"ReadAction\",\"target\":[\"https:\/\/improlabe.fr\/index.php\/ateliers-de-theatre-dimprovisation-a-tours-improlabe\/cycles-theatre-improvisation-tours\/le-choeur-improvisateur-as-tu-du-choeur\/\"]}]},{\"@type\":\"ImageObject\",\"inLanguage\":\"fr-FR\",\"@id\":\"https:\/\/improlabe.fr\/index.php\/ateliers-de-theatre-dimprovisation-a-tours-improlabe\/cycles-theatre-improvisation-tours\/le-choeur-improvisateur-as-tu-du-choeur\/#primaryimage\",\"url\":\"http:\/\/yolckze.cluster100.hosting.ovh.net\/wp-content\/uploads\/2025\/05\/WEB-cycle-Choeur-1024x1024.png\",\"contentUrl\":\"http:\/\/yolckze.cluster100.hosting.ovh.net\/wp-content\/uploads\/2025\/05\/WEB-cycle-Choeur-1024x1024.png\"},{\"@type\":\"BreadcrumbList\",\"@id\":\"https:\/\/improlabe.fr\/index.php\/ateliers-de-theatre-dimprovisation-a-tours-improlabe\/cycles-theatre-improvisation-tours\/le-choeur-improvisateur-as-tu-du-choeur\/#breadcrumb\",\"itemListElement\":[{\"@type\":\"ListItem\",\"position\":1,\"name\":\"Accueil\",\"item\":\"https:\/\/improlabe.fr\/\"},{\"@type\":\"ListItem\",\"position\":2,\"name\":\"Nos Ateliers d&#8217;Improvisation\",\"item\":\"https:\/\/improlabe.fr\/index.php\/ateliers-de-theatre-dimprovisation-a-tours-improlabe\/\"},{\"@type\":\"ListItem\",\"position\":3,\"name\":\"Cycles EXPLO &#8211; Cycles de th\u00e9\u00e2tre d\u2019improvisation \u00e0 Tours\",\"item\":\"https:\/\/improlabe.fr\/index.php\/ateliers-de-theatre-dimprovisation-a-tours-improlabe\/cycles-theatre-improvisation-tours\/\"},{\"@type\":\"ListItem\",\"position\":4,\"name\":\"EXPLO : Improvisateur, as-tu du ch\u0153ur ?\"}]},{\"@type\":\"WebSite\",\"@id\":\"https:\/\/improlabe.fr\/#website\",\"url\":\"https:\/\/improlabe.fr\/\",\"name\":\"improlabe.fr\",\"description\":\"Improlabe est une compagnie port\u00e9e par deux &lt;strong&gt;com\u00e9diennes de th\u00e9\u00e2tre d\u2019improvisation \u00e0 Tours&lt;\/strong&gt;, engag\u00e9es dans la cr\u00e9ation, la transmission et l\u2019exploration des pratiques improvis\u00e9es contemporaines.&lt;br&gt;Car la Compagnie Improlabe n\u2019est pas qu\u2019un laboratoire : c\u2019est aussi et surtout un lieu d\u2019exploration de l\u2019improvisation th\u00e9\u00e2trale. \u00c0 la mani\u00e8re de l\u2019astrolabe qui guidait marins et explorateurs en des temps recul\u00e9s, Improlabe est un outil de d\u00e9couverte et d\u2019ouverture vers l\u2019ensemble des pratiques th\u00e9\u00e2trales improvis\u00e9es d\u2019aujourd\u2019hui, en Touraine, en France et \u00e0 l\u2019\u00e9tranger.&lt;br&gt;\u00c0 travers ses ateliers, stages, spectacles, interventions p\u00e9dagogiques et prestations \u00e0 destination du monde de l\u2019entreprise et des professionnels, Improlabe d\u00e9ploie l\u2019univers de l\u2019improvisation th\u00e9\u00e2trale aupr\u00e8s de publics vari\u00e9s, dans une approche exigeante, accessible et profond\u00e9ment humaine.\",\"publisher\":{\"@id\":\"https:\/\/improlabe.fr\/#organization\"},\"potentialAction\":[{\"@type\":\"SearchAction\",\"target\":{\"@type\":\"EntryPoint\",\"urlTemplate\":\"https:\/\/improlabe.fr\/?s={search_term_string}\"},\"query-input\":{\"@type\":\"PropertyValueSpecification\",\"valueRequired\":true,\"valueName\":\"search_term_string\"}}],\"inLanguage\":\"fr-FR\"},{\"@type\":\"Organization\",\"@id\":\"https:\/\/improlabe.fr\/#organization\",\"name\":\"Compagnie Improlabe\",\"url\":\"https:\/\/improlabe.fr\/\",\"logo\":{\"@type\":\"ImageObject\",\"inLanguage\":\"fr-FR\",\"@id\":\"https:\/\/improlabe.fr\/#\/schema\/logo\/image\/\",\"url\":\"https:\/\/improlabe.fr\/wp-content\/uploads\/2025\/04\/cropped-BANDEAU-LOGO-v26-3-scaled-1.jpg\",\"contentUrl\":\"https:\/\/improlabe.fr\/wp-content\/uploads\/2025\/04\/cropped-BANDEAU-LOGO-v26-3-scaled-1.jpg\",\"width\":2413,\"height\":878,\"caption\":\"Compagnie Improlabe\"},\"image\":{\"@id\":\"https:\/\/improlabe.fr\/#\/schema\/logo\/image\/\"},\"sameAs\":[\"https:\/\/www.facebook.com\/profile.php?id=61575341305513\",\"https:\/\/www.instagram.com\/improlabe_tours\/\",\"https:\/\/www.linkedin.com\/company\/improlabe\"]}]}<\/script>\n<!-- \/ Yoast SEO plugin. -->","yoast_head_json":{"title":"EXPLO : Improvisateur, as-tu du ch\u0153ur ? -","robots":{"index":"index","follow":"follow","max-snippet":"max-snippet:-1","max-image-preview":"max-image-preview:large","max-video-preview":"max-video-preview:-1"},"canonical":"https:\/\/improlabe.fr\/index.php\/ateliers-de-theatre-dimprovisation-a-tours-improlabe\/cycles-theatre-improvisation-tours\/le-choeur-improvisateur-as-tu-du-choeur\/","og_locale":"fr_FR","og_type":"article","og_title":"EXPLO : Improvisateur, as-tu du ch\u0153ur ? -","og_description":"Cycle anim\u00e9 par \u00c9milie Mendon\u00e7aDu 5 mars au 9 avril 2026Lieu : Maison des Associations, 94 rue du sanitas, 37000 Tours Plus on est nombreux, mieux c\u2019est ! Qui n\u2019a jamais entendu, au cours d\u2019un atelier d\u2019impro ou apr\u00e8s un spectacle :\u00ab Plus on est nombreux, plus c\u2019est le bazar \u00bb ?C\u2019est vrai dans beaucoup [&hellip;]","og_url":"https:\/\/improlabe.fr\/index.php\/ateliers-de-theatre-dimprovisation-a-tours-improlabe\/cycles-theatre-improvisation-tours\/le-choeur-improvisateur-as-tu-du-choeur\/","article_publisher":"https:\/\/www.facebook.com\/profile.php?id=61575341305513","article_modified_time":"2025-06-24T00:19:31+00:00","og_image":[{"width":1080,"height":1080,"url":"https:\/\/improlabe.fr\/wp-content\/uploads\/2025\/05\/WEB-cycle-Choeur.png","type":"image\/png"}],"twitter_card":"summary_large_image","twitter_misc":{"Dur\u00e9e de lecture estim\u00e9e":"2 minutes"},"schema":{"@context":"https:\/\/schema.org","@graph":[{"@type":"WebPage","@id":"https:\/\/improlabe.fr\/index.php\/ateliers-de-theatre-dimprovisation-a-tours-improlabe\/cycles-theatre-improvisation-tours\/le-choeur-improvisateur-as-tu-du-choeur\/","url":"https:\/\/improlabe.fr\/index.php\/ateliers-de-theatre-dimprovisation-a-tours-improlabe\/cycles-theatre-improvisation-tours\/le-choeur-improvisateur-as-tu-du-choeur\/","name":"EXPLO : Improvisateur, as-tu du ch\u0153ur ? -","isPartOf":{"@id":"https:\/\/improlabe.fr\/#website"},"primaryImageOfPage":{"@id":"https:\/\/improlabe.fr\/index.php\/ateliers-de-theatre-dimprovisation-a-tours-improlabe\/cycles-theatre-improvisation-tours\/le-choeur-improvisateur-as-tu-du-choeur\/#primaryimage"},"image":{"@id":"https:\/\/improlabe.fr\/index.php\/ateliers-de-theatre-dimprovisation-a-tours-improlabe\/cycles-theatre-improvisation-tours\/le-choeur-improvisateur-as-tu-du-choeur\/#primaryimage"},"thumbnailUrl":"http:\/\/yolckze.cluster100.hosting.ovh.net\/wp-content\/uploads\/2025\/05\/WEB-cycle-Choeur-1024x1024.png","datePublished":"2025-05-25T23:58:33+00:00","dateModified":"2025-06-24T00:19:31+00:00","breadcrumb":{"@id":"https:\/\/improlabe.fr\/index.php\/ateliers-de-theatre-dimprovisation-a-tours-improlabe\/cycles-theatre-improvisation-tours\/le-choeur-improvisateur-as-tu-du-choeur\/#breadcrumb"},"inLanguage":"fr-FR","potentialAction":[{"@type":"ReadAction","target":["https:\/\/improlabe.fr\/index.php\/ateliers-de-theatre-dimprovisation-a-tours-improlabe\/cycles-theatre-improvisation-tours\/le-choeur-improvisateur-as-tu-du-choeur\/"]}]},{"@type":"ImageObject","inLanguage":"fr-FR","@id":"https:\/\/improlabe.fr\/index.php\/ateliers-de-theatre-dimprovisation-a-tours-improlabe\/cycles-theatre-improvisation-tours\/le-choeur-improvisateur-as-tu-du-choeur\/#primaryimage","url":"http:\/\/yolckze.cluster100.hosting.ovh.net\/wp-content\/uploads\/2025\/05\/WEB-cycle-Choeur-1024x1024.png","contentUrl":"http:\/\/yolckze.cluster100.hosting.ovh.net\/wp-content\/uploads\/2025\/05\/WEB-cycle-Choeur-1024x1024.png"},{"@type":"BreadcrumbList","@id":"https:\/\/improlabe.fr\/index.php\/ateliers-de-theatre-dimprovisation-a-tours-improlabe\/cycles-theatre-improvisation-tours\/le-choeur-improvisateur-as-tu-du-choeur\/#breadcrumb","itemListElement":[{"@type":"ListItem","position":1,"name":"Accueil","item":"https:\/\/improlabe.fr\/"},{"@type":"ListItem","position":2,"name":"Nos Ateliers d&#8217;Improvisation","item":"https:\/\/improlabe.fr\/index.php\/ateliers-de-theatre-dimprovisation-a-tours-improlabe\/"},{"@type":"ListItem","position":3,"name":"Cycles EXPLO &#8211; Cycles de th\u00e9\u00e2tre d\u2019improvisation \u00e0 Tours","item":"https:\/\/improlabe.fr\/index.php\/ateliers-de-theatre-dimprovisation-a-tours-improlabe\/cycles-theatre-improvisation-tours\/"},{"@type":"ListItem","position":4,"name":"EXPLO : Improvisateur, as-tu du ch\u0153ur ?"}]},{"@type":"WebSite","@id":"https:\/\/improlabe.fr\/#website","url":"https:\/\/improlabe.fr\/","name":"improlabe.fr","description":"Improlabe est une compagnie port\u00e9e par deux &lt;strong&gt;com\u00e9diennes de th\u00e9\u00e2tre d\u2019improvisation \u00e0 Tours&lt;\/strong&gt;, engag\u00e9es dans la cr\u00e9ation, la transmission et l\u2019exploration des pratiques improvis\u00e9es contemporaines.&lt;br&gt;Car la Compagnie Improlabe n\u2019est pas qu\u2019un laboratoire : c\u2019est aussi et surtout un lieu d\u2019exploration de l\u2019improvisation th\u00e9\u00e2trale. \u00c0 la mani\u00e8re de l\u2019astrolabe qui guidait marins et explorateurs en des temps recul\u00e9s, Improlabe est un outil de d\u00e9couverte et d\u2019ouverture vers l\u2019ensemble des pratiques th\u00e9\u00e2trales improvis\u00e9es d\u2019aujourd\u2019hui, en Touraine, en France et \u00e0 l\u2019\u00e9tranger.&lt;br&gt;\u00c0 travers ses ateliers, stages, spectacles, interventions p\u00e9dagogiques et prestations \u00e0 destination du monde de l\u2019entreprise et des professionnels, Improlabe d\u00e9ploie l\u2019univers de l\u2019improvisation th\u00e9\u00e2trale aupr\u00e8s de publics vari\u00e9s, dans une approche exigeante, accessible et profond\u00e9ment humaine.","publisher":{"@id":"https:\/\/improlabe.fr\/#organization"},"potentialAction":[{"@type":"SearchAction","target":{"@type":"EntryPoint","urlTemplate":"https:\/\/improlabe.fr\/?s={search_term_string}"},"query-input":{"@type":"PropertyValueSpecification","valueRequired":true,"valueName":"search_term_string"}}],"inLanguage":"fr-FR"},{"@type":"Organization","@id":"https:\/\/improlabe.fr\/#organization","name":"Compagnie Improlabe","url":"https:\/\/improlabe.fr\/","logo":{"@type":"ImageObject","inLanguage":"fr-FR","@id":"https:\/\/improlabe.fr\/#\/schema\/logo\/image\/","url":"https:\/\/improlabe.fr\/wp-content\/uploads\/2025\/04\/cropped-BANDEAU-LOGO-v26-3-scaled-1.jpg","contentUrl":"https:\/\/improlabe.fr\/wp-content\/uploads\/2025\/04\/cropped-BANDEAU-LOGO-v26-3-scaled-1.jpg","width":2413,"height":878,"caption":"Compagnie Improlabe"},"image":{"@id":"https:\/\/improlabe.fr\/#\/schema\/logo\/image\/"},"sameAs":["https:\/\/www.facebook.com\/profile.php?id=61575341305513","https:\/\/www.instagram.com\/improlabe_tours\/","https:\/\/www.linkedin.com\/company\/improlabe"]}]}},"_links":{"self":[{"href":"https:\/\/improlabe.fr\/index.php\/wp-json\/wp\/v2\/pages\/398","targetHints":{"allow":["GET"]}}],"collection":[{"href":"https:\/\/improlabe.fr\/index.php\/wp-json\/wp\/v2\/pages"}],"about":[{"href":"https:\/\/improlabe.fr\/index.php\/wp-json\/wp\/v2\/types\/page"}],"author":[{"embeddable":true,"href":"https:\/\/improlabe.fr\/index.php\/wp-json\/wp\/v2\/users\/1"}],"replies":[{"embeddable":true,"href":"https:\/\/improlabe.fr\/index.php\/wp-json\/wp\/v2\/comments?post=398"}],"version-history":[{"count":8,"href":"https:\/\/improlabe.fr\/index.php\/wp-json\/wp\/v2\/pages\/398\/revisions"}],"predecessor-version":[{"id":751,"href":"https:\/\/improlabe.fr\/index.php\/wp-json\/wp\/v2\/pages\/398\/revisions\/751"}],"up":[{"embeddable":true,"href":"https:\/\/improlabe.fr\/index.php\/wp-json\/wp\/v2\/pages\/147"}],"wp:attachment":[{"href":"https:\/\/improlabe.fr\/index.php\/wp-json\/wp\/v2\/media?parent=398"}],"curies":[{"name":"wp","href":"https:\/\/api.w.org\/{rel}","templated":true}]}}