{"id":394,"date":"2025-05-26T01:54:57","date_gmt":"2025-05-25T23:54:57","guid":{"rendered":"http:\/\/yolckze.cluster100.hosting.ovh.net\/?page_id=394"},"modified":"2025-06-24T02:30:15","modified_gmt":"2025-06-24T00:30:15","slug":"improviser-a-la-maniere-de-moliere-fini-la-galere","status":"publish","type":"page","link":"https:\/\/improlabe.fr\/index.php\/ateliers-de-theatre-dimprovisation-a-tours-improlabe\/cycles-theatre-improvisation-tours\/improviser-a-la-maniere-de-moliere-fini-la-galere\/","title":{"rendered":"EXPLO : improviser Moli\u00e8re sans gal\u00e8re"},"content":{"rendered":"\n<div class=\"wp-block-group is-nowrap is-layout-flex wp-container-core-group-is-layout-ad2f72ca wp-block-group-is-layout-flex\">\n<figure class=\"wp-block-image is-resized\"><img loading=\"lazy\" decoding=\"async\" width=\"1080\" height=\"1080\" src=\"https:\/\/improlabe.fr\/wp-content\/uploads\/2025\/06\/17.png\" alt=\"\" class=\"wp-image-728\" style=\"width:115px\" srcset=\"https:\/\/improlabe.fr\/wp-content\/uploads\/2025\/06\/17.png 1080w, https:\/\/improlabe.fr\/wp-content\/uploads\/2025\/06\/17-300x300.png 300w, https:\/\/improlabe.fr\/wp-content\/uploads\/2025\/06\/17-1024x1024.png 1024w, https:\/\/improlabe.fr\/wp-content\/uploads\/2025\/06\/17-150x150.png 150w, https:\/\/improlabe.fr\/wp-content\/uploads\/2025\/06\/17-768x768.png 768w\" sizes=\"auto, (max-width: 1080px) 100vw, 1080px\" \/><\/figure>\n\n\n\n<p class=\"has-medium-font-size\"><em>Cycle anim\u00e9 par Vanessa Auger<\/em><br><strong>Du 8 janvier au 12 f\u00e9vrier 2026<\/strong><br><strong>Lieu : Maison des Associations, 94 rue du sanitas, 37000 Tours<\/strong><\/p>\n<\/div>\n\n\n\n<div style=\"height:40px\" aria-hidden=\"true\" class=\"wp-block-spacer\"><\/div>\n\n\n\n<h3 class=\"wp-block-heading has-vivid-red-color has-text-color has-link-color wp-elements-e0438756fb8da77f942ce3e5585aac74\">Moli\u00e8re version impro : costumes en moins, folie en plus !<\/h3>\n\n\n\n<div style=\"height:40px\" aria-hidden=\"true\" class=\"wp-block-spacer\"><\/div>\n\n\n\n<p><em>L\u2019Avare, Tartuffe, Dom Juan<\/em>\u2026 Et s\u2019ils prenaient vie dans vos impros ?<\/p>\n\n\n\n<p>Ce cycle de l\u2019Improlabe vous plonge dans l\u2019univers du th\u00e9\u00e2tre de Moli\u00e8re et ses classiques, revisit\u00e9s \u00e0 la sauce improvis\u00e9e. Pas de texte \u00e0 apprendre, mais une plong\u00e9e ludique dans les ressorts comiques du ma\u00eetre de la farce.<\/p>\n\n\n\n<p>Personnages hauts en couleur, intrigues rocambolesques et satire sociale mordante seront au rendez-vous. On y travaille le style, le rythme, les figures, sans chercher \u00e0 \u201cimiter\u201d mais bien \u00e0 <strong>r\u00e9inventer Moli\u00e8re sur sc\u00e8ne<\/strong>.<\/p>\n\n\n\n<p><strong>\u00c0 quoi s\u2019attendre :<\/strong><\/p>\n\n\n\n<ul class=\"wp-block-list\">\n<li>Composer des personnages types (l\u2019avare, le faux d\u00e9vot, le valet rus\u00e9\u2026)<\/li>\n\n\n\n<li>S\u2019amuser avec les quiproquos, les exag\u00e9rations et les rapports de pouvoir<\/li>\n\n\n\n<li>Explorer les tournures de langage de l&#8217;\u00e9poque<\/li>\n\n\n\n<li>Improviser des <strong>sc\u00e8nes courtes<\/strong> \u00e0 la mani\u00e8re de Moli\u00e8re, avec quelques incursions vers le <strong>jeu long form<\/strong> selon le groupe<\/li>\n<\/ul>\n\n\n\n<p>L\u2019objectif : enrichir son jeu d\u2019impro avec les codes du th\u00e9\u00e2tre classique, dans une approche vivante, joyeuse et collective.<br>Pas besoin d\u2019\u00eatre un\u00b7e expert\u00b7e du XVIIe si\u00e8cle : l\u2019essentiel, c\u2019est le plaisir de jouer.<\/p>\n\n\n\n<div style=\"height:40px\" aria-hidden=\"true\" class=\"wp-block-spacer\"><\/div>\n\n\n\n<h3 class=\"wp-block-heading has-vivid-red-color has-text-color has-link-color wp-elements-9dd64bd6f1024485290c1e7ef48d3366\">Pour qui ?<\/h3>\n\n\n\n<div style=\"height:10px\" aria-hidden=\"true\" class=\"wp-block-spacer\"><\/div>\n\n\n\n<p>Improvisateur improvisatrices avec <strong>au minimum deux ann\u00e9es de pratique<\/strong>.<br>Aucun pr\u00e9requis en th\u00e9\u00e2tre classique, mais une envie de jouer avec style et esprit.<\/p>\n\n\n\n<div style=\"height:40px\" aria-hidden=\"true\" class=\"wp-block-spacer\"><\/div>\n\n\n\n<h3 class=\"wp-block-heading has-vivid-red-color has-text-color has-link-color wp-elements-0ada14e17b9303a52ab517b98a4a0ce0\">Animatrice<\/h3>\n\n\n\n<div style=\"height:10px\" aria-hidden=\"true\" class=\"wp-block-spacer\"><\/div>\n\n\n\n<p>Ce cycle est anim\u00e9 par <strong>Vanessa Auger<\/strong>, qui n\u2019a peut-\u00eatre pas appris par c\u0153ur Le Bourgeois Gentilhomme, mais qui conna\u00eet sur le bout des doigts les techniques pour improviser \u00e0 la mani\u00e8re de Jean-Baptiste.<\/p>\n\n\n\n<div style=\"height:40px\" aria-hidden=\"true\" class=\"wp-block-spacer\"><\/div>\n\n\n\n<h3 class=\"wp-block-heading has-vivid-red-color has-text-color has-link-color wp-elements-6666f8a8be5c296e7340415e567f2b2c\">Infos pratiques<\/h3>\n\n\n\n<div style=\"height:10px\" aria-hidden=\"true\" class=\"wp-block-spacer\"><\/div>\n\n\n\n<ul class=\"wp-block-list\">\n<li><strong>Dur\u00e9e<\/strong> : 6 s\u00e9ances de 2h, dont une d\u00e9di\u00e9e \u00e0 la restitution publique<\/li>\n\n\n\n<li><strong>Dates<\/strong> : du 8 janvier au 12 f\u00e9vrier 2026<\/li>\n\n\n\n<li><strong>Restitution publique<\/strong> : jeudi 12 f\u00e9vrier 2026<\/li>\n\n\n\n<li><strong>Horaires<\/strong> : tous les jeudis, de 19h30 \u00e0 21h30<\/li>\n\n\n\n<li><strong>Lieu<\/strong> : Maison des Associations, 94 rue du sanitas, 37000 Tours<\/li>\n\n\n\n<li><strong>Tarif<\/strong> : 80 \u20ac par cycle (tarifs d\u00e9gressifs \u00e0 partir de trois cycles &#8211; voir billetterie)<\/li>\n\n\n\n<li><strong>Inscriptions<\/strong> : via HelloAsso<\/li>\n<\/ul>\n\n\n\n<div style=\"height:40px\" aria-hidden=\"true\" class=\"wp-block-spacer\"><\/div>\n\n\n\n<h3 class=\"wp-block-heading has-vivid-red-color has-text-color has-link-color wp-elements-2974658e898cc997bc671a7282d7db54\">S\u2019inscrire<\/h3>\n\n\n\n<div style=\"height:10px\" aria-hidden=\"true\" class=\"wp-block-spacer\"><\/div>\n\n\n\n<div class=\"wp-block-buttons is-layout-flex wp-block-buttons-is-layout-flex\">\n<div class=\"wp-block-button\"><a class=\"wp-block-button__link wp-element-button\" href=\"https:\/\/www.helloasso.com\/associations\/les-amis-de-la-compagnie-improlabe\/evenements\/preinscription-aux-cycles-explo-2025-2026\">Je m&#8217;inscris via HelloAsso<\/a><\/div>\n<\/div>\n","protected":false},"excerpt":{"rendered":"<p>Cycle anim\u00e9 par Vanessa AugerDu 8 janvier au 12 f\u00e9vrier 2026Lieu : Maison des Associations, 94 rue du sanitas, 37000 Tours Moli\u00e8re version impro : costumes en moins, folie en plus ! L\u2019Avare, Tartuffe, Dom Juan\u2026 Et s\u2019ils prenaient vie dans vos impros ? Ce cycle de l\u2019Improlabe vous plonge dans l\u2019univers du th\u00e9\u00e2tre de [&hellip;]<\/p>\n","protected":false},"author":1,"featured_media":0,"parent":147,"menu_order":0,"comment_status":"closed","ping_status":"closed","template":"","meta":{"footnotes":""},"class_list":["post-394","page","type-page","status-publish","hentry"],"yoast_head":"<!-- This site is optimized with the Yoast SEO plugin v26.8 - https:\/\/yoast.com\/product\/yoast-seo-wordpress\/ -->\n<title>EXPLO : improviser Moli\u00e8re sans gal\u00e8re -<\/title>\n<meta name=\"robots\" content=\"index, follow, max-snippet:-1, max-image-preview:large, max-video-preview:-1\" \/>\n<link rel=\"canonical\" href=\"https:\/\/improlabe.fr\/index.php\/ateliers-de-theatre-dimprovisation-a-tours-improlabe\/cycles-theatre-improvisation-tours\/improviser-a-la-maniere-de-moliere-fini-la-galere\/\" \/>\n<meta property=\"og:locale\" content=\"fr_FR\" \/>\n<meta property=\"og:type\" content=\"article\" \/>\n<meta property=\"og:title\" content=\"EXPLO : improviser Moli\u00e8re sans gal\u00e8re -\" \/>\n<meta property=\"og:description\" content=\"Cycle anim\u00e9 par Vanessa AugerDu 8 janvier au 12 f\u00e9vrier 2026Lieu : Maison des Associations, 94 rue du sanitas, 37000 Tours Moli\u00e8re version impro : costumes en moins, folie en plus ! L\u2019Avare, Tartuffe, Dom Juan\u2026 Et s\u2019ils prenaient vie dans vos impros ? Ce cycle de l\u2019Improlabe vous plonge dans l\u2019univers du th\u00e9\u00e2tre de [&hellip;]\" \/>\n<meta property=\"og:url\" content=\"https:\/\/improlabe.fr\/index.php\/ateliers-de-theatre-dimprovisation-a-tours-improlabe\/cycles-theatre-improvisation-tours\/improviser-a-la-maniere-de-moliere-fini-la-galere\/\" \/>\n<meta property=\"article:publisher\" content=\"https:\/\/www.facebook.com\/profile.php?id=61575341305513\" \/>\n<meta property=\"article:modified_time\" content=\"2025-06-24T00:30:15+00:00\" \/>\n<meta property=\"og:image\" content=\"https:\/\/improlabe.fr\/wp-content\/uploads\/2025\/06\/17.png\" \/>\n\t<meta property=\"og:image:width\" content=\"1080\" \/>\n\t<meta property=\"og:image:height\" content=\"1080\" \/>\n\t<meta property=\"og:image:type\" content=\"image\/png\" \/>\n<meta name=\"twitter:card\" content=\"summary_large_image\" \/>\n<meta name=\"twitter:label1\" content=\"Dur\u00e9e de lecture estim\u00e9e\" \/>\n\t<meta name=\"twitter:data1\" content=\"2 minutes\" \/>\n<script type=\"application\/ld+json\" class=\"yoast-schema-graph\">{\"@context\":\"https:\/\/schema.org\",\"@graph\":[{\"@type\":\"WebPage\",\"@id\":\"https:\/\/improlabe.fr\/index.php\/ateliers-de-theatre-dimprovisation-a-tours-improlabe\/cycles-theatre-improvisation-tours\/improviser-a-la-maniere-de-moliere-fini-la-galere\/\",\"url\":\"https:\/\/improlabe.fr\/index.php\/ateliers-de-theatre-dimprovisation-a-tours-improlabe\/cycles-theatre-improvisation-tours\/improviser-a-la-maniere-de-moliere-fini-la-galere\/\",\"name\":\"EXPLO : improviser Moli\u00e8re sans gal\u00e8re -\",\"isPartOf\":{\"@id\":\"https:\/\/improlabe.fr\/#website\"},\"primaryImageOfPage\":{\"@id\":\"https:\/\/improlabe.fr\/index.php\/ateliers-de-theatre-dimprovisation-a-tours-improlabe\/cycles-theatre-improvisation-tours\/improviser-a-la-maniere-de-moliere-fini-la-galere\/#primaryimage\"},\"image\":{\"@id\":\"https:\/\/improlabe.fr\/index.php\/ateliers-de-theatre-dimprovisation-a-tours-improlabe\/cycles-theatre-improvisation-tours\/improviser-a-la-maniere-de-moliere-fini-la-galere\/#primaryimage\"},\"thumbnailUrl\":\"https:\/\/improlabe.fr\/wp-content\/uploads\/2025\/06\/17.png\",\"datePublished\":\"2025-05-25T23:54:57+00:00\",\"dateModified\":\"2025-06-24T00:30:15+00:00\",\"breadcrumb\":{\"@id\":\"https:\/\/improlabe.fr\/index.php\/ateliers-de-theatre-dimprovisation-a-tours-improlabe\/cycles-theatre-improvisation-tours\/improviser-a-la-maniere-de-moliere-fini-la-galere\/#breadcrumb\"},\"inLanguage\":\"fr-FR\",\"potentialAction\":[{\"@type\":\"ReadAction\",\"target\":[\"https:\/\/improlabe.fr\/index.php\/ateliers-de-theatre-dimprovisation-a-tours-improlabe\/cycles-theatre-improvisation-tours\/improviser-a-la-maniere-de-moliere-fini-la-galere\/\"]}]},{\"@type\":\"ImageObject\",\"inLanguage\":\"fr-FR\",\"@id\":\"https:\/\/improlabe.fr\/index.php\/ateliers-de-theatre-dimprovisation-a-tours-improlabe\/cycles-theatre-improvisation-tours\/improviser-a-la-maniere-de-moliere-fini-la-galere\/#primaryimage\",\"url\":\"https:\/\/improlabe.fr\/wp-content\/uploads\/2025\/06\/17.png\",\"contentUrl\":\"https:\/\/improlabe.fr\/wp-content\/uploads\/2025\/06\/17.png\",\"width\":1080,\"height\":1080,\"caption\":\"Cycle de th\u00e9\u00e2tre d\u2019improvisation Improlabe \u00e0 Tours \u2013 impro moli\u00e8re\"},{\"@type\":\"BreadcrumbList\",\"@id\":\"https:\/\/improlabe.fr\/index.php\/ateliers-de-theatre-dimprovisation-a-tours-improlabe\/cycles-theatre-improvisation-tours\/improviser-a-la-maniere-de-moliere-fini-la-galere\/#breadcrumb\",\"itemListElement\":[{\"@type\":\"ListItem\",\"position\":1,\"name\":\"Accueil\",\"item\":\"https:\/\/improlabe.fr\/\"},{\"@type\":\"ListItem\",\"position\":2,\"name\":\"Nos Ateliers d&#8217;Improvisation\",\"item\":\"https:\/\/improlabe.fr\/index.php\/ateliers-de-theatre-dimprovisation-a-tours-improlabe\/\"},{\"@type\":\"ListItem\",\"position\":3,\"name\":\"Cycles EXPLO &#8211; Cycles de th\u00e9\u00e2tre d\u2019improvisation \u00e0 Tours\",\"item\":\"https:\/\/improlabe.fr\/index.php\/ateliers-de-theatre-dimprovisation-a-tours-improlabe\/cycles-theatre-improvisation-tours\/\"},{\"@type\":\"ListItem\",\"position\":4,\"name\":\"EXPLO : improviser Moli\u00e8re sans gal\u00e8re\"}]},{\"@type\":\"WebSite\",\"@id\":\"https:\/\/improlabe.fr\/#website\",\"url\":\"https:\/\/improlabe.fr\/\",\"name\":\"improlabe.fr\",\"description\":\"Improlabe est une compagnie port\u00e9e par deux &lt;strong&gt;com\u00e9diennes de th\u00e9\u00e2tre d\u2019improvisation \u00e0 Tours&lt;\/strong&gt;, engag\u00e9es dans la cr\u00e9ation, la transmission et l\u2019exploration des pratiques improvis\u00e9es contemporaines.&lt;br&gt;Car la Compagnie Improlabe n\u2019est pas qu\u2019un laboratoire : c\u2019est aussi et surtout un lieu d\u2019exploration de l\u2019improvisation th\u00e9\u00e2trale. \u00c0 la mani\u00e8re de l\u2019astrolabe qui guidait marins et explorateurs en des temps recul\u00e9s, Improlabe est un outil de d\u00e9couverte et d\u2019ouverture vers l\u2019ensemble des pratiques th\u00e9\u00e2trales improvis\u00e9es d\u2019aujourd\u2019hui, en Touraine, en France et \u00e0 l\u2019\u00e9tranger.&lt;br&gt;\u00c0 travers ses ateliers, stages, spectacles, interventions p\u00e9dagogiques et prestations \u00e0 destination du monde de l\u2019entreprise et des professionnels, Improlabe d\u00e9ploie l\u2019univers de l\u2019improvisation th\u00e9\u00e2trale aupr\u00e8s de publics vari\u00e9s, dans une approche exigeante, accessible et profond\u00e9ment humaine.\",\"publisher\":{\"@id\":\"https:\/\/improlabe.fr\/#organization\"},\"potentialAction\":[{\"@type\":\"SearchAction\",\"target\":{\"@type\":\"EntryPoint\",\"urlTemplate\":\"https:\/\/improlabe.fr\/?s={search_term_string}\"},\"query-input\":{\"@type\":\"PropertyValueSpecification\",\"valueRequired\":true,\"valueName\":\"search_term_string\"}}],\"inLanguage\":\"fr-FR\"},{\"@type\":\"Organization\",\"@id\":\"https:\/\/improlabe.fr\/#organization\",\"name\":\"Compagnie Improlabe\",\"url\":\"https:\/\/improlabe.fr\/\",\"logo\":{\"@type\":\"ImageObject\",\"inLanguage\":\"fr-FR\",\"@id\":\"https:\/\/improlabe.fr\/#\/schema\/logo\/image\/\",\"url\":\"https:\/\/improlabe.fr\/wp-content\/uploads\/2025\/04\/cropped-BANDEAU-LOGO-v26-3-scaled-1.jpg\",\"contentUrl\":\"https:\/\/improlabe.fr\/wp-content\/uploads\/2025\/04\/cropped-BANDEAU-LOGO-v26-3-scaled-1.jpg\",\"width\":2413,\"height\":878,\"caption\":\"Compagnie Improlabe\"},\"image\":{\"@id\":\"https:\/\/improlabe.fr\/#\/schema\/logo\/image\/\"},\"sameAs\":[\"https:\/\/www.facebook.com\/profile.php?id=61575341305513\",\"https:\/\/www.instagram.com\/improlabe_tours\/\",\"https:\/\/www.linkedin.com\/company\/improlabe\"]}]}<\/script>\n<!-- \/ Yoast SEO plugin. -->","yoast_head_json":{"title":"EXPLO : improviser Moli\u00e8re sans gal\u00e8re -","robots":{"index":"index","follow":"follow","max-snippet":"max-snippet:-1","max-image-preview":"max-image-preview:large","max-video-preview":"max-video-preview:-1"},"canonical":"https:\/\/improlabe.fr\/index.php\/ateliers-de-theatre-dimprovisation-a-tours-improlabe\/cycles-theatre-improvisation-tours\/improviser-a-la-maniere-de-moliere-fini-la-galere\/","og_locale":"fr_FR","og_type":"article","og_title":"EXPLO : improviser Moli\u00e8re sans gal\u00e8re -","og_description":"Cycle anim\u00e9 par Vanessa AugerDu 8 janvier au 12 f\u00e9vrier 2026Lieu : Maison des Associations, 94 rue du sanitas, 37000 Tours Moli\u00e8re version impro : costumes en moins, folie en plus ! L\u2019Avare, Tartuffe, Dom Juan\u2026 Et s\u2019ils prenaient vie dans vos impros ? Ce cycle de l\u2019Improlabe vous plonge dans l\u2019univers du th\u00e9\u00e2tre de [&hellip;]","og_url":"https:\/\/improlabe.fr\/index.php\/ateliers-de-theatre-dimprovisation-a-tours-improlabe\/cycles-theatre-improvisation-tours\/improviser-a-la-maniere-de-moliere-fini-la-galere\/","article_publisher":"https:\/\/www.facebook.com\/profile.php?id=61575341305513","article_modified_time":"2025-06-24T00:30:15+00:00","og_image":[{"width":1080,"height":1080,"url":"https:\/\/improlabe.fr\/wp-content\/uploads\/2025\/06\/17.png","type":"image\/png"}],"twitter_card":"summary_large_image","twitter_misc":{"Dur\u00e9e de lecture estim\u00e9e":"2 minutes"},"schema":{"@context":"https:\/\/schema.org","@graph":[{"@type":"WebPage","@id":"https:\/\/improlabe.fr\/index.php\/ateliers-de-theatre-dimprovisation-a-tours-improlabe\/cycles-theatre-improvisation-tours\/improviser-a-la-maniere-de-moliere-fini-la-galere\/","url":"https:\/\/improlabe.fr\/index.php\/ateliers-de-theatre-dimprovisation-a-tours-improlabe\/cycles-theatre-improvisation-tours\/improviser-a-la-maniere-de-moliere-fini-la-galere\/","name":"EXPLO : improviser Moli\u00e8re sans gal\u00e8re -","isPartOf":{"@id":"https:\/\/improlabe.fr\/#website"},"primaryImageOfPage":{"@id":"https:\/\/improlabe.fr\/index.php\/ateliers-de-theatre-dimprovisation-a-tours-improlabe\/cycles-theatre-improvisation-tours\/improviser-a-la-maniere-de-moliere-fini-la-galere\/#primaryimage"},"image":{"@id":"https:\/\/improlabe.fr\/index.php\/ateliers-de-theatre-dimprovisation-a-tours-improlabe\/cycles-theatre-improvisation-tours\/improviser-a-la-maniere-de-moliere-fini-la-galere\/#primaryimage"},"thumbnailUrl":"https:\/\/improlabe.fr\/wp-content\/uploads\/2025\/06\/17.png","datePublished":"2025-05-25T23:54:57+00:00","dateModified":"2025-06-24T00:30:15+00:00","breadcrumb":{"@id":"https:\/\/improlabe.fr\/index.php\/ateliers-de-theatre-dimprovisation-a-tours-improlabe\/cycles-theatre-improvisation-tours\/improviser-a-la-maniere-de-moliere-fini-la-galere\/#breadcrumb"},"inLanguage":"fr-FR","potentialAction":[{"@type":"ReadAction","target":["https:\/\/improlabe.fr\/index.php\/ateliers-de-theatre-dimprovisation-a-tours-improlabe\/cycles-theatre-improvisation-tours\/improviser-a-la-maniere-de-moliere-fini-la-galere\/"]}]},{"@type":"ImageObject","inLanguage":"fr-FR","@id":"https:\/\/improlabe.fr\/index.php\/ateliers-de-theatre-dimprovisation-a-tours-improlabe\/cycles-theatre-improvisation-tours\/improviser-a-la-maniere-de-moliere-fini-la-galere\/#primaryimage","url":"https:\/\/improlabe.fr\/wp-content\/uploads\/2025\/06\/17.png","contentUrl":"https:\/\/improlabe.fr\/wp-content\/uploads\/2025\/06\/17.png","width":1080,"height":1080,"caption":"Cycle de th\u00e9\u00e2tre d\u2019improvisation Improlabe \u00e0 Tours \u2013 impro moli\u00e8re"},{"@type":"BreadcrumbList","@id":"https:\/\/improlabe.fr\/index.php\/ateliers-de-theatre-dimprovisation-a-tours-improlabe\/cycles-theatre-improvisation-tours\/improviser-a-la-maniere-de-moliere-fini-la-galere\/#breadcrumb","itemListElement":[{"@type":"ListItem","position":1,"name":"Accueil","item":"https:\/\/improlabe.fr\/"},{"@type":"ListItem","position":2,"name":"Nos Ateliers d&#8217;Improvisation","item":"https:\/\/improlabe.fr\/index.php\/ateliers-de-theatre-dimprovisation-a-tours-improlabe\/"},{"@type":"ListItem","position":3,"name":"Cycles EXPLO &#8211; Cycles de th\u00e9\u00e2tre d\u2019improvisation \u00e0 Tours","item":"https:\/\/improlabe.fr\/index.php\/ateliers-de-theatre-dimprovisation-a-tours-improlabe\/cycles-theatre-improvisation-tours\/"},{"@type":"ListItem","position":4,"name":"EXPLO : improviser Moli\u00e8re sans gal\u00e8re"}]},{"@type":"WebSite","@id":"https:\/\/improlabe.fr\/#website","url":"https:\/\/improlabe.fr\/","name":"improlabe.fr","description":"Improlabe est une compagnie port\u00e9e par deux &lt;strong&gt;com\u00e9diennes de th\u00e9\u00e2tre d\u2019improvisation \u00e0 Tours&lt;\/strong&gt;, engag\u00e9es dans la cr\u00e9ation, la transmission et l\u2019exploration des pratiques improvis\u00e9es contemporaines.&lt;br&gt;Car la Compagnie Improlabe n\u2019est pas qu\u2019un laboratoire : c\u2019est aussi et surtout un lieu d\u2019exploration de l\u2019improvisation th\u00e9\u00e2trale. \u00c0 la mani\u00e8re de l\u2019astrolabe qui guidait marins et explorateurs en des temps recul\u00e9s, Improlabe est un outil de d\u00e9couverte et d\u2019ouverture vers l\u2019ensemble des pratiques th\u00e9\u00e2trales improvis\u00e9es d\u2019aujourd\u2019hui, en Touraine, en France et \u00e0 l\u2019\u00e9tranger.&lt;br&gt;\u00c0 travers ses ateliers, stages, spectacles, interventions p\u00e9dagogiques et prestations \u00e0 destination du monde de l\u2019entreprise et des professionnels, Improlabe d\u00e9ploie l\u2019univers de l\u2019improvisation th\u00e9\u00e2trale aupr\u00e8s de publics vari\u00e9s, dans une approche exigeante, accessible et profond\u00e9ment humaine.","publisher":{"@id":"https:\/\/improlabe.fr\/#organization"},"potentialAction":[{"@type":"SearchAction","target":{"@type":"EntryPoint","urlTemplate":"https:\/\/improlabe.fr\/?s={search_term_string}"},"query-input":{"@type":"PropertyValueSpecification","valueRequired":true,"valueName":"search_term_string"}}],"inLanguage":"fr-FR"},{"@type":"Organization","@id":"https:\/\/improlabe.fr\/#organization","name":"Compagnie Improlabe","url":"https:\/\/improlabe.fr\/","logo":{"@type":"ImageObject","inLanguage":"fr-FR","@id":"https:\/\/improlabe.fr\/#\/schema\/logo\/image\/","url":"https:\/\/improlabe.fr\/wp-content\/uploads\/2025\/04\/cropped-BANDEAU-LOGO-v26-3-scaled-1.jpg","contentUrl":"https:\/\/improlabe.fr\/wp-content\/uploads\/2025\/04\/cropped-BANDEAU-LOGO-v26-3-scaled-1.jpg","width":2413,"height":878,"caption":"Compagnie Improlabe"},"image":{"@id":"https:\/\/improlabe.fr\/#\/schema\/logo\/image\/"},"sameAs":["https:\/\/www.facebook.com\/profile.php?id=61575341305513","https:\/\/www.instagram.com\/improlabe_tours\/","https:\/\/www.linkedin.com\/company\/improlabe"]}]}},"_links":{"self":[{"href":"https:\/\/improlabe.fr\/index.php\/wp-json\/wp\/v2\/pages\/394","targetHints":{"allow":["GET"]}}],"collection":[{"href":"https:\/\/improlabe.fr\/index.php\/wp-json\/wp\/v2\/pages"}],"about":[{"href":"https:\/\/improlabe.fr\/index.php\/wp-json\/wp\/v2\/types\/page"}],"author":[{"embeddable":true,"href":"https:\/\/improlabe.fr\/index.php\/wp-json\/wp\/v2\/users\/1"}],"replies":[{"embeddable":true,"href":"https:\/\/improlabe.fr\/index.php\/wp-json\/wp\/v2\/comments?post=394"}],"version-history":[{"count":15,"href":"https:\/\/improlabe.fr\/index.php\/wp-json\/wp\/v2\/pages\/394\/revisions"}],"predecessor-version":[{"id":756,"href":"https:\/\/improlabe.fr\/index.php\/wp-json\/wp\/v2\/pages\/394\/revisions\/756"}],"up":[{"embeddable":true,"href":"https:\/\/improlabe.fr\/index.php\/wp-json\/wp\/v2\/pages\/147"}],"wp:attachment":[{"href":"https:\/\/improlabe.fr\/index.php\/wp-json\/wp\/v2\/media?parent=394"}],"curies":[{"name":"wp","href":"https:\/\/api.w.org\/{rel}","templated":true}]}}