{"id":389,"date":"2025-05-26T01:50:17","date_gmt":"2025-05-25T23:50:17","guid":{"rendered":"http:\/\/yolckze.cluster100.hosting.ovh.net\/?page_id=389"},"modified":"2025-06-24T02:17:39","modified_gmt":"2025-06-24T00:17:39","slug":"fini-les-conflits","status":"publish","type":"page","link":"https:\/\/improlabe.fr\/index.php\/ateliers-de-theatre-dimprovisation-a-tours-improlabe\/cycles-theatre-improvisation-tours\/fini-les-conflits\/","title":{"rendered":"EXPLO : Fini les conflits"},"content":{"rendered":"\n<div class=\"wp-block-group is-nowrap is-layout-flex wp-container-core-group-is-layout-ad2f72ca wp-block-group-is-layout-flex\">\n<figure class=\"wp-block-image size-large is-resized\"><img loading=\"lazy\" decoding=\"async\" width=\"1024\" height=\"1024\" src=\"http:\/\/yolckze.cluster100.hosting.ovh.net\/wp-content\/uploads\/2025\/05\/WEB-Cycle-fini-les-conflits-STAGE-love-and-impro-1024x1024.png\" alt=\"\" class=\"wp-image-262\" style=\"width:106px;height:auto\" srcset=\"https:\/\/improlabe.fr\/wp-content\/uploads\/2025\/05\/WEB-Cycle-fini-les-conflits-STAGE-love-and-impro-1024x1024.png 1024w, https:\/\/improlabe.fr\/wp-content\/uploads\/2025\/05\/WEB-Cycle-fini-les-conflits-STAGE-love-and-impro-300x300.png 300w, https:\/\/improlabe.fr\/wp-content\/uploads\/2025\/05\/WEB-Cycle-fini-les-conflits-STAGE-love-and-impro-150x150.png 150w, https:\/\/improlabe.fr\/wp-content\/uploads\/2025\/05\/WEB-Cycle-fini-les-conflits-STAGE-love-and-impro-768x768.png 768w, https:\/\/improlabe.fr\/wp-content\/uploads\/2025\/05\/WEB-Cycle-fini-les-conflits-STAGE-love-and-impro.png 1080w\" sizes=\"auto, (max-width: 1024px) 100vw, 1024px\" \/><\/figure>\n\n\n\n<p class=\"has-medium-font-size\"><em>Cycle anim\u00e9 par \u00c9milie Mendon\u00e7a<\/em><br><strong>Du 6 au 11 d\u00e9cembre 2025<\/strong><br><strong>Lieu : <strong>Maison des Associations, 94 rue du sanitas, 37000 Tours<\/strong><\/strong><\/p>\n<\/div>\n\n\n\n<div style=\"height:40px\" aria-hidden=\"true\" class=\"wp-block-spacer\"><\/div>\n\n\n\n<h3 class=\"wp-block-heading has-vivid-red-color has-text-color has-link-color wp-elements-ac8b99e17d270a4fa81f3d02014e1912\">Des sc\u00e8nes d\u2019impro sans conflit, pour laisser place \u00e0\u2026<\/h3>\n\n\n\n<div style=\"height:40px\" aria-hidden=\"true\" class=\"wp-block-spacer\"><\/div>\n\n\n\n<p>R\u00e9flexe inconscient, qu\u2019on soit d\u00e9butant\u00b7e ou plus aguerri\u00b7e, le conflit entre les personnages revient (trop) souvent dans nos sc\u00e8nes. Peut-on s\u2019en d\u00e9barrasser ? Et surtout, que se passe-t-il quand on le fait ?<\/p>\n\n\n\n<p>Ce cycle propose 5 s\u00e9ances de travail et une restitution publique autour de <strong>l\u2019impro sans conflit, mais sans tomber dans le monde des Bisounours<\/strong>. <\/p>\n\n\n\n<p><strong>\u00c0 quoi s\u2019attendre :<\/strong><\/p>\n\n\n\n<ul class=\"wp-block-list\">\n<li>Travailler l\u2019int\u00e9riorit\u00e9 des personnages<\/li>\n\n\n\n<li>Explorer les liens qui les unissent<\/li>\n\n\n\n<li>Chercher la sinc\u00e9rit\u00e9 dans la situation<\/li>\n\n\n\n<li>Identifier les enjeux de chaque sc\u00e8ne <\/li>\n\n\n\n<li>Gagner en aisance dans les sc\u00e8nes d&#8217;intimit\u00e9<\/li>\n<\/ul>\n\n\n\n<p>Tout cela nous permettra de cr\u00e9er des sc\u00e8nes vivantes, profondes, parfois surprenantes, en sortant de nos mauvaises habitudes conflictuelles.<\/p>\n\n\n\n<div style=\"height:40px\" aria-hidden=\"true\" class=\"wp-block-spacer\"><\/div>\n\n\n\n<h3 class=\"wp-block-heading has-vivid-red-color has-text-color has-link-color wp-elements-9dd64bd6f1024485290c1e7ef48d3366\">Pour qui ?<\/h3>\n\n\n\n<div style=\"height:10px\" aria-hidden=\"true\" class=\"wp-block-spacer\"><\/div>\n\n\n\n<p>Improvisateur et improvisatrices avec <strong>au moins deux ann\u00e9es d\u2019exp\u00e9rience<\/strong>.<\/p>\n\n\n\n<div style=\"height:40px\" aria-hidden=\"true\" class=\"wp-block-spacer\"><\/div>\n\n\n\n<h3 class=\"wp-block-heading has-vivid-red-color has-text-color has-link-color wp-elements-0ada14e17b9303a52ab517b98a4a0ce0\">Animatrice<\/h3>\n\n\n\n<div style=\"height:10px\" aria-hidden=\"true\" class=\"wp-block-spacer\"><\/div>\n\n\n\n<p>Ce cycle est anim\u00e9 par <strong>\u00c9milie Mendon\u00e7a<\/strong>, ceinture jaune de karat\u00e9 mais nulle en gros mots, pas fan des insultes sur sc\u00e8ne, elle propose de fuir le conflit pour mieux faire \u00e9merger les autres possibles, dans le th\u00e9\u00e2tre comme dans la vie.<\/p>\n\n\n\n<div style=\"height:40px\" aria-hidden=\"true\" class=\"wp-block-spacer\"><\/div>\n\n\n\n<h3 class=\"wp-block-heading has-vivid-red-color has-text-color has-link-color wp-elements-6666f8a8be5c296e7340415e567f2b2c\">Infos pratiques<\/h3>\n\n\n\n<ul class=\"wp-block-list\">\n<li><strong>Dur\u00e9e<\/strong> : 6 s\u00e9ances de 2h, dont une d\u00e9di\u00e9e \u00e0 la restitution publique<\/li>\n\n\n\n<li><strong>Dates<\/strong> : du 6 novembre au 11 d\u00e9cembre 2025<\/li>\n\n\n\n<li><strong>Restitution publique<\/strong> : jeudi 11 d\u00e9cembre 2025<\/li>\n\n\n\n<li><strong>Horaires<\/strong> : tous les jeudis, de 19h30 \u00e0 21h30<\/li>\n\n\n\n<li><strong>Lieu<\/strong> : Maison des Associations, 94 rue du sanitas, 37000 Tours<\/li>\n\n\n\n<li><strong>Tarif<\/strong> : 80 \u20ac par cycle (tarif d\u00e9gressif \u00e0 partir de trois cycles &#8211; d\u00e9tails sur la billetterie en ligne)<\/li>\n\n\n\n<li><strong>Inscriptions<\/strong> : via HelloAsso<\/li>\n<\/ul>\n\n\n\n<div style=\"height:40px\" aria-hidden=\"true\" class=\"wp-block-spacer\"><\/div>\n\n\n\n<h3 class=\"wp-block-heading has-vivid-red-color has-text-color has-link-color wp-elements-2974658e898cc997bc671a7282d7db54\">S\u2019inscrire<\/h3>\n\n\n\n<div style=\"height:10px\" aria-hidden=\"true\" class=\"wp-block-spacer\"><\/div>\n\n\n\n<div class=\"wp-block-buttons is-layout-flex wp-block-buttons-is-layout-flex\">\n<div class=\"wp-block-button\"><a class=\"wp-block-button__link wp-element-button\" href=\"https:\/\/www.helloasso.com\/associations\/les-amis-de-la-compagnie-improlabe\/evenements\/preinscription-aux-cycles-explo-2025-2026\">Je m&#8217;inscris via HelloAsso<\/a><\/div>\n<\/div>\n","protected":false},"excerpt":{"rendered":"<p>Cycle anim\u00e9 par \u00c9milie Mendon\u00e7aDu 6 au 11 d\u00e9cembre 2025Lieu : Maison des Associations, 94 rue du sanitas, 37000 Tours Des sc\u00e8nes d\u2019impro sans conflit, pour laisser place \u00e0\u2026 R\u00e9flexe inconscient, qu\u2019on soit d\u00e9butant\u00b7e ou plus aguerri\u00b7e, le conflit entre les personnages revient (trop) souvent dans nos sc\u00e8nes. Peut-on s\u2019en d\u00e9barrasser ? Et surtout, que [&hellip;]<\/p>\n","protected":false},"author":1,"featured_media":0,"parent":147,"menu_order":0,"comment_status":"closed","ping_status":"closed","template":"","meta":{"footnotes":""},"class_list":["post-389","page","type-page","status-publish","hentry"],"yoast_head":"<!-- This site is optimized with the Yoast SEO plugin v26.8 - https:\/\/yoast.com\/product\/yoast-seo-wordpress\/ -->\n<title>EXPLO : Fini les conflits -<\/title>\n<meta name=\"robots\" content=\"index, follow, max-snippet:-1, max-image-preview:large, max-video-preview:-1\" \/>\n<link rel=\"canonical\" href=\"https:\/\/improlabe.fr\/index.php\/ateliers-de-theatre-dimprovisation-a-tours-improlabe\/cycles-theatre-improvisation-tours\/fini-les-conflits\/\" \/>\n<meta property=\"og:locale\" content=\"fr_FR\" \/>\n<meta property=\"og:type\" content=\"article\" \/>\n<meta property=\"og:title\" content=\"EXPLO : Fini les conflits -\" \/>\n<meta property=\"og:description\" content=\"Cycle anim\u00e9 par \u00c9milie Mendon\u00e7aDu 6 au 11 d\u00e9cembre 2025Lieu : Maison des Associations, 94 rue du sanitas, 37000 Tours Des sc\u00e8nes d\u2019impro sans conflit, pour laisser place \u00e0\u2026 R\u00e9flexe inconscient, qu\u2019on soit d\u00e9butant\u00b7e ou plus aguerri\u00b7e, le conflit entre les personnages revient (trop) souvent dans nos sc\u00e8nes. Peut-on s\u2019en d\u00e9barrasser ? Et surtout, que [&hellip;]\" \/>\n<meta property=\"og:url\" content=\"https:\/\/improlabe.fr\/index.php\/ateliers-de-theatre-dimprovisation-a-tours-improlabe\/cycles-theatre-improvisation-tours\/fini-les-conflits\/\" \/>\n<meta property=\"article:publisher\" content=\"https:\/\/www.facebook.com\/profile.php?id=61575341305513\" \/>\n<meta property=\"article:modified_time\" content=\"2025-06-24T00:17:39+00:00\" \/>\n<meta property=\"og:image\" content=\"https:\/\/improlabe.fr\/wp-content\/uploads\/2025\/05\/WEB-Cycle-fini-les-conflits-STAGE-love-and-impro.png\" \/>\n\t<meta property=\"og:image:width\" content=\"1080\" \/>\n\t<meta property=\"og:image:height\" content=\"1080\" \/>\n\t<meta property=\"og:image:type\" content=\"image\/png\" \/>\n<meta name=\"twitter:card\" content=\"summary_large_image\" \/>\n<meta name=\"twitter:label1\" content=\"Dur\u00e9e de lecture estim\u00e9e\" \/>\n\t<meta name=\"twitter:data1\" content=\"1 minute\" \/>\n<script type=\"application\/ld+json\" class=\"yoast-schema-graph\">{\"@context\":\"https:\/\/schema.org\",\"@graph\":[{\"@type\":\"WebPage\",\"@id\":\"https:\/\/improlabe.fr\/index.php\/ateliers-de-theatre-dimprovisation-a-tours-improlabe\/cycles-theatre-improvisation-tours\/fini-les-conflits\/\",\"url\":\"https:\/\/improlabe.fr\/index.php\/ateliers-de-theatre-dimprovisation-a-tours-improlabe\/cycles-theatre-improvisation-tours\/fini-les-conflits\/\",\"name\":\"EXPLO : Fini les conflits -\",\"isPartOf\":{\"@id\":\"https:\/\/improlabe.fr\/#website\"},\"primaryImageOfPage\":{\"@id\":\"https:\/\/improlabe.fr\/index.php\/ateliers-de-theatre-dimprovisation-a-tours-improlabe\/cycles-theatre-improvisation-tours\/fini-les-conflits\/#primaryimage\"},\"image\":{\"@id\":\"https:\/\/improlabe.fr\/index.php\/ateliers-de-theatre-dimprovisation-a-tours-improlabe\/cycles-theatre-improvisation-tours\/fini-les-conflits\/#primaryimage\"},\"thumbnailUrl\":\"http:\/\/yolckze.cluster100.hosting.ovh.net\/wp-content\/uploads\/2025\/05\/WEB-Cycle-fini-les-conflits-STAGE-love-and-impro-1024x1024.png\",\"datePublished\":\"2025-05-25T23:50:17+00:00\",\"dateModified\":\"2025-06-24T00:17:39+00:00\",\"breadcrumb\":{\"@id\":\"https:\/\/improlabe.fr\/index.php\/ateliers-de-theatre-dimprovisation-a-tours-improlabe\/cycles-theatre-improvisation-tours\/fini-les-conflits\/#breadcrumb\"},\"inLanguage\":\"fr-FR\",\"potentialAction\":[{\"@type\":\"ReadAction\",\"target\":[\"https:\/\/improlabe.fr\/index.php\/ateliers-de-theatre-dimprovisation-a-tours-improlabe\/cycles-theatre-improvisation-tours\/fini-les-conflits\/\"]}]},{\"@type\":\"ImageObject\",\"inLanguage\":\"fr-FR\",\"@id\":\"https:\/\/improlabe.fr\/index.php\/ateliers-de-theatre-dimprovisation-a-tours-improlabe\/cycles-theatre-improvisation-tours\/fini-les-conflits\/#primaryimage\",\"url\":\"http:\/\/yolckze.cluster100.hosting.ovh.net\/wp-content\/uploads\/2025\/05\/WEB-Cycle-fini-les-conflits-STAGE-love-and-impro-1024x1024.png\",\"contentUrl\":\"http:\/\/yolckze.cluster100.hosting.ovh.net\/wp-content\/uploads\/2025\/05\/WEB-Cycle-fini-les-conflits-STAGE-love-and-impro-1024x1024.png\"},{\"@type\":\"BreadcrumbList\",\"@id\":\"https:\/\/improlabe.fr\/index.php\/ateliers-de-theatre-dimprovisation-a-tours-improlabe\/cycles-theatre-improvisation-tours\/fini-les-conflits\/#breadcrumb\",\"itemListElement\":[{\"@type\":\"ListItem\",\"position\":1,\"name\":\"Accueil\",\"item\":\"https:\/\/improlabe.fr\/\"},{\"@type\":\"ListItem\",\"position\":2,\"name\":\"Nos Ateliers d&#8217;Improvisation\",\"item\":\"https:\/\/improlabe.fr\/index.php\/ateliers-de-theatre-dimprovisation-a-tours-improlabe\/\"},{\"@type\":\"ListItem\",\"position\":3,\"name\":\"Cycles EXPLO &#8211; Cycles de th\u00e9\u00e2tre d\u2019improvisation \u00e0 Tours\",\"item\":\"https:\/\/improlabe.fr\/index.php\/ateliers-de-theatre-dimprovisation-a-tours-improlabe\/cycles-theatre-improvisation-tours\/\"},{\"@type\":\"ListItem\",\"position\":4,\"name\":\"EXPLO : Fini les conflits\"}]},{\"@type\":\"WebSite\",\"@id\":\"https:\/\/improlabe.fr\/#website\",\"url\":\"https:\/\/improlabe.fr\/\",\"name\":\"improlabe.fr\",\"description\":\"Improlabe est une compagnie port\u00e9e par deux &lt;strong&gt;com\u00e9diennes de th\u00e9\u00e2tre d\u2019improvisation \u00e0 Tours&lt;\/strong&gt;, engag\u00e9es dans la cr\u00e9ation, la transmission et l\u2019exploration des pratiques improvis\u00e9es contemporaines.&lt;br&gt;Car la Compagnie Improlabe n\u2019est pas qu\u2019un laboratoire : c\u2019est aussi et surtout un lieu d\u2019exploration de l\u2019improvisation th\u00e9\u00e2trale. \u00c0 la mani\u00e8re de l\u2019astrolabe qui guidait marins et explorateurs en des temps recul\u00e9s, Improlabe est un outil de d\u00e9couverte et d\u2019ouverture vers l\u2019ensemble des pratiques th\u00e9\u00e2trales improvis\u00e9es d\u2019aujourd\u2019hui, en Touraine, en France et \u00e0 l\u2019\u00e9tranger.&lt;br&gt;\u00c0 travers ses ateliers, stages, spectacles, interventions p\u00e9dagogiques et prestations \u00e0 destination du monde de l\u2019entreprise et des professionnels, Improlabe d\u00e9ploie l\u2019univers de l\u2019improvisation th\u00e9\u00e2trale aupr\u00e8s de publics vari\u00e9s, dans une approche exigeante, accessible et profond\u00e9ment humaine.\",\"publisher\":{\"@id\":\"https:\/\/improlabe.fr\/#organization\"},\"potentialAction\":[{\"@type\":\"SearchAction\",\"target\":{\"@type\":\"EntryPoint\",\"urlTemplate\":\"https:\/\/improlabe.fr\/?s={search_term_string}\"},\"query-input\":{\"@type\":\"PropertyValueSpecification\",\"valueRequired\":true,\"valueName\":\"search_term_string\"}}],\"inLanguage\":\"fr-FR\"},{\"@type\":\"Organization\",\"@id\":\"https:\/\/improlabe.fr\/#organization\",\"name\":\"Compagnie Improlabe\",\"url\":\"https:\/\/improlabe.fr\/\",\"logo\":{\"@type\":\"ImageObject\",\"inLanguage\":\"fr-FR\",\"@id\":\"https:\/\/improlabe.fr\/#\/schema\/logo\/image\/\",\"url\":\"https:\/\/improlabe.fr\/wp-content\/uploads\/2025\/04\/cropped-BANDEAU-LOGO-v26-3-scaled-1.jpg\",\"contentUrl\":\"https:\/\/improlabe.fr\/wp-content\/uploads\/2025\/04\/cropped-BANDEAU-LOGO-v26-3-scaled-1.jpg\",\"width\":2413,\"height\":878,\"caption\":\"Compagnie Improlabe\"},\"image\":{\"@id\":\"https:\/\/improlabe.fr\/#\/schema\/logo\/image\/\"},\"sameAs\":[\"https:\/\/www.facebook.com\/profile.php?id=61575341305513\",\"https:\/\/www.instagram.com\/improlabe_tours\/\",\"https:\/\/www.linkedin.com\/company\/improlabe\"]}]}<\/script>\n<!-- \/ Yoast SEO plugin. -->","yoast_head_json":{"title":"EXPLO : Fini les conflits -","robots":{"index":"index","follow":"follow","max-snippet":"max-snippet:-1","max-image-preview":"max-image-preview:large","max-video-preview":"max-video-preview:-1"},"canonical":"https:\/\/improlabe.fr\/index.php\/ateliers-de-theatre-dimprovisation-a-tours-improlabe\/cycles-theatre-improvisation-tours\/fini-les-conflits\/","og_locale":"fr_FR","og_type":"article","og_title":"EXPLO : Fini les conflits -","og_description":"Cycle anim\u00e9 par \u00c9milie Mendon\u00e7aDu 6 au 11 d\u00e9cembre 2025Lieu : Maison des Associations, 94 rue du sanitas, 37000 Tours Des sc\u00e8nes d\u2019impro sans conflit, pour laisser place \u00e0\u2026 R\u00e9flexe inconscient, qu\u2019on soit d\u00e9butant\u00b7e ou plus aguerri\u00b7e, le conflit entre les personnages revient (trop) souvent dans nos sc\u00e8nes. Peut-on s\u2019en d\u00e9barrasser ? Et surtout, que [&hellip;]","og_url":"https:\/\/improlabe.fr\/index.php\/ateliers-de-theatre-dimprovisation-a-tours-improlabe\/cycles-theatre-improvisation-tours\/fini-les-conflits\/","article_publisher":"https:\/\/www.facebook.com\/profile.php?id=61575341305513","article_modified_time":"2025-06-24T00:17:39+00:00","og_image":[{"width":1080,"height":1080,"url":"https:\/\/improlabe.fr\/wp-content\/uploads\/2025\/05\/WEB-Cycle-fini-les-conflits-STAGE-love-and-impro.png","type":"image\/png"}],"twitter_card":"summary_large_image","twitter_misc":{"Dur\u00e9e de lecture estim\u00e9e":"1 minute"},"schema":{"@context":"https:\/\/schema.org","@graph":[{"@type":"WebPage","@id":"https:\/\/improlabe.fr\/index.php\/ateliers-de-theatre-dimprovisation-a-tours-improlabe\/cycles-theatre-improvisation-tours\/fini-les-conflits\/","url":"https:\/\/improlabe.fr\/index.php\/ateliers-de-theatre-dimprovisation-a-tours-improlabe\/cycles-theatre-improvisation-tours\/fini-les-conflits\/","name":"EXPLO : Fini les conflits -","isPartOf":{"@id":"https:\/\/improlabe.fr\/#website"},"primaryImageOfPage":{"@id":"https:\/\/improlabe.fr\/index.php\/ateliers-de-theatre-dimprovisation-a-tours-improlabe\/cycles-theatre-improvisation-tours\/fini-les-conflits\/#primaryimage"},"image":{"@id":"https:\/\/improlabe.fr\/index.php\/ateliers-de-theatre-dimprovisation-a-tours-improlabe\/cycles-theatre-improvisation-tours\/fini-les-conflits\/#primaryimage"},"thumbnailUrl":"http:\/\/yolckze.cluster100.hosting.ovh.net\/wp-content\/uploads\/2025\/05\/WEB-Cycle-fini-les-conflits-STAGE-love-and-impro-1024x1024.png","datePublished":"2025-05-25T23:50:17+00:00","dateModified":"2025-06-24T00:17:39+00:00","breadcrumb":{"@id":"https:\/\/improlabe.fr\/index.php\/ateliers-de-theatre-dimprovisation-a-tours-improlabe\/cycles-theatre-improvisation-tours\/fini-les-conflits\/#breadcrumb"},"inLanguage":"fr-FR","potentialAction":[{"@type":"ReadAction","target":["https:\/\/improlabe.fr\/index.php\/ateliers-de-theatre-dimprovisation-a-tours-improlabe\/cycles-theatre-improvisation-tours\/fini-les-conflits\/"]}]},{"@type":"ImageObject","inLanguage":"fr-FR","@id":"https:\/\/improlabe.fr\/index.php\/ateliers-de-theatre-dimprovisation-a-tours-improlabe\/cycles-theatre-improvisation-tours\/fini-les-conflits\/#primaryimage","url":"http:\/\/yolckze.cluster100.hosting.ovh.net\/wp-content\/uploads\/2025\/05\/WEB-Cycle-fini-les-conflits-STAGE-love-and-impro-1024x1024.png","contentUrl":"http:\/\/yolckze.cluster100.hosting.ovh.net\/wp-content\/uploads\/2025\/05\/WEB-Cycle-fini-les-conflits-STAGE-love-and-impro-1024x1024.png"},{"@type":"BreadcrumbList","@id":"https:\/\/improlabe.fr\/index.php\/ateliers-de-theatre-dimprovisation-a-tours-improlabe\/cycles-theatre-improvisation-tours\/fini-les-conflits\/#breadcrumb","itemListElement":[{"@type":"ListItem","position":1,"name":"Accueil","item":"https:\/\/improlabe.fr\/"},{"@type":"ListItem","position":2,"name":"Nos Ateliers d&#8217;Improvisation","item":"https:\/\/improlabe.fr\/index.php\/ateliers-de-theatre-dimprovisation-a-tours-improlabe\/"},{"@type":"ListItem","position":3,"name":"Cycles EXPLO &#8211; Cycles de th\u00e9\u00e2tre d\u2019improvisation \u00e0 Tours","item":"https:\/\/improlabe.fr\/index.php\/ateliers-de-theatre-dimprovisation-a-tours-improlabe\/cycles-theatre-improvisation-tours\/"},{"@type":"ListItem","position":4,"name":"EXPLO : Fini les conflits"}]},{"@type":"WebSite","@id":"https:\/\/improlabe.fr\/#website","url":"https:\/\/improlabe.fr\/","name":"improlabe.fr","description":"Improlabe est une compagnie port\u00e9e par deux &lt;strong&gt;com\u00e9diennes de th\u00e9\u00e2tre d\u2019improvisation \u00e0 Tours&lt;\/strong&gt;, engag\u00e9es dans la cr\u00e9ation, la transmission et l\u2019exploration des pratiques improvis\u00e9es contemporaines.&lt;br&gt;Car la Compagnie Improlabe n\u2019est pas qu\u2019un laboratoire : c\u2019est aussi et surtout un lieu d\u2019exploration de l\u2019improvisation th\u00e9\u00e2trale. \u00c0 la mani\u00e8re de l\u2019astrolabe qui guidait marins et explorateurs en des temps recul\u00e9s, Improlabe est un outil de d\u00e9couverte et d\u2019ouverture vers l\u2019ensemble des pratiques th\u00e9\u00e2trales improvis\u00e9es d\u2019aujourd\u2019hui, en Touraine, en France et \u00e0 l\u2019\u00e9tranger.&lt;br&gt;\u00c0 travers ses ateliers, stages, spectacles, interventions p\u00e9dagogiques et prestations \u00e0 destination du monde de l\u2019entreprise et des professionnels, Improlabe d\u00e9ploie l\u2019univers de l\u2019improvisation th\u00e9\u00e2trale aupr\u00e8s de publics vari\u00e9s, dans une approche exigeante, accessible et profond\u00e9ment humaine.","publisher":{"@id":"https:\/\/improlabe.fr\/#organization"},"potentialAction":[{"@type":"SearchAction","target":{"@type":"EntryPoint","urlTemplate":"https:\/\/improlabe.fr\/?s={search_term_string}"},"query-input":{"@type":"PropertyValueSpecification","valueRequired":true,"valueName":"search_term_string"}}],"inLanguage":"fr-FR"},{"@type":"Organization","@id":"https:\/\/improlabe.fr\/#organization","name":"Compagnie Improlabe","url":"https:\/\/improlabe.fr\/","logo":{"@type":"ImageObject","inLanguage":"fr-FR","@id":"https:\/\/improlabe.fr\/#\/schema\/logo\/image\/","url":"https:\/\/improlabe.fr\/wp-content\/uploads\/2025\/04\/cropped-BANDEAU-LOGO-v26-3-scaled-1.jpg","contentUrl":"https:\/\/improlabe.fr\/wp-content\/uploads\/2025\/04\/cropped-BANDEAU-LOGO-v26-3-scaled-1.jpg","width":2413,"height":878,"caption":"Compagnie Improlabe"},"image":{"@id":"https:\/\/improlabe.fr\/#\/schema\/logo\/image\/"},"sameAs":["https:\/\/www.facebook.com\/profile.php?id=61575341305513","https:\/\/www.instagram.com\/improlabe_tours\/","https:\/\/www.linkedin.com\/company\/improlabe"]}]}},"_links":{"self":[{"href":"https:\/\/improlabe.fr\/index.php\/wp-json\/wp\/v2\/pages\/389","targetHints":{"allow":["GET"]}}],"collection":[{"href":"https:\/\/improlabe.fr\/index.php\/wp-json\/wp\/v2\/pages"}],"about":[{"href":"https:\/\/improlabe.fr\/index.php\/wp-json\/wp\/v2\/types\/page"}],"author":[{"embeddable":true,"href":"https:\/\/improlabe.fr\/index.php\/wp-json\/wp\/v2\/users\/1"}],"replies":[{"embeddable":true,"href":"https:\/\/improlabe.fr\/index.php\/wp-json\/wp\/v2\/comments?post=389"}],"version-history":[{"count":5,"href":"https:\/\/improlabe.fr\/index.php\/wp-json\/wp\/v2\/pages\/389\/revisions"}],"predecessor-version":[{"id":748,"href":"https:\/\/improlabe.fr\/index.php\/wp-json\/wp\/v2\/pages\/389\/revisions\/748"}],"up":[{"embeddable":true,"href":"https:\/\/improlabe.fr\/index.php\/wp-json\/wp\/v2\/pages\/147"}],"wp:attachment":[{"href":"https:\/\/improlabe.fr\/index.php\/wp-json\/wp\/v2\/media?parent=389"}],"curies":[{"name":"wp","href":"https:\/\/api.w.org\/{rel}","templated":true}]}}