{"id":240,"date":"2025-05-19T08:21:58","date_gmt":"2025-05-19T06:21:58","guid":{"rendered":"http:\/\/yolckze.cluster100.hosting.ovh.net\/?page_id=240"},"modified":"2025-12-30T02:00:14","modified_gmt":"2025-12-30T01:00:14","slug":"animation-sur-mesure","status":"publish","type":"page","link":"https:\/\/improlabe.fr\/index.php\/nos-prestations-dimprovisation-appliquee-en-entreprise\/evenementiel-sur-mesure\/animation-sur-mesure\/","title":{"rendered":"Animation sur mesure"},"content":{"rendered":"\n<h3 class=\"wp-block-heading has-vivid-red-color has-text-color has-link-color wp-elements-78e2a127ba2d1a4d4cf5eafb09dfe95d\">Cr\u00e9er du vivant, du lien, et de l\u2019impact<\/h3>\n\n\n\n<div style=\"height:40px\" aria-hidden=\"true\" class=\"wp-block-spacer\"><\/div>\n\n\n<div class=\"wp-block-image\">\n<figure class=\"aligncenter size-large is-resized\"><img loading=\"lazy\" decoding=\"async\" width=\"1024\" height=\"768\" src=\"https:\/\/improlabe.fr\/wp-content\/uploads\/2025\/12\/Animation-sur-mesure-a-Tours-\u2013-format-participatif-concu-par-Improlabe-1024x768.jpg\" alt=\"Animation sur mesure \u00e0 Tours \u2013 format participatif con\u00e7u par Improlabe\n\" class=\"wp-image-1074\" style=\"width:495px;height:auto\" srcset=\"https:\/\/improlabe.fr\/wp-content\/uploads\/2025\/12\/Animation-sur-mesure-a-Tours-\u2013-format-participatif-concu-par-Improlabe-1024x768.jpg 1024w, https:\/\/improlabe.fr\/wp-content\/uploads\/2025\/12\/Animation-sur-mesure-a-Tours-\u2013-format-participatif-concu-par-Improlabe-300x225.jpg 300w, https:\/\/improlabe.fr\/wp-content\/uploads\/2025\/12\/Animation-sur-mesure-a-Tours-\u2013-format-participatif-concu-par-Improlabe-768x576.jpg 768w, https:\/\/improlabe.fr\/wp-content\/uploads\/2025\/12\/Animation-sur-mesure-a-Tours-\u2013-format-participatif-concu-par-Improlabe-1536x1152.jpg 1536w, https:\/\/improlabe.fr\/wp-content\/uploads\/2025\/12\/Animation-sur-mesure-a-Tours-\u2013-format-participatif-concu-par-Improlabe-2048x1536.jpg 2048w\" sizes=\"auto, (max-width: 1024px) 100vw, 1024px\" \/><\/figure>\n<\/div>\n\n\n<div style=\"height:30px\" aria-hidden=\"true\" class=\"wp-block-spacer\"><\/div>\n\n\n\n<p>Les animations sur mesure \u00e0 Tours propos\u00e9es par la Compagnie Improlabe s\u2019adaptent \u00e0 vos publics, vos enjeux et vos objectifs pour cr\u00e9er des formats participatifs pertinents et engag\u00e9s.<\/p>\n\n\n\n<p>Chaque \u00e9v\u00e9nement est unique. Chaque public l\u2019est aussi.<br>Chez Improlabe, nous imaginons <strong>des interventions sur mesure<\/strong> \u00e0 la crois\u00e9e du th\u00e9\u00e2tre, du jeu et de l\u2019intelligence collective, pour faire de vos temps forts\u2026 des moments inoubliables.<\/p>\n\n\n\n<div style=\"height:40px\" aria-hidden=\"true\" class=\"wp-block-spacer\"><\/div>\n\n\n\n<h3 class=\"wp-block-heading has-vivid-red-color has-text-color has-link-color wp-elements-94049df90e7c49abe215ea76528d28be\">Ce que nous proposons<\/h3>\n\n\n\n<div style=\"height:10px\" aria-hidden=\"true\" class=\"wp-block-spacer\"><\/div>\n\n\n\n<p><strong>Des animations vivantes, participatives et impactantes<\/strong>, pens\u00e9es en fonction :<\/p>\n\n\n\n<ul class=\"wp-block-list\">\n<li>de votre public<\/li>\n\n\n\n<li>de votre message<\/li>\n\n\n\n<li>de votre cadre (lieu, temps, technique)<\/li>\n\n\n\n<li>de l\u2019ambiance que vous souhaitez cr\u00e9er<\/li>\n<\/ul>\n\n\n\n<p>Nous combinons improvisation, th\u00e9\u00e2tre interactif, jeux dynamiques et dispositifs collectifs pour concevoir des interventions originales qui font sens.<\/p>\n\n\n\n<div style=\"height:40px\" aria-hidden=\"true\" class=\"wp-block-spacer\"><\/div>\n\n\n\n<h3 class=\"wp-block-heading has-vivid-red-color has-text-color has-link-color wp-elements-74aec928c34477f604e621fa0e867990\">Quelques exemples d\u2019interventions<\/h3>\n\n\n\n<div style=\"height:10px\" aria-hidden=\"true\" class=\"wp-block-spacer\"><\/div>\n\n\n\n<ul class=\"wp-block-list\">\n<li><strong>Lancement de s\u00e9minaire<\/strong> avec une ouverture participative ou une mise en jeu collective<\/li>\n\n\n\n<li><strong>Temps de cl\u00f4ture<\/strong> po\u00e9tique, d\u00e9cal\u00e9 ou participatif pour finir en beaut\u00e9<\/li>\n\n\n\n<li><strong>M\u00e9diation artistique<\/strong> pendant un forum ou une journ\u00e9e professionnelle<\/li>\n\n\n\n<li><strong>Interludes vivants<\/strong> pour rythmer une conf\u00e9rence ou un colloque<\/li>\n\n\n\n<li><strong>Sc\u00e8nes improvis\u00e9es<\/strong> en lien avec une th\u00e9matique choisie<\/li>\n\n\n\n<li><strong>Cabarets d\u2019impro<\/strong> sur mesure jou\u00e9s \u00e0 partir des suggestions du public<\/li>\n\n\n\n<li><strong>Jeux de mise en relation<\/strong> lors d\u2019un \u00e9v\u00e9nement interstructures ou interprofessionnel<\/li>\n\n\n\n<li><strong>Animation de moments conviviaux<\/strong> : repas, transitions, pauses actives\u2026<\/li>\n<\/ul>\n\n\n\n<div style=\"height:40px\" aria-hidden=\"true\" class=\"wp-block-spacer\"><\/div>\n\n\n\n<h3 class=\"wp-block-heading has-vivid-red-color has-text-color has-link-color wp-elements-849c7b1e346a88c2f2d9d81499951cf6\">Pour quels contextes ?<\/h3>\n\n\n\n<div style=\"height:10px\" aria-hidden=\"true\" class=\"wp-block-spacer\"><\/div>\n\n\n\n<ul class=\"wp-block-list\">\n<li>S\u00e9minaires d\u2019entreprise<\/li>\n\n\n\n<li>Forums ou salons<\/li>\n\n\n\n<li>Journ\u00e9es associatives ou professionnelles<\/li>\n\n\n\n<li>Rencontres institutionnelles<\/li>\n\n\n\n<li>\u00c9v\u00e9nements publics ou priv\u00e9s<\/li>\n\n\n\n<li>Lancements ou cl\u00f4tures de projet<\/li>\n\n\n\n<li>Moments informels \u00e0 animer de mani\u00e8re cr\u00e9ative<\/li>\n<\/ul>\n\n\n\n<div style=\"height:40px\" aria-hidden=\"true\" class=\"wp-block-spacer\"><\/div>\n\n\n\n<h3 class=\"wp-block-heading has-vivid-red-color has-text-color has-link-color wp-elements-ab7af2b54a6cb5eef2177f508e82d223\">Concr\u00e8tement<\/h3>\n\n\n\n<div style=\"height:10px\" aria-hidden=\"true\" class=\"wp-block-spacer\"><\/div>\n\n\n\n<p><strong>Dur\u00e9e<\/strong> : de 1h \u00e0 une journ\u00e9e enti\u00e8re<br><strong>Lieu<\/strong> : dans vos locaux, sur site \u00e9v\u00e9nementiel ou en ext\u00e9rieur<br><strong>Public<\/strong> : tout public \u2013 interventions adaptables en fonction du nombre et du profil<br><strong>Tarif<\/strong> : sur devis, en fonction de la cr\u00e9ation et des besoins techniques<\/p>\n\n\n\n<div style=\"height:40px\" aria-hidden=\"true\" class=\"wp-block-spacer\"><\/div>\n\n\n\n<h3 class=\"wp-block-heading has-vivid-red-color has-text-color has-link-color wp-elements-5d6d8d8d01a050020df20a5b9eb47991\">Une envie, une id\u00e9e, un besoin flou ?<\/h3>\n\n\n\n<div style=\"height:10px\" aria-hidden=\"true\" class=\"wp-block-spacer\"><\/div>\n\n\n\n<p>Contactez-nous \u00e0 <a>improlabe@gmail.com<\/a><br>et nous construisons ensemble <strong>un format unique<\/strong>, \u00e0 la hauteur de vos envies.<\/p>\n\n\n\n<p>Ces animations sur mesure viennent compl\u00e9ter nos actions de team building, nos conf\u00e9rences interactives et nos interventions aupr\u00e8s des organisations.<\/p>\n\n\n\n<div style=\"height:20px\" aria-hidden=\"true\" class=\"wp-block-spacer\"><\/div>\n\n\n\n<div class=\"wp-block-buttons is-layout-flex wp-block-buttons-is-layout-flex\">\n<div class=\"wp-block-button\"><a class=\"wp-block-button__link has-vivid-red-background-color has-background wp-element-button\" href=\"https:\/\/improlabe.fr\/index.php\/nos-prestations-dimprovisation-appliquee-en-entreprise\/\" target=\"_blank\" rel=\"noreferrer noopener\">Besoin de plus d&#8217;infos ? Cliquez ici !<\/a><\/div>\n<\/div>\n\n\n\n<p><\/p>\n\n\n\n<div style=\"height:10px\" aria-hidden=\"true\" class=\"wp-block-spacer\"><\/div>\n","protected":false},"excerpt":{"rendered":"<p>Cr\u00e9er du vivant, du lien, et de l\u2019impact Les animations sur mesure \u00e0 Tours propos\u00e9es par la Compagnie Improlabe s\u2019adaptent \u00e0 vos publics, vos enjeux et vos objectifs pour cr\u00e9er des formats participatifs pertinents et engag\u00e9s. Chaque \u00e9v\u00e9nement est unique. Chaque public l\u2019est aussi.Chez Improlabe, nous imaginons des interventions sur mesure \u00e0 la crois\u00e9e du [&hellip;]<\/p>\n","protected":false},"author":1,"featured_media":0,"parent":175,"menu_order":0,"comment_status":"closed","ping_status":"closed","template":"","meta":{"footnotes":""},"class_list":["post-240","page","type-page","status-publish","hentry"],"yoast_head":"<!-- This site is optimized with the Yoast SEO plugin v26.8 - https:\/\/yoast.com\/product\/yoast-seo-wordpress\/ -->\n<title>Animation sur mesure \u00e0 Tours \u2013 Formats participatifs adapt\u00e9s !<\/title>\n<meta name=\"description\" content=\"Improlabe con\u00e7oit des animations sur mesure, adapt\u00e9es \u00e0 vos publics, vos objectifs et vos contextes, \u00e0 partir de formats participatifs.\" \/>\n<meta name=\"robots\" content=\"index, follow, max-snippet:-1, max-image-preview:large, max-video-preview:-1\" \/>\n<link rel=\"canonical\" href=\"https:\/\/improlabe.fr\/index.php\/nos-prestations-dimprovisation-appliquee-en-entreprise\/evenementiel-sur-mesure\/animation-sur-mesure\/\" \/>\n<meta property=\"og:locale\" content=\"fr_FR\" \/>\n<meta property=\"og:type\" content=\"article\" \/>\n<meta property=\"og:title\" content=\"Animation sur mesure \u00e0 Tours \u2013 Formats participatifs adapt\u00e9s !\" \/>\n<meta property=\"og:description\" content=\"Improlabe con\u00e7oit des animations sur mesure, adapt\u00e9es \u00e0 vos publics, vos objectifs et vos contextes, \u00e0 partir de formats participatifs.\" \/>\n<meta property=\"og:url\" content=\"https:\/\/improlabe.fr\/index.php\/nos-prestations-dimprovisation-appliquee-en-entreprise\/evenementiel-sur-mesure\/animation-sur-mesure\/\" \/>\n<meta property=\"article:publisher\" content=\"https:\/\/www.facebook.com\/profile.php?id=61575341305513\" \/>\n<meta property=\"article:modified_time\" content=\"2025-12-30T01:00:14+00:00\" \/>\n<meta name=\"twitter:card\" content=\"summary_large_image\" \/>\n<meta name=\"twitter:label1\" content=\"Dur\u00e9e de lecture estim\u00e9e\" \/>\n\t<meta name=\"twitter:data1\" content=\"2 minutes\" \/>\n<script type=\"application\/ld+json\" class=\"yoast-schema-graph\">{\"@context\":\"https:\/\/schema.org\",\"@graph\":[{\"@type\":\"WebPage\",\"@id\":\"https:\/\/improlabe.fr\/index.php\/nos-prestations-dimprovisation-appliquee-en-entreprise\/evenementiel-sur-mesure\/animation-sur-mesure\/\",\"url\":\"https:\/\/improlabe.fr\/index.php\/nos-prestations-dimprovisation-appliquee-en-entreprise\/evenementiel-sur-mesure\/animation-sur-mesure\/\",\"name\":\"Animation sur mesure \u00e0 Tours \u2013 Formats participatifs adapt\u00e9s !\",\"isPartOf\":{\"@id\":\"https:\/\/improlabe.fr\/#website\"},\"datePublished\":\"2025-05-19T06:21:58+00:00\",\"dateModified\":\"2025-12-30T01:00:14+00:00\",\"description\":\"Improlabe con\u00e7oit des animations sur mesure, adapt\u00e9es \u00e0 vos publics, vos objectifs et vos contextes, \u00e0 partir de formats participatifs.\",\"breadcrumb\":{\"@id\":\"https:\/\/improlabe.fr\/index.php\/nos-prestations-dimprovisation-appliquee-en-entreprise\/evenementiel-sur-mesure\/animation-sur-mesure\/#breadcrumb\"},\"inLanguage\":\"fr-FR\",\"potentialAction\":[{\"@type\":\"ReadAction\",\"target\":[\"https:\/\/improlabe.fr\/index.php\/nos-prestations-dimprovisation-appliquee-en-entreprise\/evenementiel-sur-mesure\/animation-sur-mesure\/\"]}]},{\"@type\":\"BreadcrumbList\",\"@id\":\"https:\/\/improlabe.fr\/index.php\/nos-prestations-dimprovisation-appliquee-en-entreprise\/evenementiel-sur-mesure\/animation-sur-mesure\/#breadcrumb\",\"itemListElement\":[{\"@type\":\"ListItem\",\"position\":1,\"name\":\"Accueil\",\"item\":\"https:\/\/improlabe.fr\/\"},{\"@type\":\"ListItem\",\"position\":2,\"name\":\"Nos prestations d&#8217;improvisation appliqu\u00e9e en entreprise\",\"item\":\"https:\/\/improlabe.fr\/index.php\/nos-prestations-dimprovisation-appliquee-en-entreprise\/\"},{\"@type\":\"ListItem\",\"position\":3,\"name\":\"\u00c9v\u00e9nementiel\",\"item\":\"https:\/\/improlabe.fr\/index.php\/nos-prestations-dimprovisation-appliquee-en-entreprise\/evenementiel-sur-mesure\/\"},{\"@type\":\"ListItem\",\"position\":4,\"name\":\"Animation sur mesure\"}]},{\"@type\":\"WebSite\",\"@id\":\"https:\/\/improlabe.fr\/#website\",\"url\":\"https:\/\/improlabe.fr\/\",\"name\":\"improlabe.fr\",\"description\":\"Improlabe est une compagnie port\u00e9e par deux &lt;strong&gt;com\u00e9diennes de th\u00e9\u00e2tre d\u2019improvisation \u00e0 Tours&lt;\/strong&gt;, engag\u00e9es dans la cr\u00e9ation, la transmission et l\u2019exploration des pratiques improvis\u00e9es contemporaines.&lt;br&gt;Car la Compagnie Improlabe n\u2019est pas qu\u2019un laboratoire : c\u2019est aussi et surtout un lieu d\u2019exploration de l\u2019improvisation th\u00e9\u00e2trale. \u00c0 la mani\u00e8re de l\u2019astrolabe qui guidait marins et explorateurs en des temps recul\u00e9s, Improlabe est un outil de d\u00e9couverte et d\u2019ouverture vers l\u2019ensemble des pratiques th\u00e9\u00e2trales improvis\u00e9es d\u2019aujourd\u2019hui, en Touraine, en France et \u00e0 l\u2019\u00e9tranger.&lt;br&gt;\u00c0 travers ses ateliers, stages, spectacles, interventions p\u00e9dagogiques et prestations \u00e0 destination du monde de l\u2019entreprise et des professionnels, Improlabe d\u00e9ploie l\u2019univers de l\u2019improvisation th\u00e9\u00e2trale aupr\u00e8s de publics vari\u00e9s, dans une approche exigeante, accessible et profond\u00e9ment humaine.\",\"publisher\":{\"@id\":\"https:\/\/improlabe.fr\/#organization\"},\"potentialAction\":[{\"@type\":\"SearchAction\",\"target\":{\"@type\":\"EntryPoint\",\"urlTemplate\":\"https:\/\/improlabe.fr\/?s={search_term_string}\"},\"query-input\":{\"@type\":\"PropertyValueSpecification\",\"valueRequired\":true,\"valueName\":\"search_term_string\"}}],\"inLanguage\":\"fr-FR\"},{\"@type\":\"Organization\",\"@id\":\"https:\/\/improlabe.fr\/#organization\",\"name\":\"Compagnie Improlabe\",\"url\":\"https:\/\/improlabe.fr\/\",\"logo\":{\"@type\":\"ImageObject\",\"inLanguage\":\"fr-FR\",\"@id\":\"https:\/\/improlabe.fr\/#\/schema\/logo\/image\/\",\"url\":\"https:\/\/improlabe.fr\/wp-content\/uploads\/2025\/04\/cropped-BANDEAU-LOGO-v26-3-scaled-1.jpg\",\"contentUrl\":\"https:\/\/improlabe.fr\/wp-content\/uploads\/2025\/04\/cropped-BANDEAU-LOGO-v26-3-scaled-1.jpg\",\"width\":2413,\"height\":878,\"caption\":\"Compagnie Improlabe\"},\"image\":{\"@id\":\"https:\/\/improlabe.fr\/#\/schema\/logo\/image\/\"},\"sameAs\":[\"https:\/\/www.facebook.com\/profile.php?id=61575341305513\",\"https:\/\/www.instagram.com\/improlabe_tours\/\",\"https:\/\/www.linkedin.com\/company\/improlabe\"]}]}<\/script>\n<!-- \/ Yoast SEO plugin. -->","yoast_head_json":{"title":"Animation sur mesure \u00e0 Tours \u2013 Formats participatifs adapt\u00e9s !","description":"Improlabe con\u00e7oit des animations sur mesure, adapt\u00e9es \u00e0 vos publics, vos objectifs et vos contextes, \u00e0 partir de formats participatifs.","robots":{"index":"index","follow":"follow","max-snippet":"max-snippet:-1","max-image-preview":"max-image-preview:large","max-video-preview":"max-video-preview:-1"},"canonical":"https:\/\/improlabe.fr\/index.php\/nos-prestations-dimprovisation-appliquee-en-entreprise\/evenementiel-sur-mesure\/animation-sur-mesure\/","og_locale":"fr_FR","og_type":"article","og_title":"Animation sur mesure \u00e0 Tours \u2013 Formats participatifs adapt\u00e9s !","og_description":"Improlabe con\u00e7oit des animations sur mesure, adapt\u00e9es \u00e0 vos publics, vos objectifs et vos contextes, \u00e0 partir de formats participatifs.","og_url":"https:\/\/improlabe.fr\/index.php\/nos-prestations-dimprovisation-appliquee-en-entreprise\/evenementiel-sur-mesure\/animation-sur-mesure\/","article_publisher":"https:\/\/www.facebook.com\/profile.php?id=61575341305513","article_modified_time":"2025-12-30T01:00:14+00:00","twitter_card":"summary_large_image","twitter_misc":{"Dur\u00e9e de lecture estim\u00e9e":"2 minutes"},"schema":{"@context":"https:\/\/schema.org","@graph":[{"@type":"WebPage","@id":"https:\/\/improlabe.fr\/index.php\/nos-prestations-dimprovisation-appliquee-en-entreprise\/evenementiel-sur-mesure\/animation-sur-mesure\/","url":"https:\/\/improlabe.fr\/index.php\/nos-prestations-dimprovisation-appliquee-en-entreprise\/evenementiel-sur-mesure\/animation-sur-mesure\/","name":"Animation sur mesure \u00e0 Tours \u2013 Formats participatifs adapt\u00e9s !","isPartOf":{"@id":"https:\/\/improlabe.fr\/#website"},"datePublished":"2025-05-19T06:21:58+00:00","dateModified":"2025-12-30T01:00:14+00:00","description":"Improlabe con\u00e7oit des animations sur mesure, adapt\u00e9es \u00e0 vos publics, vos objectifs et vos contextes, \u00e0 partir de formats participatifs.","breadcrumb":{"@id":"https:\/\/improlabe.fr\/index.php\/nos-prestations-dimprovisation-appliquee-en-entreprise\/evenementiel-sur-mesure\/animation-sur-mesure\/#breadcrumb"},"inLanguage":"fr-FR","potentialAction":[{"@type":"ReadAction","target":["https:\/\/improlabe.fr\/index.php\/nos-prestations-dimprovisation-appliquee-en-entreprise\/evenementiel-sur-mesure\/animation-sur-mesure\/"]}]},{"@type":"BreadcrumbList","@id":"https:\/\/improlabe.fr\/index.php\/nos-prestations-dimprovisation-appliquee-en-entreprise\/evenementiel-sur-mesure\/animation-sur-mesure\/#breadcrumb","itemListElement":[{"@type":"ListItem","position":1,"name":"Accueil","item":"https:\/\/improlabe.fr\/"},{"@type":"ListItem","position":2,"name":"Nos prestations d&#8217;improvisation appliqu\u00e9e en entreprise","item":"https:\/\/improlabe.fr\/index.php\/nos-prestations-dimprovisation-appliquee-en-entreprise\/"},{"@type":"ListItem","position":3,"name":"\u00c9v\u00e9nementiel","item":"https:\/\/improlabe.fr\/index.php\/nos-prestations-dimprovisation-appliquee-en-entreprise\/evenementiel-sur-mesure\/"},{"@type":"ListItem","position":4,"name":"Animation sur mesure"}]},{"@type":"WebSite","@id":"https:\/\/improlabe.fr\/#website","url":"https:\/\/improlabe.fr\/","name":"improlabe.fr","description":"Improlabe est une compagnie port\u00e9e par deux &lt;strong&gt;com\u00e9diennes de th\u00e9\u00e2tre d\u2019improvisation \u00e0 Tours&lt;\/strong&gt;, engag\u00e9es dans la cr\u00e9ation, la transmission et l\u2019exploration des pratiques improvis\u00e9es contemporaines.&lt;br&gt;Car la Compagnie Improlabe n\u2019est pas qu\u2019un laboratoire : c\u2019est aussi et surtout un lieu d\u2019exploration de l\u2019improvisation th\u00e9\u00e2trale. \u00c0 la mani\u00e8re de l\u2019astrolabe qui guidait marins et explorateurs en des temps recul\u00e9s, Improlabe est un outil de d\u00e9couverte et d\u2019ouverture vers l\u2019ensemble des pratiques th\u00e9\u00e2trales improvis\u00e9es d\u2019aujourd\u2019hui, en Touraine, en France et \u00e0 l\u2019\u00e9tranger.&lt;br&gt;\u00c0 travers ses ateliers, stages, spectacles, interventions p\u00e9dagogiques et prestations \u00e0 destination du monde de l\u2019entreprise et des professionnels, Improlabe d\u00e9ploie l\u2019univers de l\u2019improvisation th\u00e9\u00e2trale aupr\u00e8s de publics vari\u00e9s, dans une approche exigeante, accessible et profond\u00e9ment humaine.","publisher":{"@id":"https:\/\/improlabe.fr\/#organization"},"potentialAction":[{"@type":"SearchAction","target":{"@type":"EntryPoint","urlTemplate":"https:\/\/improlabe.fr\/?s={search_term_string}"},"query-input":{"@type":"PropertyValueSpecification","valueRequired":true,"valueName":"search_term_string"}}],"inLanguage":"fr-FR"},{"@type":"Organization","@id":"https:\/\/improlabe.fr\/#organization","name":"Compagnie Improlabe","url":"https:\/\/improlabe.fr\/","logo":{"@type":"ImageObject","inLanguage":"fr-FR","@id":"https:\/\/improlabe.fr\/#\/schema\/logo\/image\/","url":"https:\/\/improlabe.fr\/wp-content\/uploads\/2025\/04\/cropped-BANDEAU-LOGO-v26-3-scaled-1.jpg","contentUrl":"https:\/\/improlabe.fr\/wp-content\/uploads\/2025\/04\/cropped-BANDEAU-LOGO-v26-3-scaled-1.jpg","width":2413,"height":878,"caption":"Compagnie Improlabe"},"image":{"@id":"https:\/\/improlabe.fr\/#\/schema\/logo\/image\/"},"sameAs":["https:\/\/www.facebook.com\/profile.php?id=61575341305513","https:\/\/www.instagram.com\/improlabe_tours\/","https:\/\/www.linkedin.com\/company\/improlabe"]}]}},"_links":{"self":[{"href":"https:\/\/improlabe.fr\/index.php\/wp-json\/wp\/v2\/pages\/240","targetHints":{"allow":["GET"]}}],"collection":[{"href":"https:\/\/improlabe.fr\/index.php\/wp-json\/wp\/v2\/pages"}],"about":[{"href":"https:\/\/improlabe.fr\/index.php\/wp-json\/wp\/v2\/types\/page"}],"author":[{"embeddable":true,"href":"https:\/\/improlabe.fr\/index.php\/wp-json\/wp\/v2\/users\/1"}],"replies":[{"embeddable":true,"href":"https:\/\/improlabe.fr\/index.php\/wp-json\/wp\/v2\/comments?post=240"}],"version-history":[{"count":9,"href":"https:\/\/improlabe.fr\/index.php\/wp-json\/wp\/v2\/pages\/240\/revisions"}],"predecessor-version":[{"id":1126,"href":"https:\/\/improlabe.fr\/index.php\/wp-json\/wp\/v2\/pages\/240\/revisions\/1126"}],"up":[{"embeddable":true,"href":"https:\/\/improlabe.fr\/index.php\/wp-json\/wp\/v2\/pages\/175"}],"wp:attachment":[{"href":"https:\/\/improlabe.fr\/index.php\/wp-json\/wp\/v2\/media?parent=240"}],"curies":[{"name":"wp","href":"https:\/\/api.w.org\/{rel}","templated":true}]}}