{"id":237,"date":"2025-05-19T08:21:14","date_gmt":"2025-05-19T06:21:14","guid":{"rendered":"http:\/\/yolckze.cluster100.hosting.ovh.net\/?page_id=237"},"modified":"2025-12-30T01:57:35","modified_gmt":"2025-12-30T00:57:35","slug":"conference-et-debats","status":"publish","type":"page","link":"https:\/\/improlabe.fr\/index.php\/nos-prestations-dimprovisation-appliquee-en-entreprise\/evenementiel-sur-mesure\/conference-et-debats\/","title":{"rendered":"Conf\u00e9rence et d\u00e9bat"},"content":{"rendered":"\n<h3 class=\"wp-block-heading has-vivid-red-color has-text-color has-link-color wp-elements-43295b6d9b208ff0169b7d4ecb5eb554\">Donner du souffle \u00e0 vos temps de r\u00e9flexion collective<\/h3>\n\n\n\n<div style=\"height:40px\" aria-hidden=\"true\" class=\"wp-block-spacer\"><\/div>\n\n\n<div class=\"wp-block-image\">\n<figure class=\"aligncenter size-large is-resized\"><img loading=\"lazy\" decoding=\"async\" width=\"768\" height=\"1024\" src=\"https:\/\/improlabe.fr\/wp-content\/uploads\/2025\/12\/Conference-interactive-a-Tours-\u2013-table-ronde-animee-par-Emilie-Mendonca-768x1024.jpg\" alt=\"Conf\u00e9rence interactive \u00e0 Tours \u2013 table ronde anim\u00e9e par \u00c9milie Mendon\u00e7a\n\" class=\"wp-image-1060\" style=\"width:468px;height:auto\" srcset=\"https:\/\/improlabe.fr\/wp-content\/uploads\/2025\/12\/Conference-interactive-a-Tours-\u2013-table-ronde-animee-par-Emilie-Mendonca-768x1024.jpg 768w, https:\/\/improlabe.fr\/wp-content\/uploads\/2025\/12\/Conference-interactive-a-Tours-\u2013-table-ronde-animee-par-Emilie-Mendonca-225x300.jpg 225w, https:\/\/improlabe.fr\/wp-content\/uploads\/2025\/12\/Conference-interactive-a-Tours-\u2013-table-ronde-animee-par-Emilie-Mendonca-1152x1536.jpg 1152w, https:\/\/improlabe.fr\/wp-content\/uploads\/2025\/12\/Conference-interactive-a-Tours-\u2013-table-ronde-animee-par-Emilie-Mendonca.jpg 1280w\" sizes=\"auto, (max-width: 768px) 100vw, 768px\" \/><\/figure>\n<\/div>\n\n\n<div style=\"height:40px\" aria-hidden=\"true\" class=\"wp-block-spacer\"><\/div>\n\n\n\n<p>Une conf\u00e9rence ou un d\u00e9bat, c\u2019est un moment fort. Un temps o\u00f9 l\u2019on transmet, o\u00f9 l\u2019on interroge, o\u00f9 l\u2019on construit du sens ensemble.<br>Nos interventions viennent enrichir ces temps d\u2019\u00e9change en y apportant un autre souffle : celui du th\u00e9\u00e2tre, du jeu, de l\u2019intelligence collective.<\/p>\n\n\n\n<p>La Compagnie Improlabe propose des formats dynamiques, participatifs et ajust\u00e9s \u00e0 votre \u00e9v\u00e9nement :<\/p>\n\n\n\n<ul class=\"wp-block-list\">\n<li>pour introduire une th\u00e9matique,<\/li>\n\n\n\n<li>cr\u00e9er du lien entre les participant\u00b7es,<\/li>\n\n\n\n<li>illustrer des propos de fa\u00e7on incarn\u00e9e,<\/li>\n\n\n\n<li>ou encore ouvrir un espace de r\u00e9flexion par le biais du th\u00e9\u00e2tre.<\/li>\n<\/ul>\n\n\n\n<p>Notre formatrice, <a href=\"https:\/\/improlabe.fr\/index.php\/comediennes-de-theatre-dimprovisation-a-tours-compagnie-improlabe\/\">Emilie Mendon\u00e7a<\/a>, nous raconte sur <a href=\"https:\/\/www.linkedin.com\/posts\/emilie-mendon%C3%A7a-92357457_%F0%9D%90%90%F0%9D%90%AE%F0%9D%90%A2-%F0%9D%90%9F%F0%9D%90%9A%F0%9D%90%A2%F0%9D%90%AD-%F0%9D%90%A5%F0%9D%90%9A-%F0%9D%90%A5%F0%9D%90%A8%F0%9D%90%A2-%F0%9D%90%9D%F0%9D%90%9A%F0%9D%90%A7%F0%9D%90%AC-activity-7376155947142103040--c9P?utm_source=social_share_send&amp;utm_medium=member_desktop_web&amp;rcm=ACoAACIDRNMBs9w9h4uYGxq_DoE6_ywoQBtD1mA\">LinkedIn<\/a> ! <\/p>\n\n\n\n<div style=\"height:40px\" aria-hidden=\"true\" class=\"wp-block-spacer\"><\/div>\n\n\n\n<h3 class=\"wp-block-heading has-vivid-red-color has-text-color has-link-color wp-elements-94049df90e7c49abe215ea76528d28be\">Ce que nous proposons<\/h3>\n\n\n\n<div style=\"height:10px\" aria-hidden=\"true\" class=\"wp-block-spacer\"><\/div>\n\n\n\n<p><strong>Interventions d\u2019ouverture ou d\u2019interlude<\/strong><br>Pour donner le ton, capter l\u2019attention, \u00e9veiller la curiosit\u00e9.<br>Des formats courts, th\u00e9\u00e2tralis\u00e9s ou interactifs, qui posent le cadre ou viennent relancer l\u2019\u00e9coute.<\/p>\n\n\n\n<p><strong>Illustration de propos ou de probl\u00e9matiques par le th\u00e9\u00e2tre<\/strong><br>\u00c0 partir de votre contenu, nous concevons une ou plusieurs sayn\u00e8tes improvis\u00e9es ou semi-\u00e9crites, jou\u00e9es en direct.<br>Le th\u00e9\u00e2tre permet d\u2019incarner les id\u00e9es, de faire vivre les tensions, les paradoxes ou les enjeux, avec humour, \u00e9motion ou recul.<\/p>\n\n\n\n<p><strong>Th\u00e9\u00e2tre forum \/ \u00e9changes participatifs<\/strong><br>Nous pouvons prolonger une sc\u00e8ne par un d\u00e9bat ouvert, un \u00e9change avec le public ou une mise en situation collective.<br>Une mani\u00e8re de ne pas seulement \u00e9couter\u2026 mais aussi r\u00e9agir, proposer, exp\u00e9rimenter.<\/p>\n\n\n\n<p><strong>Animation de table ronde ou mod\u00e9ration d\u00e9cal\u00e9e<\/strong><br>Nous intervenons aussi pour animer vos temps de table ronde ou de discussion, en alliant posture professionnelle et touche th\u00e9\u00e2trale.<br>Rigueur et l\u00e9g\u00e8ret\u00e9 au service de l\u2019\u00e9coute, du rythme et de la parole partag\u00e9e.<\/p>\n\n\n\n<div style=\"height:40px\" aria-hidden=\"true\" class=\"wp-block-spacer\"><\/div>\n\n\n\n<h3 class=\"wp-block-heading has-vivid-red-color has-text-color has-link-color wp-elements-8dc33a6e4dd36c9c1aea69dd22d6ee72\">Pour quels types d\u2019\u00e9v\u00e9nements ?<\/h3>\n\n\n\n<div style=\"height:10px\" aria-hidden=\"true\" class=\"wp-block-spacer\"><\/div>\n\n\n\n<ul class=\"wp-block-list\">\n<li>Colloques, journ\u00e9es d\u2019\u00e9tude<\/li>\n\n\n\n<li>Rencontres professionnelles ou associatives<\/li>\n\n\n\n<li>Forums, salons, assembl\u00e9es<\/li>\n\n\n\n<li>D\u00e9bats citoyens<\/li>\n\n\n\n<li>Lancements ou restitutions de projets<\/li>\n\n\n\n<li>R\u00e9unions publiques<\/li>\n<\/ul>\n\n\n\n<div style=\"height:40px\" aria-hidden=\"true\" class=\"wp-block-spacer\"><\/div>\n\n\n\n<h3 class=\"wp-block-heading has-vivid-red-color has-text-color has-link-color wp-elements-ab7af2b54a6cb5eef2177f508e82d223\">Concr\u00e8tement<\/h3>\n\n\n\n<div style=\"height:10px\" aria-hidden=\"true\" class=\"wp-block-spacer\"><\/div>\n\n\n\n<p><strong>Dur\u00e9e<\/strong> : de 1h minutes \u00e0 4h, selon votre besoin<br><strong>Public<\/strong> : de 20 \u00e0 300 personnes<br><strong>Lieu<\/strong> : sur site (amphith\u00e9\u00e2tre, salle de conf\u00e9rence, salle des f\u00eates, etc.)<br><strong>Technique<\/strong> : nous nous adaptons \u00e0 votre \u00e9quipement \u2013 lumi\u00e8re, sonorisation, espace sc\u00e9nique<br><strong>Tarif<\/strong> : sur devis, selon format et intervention<\/p>\n\n\n\n<div style=\"height:40px\" aria-hidden=\"true\" class=\"wp-block-spacer\"><\/div>\n\n\n\n<h3 class=\"wp-block-heading has-vivid-red-color has-text-color has-link-color wp-elements-c77771112950a139ee1c31c134d263a0\">Une intervention sur mesure<\/h3>\n\n\n\n<div style=\"height:10px\" aria-hidden=\"true\" class=\"wp-block-spacer\"><\/div>\n\n\n\n<p>Chaque proposition est construite avec vous, en lien avec les objectifs de votre \u00e9v\u00e9nement, votre public et vos contraintes.<br>Nous mettons notre savoir-faire d\u2019improvisateurs, de com\u00e9dien\u00b7nes et de facilitateur\u00b7rices au service de votre contenu.<\/p>\n\n\n\n<p><strong>Contactez-nous \u00e0<\/strong> <a>improlabe@gmail.com<\/a> \u2014 pour imaginer ensemble une prise de parole\u2026 qui sort du cadre.<\/p>\n","protected":false},"excerpt":{"rendered":"<p>Donner du souffle \u00e0 vos temps de r\u00e9flexion collective Une conf\u00e9rence ou un d\u00e9bat, c\u2019est un moment fort. Un temps o\u00f9 l\u2019on transmet, o\u00f9 l\u2019on interroge, o\u00f9 l\u2019on construit du sens ensemble.Nos interventions viennent enrichir ces temps d\u2019\u00e9change en y apportant un autre souffle : celui du th\u00e9\u00e2tre, du jeu, de l\u2019intelligence collective. La Compagnie [&hellip;]<\/p>\n","protected":false},"author":1,"featured_media":0,"parent":175,"menu_order":0,"comment_status":"closed","ping_status":"closed","template":"","meta":{"footnotes":""},"class_list":["post-237","page","type-page","status-publish","hentry"],"yoast_head":"<!-- This site is optimized with the Yoast SEO plugin v26.8 - https:\/\/yoast.com\/product\/yoast-seo-wordpress\/ -->\n<title>Conf\u00e9rences interactives \u00e0 Tours \u2013 D\u00e9bats et formats participatifs -<\/title>\n<meta name=\"description\" content=\"Improlabe propose des conf\u00e9rences interactives m\u00ealant d\u00e9bat, participation du public pour vos \u00e9v\u00e9nements et temps collectifs.\" \/>\n<meta name=\"robots\" content=\"index, follow, max-snippet:-1, max-image-preview:large, max-video-preview:-1\" \/>\n<link rel=\"canonical\" href=\"https:\/\/improlabe.fr\/index.php\/nos-prestations-dimprovisation-appliquee-en-entreprise\/evenementiel-sur-mesure\/conference-et-debats\/\" \/>\n<meta property=\"og:locale\" content=\"fr_FR\" \/>\n<meta property=\"og:type\" content=\"article\" \/>\n<meta property=\"og:title\" content=\"Conf\u00e9rences interactives \u00e0 Tours \u2013 D\u00e9bats et formats participatifs -\" \/>\n<meta property=\"og:description\" content=\"Improlabe propose des conf\u00e9rences interactives m\u00ealant d\u00e9bat, participation du public pour vos \u00e9v\u00e9nements et temps collectifs.\" \/>\n<meta property=\"og:url\" content=\"https:\/\/improlabe.fr\/index.php\/nos-prestations-dimprovisation-appliquee-en-entreprise\/evenementiel-sur-mesure\/conference-et-debats\/\" \/>\n<meta property=\"article:publisher\" content=\"https:\/\/www.facebook.com\/profile.php?id=61575341305513\" \/>\n<meta property=\"article:modified_time\" content=\"2025-12-30T00:57:35+00:00\" \/>\n<meta name=\"twitter:card\" content=\"summary_large_image\" \/>\n<meta name=\"twitter:label1\" content=\"Dur\u00e9e de lecture estim\u00e9e\" \/>\n\t<meta name=\"twitter:data1\" content=\"3 minutes\" \/>\n<script type=\"application\/ld+json\" class=\"yoast-schema-graph\">{\"@context\":\"https:\/\/schema.org\",\"@graph\":[{\"@type\":\"WebPage\",\"@id\":\"https:\/\/improlabe.fr\/index.php\/nos-prestations-dimprovisation-appliquee-en-entreprise\/evenementiel-sur-mesure\/conference-et-debats\/\",\"url\":\"https:\/\/improlabe.fr\/index.php\/nos-prestations-dimprovisation-appliquee-en-entreprise\/evenementiel-sur-mesure\/conference-et-debats\/\",\"name\":\"Conf\u00e9rences interactives \u00e0 Tours \u2013 D\u00e9bats et formats participatifs -\",\"isPartOf\":{\"@id\":\"https:\/\/improlabe.fr\/#website\"},\"datePublished\":\"2025-05-19T06:21:14+00:00\",\"dateModified\":\"2025-12-30T00:57:35+00:00\",\"description\":\"Improlabe propose des conf\u00e9rences interactives m\u00ealant d\u00e9bat, participation du public pour vos \u00e9v\u00e9nements et temps collectifs.\",\"breadcrumb\":{\"@id\":\"https:\/\/improlabe.fr\/index.php\/nos-prestations-dimprovisation-appliquee-en-entreprise\/evenementiel-sur-mesure\/conference-et-debats\/#breadcrumb\"},\"inLanguage\":\"fr-FR\",\"potentialAction\":[{\"@type\":\"ReadAction\",\"target\":[\"https:\/\/improlabe.fr\/index.php\/nos-prestations-dimprovisation-appliquee-en-entreprise\/evenementiel-sur-mesure\/conference-et-debats\/\"]}]},{\"@type\":\"BreadcrumbList\",\"@id\":\"https:\/\/improlabe.fr\/index.php\/nos-prestations-dimprovisation-appliquee-en-entreprise\/evenementiel-sur-mesure\/conference-et-debats\/#breadcrumb\",\"itemListElement\":[{\"@type\":\"ListItem\",\"position\":1,\"name\":\"Accueil\",\"item\":\"https:\/\/improlabe.fr\/\"},{\"@type\":\"ListItem\",\"position\":2,\"name\":\"Nos prestations d&#8217;improvisation appliqu\u00e9e en entreprise\",\"item\":\"https:\/\/improlabe.fr\/index.php\/nos-prestations-dimprovisation-appliquee-en-entreprise\/\"},{\"@type\":\"ListItem\",\"position\":3,\"name\":\"\u00c9v\u00e9nementiel\",\"item\":\"https:\/\/improlabe.fr\/index.php\/nos-prestations-dimprovisation-appliquee-en-entreprise\/evenementiel-sur-mesure\/\"},{\"@type\":\"ListItem\",\"position\":4,\"name\":\"Conf\u00e9rence et d\u00e9bat\"}]},{\"@type\":\"WebSite\",\"@id\":\"https:\/\/improlabe.fr\/#website\",\"url\":\"https:\/\/improlabe.fr\/\",\"name\":\"improlabe.fr\",\"description\":\"Improlabe est une compagnie port\u00e9e par deux &lt;strong&gt;com\u00e9diennes de th\u00e9\u00e2tre d\u2019improvisation \u00e0 Tours&lt;\/strong&gt;, engag\u00e9es dans la cr\u00e9ation, la transmission et l\u2019exploration des pratiques improvis\u00e9es contemporaines.&lt;br&gt;Car la Compagnie Improlabe n\u2019est pas qu\u2019un laboratoire : c\u2019est aussi et surtout un lieu d\u2019exploration de l\u2019improvisation th\u00e9\u00e2trale. \u00c0 la mani\u00e8re de l\u2019astrolabe qui guidait marins et explorateurs en des temps recul\u00e9s, Improlabe est un outil de d\u00e9couverte et d\u2019ouverture vers l\u2019ensemble des pratiques th\u00e9\u00e2trales improvis\u00e9es d\u2019aujourd\u2019hui, en Touraine, en France et \u00e0 l\u2019\u00e9tranger.&lt;br&gt;\u00c0 travers ses ateliers, stages, spectacles, interventions p\u00e9dagogiques et prestations \u00e0 destination du monde de l\u2019entreprise et des professionnels, Improlabe d\u00e9ploie l\u2019univers de l\u2019improvisation th\u00e9\u00e2trale aupr\u00e8s de publics vari\u00e9s, dans une approche exigeante, accessible et profond\u00e9ment humaine.\",\"publisher\":{\"@id\":\"https:\/\/improlabe.fr\/#organization\"},\"potentialAction\":[{\"@type\":\"SearchAction\",\"target\":{\"@type\":\"EntryPoint\",\"urlTemplate\":\"https:\/\/improlabe.fr\/?s={search_term_string}\"},\"query-input\":{\"@type\":\"PropertyValueSpecification\",\"valueRequired\":true,\"valueName\":\"search_term_string\"}}],\"inLanguage\":\"fr-FR\"},{\"@type\":\"Organization\",\"@id\":\"https:\/\/improlabe.fr\/#organization\",\"name\":\"Compagnie Improlabe\",\"url\":\"https:\/\/improlabe.fr\/\",\"logo\":{\"@type\":\"ImageObject\",\"inLanguage\":\"fr-FR\",\"@id\":\"https:\/\/improlabe.fr\/#\/schema\/logo\/image\/\",\"url\":\"https:\/\/improlabe.fr\/wp-content\/uploads\/2025\/04\/cropped-BANDEAU-LOGO-v26-3-scaled-1.jpg\",\"contentUrl\":\"https:\/\/improlabe.fr\/wp-content\/uploads\/2025\/04\/cropped-BANDEAU-LOGO-v26-3-scaled-1.jpg\",\"width\":2413,\"height\":878,\"caption\":\"Compagnie Improlabe\"},\"image\":{\"@id\":\"https:\/\/improlabe.fr\/#\/schema\/logo\/image\/\"},\"sameAs\":[\"https:\/\/www.facebook.com\/profile.php?id=61575341305513\",\"https:\/\/www.instagram.com\/improlabe_tours\/\",\"https:\/\/www.linkedin.com\/company\/improlabe\"]}]}<\/script>\n<!-- \/ Yoast SEO plugin. -->","yoast_head_json":{"title":"Conf\u00e9rences interactives \u00e0 Tours \u2013 D\u00e9bats et formats participatifs -","description":"Improlabe propose des conf\u00e9rences interactives m\u00ealant d\u00e9bat, participation du public pour vos \u00e9v\u00e9nements et temps collectifs.","robots":{"index":"index","follow":"follow","max-snippet":"max-snippet:-1","max-image-preview":"max-image-preview:large","max-video-preview":"max-video-preview:-1"},"canonical":"https:\/\/improlabe.fr\/index.php\/nos-prestations-dimprovisation-appliquee-en-entreprise\/evenementiel-sur-mesure\/conference-et-debats\/","og_locale":"fr_FR","og_type":"article","og_title":"Conf\u00e9rences interactives \u00e0 Tours \u2013 D\u00e9bats et formats participatifs -","og_description":"Improlabe propose des conf\u00e9rences interactives m\u00ealant d\u00e9bat, participation du public pour vos \u00e9v\u00e9nements et temps collectifs.","og_url":"https:\/\/improlabe.fr\/index.php\/nos-prestations-dimprovisation-appliquee-en-entreprise\/evenementiel-sur-mesure\/conference-et-debats\/","article_publisher":"https:\/\/www.facebook.com\/profile.php?id=61575341305513","article_modified_time":"2025-12-30T00:57:35+00:00","twitter_card":"summary_large_image","twitter_misc":{"Dur\u00e9e de lecture estim\u00e9e":"3 minutes"},"schema":{"@context":"https:\/\/schema.org","@graph":[{"@type":"WebPage","@id":"https:\/\/improlabe.fr\/index.php\/nos-prestations-dimprovisation-appliquee-en-entreprise\/evenementiel-sur-mesure\/conference-et-debats\/","url":"https:\/\/improlabe.fr\/index.php\/nos-prestations-dimprovisation-appliquee-en-entreprise\/evenementiel-sur-mesure\/conference-et-debats\/","name":"Conf\u00e9rences interactives \u00e0 Tours \u2013 D\u00e9bats et formats participatifs -","isPartOf":{"@id":"https:\/\/improlabe.fr\/#website"},"datePublished":"2025-05-19T06:21:14+00:00","dateModified":"2025-12-30T00:57:35+00:00","description":"Improlabe propose des conf\u00e9rences interactives m\u00ealant d\u00e9bat, participation du public pour vos \u00e9v\u00e9nements et temps collectifs.","breadcrumb":{"@id":"https:\/\/improlabe.fr\/index.php\/nos-prestations-dimprovisation-appliquee-en-entreprise\/evenementiel-sur-mesure\/conference-et-debats\/#breadcrumb"},"inLanguage":"fr-FR","potentialAction":[{"@type":"ReadAction","target":["https:\/\/improlabe.fr\/index.php\/nos-prestations-dimprovisation-appliquee-en-entreprise\/evenementiel-sur-mesure\/conference-et-debats\/"]}]},{"@type":"BreadcrumbList","@id":"https:\/\/improlabe.fr\/index.php\/nos-prestations-dimprovisation-appliquee-en-entreprise\/evenementiel-sur-mesure\/conference-et-debats\/#breadcrumb","itemListElement":[{"@type":"ListItem","position":1,"name":"Accueil","item":"https:\/\/improlabe.fr\/"},{"@type":"ListItem","position":2,"name":"Nos prestations d&#8217;improvisation appliqu\u00e9e en entreprise","item":"https:\/\/improlabe.fr\/index.php\/nos-prestations-dimprovisation-appliquee-en-entreprise\/"},{"@type":"ListItem","position":3,"name":"\u00c9v\u00e9nementiel","item":"https:\/\/improlabe.fr\/index.php\/nos-prestations-dimprovisation-appliquee-en-entreprise\/evenementiel-sur-mesure\/"},{"@type":"ListItem","position":4,"name":"Conf\u00e9rence et d\u00e9bat"}]},{"@type":"WebSite","@id":"https:\/\/improlabe.fr\/#website","url":"https:\/\/improlabe.fr\/","name":"improlabe.fr","description":"Improlabe est une compagnie port\u00e9e par deux &lt;strong&gt;com\u00e9diennes de th\u00e9\u00e2tre d\u2019improvisation \u00e0 Tours&lt;\/strong&gt;, engag\u00e9es dans la cr\u00e9ation, la transmission et l\u2019exploration des pratiques improvis\u00e9es contemporaines.&lt;br&gt;Car la Compagnie Improlabe n\u2019est pas qu\u2019un laboratoire : c\u2019est aussi et surtout un lieu d\u2019exploration de l\u2019improvisation th\u00e9\u00e2trale. \u00c0 la mani\u00e8re de l\u2019astrolabe qui guidait marins et explorateurs en des temps recul\u00e9s, Improlabe est un outil de d\u00e9couverte et d\u2019ouverture vers l\u2019ensemble des pratiques th\u00e9\u00e2trales improvis\u00e9es d\u2019aujourd\u2019hui, en Touraine, en France et \u00e0 l\u2019\u00e9tranger.&lt;br&gt;\u00c0 travers ses ateliers, stages, spectacles, interventions p\u00e9dagogiques et prestations \u00e0 destination du monde de l\u2019entreprise et des professionnels, Improlabe d\u00e9ploie l\u2019univers de l\u2019improvisation th\u00e9\u00e2trale aupr\u00e8s de publics vari\u00e9s, dans une approche exigeante, accessible et profond\u00e9ment humaine.","publisher":{"@id":"https:\/\/improlabe.fr\/#organization"},"potentialAction":[{"@type":"SearchAction","target":{"@type":"EntryPoint","urlTemplate":"https:\/\/improlabe.fr\/?s={search_term_string}"},"query-input":{"@type":"PropertyValueSpecification","valueRequired":true,"valueName":"search_term_string"}}],"inLanguage":"fr-FR"},{"@type":"Organization","@id":"https:\/\/improlabe.fr\/#organization","name":"Compagnie Improlabe","url":"https:\/\/improlabe.fr\/","logo":{"@type":"ImageObject","inLanguage":"fr-FR","@id":"https:\/\/improlabe.fr\/#\/schema\/logo\/image\/","url":"https:\/\/improlabe.fr\/wp-content\/uploads\/2025\/04\/cropped-BANDEAU-LOGO-v26-3-scaled-1.jpg","contentUrl":"https:\/\/improlabe.fr\/wp-content\/uploads\/2025\/04\/cropped-BANDEAU-LOGO-v26-3-scaled-1.jpg","width":2413,"height":878,"caption":"Compagnie Improlabe"},"image":{"@id":"https:\/\/improlabe.fr\/#\/schema\/logo\/image\/"},"sameAs":["https:\/\/www.facebook.com\/profile.php?id=61575341305513","https:\/\/www.instagram.com\/improlabe_tours\/","https:\/\/www.linkedin.com\/company\/improlabe"]}]}},"_links":{"self":[{"href":"https:\/\/improlabe.fr\/index.php\/wp-json\/wp\/v2\/pages\/237","targetHints":{"allow":["GET"]}}],"collection":[{"href":"https:\/\/improlabe.fr\/index.php\/wp-json\/wp\/v2\/pages"}],"about":[{"href":"https:\/\/improlabe.fr\/index.php\/wp-json\/wp\/v2\/types\/page"}],"author":[{"embeddable":true,"href":"https:\/\/improlabe.fr\/index.php\/wp-json\/wp\/v2\/users\/1"}],"replies":[{"embeddable":true,"href":"https:\/\/improlabe.fr\/index.php\/wp-json\/wp\/v2\/comments?post=237"}],"version-history":[{"count":5,"href":"https:\/\/improlabe.fr\/index.php\/wp-json\/wp\/v2\/pages\/237\/revisions"}],"predecessor-version":[{"id":1122,"href":"https:\/\/improlabe.fr\/index.php\/wp-json\/wp\/v2\/pages\/237\/revisions\/1122"}],"up":[{"embeddable":true,"href":"https:\/\/improlabe.fr\/index.php\/wp-json\/wp\/v2\/pages\/175"}],"wp:attachment":[{"href":"https:\/\/improlabe.fr\/index.php\/wp-json\/wp\/v2\/media?parent=237"}],"curies":[{"name":"wp","href":"https:\/\/api.w.org\/{rel}","templated":true}]}}