{"id":175,"date":"2025-05-08T03:17:19","date_gmt":"2025-05-08T01:17:19","guid":{"rendered":"http:\/\/yolckze.cluster100.hosting.ovh.net\/?page_id=175"},"modified":"2025-12-30T00:55:45","modified_gmt":"2025-12-29T23:55:45","slug":"evenementiel-sur-mesure","status":"publish","type":"page","link":"https:\/\/improlabe.fr\/index.php\/nos-prestations-dimprovisation-appliquee-en-entreprise\/evenementiel-sur-mesure\/","title":{"rendered":"\u00c9v\u00e9nementiel"},"content":{"rendered":"\n<h4 class=\"wp-block-heading has-vivid-red-color has-text-color has-link-color wp-elements-e7d62b0da9ed5d4da42b88d7c1f65408\">Cr\u00e9er des animations \u00e9v\u00e9nementielles vivantes, originales, qui font du lien.<\/h4>\n\n\n\n<div style=\"height:40px\" aria-hidden=\"true\" class=\"wp-block-spacer\"><\/div>\n\n\n<div class=\"wp-block-image\">\n<figure class=\"aligncenter size-large is-resized\"><img loading=\"lazy\" decoding=\"async\" width=\"1024\" height=\"768\" src=\"https:\/\/improlabe.fr\/wp-content\/uploads\/2025\/12\/Theatre-dimprovisation-evenementiel-a-Tours-\u2013-intervention-dImprolabe-au-tiers-lieu-Rubixco-canular-1024x768.jpeg\" alt=\"\" class=\"wp-image-1056\" style=\"width:778px;height:auto\" srcset=\"https:\/\/improlabe.fr\/wp-content\/uploads\/2025\/12\/Theatre-dimprovisation-evenementiel-a-Tours-\u2013-intervention-dImprolabe-au-tiers-lieu-Rubixco-canular-1024x768.jpeg 1024w, https:\/\/improlabe.fr\/wp-content\/uploads\/2025\/12\/Theatre-dimprovisation-evenementiel-a-Tours-\u2013-intervention-dImprolabe-au-tiers-lieu-Rubixco-canular-300x225.jpeg 300w, https:\/\/improlabe.fr\/wp-content\/uploads\/2025\/12\/Theatre-dimprovisation-evenementiel-a-Tours-\u2013-intervention-dImprolabe-au-tiers-lieu-Rubixco-canular-768x576.jpeg 768w, https:\/\/improlabe.fr\/wp-content\/uploads\/2025\/12\/Theatre-dimprovisation-evenementiel-a-Tours-\u2013-intervention-dImprolabe-au-tiers-lieu-Rubixco-canular-1536x1152.jpeg 1536w, https:\/\/improlabe.fr\/wp-content\/uploads\/2025\/12\/Theatre-dimprovisation-evenementiel-a-Tours-\u2013-intervention-dImprolabe-au-tiers-lieu-Rubixco-canular.jpeg 1600w\" sizes=\"auto, (max-width: 1024px) 100vw, 1024px\" \/><\/figure>\n<\/div>\n\n\n<div style=\"height:40px\" aria-hidden=\"true\" class=\"wp-block-spacer\"><\/div>\n\n\n\n<p>La Compagnie Improlabe con\u00e7oit des animations \u00e9v\u00e9nementielles \u00e0 Tours pour les organisations, m\u00ealant improvisation, intelligence collective et formats participatifs lors de s\u00e9minaires, conf\u00e9rences ou temps forts.<\/p>\n\n\n\n<p>Que ce soit pour une \u00e9quipe, un r\u00e9seau, une structure ou un public plus large, nous imaginons des formats adapt\u00e9s \u00e0 vos envies, vos besoins et vos contraintes. Chaque intervention est pens\u00e9e pour marquer les esprits, renforcer la dynamique collective, et faire vivre une exp\u00e9rience partag\u00e9e.<\/p>\n\n\n\n<div style=\"height:40px\" aria-hidden=\"true\" class=\"wp-block-spacer\"><\/div>\n\n\n\n<h4 class=\"wp-block-heading has-vivid-red-color has-text-color has-link-color wp-elements-1c2f3731e45f71e1e4d51844e26d2eeb\">Ce que nous proposons pour animer vos \u00e9v\u00e9nements<\/h4>\n\n\n\n<div style=\"height:20px\" aria-hidden=\"true\" class=\"wp-block-spacer\"><\/div>\n\n\n\n<h5 class=\"wp-block-heading\">Ateliers d\u2019improvisation pour vos salari\u00e9\u00b7es<\/h5>\n\n\n\n<div style=\"height:10px\" aria-hidden=\"true\" class=\"wp-block-spacer\"><\/div>\n\n\n\n<p>Envie de sortir du cadre ?<br>Nous animons des ateliers d\u2019improvisation pour vos \u00e9quipes, ax\u00e9s sur le <strong>l\u00e2cher prise<\/strong>, la <strong>communication<\/strong>,  l\u2019<strong>\u00e9coute active<\/strong>, la <strong>cr\u00e9ativit\u00e9<\/strong> et la <strong>co-construction<\/strong>.<br>Ces ateliers peuvent s\u2019int\u00e9grer dans une journ\u00e9e d\u2019\u00e9quipe, un s\u00e9minaire ou un temps de formation, pour :<\/p>\n\n\n\n<ul class=\"wp-block-list\">\n<li>renforcer la confiance en soi et la prise d\u2019initiative,<\/li>\n\n\n\n<li>lib\u00e9rer la parole dans le groupe,<\/li>\n\n\n\n<li>mieux se conna\u00eetre et mieux coop\u00e9rer,<\/li>\n\n\n\n<li>d\u00e9velopper l\u2019agilit\u00e9 relationnelle et \u00e9motionnelle.<\/li>\n<\/ul>\n\n\n\n<p>Des ateliers sur mesure, pens\u00e9s avec vous, pour conjuguer plaisir, apprentissage et coh\u00e9sion.<\/p>\n\n\n\n<div style=\"height:20px\" aria-hidden=\"true\" class=\"wp-block-spacer\"><\/div>\n\n\n\n<div class=\"wp-block-buttons is-layout-flex wp-block-buttons-is-layout-flex\">\n<div class=\"wp-block-button has-custom-width wp-block-button__width-50\"><a class=\"wp-block-button__link has-vivid-red-background-color has-background wp-element-button\" href=\"https:\/\/improlabe.fr\/index.php\/nos-prestations-dimprovisation-appliquee-en-entreprise\/nos-formations\/ateliers-dimprovisation-en-entreprise\/\" target=\"_blank\" rel=\"noreferrer noopener\">Plus d&#8217;infos en cliquant ici !<\/a><\/div>\n<\/div>\n\n\n\n<div style=\"height:30px\" aria-hidden=\"true\" class=\"wp-block-spacer\"><\/div>\n\n\n\n<h5 class=\"wp-block-heading\">Animation de conf\u00e9rences ou d\u00e9bats<\/h5>\n\n\n\n<div style=\"height:10px\" aria-hidden=\"true\" class=\"wp-block-spacer\"><\/div>\n\n\n\n<p>Nous pouvons intervenir en introduction ou en interlude d\u2019un \u00e9v\u00e9nement plus formel, pour cr\u00e9er une dynamique collective, illustrer une probl\u00e9matique ou accompagner un temps d\u2019\u00e9change de mani\u00e8re d\u00e9cal\u00e9e mais pertinente.<\/p>\n\n\n\n<div style=\"height:20px\" aria-hidden=\"true\" class=\"wp-block-spacer\"><\/div>\n\n\n\n<div class=\"wp-block-buttons is-layout-flex wp-block-buttons-is-layout-flex\">\n<div class=\"wp-block-button has-custom-width wp-block-button__width-50\"><a class=\"wp-block-button__link has-vivid-red-background-color has-background wp-element-button\" href=\"https:\/\/improlabe.fr\/index.php\/nos-prestations-dimprovisation-appliquee-en-entreprise\/evenementiel-sur-mesure\/conference-et-debats\/\" target=\"_blank\" rel=\"noreferrer noopener\">Plus d&#8217;infos en cliquant ici !<\/a><\/div>\n<\/div>\n\n\n\n<div style=\"height:30px\" aria-hidden=\"true\" class=\"wp-block-spacer\"><\/div>\n\n\n\n<h5 class=\"wp-block-heading\">Animation de s\u00e9minaire<\/h5>\n\n\n\n<div style=\"height:10px\" aria-hidden=\"true\" class=\"wp-block-spacer\"><\/div>\n\n\n\n<p>Vous organisez une journ\u00e9e ou un temps fort pour votre \u00e9quipe ?<br>Nous pouvons animer le fil rouge de l\u2019\u00e9v\u00e9nement, proposer des respirations collectives, faciliter les \u00e9changes, ou faire lien entre les diff\u00e9rents intervenants.<br>Nous alternons jeu, \u00e9coute et dynamique de groupe pour accompagner votre \u00e9v\u00e9nement avec fluidit\u00e9 et \u00e9nergie.<\/p>\n\n\n\n<div style=\"height:20px\" aria-hidden=\"true\" class=\"wp-block-spacer\"><\/div>\n\n\n\n<div class=\"wp-block-buttons is-layout-flex wp-block-buttons-is-layout-flex\">\n<div class=\"wp-block-button has-custom-width wp-block-button__width-50\"><a class=\"wp-block-button__link has-vivid-red-background-color has-background wp-element-button\" href=\"https:\/\/improlabe.fr\/index.php\/nos-prestations-dimprovisation-appliquee-en-entreprise\/evenementiel-sur-mesure\/animation-sur-mesure\/\" target=\"_blank\" rel=\"noreferrer noopener\">Plus d&#8217;infos en cliquant ici !<\/a><\/div>\n<\/div>\n\n\n\n<div style=\"height:30px\" aria-hidden=\"true\" class=\"wp-block-spacer\"><\/div>\n\n\n\n<h5 class=\"wp-block-heading\">Team building<\/h5>\n\n\n\n<div style=\"height:10px\" aria-hidden=\"true\" class=\"wp-block-spacer\"><\/div>\n\n\n\n<p>Des ateliers dynamiques et conviviaux pour renforcer la coh\u00e9sion d\u2019\u00e9quipe.<br>Des formats courts ou longs, centr\u00e9s sur la coop\u00e9ration, l\u2019\u00e9coute et la cr\u00e9ation collective.<br>Pas de comp\u00e9tition ici, mais des temps de respiration, de confiance et d\u2019intelligence partag\u00e9e.<\/p>\n\n\n\n<div style=\"height:20px\" aria-hidden=\"true\" class=\"wp-block-spacer\"><\/div>\n\n\n\n<div class=\"wp-block-buttons is-layout-flex wp-block-buttons-is-layout-flex\">\n<div class=\"wp-block-button has-custom-width wp-block-button__width-50\"><a class=\"wp-block-button__link has-vivid-red-background-color has-background wp-element-button\" href=\"https:\/\/improlabe.fr\/index.php\/nos-prestations-dimprovisation-appliquee-en-entreprise\/evenementiel-sur-mesure\/team-building\/\" target=\"_blank\" rel=\"noreferrer noopener\">Plus d&#8217;infos en cliquant ici ! <\/a><\/div>\n<\/div>\n\n\n\n<div style=\"height:30px\" aria-hidden=\"true\" class=\"wp-block-spacer\"><\/div>\n\n\n\n<h5 class=\"wp-block-heading\">Murder party &amp; jeux immersifs<\/h5>\n\n\n\n<div style=\"height:10px\" aria-hidden=\"true\" class=\"wp-block-spacer\"><\/div>\n\n\n\n<p>Une exp\u00e9rience th\u00e9\u00e2trale et ludique, con\u00e7ue sur mesure :<br>sc\u00e9nario original, r\u00f4les \u00e0 incarner, indices \u00e0 d\u00e9coder, enqu\u00eate \u00e0 mener.<br>Id\u00e9al pour marquer les esprits, jouer ensemble autrement, et cr\u00e9er du lien dans un contexte inhabituel.<\/p>\n\n\n\n<div style=\"height:20px\" aria-hidden=\"true\" class=\"wp-block-spacer\"><\/div>\n\n\n\n<div class=\"wp-block-buttons is-layout-flex wp-block-buttons-is-layout-flex\">\n<div class=\"wp-block-button has-custom-width wp-block-button__width-50\"><a class=\"wp-block-button__link has-vivid-red-background-color has-background wp-element-button\" href=\"https:\/\/improlabe.fr\/index.php\/nos-prestations-dimprovisation-appliquee-en-entreprise\/evenementiel-sur-mesure\/murder-party-cle-en-main\/\" target=\"_blank\" rel=\"noreferrer noopener\">Plus d&#8217;infos en cliquant ici ! <\/a><\/div>\n<\/div>\n\n\n\n<div style=\"height:30px\" aria-hidden=\"true\" class=\"wp-block-spacer\"><\/div>\n\n\n\n<h5 class=\"wp-block-heading\">Cabarets improvis\u00e9s<\/h5>\n\n\n\n<div style=\"height:10px\" aria-hidden=\"true\" class=\"wp-block-spacer\"><\/div>\n\n\n\n<p>Des interventions l\u00e9g\u00e8res, interactives et improvis\u00e9es lors de vos \u00e9v\u00e9nements.<br>Des sc\u00e8nes courtes jou\u00e9es \u00e0 partir de vos th\u00e9matiques ou des suggestions du public.<br>Un moment d\u2019impro \u00e0 part enti\u00e8re, adaptable \u00e0 vos contraintes techniques et de temps.<\/p>\n\n\n\n<div style=\"height:20px\" aria-hidden=\"true\" class=\"wp-block-spacer\"><\/div>\n\n\n\n<div class=\"wp-block-buttons is-layout-flex wp-block-buttons-is-layout-flex\">\n<div class=\"wp-block-button has-custom-width wp-block-button__width-50\"><a class=\"wp-block-button__link has-vivid-red-background-color has-background wp-element-button\" href=\"https:\/\/improlabe.fr\/index.php\/nos-prestations-dimprovisation-appliquee-en-entreprise\/evenementiel-sur-mesure\/animation-sur-mesure\/\" target=\"_blank\" rel=\"noreferrer noopener\">Plus d&#8217;infos en cliquant ici !<\/a><\/div>\n<\/div>\n\n\n\n<div style=\"height:20px\" aria-hidden=\"true\" class=\"wp-block-spacer\"><\/div>\n\n\n\n<h5 class=\"wp-block-heading\">\u00c9v\u00e9nements sur mesure<\/h5>\n\n\n\n<div style=\"height:10px\" aria-hidden=\"true\" class=\"wp-block-spacer\"><\/div>\n\n\n\n<p>Vous avez une id\u00e9e ? Un contexte particulier ? Un public sp\u00e9cifique ?<br>Nous construisons avec vous une proposition artistique ou participative unique : animation d\u2019un temps de cl\u00f4ture, ouverture d\u2019un s\u00e9minaire, intervention d\u00e9cal\u00e9e lors d\u2019une rencontre, improvisation sur un th\u00e8me donn\u00e9, etc.<br>Nous partons de votre besoin, et nous \u00e9crivons ensemble une forme.<\/p>\n\n\n\n<div style=\"height:20px\" aria-hidden=\"true\" class=\"wp-block-spacer\"><\/div>\n\n\n\n<div class=\"wp-block-buttons is-layout-flex wp-block-buttons-is-layout-flex\">\n<div class=\"wp-block-button has-custom-width wp-block-button__width-50\"><a class=\"wp-block-button__link has-vivid-red-background-color has-background wp-element-button\" href=\"https:\/\/improlabe.fr\/index.php\/nos-prestations-dimprovisation-appliquee-en-entreprise\/evenementiel-sur-mesure\/animation-sur-mesure\/\" target=\"_blank\" rel=\"noreferrer noopener\">Plus d&#8217;infos en cliquant ici !<\/a><\/div>\n<\/div>\n\n\n\n<div style=\"height:50px\" aria-hidden=\"true\" class=\"wp-block-spacer\"><\/div>\n\n\n\n<h4 class=\"wp-block-heading has-vivid-red-color has-text-color has-link-color wp-elements-f7392ca9d01cbc865abb364f52d2b38f\">Pour quels contextes ?<\/h4>\n\n\n\n<div style=\"height:10px\" aria-hidden=\"true\" class=\"wp-block-spacer\"><\/div>\n\n\n\n<ul class=\"wp-block-list\">\n<li>S\u00e9minaires d\u2019\u00e9quipe<\/li>\n\n\n\n<li>Journ\u00e9es professionnelles ou associatives<\/li>\n\n\n\n<li>Lancements de projet<\/li>\n\n\n\n<li>F\u00eates d\u2019entreprise<\/li>\n\n\n\n<li>Forums, salons, rencontres<\/li>\n\n\n\n<li>Rencontres interprofessionnelles ou partenariales<\/li>\n\n\n\n<li>Assembl\u00e9es g\u00e9n\u00e9rales<\/li>\n\n\n\n<li>\u00c9v\u00e9nements publics ou priv\u00e9s<\/li>\n<\/ul>\n\n\n\n<div style=\"height:40px\" aria-hidden=\"true\" class=\"wp-block-spacer\"><\/div>\n\n\n\n<h4 class=\"wp-block-heading has-vivid-red-color has-text-color has-link-color wp-elements-903404f25a972cadb281ebc62f46acbe\">Infos pratiques<\/h4>\n\n\n\n<div style=\"height:10px\" aria-hidden=\"true\" class=\"wp-block-spacer\"><\/div>\n\n\n\n<p><strong>Dur\u00e9e<\/strong><br>De 1h \u00e0 une journ\u00e9e compl\u00e8te, selon le format.<\/p>\n\n\n\n<p><strong>Lieu<\/strong><br>Dans vos locaux, sur site partenaire ou en ligne.<\/p>\n\n\n\n<p><strong>Nombre de participant\u00b7es<\/strong><br>De 6 \u00e0 100+ personnes selon la formule choisie.<\/p>\n\n\n\n<p><strong>Mat\u00e9riel technique<\/strong><br>\u00c0 d\u00e9finir ensemble selon vos besoins et vos moyens.<\/p>\n\n\n\n<p><strong>Tarifs<\/strong><br>Sur devis. Nous vous proposerons une formule adapt\u00e9e \u00e0 votre \u00e9v\u00e9nement et \u00e0 votre budget.<\/p>\n\n\n\n<div style=\"height:40px\" aria-hidden=\"true\" class=\"wp-block-spacer\"><\/div>\n\n\n\n<h4 class=\"wp-block-heading has-vivid-red-color has-text-color has-link-color wp-elements-0f8a0b56e03e7c4e7eb1968d081d0ec7\">Un projet ? Une id\u00e9e \u00e0 creuser ?<\/h4>\n\n\n\n<div style=\"height:10px\" aria-hidden=\"true\" class=\"wp-block-spacer\"><\/div>\n\n\n\n<p>\u00c9crivez-nous \u00e0 <strong><a>improlabe@gmail.com<\/a><\/strong><br>On vous \u00e9coute, on imagine, on construit. Ensemble.<\/p>\n\n\n\n<p><\/p>\n","protected":false},"excerpt":{"rendered":"<p>Cr\u00e9er des animations \u00e9v\u00e9nementielles vivantes, originales, qui font du lien. La Compagnie Improlabe con\u00e7oit des animations \u00e9v\u00e9nementielles \u00e0 Tours pour les organisations, m\u00ealant improvisation, intelligence collective et formats participatifs lors de s\u00e9minaires, conf\u00e9rences ou temps forts. Que ce soit pour une \u00e9quipe, un r\u00e9seau, une structure ou un public plus large, nous imaginons des formats [&hellip;]<\/p>\n","protected":false},"author":1,"featured_media":0,"parent":126,"menu_order":0,"comment_status":"closed","ping_status":"closed","template":"","meta":{"footnotes":""},"class_list":["post-175","page","type-page","status-publish","hentry"],"yoast_head":"<!-- This site is optimized with the Yoast SEO plugin v26.8 - https:\/\/yoast.com\/product\/yoast-seo-wordpress\/ -->\n<title>Animation \u00e9v\u00e9nementielle \u00e0 Tours \u2013 S\u00e9minaires, Team Building, ...<\/title>\n<meta name=\"description\" content=\"Improlabe propose des animations \u00e9v\u00e9nementielles \u00e0 Tours : s\u00e9minaires, conf\u00e9rences interactives, team building et formats participatifs !\" \/>\n<meta name=\"robots\" content=\"index, follow, max-snippet:-1, max-image-preview:large, max-video-preview:-1\" \/>\n<link rel=\"canonical\" href=\"https:\/\/improlabe.fr\/index.php\/nos-prestations-dimprovisation-appliquee-en-entreprise\/evenementiel-sur-mesure\/\" \/>\n<meta property=\"og:locale\" content=\"fr_FR\" \/>\n<meta property=\"og:type\" content=\"article\" \/>\n<meta property=\"og:title\" content=\"Animation \u00e9v\u00e9nementielle \u00e0 Tours \u2013 S\u00e9minaires, Team Building, ...\" \/>\n<meta property=\"og:description\" content=\"Improlabe propose des animations \u00e9v\u00e9nementielles \u00e0 Tours : s\u00e9minaires, conf\u00e9rences interactives, team building et formats participatifs !\" \/>\n<meta property=\"og:url\" content=\"https:\/\/improlabe.fr\/index.php\/nos-prestations-dimprovisation-appliquee-en-entreprise\/evenementiel-sur-mesure\/\" \/>\n<meta property=\"article:publisher\" content=\"https:\/\/www.facebook.com\/profile.php?id=61575341305513\" \/>\n<meta property=\"article:modified_time\" content=\"2025-12-29T23:55:45+00:00\" \/>\n<meta name=\"twitter:card\" content=\"summary_large_image\" \/>\n<meta name=\"twitter:label1\" content=\"Dur\u00e9e de lecture estim\u00e9e\" \/>\n\t<meta name=\"twitter:data1\" content=\"4 minutes\" \/>\n<script type=\"application\/ld+json\" class=\"yoast-schema-graph\">{\"@context\":\"https:\/\/schema.org\",\"@graph\":[{\"@type\":\"WebPage\",\"@id\":\"https:\/\/improlabe.fr\/index.php\/nos-prestations-dimprovisation-appliquee-en-entreprise\/evenementiel-sur-mesure\/\",\"url\":\"https:\/\/improlabe.fr\/index.php\/nos-prestations-dimprovisation-appliquee-en-entreprise\/evenementiel-sur-mesure\/\",\"name\":\"Animation \u00e9v\u00e9nementielle \u00e0 Tours \u2013 S\u00e9minaires, Team Building, ...\",\"isPartOf\":{\"@id\":\"https:\/\/improlabe.fr\/#website\"},\"datePublished\":\"2025-05-08T01:17:19+00:00\",\"dateModified\":\"2025-12-29T23:55:45+00:00\",\"description\":\"Improlabe propose des animations \u00e9v\u00e9nementielles \u00e0 Tours : s\u00e9minaires, conf\u00e9rences interactives, team building et formats participatifs !\",\"breadcrumb\":{\"@id\":\"https:\/\/improlabe.fr\/index.php\/nos-prestations-dimprovisation-appliquee-en-entreprise\/evenementiel-sur-mesure\/#breadcrumb\"},\"inLanguage\":\"fr-FR\",\"potentialAction\":[{\"@type\":\"ReadAction\",\"target\":[\"https:\/\/improlabe.fr\/index.php\/nos-prestations-dimprovisation-appliquee-en-entreprise\/evenementiel-sur-mesure\/\"]}]},{\"@type\":\"BreadcrumbList\",\"@id\":\"https:\/\/improlabe.fr\/index.php\/nos-prestations-dimprovisation-appliquee-en-entreprise\/evenementiel-sur-mesure\/#breadcrumb\",\"itemListElement\":[{\"@type\":\"ListItem\",\"position\":1,\"name\":\"Accueil\",\"item\":\"https:\/\/improlabe.fr\/\"},{\"@type\":\"ListItem\",\"position\":2,\"name\":\"Nos prestations d&#8217;improvisation appliqu\u00e9e en entreprise\",\"item\":\"https:\/\/improlabe.fr\/index.php\/nos-prestations-dimprovisation-appliquee-en-entreprise\/\"},{\"@type\":\"ListItem\",\"position\":3,\"name\":\"\u00c9v\u00e9nementiel\"}]},{\"@type\":\"WebSite\",\"@id\":\"https:\/\/improlabe.fr\/#website\",\"url\":\"https:\/\/improlabe.fr\/\",\"name\":\"improlabe.fr\",\"description\":\"Improlabe est une compagnie port\u00e9e par deux &lt;strong&gt;com\u00e9diennes de th\u00e9\u00e2tre d\u2019improvisation \u00e0 Tours&lt;\/strong&gt;, engag\u00e9es dans la cr\u00e9ation, la transmission et l\u2019exploration des pratiques improvis\u00e9es contemporaines.&lt;br&gt;Car la Compagnie Improlabe n\u2019est pas qu\u2019un laboratoire : c\u2019est aussi et surtout un lieu d\u2019exploration de l\u2019improvisation th\u00e9\u00e2trale. \u00c0 la mani\u00e8re de l\u2019astrolabe qui guidait marins et explorateurs en des temps recul\u00e9s, Improlabe est un outil de d\u00e9couverte et d\u2019ouverture vers l\u2019ensemble des pratiques th\u00e9\u00e2trales improvis\u00e9es d\u2019aujourd\u2019hui, en Touraine, en France et \u00e0 l\u2019\u00e9tranger.&lt;br&gt;\u00c0 travers ses ateliers, stages, spectacles, interventions p\u00e9dagogiques et prestations \u00e0 destination du monde de l\u2019entreprise et des professionnels, Improlabe d\u00e9ploie l\u2019univers de l\u2019improvisation th\u00e9\u00e2trale aupr\u00e8s de publics vari\u00e9s, dans une approche exigeante, accessible et profond\u00e9ment humaine.\",\"publisher\":{\"@id\":\"https:\/\/improlabe.fr\/#organization\"},\"potentialAction\":[{\"@type\":\"SearchAction\",\"target\":{\"@type\":\"EntryPoint\",\"urlTemplate\":\"https:\/\/improlabe.fr\/?s={search_term_string}\"},\"query-input\":{\"@type\":\"PropertyValueSpecification\",\"valueRequired\":true,\"valueName\":\"search_term_string\"}}],\"inLanguage\":\"fr-FR\"},{\"@type\":\"Organization\",\"@id\":\"https:\/\/improlabe.fr\/#organization\",\"name\":\"Compagnie Improlabe\",\"url\":\"https:\/\/improlabe.fr\/\",\"logo\":{\"@type\":\"ImageObject\",\"inLanguage\":\"fr-FR\",\"@id\":\"https:\/\/improlabe.fr\/#\/schema\/logo\/image\/\",\"url\":\"https:\/\/improlabe.fr\/wp-content\/uploads\/2025\/04\/cropped-BANDEAU-LOGO-v26-3-scaled-1.jpg\",\"contentUrl\":\"https:\/\/improlabe.fr\/wp-content\/uploads\/2025\/04\/cropped-BANDEAU-LOGO-v26-3-scaled-1.jpg\",\"width\":2413,\"height\":878,\"caption\":\"Compagnie Improlabe\"},\"image\":{\"@id\":\"https:\/\/improlabe.fr\/#\/schema\/logo\/image\/\"},\"sameAs\":[\"https:\/\/www.facebook.com\/profile.php?id=61575341305513\",\"https:\/\/www.instagram.com\/improlabe_tours\/\",\"https:\/\/www.linkedin.com\/company\/improlabe\"]}]}<\/script>\n<!-- \/ Yoast SEO plugin. -->","yoast_head_json":{"title":"Animation \u00e9v\u00e9nementielle \u00e0 Tours \u2013 S\u00e9minaires, Team Building, ...","description":"Improlabe propose des animations \u00e9v\u00e9nementielles \u00e0 Tours : s\u00e9minaires, conf\u00e9rences interactives, team building et formats participatifs !","robots":{"index":"index","follow":"follow","max-snippet":"max-snippet:-1","max-image-preview":"max-image-preview:large","max-video-preview":"max-video-preview:-1"},"canonical":"https:\/\/improlabe.fr\/index.php\/nos-prestations-dimprovisation-appliquee-en-entreprise\/evenementiel-sur-mesure\/","og_locale":"fr_FR","og_type":"article","og_title":"Animation \u00e9v\u00e9nementielle \u00e0 Tours \u2013 S\u00e9minaires, Team Building, ...","og_description":"Improlabe propose des animations \u00e9v\u00e9nementielles \u00e0 Tours : s\u00e9minaires, conf\u00e9rences interactives, team building et formats participatifs !","og_url":"https:\/\/improlabe.fr\/index.php\/nos-prestations-dimprovisation-appliquee-en-entreprise\/evenementiel-sur-mesure\/","article_publisher":"https:\/\/www.facebook.com\/profile.php?id=61575341305513","article_modified_time":"2025-12-29T23:55:45+00:00","twitter_card":"summary_large_image","twitter_misc":{"Dur\u00e9e de lecture estim\u00e9e":"4 minutes"},"schema":{"@context":"https:\/\/schema.org","@graph":[{"@type":"WebPage","@id":"https:\/\/improlabe.fr\/index.php\/nos-prestations-dimprovisation-appliquee-en-entreprise\/evenementiel-sur-mesure\/","url":"https:\/\/improlabe.fr\/index.php\/nos-prestations-dimprovisation-appliquee-en-entreprise\/evenementiel-sur-mesure\/","name":"Animation \u00e9v\u00e9nementielle \u00e0 Tours \u2013 S\u00e9minaires, Team Building, ...","isPartOf":{"@id":"https:\/\/improlabe.fr\/#website"},"datePublished":"2025-05-08T01:17:19+00:00","dateModified":"2025-12-29T23:55:45+00:00","description":"Improlabe propose des animations \u00e9v\u00e9nementielles \u00e0 Tours : s\u00e9minaires, conf\u00e9rences interactives, team building et formats participatifs !","breadcrumb":{"@id":"https:\/\/improlabe.fr\/index.php\/nos-prestations-dimprovisation-appliquee-en-entreprise\/evenementiel-sur-mesure\/#breadcrumb"},"inLanguage":"fr-FR","potentialAction":[{"@type":"ReadAction","target":["https:\/\/improlabe.fr\/index.php\/nos-prestations-dimprovisation-appliquee-en-entreprise\/evenementiel-sur-mesure\/"]}]},{"@type":"BreadcrumbList","@id":"https:\/\/improlabe.fr\/index.php\/nos-prestations-dimprovisation-appliquee-en-entreprise\/evenementiel-sur-mesure\/#breadcrumb","itemListElement":[{"@type":"ListItem","position":1,"name":"Accueil","item":"https:\/\/improlabe.fr\/"},{"@type":"ListItem","position":2,"name":"Nos prestations d&#8217;improvisation appliqu\u00e9e en entreprise","item":"https:\/\/improlabe.fr\/index.php\/nos-prestations-dimprovisation-appliquee-en-entreprise\/"},{"@type":"ListItem","position":3,"name":"\u00c9v\u00e9nementiel"}]},{"@type":"WebSite","@id":"https:\/\/improlabe.fr\/#website","url":"https:\/\/improlabe.fr\/","name":"improlabe.fr","description":"Improlabe est une compagnie port\u00e9e par deux &lt;strong&gt;com\u00e9diennes de th\u00e9\u00e2tre d\u2019improvisation \u00e0 Tours&lt;\/strong&gt;, engag\u00e9es dans la cr\u00e9ation, la transmission et l\u2019exploration des pratiques improvis\u00e9es contemporaines.&lt;br&gt;Car la Compagnie Improlabe n\u2019est pas qu\u2019un laboratoire : c\u2019est aussi et surtout un lieu d\u2019exploration de l\u2019improvisation th\u00e9\u00e2trale. \u00c0 la mani\u00e8re de l\u2019astrolabe qui guidait marins et explorateurs en des temps recul\u00e9s, Improlabe est un outil de d\u00e9couverte et d\u2019ouverture vers l\u2019ensemble des pratiques th\u00e9\u00e2trales improvis\u00e9es d\u2019aujourd\u2019hui, en Touraine, en France et \u00e0 l\u2019\u00e9tranger.&lt;br&gt;\u00c0 travers ses ateliers, stages, spectacles, interventions p\u00e9dagogiques et prestations \u00e0 destination du monde de l\u2019entreprise et des professionnels, Improlabe d\u00e9ploie l\u2019univers de l\u2019improvisation th\u00e9\u00e2trale aupr\u00e8s de publics vari\u00e9s, dans une approche exigeante, accessible et profond\u00e9ment humaine.","publisher":{"@id":"https:\/\/improlabe.fr\/#organization"},"potentialAction":[{"@type":"SearchAction","target":{"@type":"EntryPoint","urlTemplate":"https:\/\/improlabe.fr\/?s={search_term_string}"},"query-input":{"@type":"PropertyValueSpecification","valueRequired":true,"valueName":"search_term_string"}}],"inLanguage":"fr-FR"},{"@type":"Organization","@id":"https:\/\/improlabe.fr\/#organization","name":"Compagnie Improlabe","url":"https:\/\/improlabe.fr\/","logo":{"@type":"ImageObject","inLanguage":"fr-FR","@id":"https:\/\/improlabe.fr\/#\/schema\/logo\/image\/","url":"https:\/\/improlabe.fr\/wp-content\/uploads\/2025\/04\/cropped-BANDEAU-LOGO-v26-3-scaled-1.jpg","contentUrl":"https:\/\/improlabe.fr\/wp-content\/uploads\/2025\/04\/cropped-BANDEAU-LOGO-v26-3-scaled-1.jpg","width":2413,"height":878,"caption":"Compagnie Improlabe"},"image":{"@id":"https:\/\/improlabe.fr\/#\/schema\/logo\/image\/"},"sameAs":["https:\/\/www.facebook.com\/profile.php?id=61575341305513","https:\/\/www.instagram.com\/improlabe_tours\/","https:\/\/www.linkedin.com\/company\/improlabe"]}]}},"_links":{"self":[{"href":"https:\/\/improlabe.fr\/index.php\/wp-json\/wp\/v2\/pages\/175","targetHints":{"allow":["GET"]}}],"collection":[{"href":"https:\/\/improlabe.fr\/index.php\/wp-json\/wp\/v2\/pages"}],"about":[{"href":"https:\/\/improlabe.fr\/index.php\/wp-json\/wp\/v2\/types\/page"}],"author":[{"embeddable":true,"href":"https:\/\/improlabe.fr\/index.php\/wp-json\/wp\/v2\/users\/1"}],"replies":[{"embeddable":true,"href":"https:\/\/improlabe.fr\/index.php\/wp-json\/wp\/v2\/comments?post=175"}],"version-history":[{"count":10,"href":"https:\/\/improlabe.fr\/index.php\/wp-json\/wp\/v2\/pages\/175\/revisions"}],"predecessor-version":[{"id":1099,"href":"https:\/\/improlabe.fr\/index.php\/wp-json\/wp\/v2\/pages\/175\/revisions\/1099"}],"up":[{"embeddable":true,"href":"https:\/\/improlabe.fr\/index.php\/wp-json\/wp\/v2\/pages\/126"}],"wp:attachment":[{"href":"https:\/\/improlabe.fr\/index.php\/wp-json\/wp\/v2\/media?parent=175"}],"curies":[{"name":"wp","href":"https:\/\/api.w.org\/{rel}","templated":true}]}}