{"id":171,"date":"2025-05-08T03:15:05","date_gmt":"2025-05-08T01:15:05","guid":{"rendered":"http:\/\/yolckze.cluster100.hosting.ovh.net\/?page_id=171"},"modified":"2025-12-30T01:56:54","modified_gmt":"2025-12-30T00:56:54","slug":"theatre-forum","status":"publish","type":"page","link":"https:\/\/improlabe.fr\/index.php\/nos-prestations-dimprovisation-appliquee-en-entreprise\/theatre-forum\/","title":{"rendered":"Th\u00e9\u00e2tre forum &#8211; ouvert \u00e0 tous et toutes"},"content":{"rendered":"\n<h4 class=\"wp-block-heading has-vivid-red-color has-text-color has-link-color wp-elements-79adff097d120d24c9765d4d1789d993\">Et si le th\u00e9\u00e2tre pouvait faire bouger les lignes ?<\/h4>\n\n\n\n<div style=\"height:20px\" aria-hidden=\"true\" class=\"wp-block-spacer\"><\/div>\n\n\n\n<p>Le th\u00e9\u00e2tre forum pour les organisations \u00e0 Tours est un outil participatif permettant d\u2019aborder des situations complexes au sein des entreprises, associations, \u00e9tablissements scolaires ou structures m\u00e9dico-sociales, et d\u2019ouvrir un espace de dialogue et d\u2019exp\u00e9rimentation collective.<\/p>\n\n\n\n<div style=\"height:20px\" aria-hidden=\"true\" class=\"wp-block-spacer\"><\/div>\n\n\n<div class=\"wp-block-image\">\n<figure class=\"aligncenter size-full is-resized\"><img loading=\"lazy\" decoding=\"async\" width=\"512\" height=\"783\" src=\"https:\/\/improlabe.fr\/wp-content\/uploads\/2025\/12\/Theatre-forum-a-Tours-\u2013-intervention-participative-aupres-dune-organisation-animee-par-Improlabe.png\" alt=\"Th\u00e9\u00e2tre forum \u00e0 Tours \u2013 intervention participative aupr\u00e8s d\u2019une organisation anim\u00e9e par Improlabe\n\" class=\"wp-image-1048\" style=\"width:350px;height:auto\" srcset=\"https:\/\/improlabe.fr\/wp-content\/uploads\/2025\/12\/Theatre-forum-a-Tours-\u2013-intervention-participative-aupres-dune-organisation-animee-par-Improlabe.png 512w, https:\/\/improlabe.fr\/wp-content\/uploads\/2025\/12\/Theatre-forum-a-Tours-\u2013-intervention-participative-aupres-dune-organisation-animee-par-Improlabe-196x300.png 196w\" sizes=\"auto, (max-width: 512px) 100vw, 512px\" \/><\/figure>\n<\/div>\n\n\n<div style=\"height:20px\" aria-hidden=\"true\" class=\"wp-block-spacer\"><\/div>\n\n\n\n<p>Le <strong>th\u00e9\u00e2tre forum<\/strong>, c\u2019est un outil artistique, participatif et politique.<br>C\u2019est un espace pour mettre en sc\u00e8ne des situations de tension, d\u2019injustice ou de blocage, et tester ensemble des alternatives concr\u00e8tes.<br>C\u2019est du th\u00e9\u00e2tre\u2026 mais ce sont aussi des d\u00e9bats, des \u00e9motions, des exp\u00e9riences partag\u00e9es.<br>A la Compagnie Improlabe, nous en faisons un levier de r\u00e9flexion, de sensibilisation et d\u2019action collective.<\/p>\n\n\n\n<div style=\"height:40px\" aria-hidden=\"true\" class=\"wp-block-spacer\"><\/div>\n\n\n\n<h4 class=\"wp-block-heading has-vivid-red-color has-text-color has-link-color wp-elements-c640a51860e1e5d81dd9a2ffe6c5f790\">Ce que nous proposons<\/h4>\n\n\n\n<div style=\"height:10px\" aria-hidden=\"true\" class=\"wp-block-spacer\"><\/div>\n\n\n\n<p>La Compagnie Improlabe con\u00e7oit et anime des <strong>interventions de th\u00e9\u00e2tre forum sur mesure ou cl\u00e9s en main<\/strong>, dans les \u00e9tablissements, les collectivit\u00e9s, les associations, les entreprises ou les lieux publics.<\/p>\n\n\n\n<p>Nous partons d\u2019un th\u00e8me, d\u2019un v\u00e9cu ou d\u2019un contexte pour cr\u00e9er une sc\u00e8ne jou\u00e9e par des com\u00e9dien\u00b7nes.<br>La sc\u00e8ne met en lumi\u00e8re une situation bloqu\u00e9e, un probl\u00e8me r\u00e9current, une tension humaine ou professionnelle.<br>Puis, le public entre en jeu : il peut interrompre la sc\u00e8ne, venir remplacer un personnage, tester une autre posture, poser une question\u2026 et <strong>devenir acteur du changement<\/strong>.<\/p>\n\n\n\n<p>Le th\u00e9\u00e2tre forum permet de :<\/p>\n\n\n\n<ul class=\"wp-block-list\">\n<li><strong>Ouvrir un espace de parole s\u00e9curis\u00e9 et vivant<\/strong><\/li>\n\n\n\n<li><strong>Sensibiliser sans moraliser<\/strong><\/li>\n\n\n\n<li><strong>Exp\u00e9rimenter autrement des postures ou des d\u00e9cisions<\/strong><\/li>\n\n\n\n<li><strong>Faire \u00e9merger des pistes d\u2019actions concr\u00e8tes<\/strong><\/li>\n\n\n\n<li><strong>Renforcer l\u2019intelligence collective autour de sujets sensibles<\/strong><\/li>\n<\/ul>\n\n\n\n<div style=\"height:40px\" aria-hidden=\"true\" class=\"wp-block-spacer\"><\/div>\n\n\n\n<h4 class=\"wp-block-heading has-vivid-red-color has-text-color has-link-color wp-elements-68835182e3685afd2b16183792eb9b8b\">Th\u00e9matiques possibles<\/h4>\n\n\n\n<div style=\"height:10px\" aria-hidden=\"true\" class=\"wp-block-spacer\"><\/div>\n\n\n\n<p>Nous pouvons cr\u00e9er des interventions sur mesure ou intervenir sur des th\u00e9matiques d\u00e9j\u00e0 travaill\u00e9es.<br>Quelques exemples de sujets abord\u00e9s :<\/p>\n\n\n\n<ul class=\"wp-block-list\">\n<li>Communication interne et conflits au travail<\/li>\n\n\n\n<li>Harc\u00e8lement moral ou sexiste<\/li>\n\n\n\n<li>Accueil et accompagnement des publics<\/li>\n\n\n\n<li>Inclusion et discriminations<\/li>\n\n\n\n<li>Autorit\u00e9 bienveillante \/ posture \u00e9ducative<\/li>\n\n\n\n<li>Relations interg\u00e9n\u00e9rationnelles<\/li>\n\n\n\n<li>Prise en compte des \u00e9motions au travail<\/li>\n\n\n\n<li>Lien entre b\u00e9n\u00e9voles et salari\u00e9\u00b7es<\/li>\n\n\n\n<li>Posture manag\u00e9riale ou relation hi\u00e9rarchique<\/li>\n<\/ul>\n\n\n\n<div style=\"height:40px\" aria-hidden=\"true\" class=\"wp-block-spacer\"><\/div>\n\n\n\n<h4 class=\"wp-block-heading has-vivid-red-color has-text-color has-link-color wp-elements-c19d79ec1b57b2d781297bae7cffe445\">Pour qui ?<\/h4>\n\n\n\n<div style=\"height:10px\" aria-hidden=\"true\" class=\"wp-block-spacer\"><\/div>\n\n\n\n<p>Le th\u00e9\u00e2tre forum s\u2019adresse \u00e0 tous les groupes confront\u00e9s \u00e0 des probl\u00e9matiques humaines, relationnelles ou sociales.<br>Nous intervenons notamment aupr\u00e8s :<\/p>\n\n\n\n<ul class=\"wp-block-list\">\n<li>d\u2019\u00e9quipes de travail (salari\u00e9\u00b7es, manager\u00b7euses, agent\u00b7es de collectivit\u00e9, encadrant\u00b7es)<\/li>\n\n\n\n<li>de b\u00e9n\u00e9voles ou de professionnel\u00b7les associatifs<\/li>\n\n\n\n<li>d\u2019adultes en formation ou en insertion<\/li>\n\n\n\n<li>de jeunes en \u00e9tablissement scolaire ou en mission locale<\/li>\n\n\n\n<li>du grand public (quartiers, \u00e9v\u00e9nements citoyens, festivals\u2026)<\/li>\n<\/ul>\n\n\n\n<div style=\"height:40px\" aria-hidden=\"true\" class=\"wp-block-spacer\"><\/div>\n\n\n\n<h4 class=\"wp-block-heading has-vivid-red-color has-text-color has-link-color wp-elements-f76ade87ced0b20004fd27d605e68056\">Notre approche Improlabe<\/h4>\n\n\n\n<div style=\"height:10px\" aria-hidden=\"true\" class=\"wp-block-spacer\"><\/div>\n\n\n\n<p>Vanessa Auger, formatrice et com\u00e9dienne au sein de la Compagnie Improlabe, est form\u00e9e aux techniques du <a href=\"https:\/\/fr.wikipedia.org\/wiki\/Th%C3%A9%C3%A2tre_de_l%27Opprim%C3%A9#:~:text=Le%20Th%C3%A9%C3%A2tre%20Forum%20est%20n%C3%A9,action%20dramatique%20qu'ils%20regardaient.\" target=\"_blank\" rel=\"noreferrer noopener\">Th\u00e9\u00e2tre de l\u2019Opprim\u00e9<\/a>, une approche participative d\u00e9velopp\u00e9e pour questionner et transformer les situations de domination et de conflit.<\/p>\n\n\n\n<p>Nous animons chaque s\u00e9ance avec <strong>\u00e9coute, clart\u00e9, rigueur et humour<\/strong>.<br>Notre objectif n\u2019est pas de dire ce qu\u2019il faut penser ou faire, mais de <strong>poser des questions justes<\/strong>, de <strong>mettre en mouvement<\/strong>, et d\u2019<strong>ouvrir des perspectives<\/strong>.<\/p>\n\n\n\n<p>Nous mettons notre exp\u00e9rience de l\u2019improvisation, du th\u00e9\u00e2tre d\u2019intervention et de la p\u00e9dagogie au service de ces espaces sensibles, en respectant les rythmes, les enjeux et les r\u00e9alit\u00e9s de chacun\u00b7e.<\/p>\n\n\n\n<div style=\"height:40px\" aria-hidden=\"true\" class=\"wp-block-spacer\"><\/div>\n\n\n\n<h4 class=\"wp-block-heading has-vivid-red-color has-text-color has-link-color wp-elements-903404f25a972cadb281ebc62f46acbe\">Infos pratiques<\/h4>\n\n\n\n<div style=\"height:10px\" aria-hidden=\"true\" class=\"wp-block-spacer\"><\/div>\n\n\n\n<p><strong>Format<\/strong> :<\/p>\n\n\n\n<ul class=\"wp-block-list\">\n<li>S\u00e9ance de 1h30 \u00e0 3h, selon votre besoin<\/li>\n\n\n\n<li>Possibilit\u00e9 d\u2019une <strong>repr\u00e9sentation + d\u00e9bat<\/strong> ou d\u2019un <strong>cycle d\u2019ateliers + repr\u00e9sentation<\/strong><\/li>\n<\/ul>\n\n\n\n<p><strong>Public<\/strong> :<\/p>\n\n\n\n<ul class=\"wp-block-list\">\n<li>Jusqu\u2019\u00e0 120 personnes en configuration th\u00e9\u00e2tre<\/li>\n\n\n\n<li>Jusqu\u2019\u00e0 15 participant\u00b7es pour les formats participatifs \/ formations<\/li>\n<\/ul>\n\n\n\n<p><strong>Lieu<\/strong> :<\/p>\n\n\n\n<ul class=\"wp-block-list\">\n<li>Dans vos locaux ou dans une salle mise \u00e0 disposition (nous pouvons en louer si besoin)<\/li>\n\n\n\n<li>Partout en France<\/li>\n<\/ul>\n\n\n\n<p><strong>Tarif<\/strong> :<br>Sur devis, en fonction du format, du lieu, de la pr\u00e9paration n\u00e9cessaire et du nombre d\u2019intervenant\u00b7es.<br>Nous pouvons aussi co-construire des projets sur financement participatif, subventions ou appels \u00e0 projets.<\/p>\n\n\n\n<div style=\"height:40px\" aria-hidden=\"true\" class=\"wp-block-spacer\"><\/div>\n\n\n\n<h4 class=\"wp-block-heading has-vivid-red-color has-text-color has-link-color wp-elements-c0cc9573719d9cd0458333b37940ab7e\">Envie d\u2019en parler ?<\/h4>\n\n\n\n<div style=\"height:10px\" aria-hidden=\"true\" class=\"wp-block-spacer\"><\/div>\n\n\n\n<p>Vous avez une probl\u00e9matique \u00e0 aborder ?<br>Un groupe \u00e0 faire r\u00e9fl\u00e9chir, un besoin de prise de recul, ou l\u2019envie de faire \u00e9merger des solutions autrement ?<\/p>\n\n\n\n<p>\u00c9crivez-nous \u00e0 <strong>improlabe@gmail.com<\/strong> ou demandez un premier \u00e9change par t\u00e9l\u00e9phone : nous \u00e9tudierons ensemble la forme la plus adapt\u00e9e \u00e0 votre contexte.<\/p>\n\n\n\n<div style=\"height:20px\" aria-hidden=\"true\" class=\"wp-block-spacer\"><\/div>\n\n\n\n<figure class=\"wp-block-image size-full is-resized\"><img loading=\"lazy\" decoding=\"async\" width=\"307\" height=\"164\" src=\"https:\/\/improlabe.fr\/wp-content\/uploads\/2025\/12\/Certification-Qualiopi-\u2013-formations-professionnelles-en-theatre-dimprovisation-2.png\" alt=\"Certification Qualiopi \u2013 formations professionnelles en th\u00e9\u00e2tre d\u2019improvisation\" class=\"wp-image-1051\" style=\"width:166px;height:auto\" srcset=\"https:\/\/improlabe.fr\/wp-content\/uploads\/2025\/12\/Certification-Qualiopi-\u2013-formations-professionnelles-en-theatre-dimprovisation-2.png 307w, https:\/\/improlabe.fr\/wp-content\/uploads\/2025\/12\/Certification-Qualiopi-\u2013-formations-professionnelles-en-theatre-dimprovisation-2-300x160.png 300w\" sizes=\"auto, (max-width: 307px) 100vw, 307px\" \/><\/figure>\n\n\n\n<div style=\"height:20px\" aria-hidden=\"true\" class=\"wp-block-spacer\"><\/div>\n\n\n\n<p>Envie de connaitre nos autres prestations ? <\/p>\n\n\n\n<div style=\"height:20px\" aria-hidden=\"true\" class=\"wp-block-spacer\"><\/div>\n\n\n\n<div class=\"wp-block-buttons is-layout-flex wp-block-buttons-is-layout-flex\">\n<div class=\"wp-block-button has-custom-width wp-block-button__width-50\"><a class=\"wp-block-button__link has-vivid-red-background-color has-background wp-element-button\" href=\"https:\/\/improlabe.fr\/index.php\/nos-prestations-dimprovisation-appliquee-en-entreprise\/\" target=\"_blank\" rel=\"noreferrer noopener\">Cliquez ici !<\/a><\/div>\n<\/div>\n","protected":false},"excerpt":{"rendered":"<p>Et si le th\u00e9\u00e2tre pouvait faire bouger les lignes ? Le th\u00e9\u00e2tre forum pour les organisations \u00e0 Tours est un outil participatif permettant d\u2019aborder des situations complexes au sein des entreprises, associations, \u00e9tablissements scolaires ou structures m\u00e9dico-sociales, et d\u2019ouvrir un espace de dialogue et d\u2019exp\u00e9rimentation collective. Le th\u00e9\u00e2tre forum, c\u2019est un outil artistique, participatif et [&hellip;]<\/p>\n","protected":false},"author":1,"featured_media":0,"parent":126,"menu_order":0,"comment_status":"closed","ping_status":"closed","template":"","meta":{"footnotes":""},"class_list":["post-171","page","type-page","status-publish","hentry"],"yoast_head":"<!-- This site is optimized with the Yoast SEO plugin v26.8 - https:\/\/yoast.com\/product\/yoast-seo-wordpress\/ -->\n<title>Th\u00e9\u00e2tre forum pour les organisations Tours \u2013 Compagnie Improlabe<\/title>\n<meta name=\"description\" content=\"Improlabe con\u00e7oit des interventions de th\u00e9\u00e2tre forum : entreprises, associations, \u00e9tablissements scolaires et structures m\u00e9dico-sociales.\" \/>\n<meta name=\"robots\" content=\"index, follow, max-snippet:-1, max-image-preview:large, max-video-preview:-1\" \/>\n<link rel=\"canonical\" href=\"https:\/\/improlabe.fr\/index.php\/nos-prestations-dimprovisation-appliquee-en-entreprise\/theatre-forum\/\" \/>\n<meta property=\"og:locale\" content=\"fr_FR\" \/>\n<meta property=\"og:type\" content=\"article\" \/>\n<meta property=\"og:title\" content=\"Th\u00e9\u00e2tre forum pour les organisations Tours \u2013 Compagnie Improlabe\" \/>\n<meta property=\"og:description\" content=\"Improlabe con\u00e7oit des interventions de th\u00e9\u00e2tre forum : entreprises, associations, \u00e9tablissements scolaires et structures m\u00e9dico-sociales.\" \/>\n<meta property=\"og:url\" content=\"https:\/\/improlabe.fr\/index.php\/nos-prestations-dimprovisation-appliquee-en-entreprise\/theatre-forum\/\" \/>\n<meta property=\"article:publisher\" content=\"https:\/\/www.facebook.com\/profile.php?id=61575341305513\" \/>\n<meta property=\"article:modified_time\" content=\"2025-12-30T00:56:54+00:00\" \/>\n<meta name=\"twitter:card\" content=\"summary_large_image\" \/>\n<meta name=\"twitter:label1\" content=\"Dur\u00e9e de lecture estim\u00e9e\" \/>\n\t<meta name=\"twitter:data1\" content=\"4 minutes\" \/>\n<script type=\"application\/ld+json\" class=\"yoast-schema-graph\">{\"@context\":\"https:\/\/schema.org\",\"@graph\":[{\"@type\":\"WebPage\",\"@id\":\"https:\/\/improlabe.fr\/index.php\/nos-prestations-dimprovisation-appliquee-en-entreprise\/theatre-forum\/\",\"url\":\"https:\/\/improlabe.fr\/index.php\/nos-prestations-dimprovisation-appliquee-en-entreprise\/theatre-forum\/\",\"name\":\"Th\u00e9\u00e2tre forum pour les organisations Tours \u2013 Compagnie Improlabe\",\"isPartOf\":{\"@id\":\"https:\/\/improlabe.fr\/#website\"},\"datePublished\":\"2025-05-08T01:15:05+00:00\",\"dateModified\":\"2025-12-30T00:56:54+00:00\",\"description\":\"Improlabe con\u00e7oit des interventions de th\u00e9\u00e2tre forum : entreprises, associations, \u00e9tablissements scolaires et structures m\u00e9dico-sociales.\",\"breadcrumb\":{\"@id\":\"https:\/\/improlabe.fr\/index.php\/nos-prestations-dimprovisation-appliquee-en-entreprise\/theatre-forum\/#breadcrumb\"},\"inLanguage\":\"fr-FR\",\"potentialAction\":[{\"@type\":\"ReadAction\",\"target\":[\"https:\/\/improlabe.fr\/index.php\/nos-prestations-dimprovisation-appliquee-en-entreprise\/theatre-forum\/\"]}]},{\"@type\":\"BreadcrumbList\",\"@id\":\"https:\/\/improlabe.fr\/index.php\/nos-prestations-dimprovisation-appliquee-en-entreprise\/theatre-forum\/#breadcrumb\",\"itemListElement\":[{\"@type\":\"ListItem\",\"position\":1,\"name\":\"Accueil\",\"item\":\"https:\/\/improlabe.fr\/\"},{\"@type\":\"ListItem\",\"position\":2,\"name\":\"Nos prestations d&#8217;improvisation appliqu\u00e9e en entreprise\",\"item\":\"https:\/\/improlabe.fr\/index.php\/nos-prestations-dimprovisation-appliquee-en-entreprise\/\"},{\"@type\":\"ListItem\",\"position\":3,\"name\":\"Th\u00e9\u00e2tre forum &#8211; ouvert \u00e0 tous et toutes\"}]},{\"@type\":\"WebSite\",\"@id\":\"https:\/\/improlabe.fr\/#website\",\"url\":\"https:\/\/improlabe.fr\/\",\"name\":\"improlabe.fr\",\"description\":\"Improlabe est une compagnie port\u00e9e par deux &lt;strong&gt;com\u00e9diennes de th\u00e9\u00e2tre d\u2019improvisation \u00e0 Tours&lt;\/strong&gt;, engag\u00e9es dans la cr\u00e9ation, la transmission et l\u2019exploration des pratiques improvis\u00e9es contemporaines.&lt;br&gt;Car la Compagnie Improlabe n\u2019est pas qu\u2019un laboratoire : c\u2019est aussi et surtout un lieu d\u2019exploration de l\u2019improvisation th\u00e9\u00e2trale. \u00c0 la mani\u00e8re de l\u2019astrolabe qui guidait marins et explorateurs en des temps recul\u00e9s, Improlabe est un outil de d\u00e9couverte et d\u2019ouverture vers l\u2019ensemble des pratiques th\u00e9\u00e2trales improvis\u00e9es d\u2019aujourd\u2019hui, en Touraine, en France et \u00e0 l\u2019\u00e9tranger.&lt;br&gt;\u00c0 travers ses ateliers, stages, spectacles, interventions p\u00e9dagogiques et prestations \u00e0 destination du monde de l\u2019entreprise et des professionnels, Improlabe d\u00e9ploie l\u2019univers de l\u2019improvisation th\u00e9\u00e2trale aupr\u00e8s de publics vari\u00e9s, dans une approche exigeante, accessible et profond\u00e9ment humaine.\",\"publisher\":{\"@id\":\"https:\/\/improlabe.fr\/#organization\"},\"potentialAction\":[{\"@type\":\"SearchAction\",\"target\":{\"@type\":\"EntryPoint\",\"urlTemplate\":\"https:\/\/improlabe.fr\/?s={search_term_string}\"},\"query-input\":{\"@type\":\"PropertyValueSpecification\",\"valueRequired\":true,\"valueName\":\"search_term_string\"}}],\"inLanguage\":\"fr-FR\"},{\"@type\":\"Organization\",\"@id\":\"https:\/\/improlabe.fr\/#organization\",\"name\":\"Compagnie Improlabe\",\"url\":\"https:\/\/improlabe.fr\/\",\"logo\":{\"@type\":\"ImageObject\",\"inLanguage\":\"fr-FR\",\"@id\":\"https:\/\/improlabe.fr\/#\/schema\/logo\/image\/\",\"url\":\"https:\/\/improlabe.fr\/wp-content\/uploads\/2025\/04\/cropped-BANDEAU-LOGO-v26-3-scaled-1.jpg\",\"contentUrl\":\"https:\/\/improlabe.fr\/wp-content\/uploads\/2025\/04\/cropped-BANDEAU-LOGO-v26-3-scaled-1.jpg\",\"width\":2413,\"height\":878,\"caption\":\"Compagnie Improlabe\"},\"image\":{\"@id\":\"https:\/\/improlabe.fr\/#\/schema\/logo\/image\/\"},\"sameAs\":[\"https:\/\/www.facebook.com\/profile.php?id=61575341305513\",\"https:\/\/www.instagram.com\/improlabe_tours\/\",\"https:\/\/www.linkedin.com\/company\/improlabe\"]}]}<\/script>\n<!-- \/ Yoast SEO plugin. -->","yoast_head_json":{"title":"Th\u00e9\u00e2tre forum pour les organisations Tours \u2013 Compagnie Improlabe","description":"Improlabe con\u00e7oit des interventions de th\u00e9\u00e2tre forum : entreprises, associations, \u00e9tablissements scolaires et structures m\u00e9dico-sociales.","robots":{"index":"index","follow":"follow","max-snippet":"max-snippet:-1","max-image-preview":"max-image-preview:large","max-video-preview":"max-video-preview:-1"},"canonical":"https:\/\/improlabe.fr\/index.php\/nos-prestations-dimprovisation-appliquee-en-entreprise\/theatre-forum\/","og_locale":"fr_FR","og_type":"article","og_title":"Th\u00e9\u00e2tre forum pour les organisations Tours \u2013 Compagnie Improlabe","og_description":"Improlabe con\u00e7oit des interventions de th\u00e9\u00e2tre forum : entreprises, associations, \u00e9tablissements scolaires et structures m\u00e9dico-sociales.","og_url":"https:\/\/improlabe.fr\/index.php\/nos-prestations-dimprovisation-appliquee-en-entreprise\/theatre-forum\/","article_publisher":"https:\/\/www.facebook.com\/profile.php?id=61575341305513","article_modified_time":"2025-12-30T00:56:54+00:00","twitter_card":"summary_large_image","twitter_misc":{"Dur\u00e9e de lecture estim\u00e9e":"4 minutes"},"schema":{"@context":"https:\/\/schema.org","@graph":[{"@type":"WebPage","@id":"https:\/\/improlabe.fr\/index.php\/nos-prestations-dimprovisation-appliquee-en-entreprise\/theatre-forum\/","url":"https:\/\/improlabe.fr\/index.php\/nos-prestations-dimprovisation-appliquee-en-entreprise\/theatre-forum\/","name":"Th\u00e9\u00e2tre forum pour les organisations Tours \u2013 Compagnie Improlabe","isPartOf":{"@id":"https:\/\/improlabe.fr\/#website"},"datePublished":"2025-05-08T01:15:05+00:00","dateModified":"2025-12-30T00:56:54+00:00","description":"Improlabe con\u00e7oit des interventions de th\u00e9\u00e2tre forum : entreprises, associations, \u00e9tablissements scolaires et structures m\u00e9dico-sociales.","breadcrumb":{"@id":"https:\/\/improlabe.fr\/index.php\/nos-prestations-dimprovisation-appliquee-en-entreprise\/theatre-forum\/#breadcrumb"},"inLanguage":"fr-FR","potentialAction":[{"@type":"ReadAction","target":["https:\/\/improlabe.fr\/index.php\/nos-prestations-dimprovisation-appliquee-en-entreprise\/theatre-forum\/"]}]},{"@type":"BreadcrumbList","@id":"https:\/\/improlabe.fr\/index.php\/nos-prestations-dimprovisation-appliquee-en-entreprise\/theatre-forum\/#breadcrumb","itemListElement":[{"@type":"ListItem","position":1,"name":"Accueil","item":"https:\/\/improlabe.fr\/"},{"@type":"ListItem","position":2,"name":"Nos prestations d&#8217;improvisation appliqu\u00e9e en entreprise","item":"https:\/\/improlabe.fr\/index.php\/nos-prestations-dimprovisation-appliquee-en-entreprise\/"},{"@type":"ListItem","position":3,"name":"Th\u00e9\u00e2tre forum &#8211; ouvert \u00e0 tous et toutes"}]},{"@type":"WebSite","@id":"https:\/\/improlabe.fr\/#website","url":"https:\/\/improlabe.fr\/","name":"improlabe.fr","description":"Improlabe est une compagnie port\u00e9e par deux &lt;strong&gt;com\u00e9diennes de th\u00e9\u00e2tre d\u2019improvisation \u00e0 Tours&lt;\/strong&gt;, engag\u00e9es dans la cr\u00e9ation, la transmission et l\u2019exploration des pratiques improvis\u00e9es contemporaines.&lt;br&gt;Car la Compagnie Improlabe n\u2019est pas qu\u2019un laboratoire : c\u2019est aussi et surtout un lieu d\u2019exploration de l\u2019improvisation th\u00e9\u00e2trale. \u00c0 la mani\u00e8re de l\u2019astrolabe qui guidait marins et explorateurs en des temps recul\u00e9s, Improlabe est un outil de d\u00e9couverte et d\u2019ouverture vers l\u2019ensemble des pratiques th\u00e9\u00e2trales improvis\u00e9es d\u2019aujourd\u2019hui, en Touraine, en France et \u00e0 l\u2019\u00e9tranger.&lt;br&gt;\u00c0 travers ses ateliers, stages, spectacles, interventions p\u00e9dagogiques et prestations \u00e0 destination du monde de l\u2019entreprise et des professionnels, Improlabe d\u00e9ploie l\u2019univers de l\u2019improvisation th\u00e9\u00e2trale aupr\u00e8s de publics vari\u00e9s, dans une approche exigeante, accessible et profond\u00e9ment humaine.","publisher":{"@id":"https:\/\/improlabe.fr\/#organization"},"potentialAction":[{"@type":"SearchAction","target":{"@type":"EntryPoint","urlTemplate":"https:\/\/improlabe.fr\/?s={search_term_string}"},"query-input":{"@type":"PropertyValueSpecification","valueRequired":true,"valueName":"search_term_string"}}],"inLanguage":"fr-FR"},{"@type":"Organization","@id":"https:\/\/improlabe.fr\/#organization","name":"Compagnie Improlabe","url":"https:\/\/improlabe.fr\/","logo":{"@type":"ImageObject","inLanguage":"fr-FR","@id":"https:\/\/improlabe.fr\/#\/schema\/logo\/image\/","url":"https:\/\/improlabe.fr\/wp-content\/uploads\/2025\/04\/cropped-BANDEAU-LOGO-v26-3-scaled-1.jpg","contentUrl":"https:\/\/improlabe.fr\/wp-content\/uploads\/2025\/04\/cropped-BANDEAU-LOGO-v26-3-scaled-1.jpg","width":2413,"height":878,"caption":"Compagnie Improlabe"},"image":{"@id":"https:\/\/improlabe.fr\/#\/schema\/logo\/image\/"},"sameAs":["https:\/\/www.facebook.com\/profile.php?id=61575341305513","https:\/\/www.instagram.com\/improlabe_tours\/","https:\/\/www.linkedin.com\/company\/improlabe"]}]}},"_links":{"self":[{"href":"https:\/\/improlabe.fr\/index.php\/wp-json\/wp\/v2\/pages\/171","targetHints":{"allow":["GET"]}}],"collection":[{"href":"https:\/\/improlabe.fr\/index.php\/wp-json\/wp\/v2\/pages"}],"about":[{"href":"https:\/\/improlabe.fr\/index.php\/wp-json\/wp\/v2\/types\/page"}],"author":[{"embeddable":true,"href":"https:\/\/improlabe.fr\/index.php\/wp-json\/wp\/v2\/users\/1"}],"replies":[{"embeddable":true,"href":"https:\/\/improlabe.fr\/index.php\/wp-json\/wp\/v2\/comments?post=171"}],"version-history":[{"count":8,"href":"https:\/\/improlabe.fr\/index.php\/wp-json\/wp\/v2\/pages\/171\/revisions"}],"predecessor-version":[{"id":1121,"href":"https:\/\/improlabe.fr\/index.php\/wp-json\/wp\/v2\/pages\/171\/revisions\/1121"}],"up":[{"embeddable":true,"href":"https:\/\/improlabe.fr\/index.php\/wp-json\/wp\/v2\/pages\/126"}],"wp:attachment":[{"href":"https:\/\/improlabe.fr\/index.php\/wp-json\/wp\/v2\/media?parent=171"}],"curies":[{"name":"wp","href":"https:\/\/api.w.org\/{rel}","templated":true}]}}