{"id":168,"date":"2025-05-08T03:14:14","date_gmt":"2025-05-08T01:14:14","guid":{"rendered":"http:\/\/yolckze.cluster100.hosting.ovh.net\/?page_id=168"},"modified":"2025-12-30T01:54:42","modified_gmt":"2025-12-30T00:54:42","slug":"formations-sur-mesure","status":"publish","type":"page","link":"https:\/\/improlabe.fr\/index.php\/nos-prestations-dimprovisation-appliquee-en-entreprise\/formations-sur-mesure\/","title":{"rendered":"Votre formation sur mesure adapt\u00e9e Qualiopi"},"content":{"rendered":"\n<figure class=\"wp-block-image size-large is-resized\"><img loading=\"lazy\" decoding=\"async\" width=\"1024\" height=\"499\" src=\"https:\/\/improlabe.fr\/wp-content\/uploads\/2025\/12\/theatre-improvisation-tours-improlabe6-1024x499.jpg\" alt=\"Formation sur mesure atelier de th\u00e9\u00e2tre d'improvisation tours \" class=\"wp-image-1114\" style=\"aspect-ratio:2.052221713238662;width:548px;height:auto\" srcset=\"https:\/\/improlabe.fr\/wp-content\/uploads\/2025\/12\/theatre-improvisation-tours-improlabe6-1024x499.jpg 1024w, https:\/\/improlabe.fr\/wp-content\/uploads\/2025\/12\/theatre-improvisation-tours-improlabe6-300x146.jpg 300w, https:\/\/improlabe.fr\/wp-content\/uploads\/2025\/12\/theatre-improvisation-tours-improlabe6-768x374.jpg 768w, https:\/\/improlabe.fr\/wp-content\/uploads\/2025\/12\/theatre-improvisation-tours-improlabe6.jpg 1074w\" sizes=\"auto, (max-width: 1024px) 100vw, 1024px\" \/><\/figure>\n\n\n\n<div style=\"height:30px\" aria-hidden=\"true\" class=\"wp-block-spacer\"><\/div>\n\n\n\n<p>Les formations sur mesure \u00e0 Tours propos\u00e9es par Improlabe s\u2019adaptent \u00e0 vos publics, vos contextes et vos objectifs pour proposer un accompagnement pertinent et personnalis\u00e9.<\/p>\n\n\n\n<p>La Compagnie Improlabe con\u00e7oit et anime des formations construites sp\u00e9cifiquement pour r\u00e9pondre aux besoins de votre structure.<br>Plut\u00f4t que de plaquer un contenu, nous partons de votre r\u00e9alit\u00e9 : vos objectifs, votre public, vos contraintes.<\/p>\n\n\n\n<p>Ces formations sont le fruit d\u2019un dialogue.<br>Elles s\u2019adressent aux associations, entreprises, \u00e9tablissements \u00e9ducatifs, collectivit\u00e9s, \u00e9quipes pluridisciplinaires ou groupes informels.<\/p>\n\n\n\n<div style=\"height:40px\" aria-hidden=\"true\" class=\"wp-block-spacer\"><\/div>\n\n\n\n<h4 class=\"wp-block-heading has-vivid-red-color has-text-color has-link-color wp-elements-ed4c76b065abc0a12d505aecc7ade18d\">Une m\u00e9thode : \u00e9couter, comprendre, construire ensemble<\/h4>\n\n\n\n<div style=\"height:10px\" aria-hidden=\"true\" class=\"wp-block-spacer\"><\/div>\n\n\n\n<p>Avant chaque intervention, nous prenons le temps d\u2019\u00e9changer avec vous pour identifier les enjeux r\u00e9els de votre demande.<\/p>\n\n\n\n<p>Nous pouvons vous accompagner sur des sujets tels que :<\/p>\n\n\n\n<ul class=\"wp-block-list\">\n<li>La communication interpersonnelle<\/li>\n\n\n\n<li>La posture professionnelle<\/li>\n\n\n\n<li>La dynamique de groupe<\/li>\n\n\n\n<li>La confiance et la prise de parole<\/li>\n\n\n\n<li>L\u2019expression des \u00e9motions<\/li>\n\n\n\n<li>Le l\u00e2cher-prise et la cr\u00e9ativit\u00e9<\/li>\n\n\n\n<li>L\u2019accueil des publics<\/li>\n\n\n\n<li>L\u2019autorit\u00e9 et le positionnement<\/li>\n\n\n\n<li>Le changement et l\u2019adaptabilit\u00e9<\/li>\n<\/ul>\n\n\n\n<p>Nous pouvons aussi travailler autour d\u2019un th\u00e8me pr\u00e9cis, d\u2019un conflit latent ou d\u2019un besoin ponctuel de coh\u00e9sion.<\/p>\n\n\n\n<div style=\"height:40px\" aria-hidden=\"true\" class=\"wp-block-spacer\"><\/div>\n\n\n\n<h4 class=\"wp-block-heading has-vivid-red-color has-text-color has-link-color wp-elements-c837e5f58dfefc0cb49f9cebd9664d1d\">Quelques exemples de formations li\u00e9es aux outils du th\u00e9\u00e2tre d&#8217;improvisation adapt\u00e9es \u00e0 vous !<\/h4>\n\n\n\n<div style=\"height:10px\" aria-hidden=\"true\" class=\"wp-block-spacer\"><\/div>\n\n\n\n<ul class=\"wp-block-list\">\n<li>Une journ\u00e9e de formation pour les b\u00e9n\u00e9voles d\u2019une association autour de l\u2019\u00e9coute et de la juste distance<\/li>\n\n\n\n<li>Un cycle d\u2019ateliers pour une \u00e9quipe de m\u00e9diation sur la gestion des tensions et des \u00e9motions<\/li>\n\n\n\n<li>Un s\u00e9minaire d\u2019\u00e9quipe centr\u00e9 sur la cr\u00e9ativit\u00e9, la communication et la confiance<\/li>\n\n\n\n<li>Une formation \u00e0 la prise de parole destin\u00e9e \u00e0 des jeunes en insertion<\/li>\n<\/ul>\n\n\n\n<div style=\"height:40px\" aria-hidden=\"true\" class=\"wp-block-spacer\"><\/div>\n\n\n\n<h4 class=\"wp-block-heading has-vivid-red-color has-text-color has-link-color wp-elements-d13f1f830f092f1dffee28251dd33a72\">Une p\u00e9dagogie active et sensible<\/h4>\n\n\n\n<div style=\"height:10px\" aria-hidden=\"true\" class=\"wp-block-spacer\"><\/div>\n\n\n\n<p>Toutes nos formations s\u2019appuient sur notre exp\u00e9rience professionnelle depuis 15 ans, les outils du th\u00e9\u00e2tre d\u2019improvisation, la mise en situation, l\u2019exp\u00e9rience v\u00e9cue.<br>On y joue, on y teste, on y parle, on y observe.<br>Chaque format est construit avec soin pour alterner pratique, \u00e9changes et temps de d\u00e9codage collectif.<\/p>\n\n\n\n<p>Nous travaillons avec respect, humour, exigence, dans un cadre clair.<\/p>\n\n\n\n<div style=\"height:40px\" aria-hidden=\"true\" class=\"wp-block-spacer\"><\/div>\n\n\n\n<h4 class=\"wp-block-heading has-vivid-red-color has-text-color has-link-color wp-elements-bb6bb7bb99ba4bb1edf0bcde6800a8fa\">Une formation construite \u00e0 partir de vos besoins<\/h4>\n\n\n\n<div style=\"height:10px\" aria-hidden=\"true\" class=\"wp-block-spacer\"><\/div>\n\n\n\n<ul class=\"wp-block-list\">\n<li>Dur\u00e9e : demi-journ\u00e9e \u00e0 plusieurs jours<\/li>\n\n\n\n<li>Lieu : dans vos locaux, \u00e0 Tours ou ailleurs<\/li>\n\n\n\n<li>Public : professionnel\u00b7les, b\u00e9n\u00e9voles, \u00e9tudiant\u00b7es, \u00e9quipes mixtes<\/li>\n\n\n\n<li>Format : individuel ou en groupe, ponctuel ou r\u00e9gulier<\/li>\n\n\n\n<li>Tarifs : sur devis<\/li>\n<\/ul>\n\n\n\n<div style=\"height:20px\" aria-hidden=\"true\" class=\"wp-block-spacer\"><\/div>\n\n\n\n<p><strong>Vous avez une id\u00e9e, une intuition, un besoin ?<\/strong><br>\u00c9crivez-nous \u00e0 <strong><a>improlabe@gmail.com<\/a><\/strong> \u2014 on en parle, on construit ensemble.<\/p>\n\n\n\n<p>Les formations peuvent \u00eatre r\u00e9alis\u00e9es dans le cadre de la certification Qualiopi, via la coop\u00e9rative d\u2019activit\u00e9 et d\u2019emploi <a href=\"https:\/\/odyssee-creation.coop\/\" target=\"_blank\" rel=\"noreferrer noopener\">Odyss\u00e9e Cr\u00e9ation<\/a>.<\/p>\n\n\n\n<p>Ces formations sur mesure viennent compl\u00e9ter <a href=\"https:\/\/improlabe.fr\/index.php\/nos-prestations-dimprovisation-appliquee-en-entreprise\/formations-pretes-a-lemploi\/\" target=\"_blank\" rel=\"noreferrer noopener\">nos formations cl\u00e9s en main<\/a> et nos interventions aupr\u00e8s des organisations.<\/p>\n\n\n\n<div style=\"height:32px\" aria-hidden=\"true\" class=\"wp-block-spacer\"><\/div>\n\n\n\n<figure class=\"wp-block-image size-full is-resized\"><img loading=\"lazy\" decoding=\"async\" width=\"307\" height=\"164\" src=\"https:\/\/improlabe.fr\/wp-content\/uploads\/2025\/12\/Certification-Qualiopi-\u2013-formations-professionnelles-en-theatre-dimprovisation-1.png\" alt=\"Certification Qualiopi \u2013 formations professionnelles en th\u00e9\u00e2tre d\u2019improvisation\" class=\"wp-image-1041\" style=\"width:151px;height:auto\" srcset=\"https:\/\/improlabe.fr\/wp-content\/uploads\/2025\/12\/Certification-Qualiopi-\u2013-formations-professionnelles-en-theatre-dimprovisation-1.png 307w, https:\/\/improlabe.fr\/wp-content\/uploads\/2025\/12\/Certification-Qualiopi-\u2013-formations-professionnelles-en-theatre-dimprovisation-1-300x160.png 300w\" sizes=\"auto, (max-width: 307px) 100vw, 307px\" \/><\/figure>\n\n\n\n<figure class=\"wp-block-image size-full is-resized\"><img loading=\"lazy\" decoding=\"async\" width=\"356\" height=\"141\" src=\"https:\/\/improlabe.fr\/wp-content\/uploads\/2025\/12\/Odyssee-Creation-\u2013-cooperative-dactivite-et-demploi-certifiee-Qualiopi-1.png\" alt=\"odyss\u00e9e cr\u00e9ation qualiopi improlabe tours formation\" class=\"wp-image-1040\" style=\"width:156px;height:auto\" srcset=\"https:\/\/improlabe.fr\/wp-content\/uploads\/2025\/12\/Odyssee-Creation-\u2013-cooperative-dactivite-et-demploi-certifiee-Qualiopi-1.png 356w, https:\/\/improlabe.fr\/wp-content\/uploads\/2025\/12\/Odyssee-Creation-\u2013-cooperative-dactivite-et-demploi-certifiee-Qualiopi-1-300x119.png 300w\" sizes=\"auto, (max-width: 356px) 100vw, 356px\" \/><\/figure>\n","protected":false},"excerpt":{"rendered":"<p>Les formations sur mesure \u00e0 Tours propos\u00e9es par Improlabe s\u2019adaptent \u00e0 vos publics, vos contextes et vos objectifs pour proposer un accompagnement pertinent et personnalis\u00e9. La Compagnie Improlabe con\u00e7oit et anime des formations construites sp\u00e9cifiquement pour r\u00e9pondre aux besoins de votre structure.Plut\u00f4t que de plaquer un contenu, nous partons de votre r\u00e9alit\u00e9 : vos objectifs, [&hellip;]<\/p>\n","protected":false},"author":1,"featured_media":0,"parent":126,"menu_order":0,"comment_status":"closed","ping_status":"closed","template":"","meta":{"footnotes":""},"class_list":["post-168","page","type-page","status-publish","hentry"],"yoast_head":"<!-- This site is optimized with the Yoast SEO plugin v26.8 - https:\/\/yoast.com\/product\/yoast-seo-wordpress\/ -->\n<title>Formation sur mesure \u00e0 Tours \u2013 Accompagnement adapt\u00e9 Qualiopi<\/title>\n<meta name=\"description\" content=\"La Compagnie Improlabe con\u00e7oit des formations sur mesure \u00e0 Tours, adapt\u00e9es \u00e0 vos publics, vos enjeux et vos objectifs p\u00e9dagogiques.\" \/>\n<meta name=\"robots\" content=\"index, follow, max-snippet:-1, max-image-preview:large, max-video-preview:-1\" \/>\n<link rel=\"canonical\" href=\"https:\/\/improlabe.fr\/index.php\/nos-prestations-dimprovisation-appliquee-en-entreprise\/formations-sur-mesure\/\" \/>\n<meta property=\"og:locale\" content=\"fr_FR\" \/>\n<meta property=\"og:type\" content=\"article\" \/>\n<meta property=\"og:title\" content=\"Formation sur mesure \u00e0 Tours \u2013 Accompagnement adapt\u00e9 Qualiopi\" \/>\n<meta property=\"og:description\" content=\"La Compagnie Improlabe con\u00e7oit des formations sur mesure \u00e0 Tours, adapt\u00e9es \u00e0 vos publics, vos enjeux et vos objectifs p\u00e9dagogiques.\" \/>\n<meta property=\"og:url\" content=\"https:\/\/improlabe.fr\/index.php\/nos-prestations-dimprovisation-appliquee-en-entreprise\/formations-sur-mesure\/\" \/>\n<meta property=\"article:publisher\" content=\"https:\/\/www.facebook.com\/profile.php?id=61575341305513\" \/>\n<meta property=\"article:modified_time\" content=\"2025-12-30T00:54:42+00:00\" \/>\n<meta property=\"og:image\" content=\"https:\/\/improlabe.fr\/wp-content\/uploads\/2025\/12\/theatre-improvisation-tours-improlabe6.jpg\" \/>\n\t<meta property=\"og:image:width\" content=\"1074\" \/>\n\t<meta property=\"og:image:height\" content=\"523\" \/>\n\t<meta property=\"og:image:type\" content=\"image\/jpeg\" \/>\n<meta name=\"twitter:card\" content=\"summary_large_image\" \/>\n<meta name=\"twitter:label1\" content=\"Dur\u00e9e de lecture estim\u00e9e\" \/>\n\t<meta name=\"twitter:data1\" content=\"3 minutes\" \/>\n<script type=\"application\/ld+json\" class=\"yoast-schema-graph\">{\"@context\":\"https:\/\/schema.org\",\"@graph\":[{\"@type\":\"WebPage\",\"@id\":\"https:\/\/improlabe.fr\/index.php\/nos-prestations-dimprovisation-appliquee-en-entreprise\/formations-sur-mesure\/\",\"url\":\"https:\/\/improlabe.fr\/index.php\/nos-prestations-dimprovisation-appliquee-en-entreprise\/formations-sur-mesure\/\",\"name\":\"Formation sur mesure \u00e0 Tours \u2013 Accompagnement adapt\u00e9 Qualiopi\",\"isPartOf\":{\"@id\":\"https:\/\/improlabe.fr\/#website\"},\"primaryImageOfPage\":{\"@id\":\"https:\/\/improlabe.fr\/index.php\/nos-prestations-dimprovisation-appliquee-en-entreprise\/formations-sur-mesure\/#primaryimage\"},\"image\":{\"@id\":\"https:\/\/improlabe.fr\/index.php\/nos-prestations-dimprovisation-appliquee-en-entreprise\/formations-sur-mesure\/#primaryimage\"},\"thumbnailUrl\":\"https:\/\/improlabe.fr\/wp-content\/uploads\/2025\/12\/theatre-improvisation-tours-improlabe6-1024x499.jpg\",\"datePublished\":\"2025-05-08T01:14:14+00:00\",\"dateModified\":\"2025-12-30T00:54:42+00:00\",\"description\":\"La Compagnie Improlabe con\u00e7oit des formations sur mesure \u00e0 Tours, adapt\u00e9es \u00e0 vos publics, vos enjeux et vos objectifs p\u00e9dagogiques.\",\"breadcrumb\":{\"@id\":\"https:\/\/improlabe.fr\/index.php\/nos-prestations-dimprovisation-appliquee-en-entreprise\/formations-sur-mesure\/#breadcrumb\"},\"inLanguage\":\"fr-FR\",\"potentialAction\":[{\"@type\":\"ReadAction\",\"target\":[\"https:\/\/improlabe.fr\/index.php\/nos-prestations-dimprovisation-appliquee-en-entreprise\/formations-sur-mesure\/\"]}]},{\"@type\":\"ImageObject\",\"inLanguage\":\"fr-FR\",\"@id\":\"https:\/\/improlabe.fr\/index.php\/nos-prestations-dimprovisation-appliquee-en-entreprise\/formations-sur-mesure\/#primaryimage\",\"url\":\"https:\/\/improlabe.fr\/wp-content\/uploads\/2025\/12\/theatre-improvisation-tours-improlabe6.jpg\",\"contentUrl\":\"https:\/\/improlabe.fr\/wp-content\/uploads\/2025\/12\/theatre-improvisation-tours-improlabe6.jpg\",\"width\":1074,\"height\":523},{\"@type\":\"BreadcrumbList\",\"@id\":\"https:\/\/improlabe.fr\/index.php\/nos-prestations-dimprovisation-appliquee-en-entreprise\/formations-sur-mesure\/#breadcrumb\",\"itemListElement\":[{\"@type\":\"ListItem\",\"position\":1,\"name\":\"Accueil\",\"item\":\"https:\/\/improlabe.fr\/\"},{\"@type\":\"ListItem\",\"position\":2,\"name\":\"Nos prestations d&#8217;improvisation appliqu\u00e9e en entreprise\",\"item\":\"https:\/\/improlabe.fr\/index.php\/nos-prestations-dimprovisation-appliquee-en-entreprise\/\"},{\"@type\":\"ListItem\",\"position\":3,\"name\":\"Votre formation sur mesure adapt\u00e9e Qualiopi\"}]},{\"@type\":\"WebSite\",\"@id\":\"https:\/\/improlabe.fr\/#website\",\"url\":\"https:\/\/improlabe.fr\/\",\"name\":\"improlabe.fr\",\"description\":\"Improlabe est une compagnie port\u00e9e par deux &lt;strong&gt;com\u00e9diennes de th\u00e9\u00e2tre d\u2019improvisation \u00e0 Tours&lt;\/strong&gt;, engag\u00e9es dans la cr\u00e9ation, la transmission et l\u2019exploration des pratiques improvis\u00e9es contemporaines.&lt;br&gt;Car la Compagnie Improlabe n\u2019est pas qu\u2019un laboratoire : c\u2019est aussi et surtout un lieu d\u2019exploration de l\u2019improvisation th\u00e9\u00e2trale. \u00c0 la mani\u00e8re de l\u2019astrolabe qui guidait marins et explorateurs en des temps recul\u00e9s, Improlabe est un outil de d\u00e9couverte et d\u2019ouverture vers l\u2019ensemble des pratiques th\u00e9\u00e2trales improvis\u00e9es d\u2019aujourd\u2019hui, en Touraine, en France et \u00e0 l\u2019\u00e9tranger.&lt;br&gt;\u00c0 travers ses ateliers, stages, spectacles, interventions p\u00e9dagogiques et prestations \u00e0 destination du monde de l\u2019entreprise et des professionnels, Improlabe d\u00e9ploie l\u2019univers de l\u2019improvisation th\u00e9\u00e2trale aupr\u00e8s de publics vari\u00e9s, dans une approche exigeante, accessible et profond\u00e9ment humaine.\",\"publisher\":{\"@id\":\"https:\/\/improlabe.fr\/#organization\"},\"potentialAction\":[{\"@type\":\"SearchAction\",\"target\":{\"@type\":\"EntryPoint\",\"urlTemplate\":\"https:\/\/improlabe.fr\/?s={search_term_string}\"},\"query-input\":{\"@type\":\"PropertyValueSpecification\",\"valueRequired\":true,\"valueName\":\"search_term_string\"}}],\"inLanguage\":\"fr-FR\"},{\"@type\":\"Organization\",\"@id\":\"https:\/\/improlabe.fr\/#organization\",\"name\":\"Compagnie Improlabe\",\"url\":\"https:\/\/improlabe.fr\/\",\"logo\":{\"@type\":\"ImageObject\",\"inLanguage\":\"fr-FR\",\"@id\":\"https:\/\/improlabe.fr\/#\/schema\/logo\/image\/\",\"url\":\"https:\/\/improlabe.fr\/wp-content\/uploads\/2025\/04\/cropped-BANDEAU-LOGO-v26-3-scaled-1.jpg\",\"contentUrl\":\"https:\/\/improlabe.fr\/wp-content\/uploads\/2025\/04\/cropped-BANDEAU-LOGO-v26-3-scaled-1.jpg\",\"width\":2413,\"height\":878,\"caption\":\"Compagnie Improlabe\"},\"image\":{\"@id\":\"https:\/\/improlabe.fr\/#\/schema\/logo\/image\/\"},\"sameAs\":[\"https:\/\/www.facebook.com\/profile.php?id=61575341305513\",\"https:\/\/www.instagram.com\/improlabe_tours\/\",\"https:\/\/www.linkedin.com\/company\/improlabe\"]}]}<\/script>\n<!-- \/ Yoast SEO plugin. -->","yoast_head_json":{"title":"Formation sur mesure \u00e0 Tours \u2013 Accompagnement adapt\u00e9 Qualiopi","description":"La Compagnie Improlabe con\u00e7oit des formations sur mesure \u00e0 Tours, adapt\u00e9es \u00e0 vos publics, vos enjeux et vos objectifs p\u00e9dagogiques.","robots":{"index":"index","follow":"follow","max-snippet":"max-snippet:-1","max-image-preview":"max-image-preview:large","max-video-preview":"max-video-preview:-1"},"canonical":"https:\/\/improlabe.fr\/index.php\/nos-prestations-dimprovisation-appliquee-en-entreprise\/formations-sur-mesure\/","og_locale":"fr_FR","og_type":"article","og_title":"Formation sur mesure \u00e0 Tours \u2013 Accompagnement adapt\u00e9 Qualiopi","og_description":"La Compagnie Improlabe con\u00e7oit des formations sur mesure \u00e0 Tours, adapt\u00e9es \u00e0 vos publics, vos enjeux et vos objectifs p\u00e9dagogiques.","og_url":"https:\/\/improlabe.fr\/index.php\/nos-prestations-dimprovisation-appliquee-en-entreprise\/formations-sur-mesure\/","article_publisher":"https:\/\/www.facebook.com\/profile.php?id=61575341305513","article_modified_time":"2025-12-30T00:54:42+00:00","og_image":[{"width":1074,"height":523,"url":"https:\/\/improlabe.fr\/wp-content\/uploads\/2025\/12\/theatre-improvisation-tours-improlabe6.jpg","type":"image\/jpeg"}],"twitter_card":"summary_large_image","twitter_misc":{"Dur\u00e9e de lecture estim\u00e9e":"3 minutes"},"schema":{"@context":"https:\/\/schema.org","@graph":[{"@type":"WebPage","@id":"https:\/\/improlabe.fr\/index.php\/nos-prestations-dimprovisation-appliquee-en-entreprise\/formations-sur-mesure\/","url":"https:\/\/improlabe.fr\/index.php\/nos-prestations-dimprovisation-appliquee-en-entreprise\/formations-sur-mesure\/","name":"Formation sur mesure \u00e0 Tours \u2013 Accompagnement adapt\u00e9 Qualiopi","isPartOf":{"@id":"https:\/\/improlabe.fr\/#website"},"primaryImageOfPage":{"@id":"https:\/\/improlabe.fr\/index.php\/nos-prestations-dimprovisation-appliquee-en-entreprise\/formations-sur-mesure\/#primaryimage"},"image":{"@id":"https:\/\/improlabe.fr\/index.php\/nos-prestations-dimprovisation-appliquee-en-entreprise\/formations-sur-mesure\/#primaryimage"},"thumbnailUrl":"https:\/\/improlabe.fr\/wp-content\/uploads\/2025\/12\/theatre-improvisation-tours-improlabe6-1024x499.jpg","datePublished":"2025-05-08T01:14:14+00:00","dateModified":"2025-12-30T00:54:42+00:00","description":"La Compagnie Improlabe con\u00e7oit des formations sur mesure \u00e0 Tours, adapt\u00e9es \u00e0 vos publics, vos enjeux et vos objectifs p\u00e9dagogiques.","breadcrumb":{"@id":"https:\/\/improlabe.fr\/index.php\/nos-prestations-dimprovisation-appliquee-en-entreprise\/formations-sur-mesure\/#breadcrumb"},"inLanguage":"fr-FR","potentialAction":[{"@type":"ReadAction","target":["https:\/\/improlabe.fr\/index.php\/nos-prestations-dimprovisation-appliquee-en-entreprise\/formations-sur-mesure\/"]}]},{"@type":"ImageObject","inLanguage":"fr-FR","@id":"https:\/\/improlabe.fr\/index.php\/nos-prestations-dimprovisation-appliquee-en-entreprise\/formations-sur-mesure\/#primaryimage","url":"https:\/\/improlabe.fr\/wp-content\/uploads\/2025\/12\/theatre-improvisation-tours-improlabe6.jpg","contentUrl":"https:\/\/improlabe.fr\/wp-content\/uploads\/2025\/12\/theatre-improvisation-tours-improlabe6.jpg","width":1074,"height":523},{"@type":"BreadcrumbList","@id":"https:\/\/improlabe.fr\/index.php\/nos-prestations-dimprovisation-appliquee-en-entreprise\/formations-sur-mesure\/#breadcrumb","itemListElement":[{"@type":"ListItem","position":1,"name":"Accueil","item":"https:\/\/improlabe.fr\/"},{"@type":"ListItem","position":2,"name":"Nos prestations d&#8217;improvisation appliqu\u00e9e en entreprise","item":"https:\/\/improlabe.fr\/index.php\/nos-prestations-dimprovisation-appliquee-en-entreprise\/"},{"@type":"ListItem","position":3,"name":"Votre formation sur mesure adapt\u00e9e Qualiopi"}]},{"@type":"WebSite","@id":"https:\/\/improlabe.fr\/#website","url":"https:\/\/improlabe.fr\/","name":"improlabe.fr","description":"Improlabe est une compagnie port\u00e9e par deux &lt;strong&gt;com\u00e9diennes de th\u00e9\u00e2tre d\u2019improvisation \u00e0 Tours&lt;\/strong&gt;, engag\u00e9es dans la cr\u00e9ation, la transmission et l\u2019exploration des pratiques improvis\u00e9es contemporaines.&lt;br&gt;Car la Compagnie Improlabe n\u2019est pas qu\u2019un laboratoire : c\u2019est aussi et surtout un lieu d\u2019exploration de l\u2019improvisation th\u00e9\u00e2trale. \u00c0 la mani\u00e8re de l\u2019astrolabe qui guidait marins et explorateurs en des temps recul\u00e9s, Improlabe est un outil de d\u00e9couverte et d\u2019ouverture vers l\u2019ensemble des pratiques th\u00e9\u00e2trales improvis\u00e9es d\u2019aujourd\u2019hui, en Touraine, en France et \u00e0 l\u2019\u00e9tranger.&lt;br&gt;\u00c0 travers ses ateliers, stages, spectacles, interventions p\u00e9dagogiques et prestations \u00e0 destination du monde de l\u2019entreprise et des professionnels, Improlabe d\u00e9ploie l\u2019univers de l\u2019improvisation th\u00e9\u00e2trale aupr\u00e8s de publics vari\u00e9s, dans une approche exigeante, accessible et profond\u00e9ment humaine.","publisher":{"@id":"https:\/\/improlabe.fr\/#organization"},"potentialAction":[{"@type":"SearchAction","target":{"@type":"EntryPoint","urlTemplate":"https:\/\/improlabe.fr\/?s={search_term_string}"},"query-input":{"@type":"PropertyValueSpecification","valueRequired":true,"valueName":"search_term_string"}}],"inLanguage":"fr-FR"},{"@type":"Organization","@id":"https:\/\/improlabe.fr\/#organization","name":"Compagnie Improlabe","url":"https:\/\/improlabe.fr\/","logo":{"@type":"ImageObject","inLanguage":"fr-FR","@id":"https:\/\/improlabe.fr\/#\/schema\/logo\/image\/","url":"https:\/\/improlabe.fr\/wp-content\/uploads\/2025\/04\/cropped-BANDEAU-LOGO-v26-3-scaled-1.jpg","contentUrl":"https:\/\/improlabe.fr\/wp-content\/uploads\/2025\/04\/cropped-BANDEAU-LOGO-v26-3-scaled-1.jpg","width":2413,"height":878,"caption":"Compagnie Improlabe"},"image":{"@id":"https:\/\/improlabe.fr\/#\/schema\/logo\/image\/"},"sameAs":["https:\/\/www.facebook.com\/profile.php?id=61575341305513","https:\/\/www.instagram.com\/improlabe_tours\/","https:\/\/www.linkedin.com\/company\/improlabe"]}]}},"_links":{"self":[{"href":"https:\/\/improlabe.fr\/index.php\/wp-json\/wp\/v2\/pages\/168","targetHints":{"allow":["GET"]}}],"collection":[{"href":"https:\/\/improlabe.fr\/index.php\/wp-json\/wp\/v2\/pages"}],"about":[{"href":"https:\/\/improlabe.fr\/index.php\/wp-json\/wp\/v2\/types\/page"}],"author":[{"embeddable":true,"href":"https:\/\/improlabe.fr\/index.php\/wp-json\/wp\/v2\/users\/1"}],"replies":[{"embeddable":true,"href":"https:\/\/improlabe.fr\/index.php\/wp-json\/wp\/v2\/comments?post=168"}],"version-history":[{"count":8,"href":"https:\/\/improlabe.fr\/index.php\/wp-json\/wp\/v2\/pages\/168\/revisions"}],"predecessor-version":[{"id":1118,"href":"https:\/\/improlabe.fr\/index.php\/wp-json\/wp\/v2\/pages\/168\/revisions\/1118"}],"up":[{"embeddable":true,"href":"https:\/\/improlabe.fr\/index.php\/wp-json\/wp\/v2\/pages\/126"}],"wp:attachment":[{"href":"https:\/\/improlabe.fr\/index.php\/wp-json\/wp\/v2\/media?parent=168"}],"curies":[{"name":"wp","href":"https:\/\/api.w.org\/{rel}","templated":true}]}}