{"id":165,"date":"2025-05-08T03:13:29","date_gmt":"2025-05-08T01:13:29","guid":{"rendered":"http:\/\/yolckze.cluster100.hosting.ovh.net\/?page_id=165"},"modified":"2025-12-30T01:56:18","modified_gmt":"2025-12-30T00:56:18","slug":"formations-pretes-a-lemploi","status":"publish","type":"page","link":"https:\/\/improlabe.fr\/index.php\/nos-prestations-dimprovisation-appliquee-en-entreprise\/formations-pretes-a-lemploi\/","title":{"rendered":"Nos formations cl\u00e9s en main"},"content":{"rendered":"\n<h4 class=\"wp-block-heading has-vivid-red-color has-text-color has-link-color wp-elements-1bc378b4befc1913b1f86d77a0cf4eac\">Former sans ennuyer, apprendre en jouant, progresser ensemble : nos modules cl\u00e9s en main m\u00ealent improvisation, posture et intelligence collective.<\/h4>\n\n\n\n<div style=\"height:30px\" aria-hidden=\"true\" class=\"wp-block-spacer\"><\/div>\n\n\n\n<figure class=\"wp-block-image size-large is-resized\"><img loading=\"lazy\" decoding=\"async\" width=\"1024\" height=\"768\" src=\"https:\/\/improlabe.fr\/wp-content\/uploads\/2025\/12\/Formation-participative-a-Tours-\u2013-travail-collectif-avec-post-it-anime-par-Improlabe-1024x768.jpg\" alt=\"\" class=\"wp-image-1081\" style=\"width:616px;height:auto\" srcset=\"https:\/\/improlabe.fr\/wp-content\/uploads\/2025\/12\/Formation-participative-a-Tours-\u2013-travail-collectif-avec-post-it-anime-par-Improlabe-1024x768.jpg 1024w, https:\/\/improlabe.fr\/wp-content\/uploads\/2025\/12\/Formation-participative-a-Tours-\u2013-travail-collectif-avec-post-it-anime-par-Improlabe-300x225.jpg 300w, https:\/\/improlabe.fr\/wp-content\/uploads\/2025\/12\/Formation-participative-a-Tours-\u2013-travail-collectif-avec-post-it-anime-par-Improlabe-768x576.jpg 768w, https:\/\/improlabe.fr\/wp-content\/uploads\/2025\/12\/Formation-participative-a-Tours-\u2013-travail-collectif-avec-post-it-anime-par-Improlabe-1536x1152.jpg 1536w, https:\/\/improlabe.fr\/wp-content\/uploads\/2025\/12\/Formation-participative-a-Tours-\u2013-travail-collectif-avec-post-it-anime-par-Improlabe-2048x1536.jpg 2048w\" sizes=\"auto, (max-width: 1024px) 100vw, 1024px\" \/><\/figure>\n\n\n\n<div style=\"height:30px\" aria-hidden=\"true\" class=\"wp-block-spacer\"><\/div>\n\n\n\n<p>Les formations cl\u00e9s en main \u00e0 Tours propos\u00e9es par la Compagnie Improlabe sont con\u00e7ues pour accompagner les organisations autour de la communication, des relations et des dynamiques collectives.<\/p>\n\n\n\n<p>Les formations sont r\u00e9alis\u00e9es dans le cadre de la certification&nbsp;<a href=\"https:\/\/annuaire-entreprises.data.gouv.fr\/lp\/organisme-formation-qualiopi\" target=\"_blank\" rel=\"noreferrer noopener\">Qualiopi<\/a>, via la coop\u00e9rative d\u2019activit\u00e9 et d\u2019emploi&nbsp;<a href=\"https:\/\/odyssee-creation.coop\/\" target=\"_blank\" rel=\"noreferrer noopener\">Odyss\u00e9e Cr\u00e9ation<\/a>, par les formatrices dipl\u00f4m\u00e9es&nbsp;<a href=\"https:\/\/improlabe.fr\/index.php\/comediennes-de-theatre-dimprovisation-a-tours-compagnie-improlabe\/\" target=\"_blank\" rel=\"noreferrer noopener\">\u00c9milie Mendon\u00e7a et Vanessa Auger<\/a>.<\/p>\n\n\n\n<p>La Compagnie Improlabe propose des formations con\u00e7ues pour les organisations, associations, entreprises ou collectivit\u00e9s qui souhaitent renforcer les comp\u00e9tences relationnelles, \u00e9motionnelles et collectives de leurs \u00e9quipes.<\/p>\n\n\n\n<p>Nous construisons nos formations \u00e0 partir de ce que nous connaissons le mieux : notre exp\u00e9rience professionnelle terrain depuis 15 ans, l\u2019improvisation th\u00e9\u00e2trale, la p\u00e9dagogie active, et l\u2019intelligence collective.<br>Nos modules ont \u00e9t\u00e9 test\u00e9s, anim\u00e9s sur le terrain, et s\u2019adaptent \u00e0 des contextes vari\u00e9s.<\/p>\n\n\n\n<div style=\"height:20px\" aria-hidden=\"true\" class=\"wp-block-spacer\"><\/div>\n\n\n\n<h4 class=\"wp-block-heading has-vivid-red-color has-text-color has-link-color wp-elements-729f555a0f47681e04c7a53eab95de5a\">Des formations cl\u00e9s en main adapt\u00e9es aux organisations<\/h4>\n\n\n\n<p class=\"has-black-color has-text-color has-link-color wp-elements-6920c342d0fa11e96a9b8aaaa863e6ff\">Nos formations \u201ccl\u00e9s en main\u201d sont <strong>des modules complets<\/strong>, pens\u00e9s pour \u00eatre d\u00e9ploy\u00e9s sur une demi-journ\u00e9e, une journ\u00e9e ou deux jours, ou plus selon vos besoins.<br>Chaque formation combine des apports concrets, des mises en situation, du coaching individuel et des temps de retour d\u2019exp\u00e9rience.<\/p>\n\n\n\n<p>Voici les th\u00e9matiques d\u00e9j\u00e0 disponibles :<\/p>\n\n\n\n<ul class=\"wp-block-list\">\n<li><strong>Prise de parole en public et \u00e9loquence<\/strong><br>Apprendre \u00e0 captiver, convaincre, incarner son discours.<\/li>\n\n\n\n<li><strong>M\u00e9dia-training<\/strong><br>Se pr\u00e9parer aux prises de parole face cam\u00e9ra ou face micro, avec clart\u00e9 et impact.<\/li>\n\n\n\n<li><strong>Posture manag\u00e9riale et \u00e9coute active<\/strong><br>Gagner en pr\u00e9sence, savoir poser un cadre, tout en restant \u00e0 l\u2019\u00e9coute.<\/li>\n\n\n\n<li><strong>Soft skills<\/strong><br>D\u00e9velopper l\u2019intelligence relationnelle, la communication et la coop\u00e9ration.<\/li>\n\n\n\n<li><strong>Animer des r\u00e9unions r\u00e9ussies<\/strong><br>Clarifier les objectifs, distribuer la parole, fluidifier les \u00e9changes.<\/li>\n\n\n\n<li><strong>Gestion des \u00e9motions<\/strong><br>Identifier, accueillir, utiliser ses \u00e9motions comme leviers d\u2019action.<\/li>\n\n\n\n<li><strong>Nouvelle communication<\/strong><br>Travailler sur la clart\u00e9, l\u2019authenticit\u00e9, et la pr\u00e9sence dans les \u00e9changes professionnels.<\/li>\n\n\n\n<li><strong>Coh\u00e9sion d\u2019\u00e9quipe<\/strong><br>Renforcer la confiance, le lien, et le fonctionnement collectif par le jeu et la co-construction.<\/li>\n<\/ul>\n\n\n\n<div style=\"height:20px\" aria-hidden=\"true\" class=\"wp-block-spacer\"><\/div>\n\n\n\n<p>Ces formats sont pens\u00e9s pour \u00eatre directement d\u00e9ployables en entreprise, en structure \u00e9ducative ou associative.<\/p>\n\n\n\n<p>Pour aller plus loin, nous mettons \u00e0 disposition un livret de pr\u00e9sentation d\u00e9taillant nos formations, nos approches p\u00e9dagogiques et nos formats d\u2019intervention.<\/p>\n\n\n\n<div style=\"height:20px\" aria-hidden=\"true\" class=\"wp-block-spacer\"><\/div>\n\n\n\n<div class=\"wp-block-buttons is-layout-flex wp-block-buttons-is-layout-flex\">\n<div class=\"wp-block-button is-style-fill\"><a class=\"wp-block-button__link has-vivid-red-background-color has-background wp-element-button\" href=\"https:\/\/improlabe.fr\/wp-content\/uploads\/2025\/12\/formations-theatre-improvisation-entreprise-improlabe.pdf.pdf\" target=\"_blank\" rel=\"noreferrer noopener\">T\u00e9l\u00e9chargez le livret de formation<\/a><\/div>\n<\/div>\n\n\n<div class=\"wp-block-image\">\n<figure class=\"aligncenter size-large\"><img loading=\"lazy\" decoding=\"async\" width=\"720\" height=\"1024\" src=\"https:\/\/improlabe.fr\/wp-content\/uploads\/2025\/12\/formations-theatre-improvisation-entreprise-improlabe-1.pdf-1-pdf-720x1024.jpg\" alt=\"\" class=\"wp-image-1080\"\/><\/figure>\n<\/div>\n\n\n<div style=\"height:100px\" aria-hidden=\"true\" class=\"wp-block-spacer\"><\/div>\n\n\n\n<p>Pour toute demande de devis, d\u2019adaptation ou d\u2019intervention sp\u00e9cifique, vous pouvez aussi nous \u00e9crire directement \u00e0 <strong><a>improlabe@gmail.com<\/a>.<\/strong><\/p>\n\n\n\n<p><strong>Int\u00e9ress\u00e9\u00b7e par une formation ?<\/strong><br>Contactez-nous \u00e0 <strong><a>improlabe@gmail.com<\/a><\/strong> ou par t\u00e9l\u00e9phone pour recevoir une fiche programme ou fixer un \u00e9change.<\/p>\n\n\n\n<div class=\"wp-block-columns is-layout-flex wp-container-core-columns-is-layout-9d6595d7 wp-block-columns-is-layout-flex\">\n<div class=\"wp-block-column is-layout-flow wp-block-column-is-layout-flow\">\n<figure class=\"wp-block-image size-full is-resized\"><img loading=\"lazy\" decoding=\"async\" width=\"307\" height=\"164\" src=\"https:\/\/improlabe.fr\/wp-content\/uploads\/2025\/12\/Certification-Qualiopi-\u2013-formations-professionnelles-en-theatre-dimprovisation-1.png\" alt=\"Certification Qualiopi \u2013 formations professionnelles en th\u00e9\u00e2tre d\u2019improvisation\" class=\"wp-image-1041\" style=\"aspect-ratio:1.8721560130010835;width:264px;height:auto\" srcset=\"https:\/\/improlabe.fr\/wp-content\/uploads\/2025\/12\/Certification-Qualiopi-\u2013-formations-professionnelles-en-theatre-dimprovisation-1.png 307w, https:\/\/improlabe.fr\/wp-content\/uploads\/2025\/12\/Certification-Qualiopi-\u2013-formations-professionnelles-en-theatre-dimprovisation-1-300x160.png 300w\" sizes=\"auto, (max-width: 307px) 100vw, 307px\" \/><\/figure>\n<\/div>\n\n\n\n<div class=\"wp-block-column is-layout-flow wp-block-column-is-layout-flow\">\n<figure class=\"wp-block-image size-full is-resized\"><img loading=\"lazy\" decoding=\"async\" width=\"356\" height=\"141\" src=\"https:\/\/improlabe.fr\/wp-content\/uploads\/2025\/12\/Odyssee-Creation-\u2013-cooperative-dactivite-et-demploi-certifiee-Qualiopi-1.png\" alt=\"odyss\u00e9e cr\u00e9ation qualiopi improlabe tours formation\" class=\"wp-image-1040\" style=\"width:274px;height:auto\" srcset=\"https:\/\/improlabe.fr\/wp-content\/uploads\/2025\/12\/Odyssee-Creation-\u2013-cooperative-dactivite-et-demploi-certifiee-Qualiopi-1.png 356w, https:\/\/improlabe.fr\/wp-content\/uploads\/2025\/12\/Odyssee-Creation-\u2013-cooperative-dactivite-et-demploi-certifiee-Qualiopi-1-300x119.png 300w\" sizes=\"auto, (max-width: 356px) 100vw, 356px\" \/><\/figure>\n<\/div>\n<\/div>\n","protected":false},"excerpt":{"rendered":"<p>Former sans ennuyer, apprendre en jouant, progresser ensemble : nos modules cl\u00e9s en main m\u00ealent improvisation, posture et intelligence collective. Les formations cl\u00e9s en main \u00e0 Tours propos\u00e9es par la Compagnie Improlabe sont con\u00e7ues pour accompagner les organisations autour de la communication, des relations et des dynamiques collectives. Les formations sont r\u00e9alis\u00e9es dans le cadre [&hellip;]<\/p>\n","protected":false},"author":1,"featured_media":0,"parent":126,"menu_order":0,"comment_status":"closed","ping_status":"closed","template":"","meta":{"footnotes":""},"class_list":["post-165","page","type-page","status-publish","hentry"],"yoast_head":"<!-- This site is optimized with the Yoast SEO plugin v26.8 - https:\/\/yoast.com\/product\/yoast-seo-wordpress\/ -->\n<title>Formations cl\u00e9s en main - certifi\u00e9es Qualiopi - \u00e0 Tours \u2013 Improlabe<\/title>\n<meta name=\"description\" content=\"Improlabe propose des formations cl\u00e9s en main \u00e0 Tours autour de la communication, des soft skills, prise de parole et bien d&#039;autres encore.\" \/>\n<meta name=\"robots\" content=\"index, follow, max-snippet:-1, max-image-preview:large, max-video-preview:-1\" \/>\n<link rel=\"canonical\" href=\"https:\/\/improlabe.fr\/index.php\/nos-prestations-dimprovisation-appliquee-en-entreprise\/formations-pretes-a-lemploi\/\" \/>\n<meta property=\"og:locale\" content=\"fr_FR\" \/>\n<meta property=\"og:type\" content=\"article\" \/>\n<meta property=\"og:title\" content=\"Formations cl\u00e9s en main - certifi\u00e9es Qualiopi - \u00e0 Tours \u2013 Improlabe\" \/>\n<meta property=\"og:description\" content=\"Improlabe propose des formations cl\u00e9s en main \u00e0 Tours autour de la communication, des soft skills, prise de parole et bien d&#039;autres encore.\" \/>\n<meta property=\"og:url\" content=\"https:\/\/improlabe.fr\/index.php\/nos-prestations-dimprovisation-appliquee-en-entreprise\/formations-pretes-a-lemploi\/\" \/>\n<meta property=\"article:publisher\" content=\"https:\/\/www.facebook.com\/profile.php?id=61575341305513\" \/>\n<meta property=\"article:modified_time\" content=\"2025-12-30T00:56:18+00:00\" \/>\n<meta property=\"og:image\" content=\"https:\/\/improlabe.fr\/wp-content\/uploads\/2025\/12\/formations-theatre-improvisation-entreprise-improlabe-1.pdf-1-pdf-720x1024.jpg\" \/>\n<meta name=\"twitter:card\" content=\"summary_large_image\" \/>\n<meta name=\"twitter:label1\" content=\"Dur\u00e9e de lecture estim\u00e9e\" \/>\n\t<meta name=\"twitter:data1\" content=\"3 minutes\" \/>\n<script type=\"application\/ld+json\" class=\"yoast-schema-graph\">{\"@context\":\"https:\/\/schema.org\",\"@graph\":[{\"@type\":\"WebPage\",\"@id\":\"https:\/\/improlabe.fr\/index.php\/nos-prestations-dimprovisation-appliquee-en-entreprise\/formations-pretes-a-lemploi\/\",\"url\":\"https:\/\/improlabe.fr\/index.php\/nos-prestations-dimprovisation-appliquee-en-entreprise\/formations-pretes-a-lemploi\/\",\"name\":\"Formations cl\u00e9s en main - certifi\u00e9es Qualiopi - \u00e0 Tours \u2013 Improlabe\",\"isPartOf\":{\"@id\":\"https:\/\/improlabe.fr\/#website\"},\"primaryImageOfPage\":{\"@id\":\"https:\/\/improlabe.fr\/index.php\/nos-prestations-dimprovisation-appliquee-en-entreprise\/formations-pretes-a-lemploi\/#primaryimage\"},\"image\":{\"@id\":\"https:\/\/improlabe.fr\/index.php\/nos-prestations-dimprovisation-appliquee-en-entreprise\/formations-pretes-a-lemploi\/#primaryimage\"},\"thumbnailUrl\":\"https:\/\/improlabe.fr\/wp-content\/uploads\/2025\/12\/formations-theatre-improvisation-entreprise-improlabe-1.pdf-1-pdf-720x1024.jpg\",\"datePublished\":\"2025-05-08T01:13:29+00:00\",\"dateModified\":\"2025-12-30T00:56:18+00:00\",\"description\":\"Improlabe propose des formations cl\u00e9s en main \u00e0 Tours autour de la communication, des soft skills, prise de parole et bien d'autres encore.\",\"breadcrumb\":{\"@id\":\"https:\/\/improlabe.fr\/index.php\/nos-prestations-dimprovisation-appliquee-en-entreprise\/formations-pretes-a-lemploi\/#breadcrumb\"},\"inLanguage\":\"fr-FR\",\"potentialAction\":[{\"@type\":\"ReadAction\",\"target\":[\"https:\/\/improlabe.fr\/index.php\/nos-prestations-dimprovisation-appliquee-en-entreprise\/formations-pretes-a-lemploi\/\"]}]},{\"@type\":\"ImageObject\",\"inLanguage\":\"fr-FR\",\"@id\":\"https:\/\/improlabe.fr\/index.php\/nos-prestations-dimprovisation-appliquee-en-entreprise\/formations-pretes-a-lemploi\/#primaryimage\",\"url\":\"https:\/\/improlabe.fr\/wp-content\/uploads\/2025\/12\/formations-theatre-improvisation-entreprise-improlabe-1.pdf-1-pdf.jpg\",\"contentUrl\":\"https:\/\/improlabe.fr\/wp-content\/uploads\/2025\/12\/formations-theatre-improvisation-entreprise-improlabe-1.pdf-1-pdf.jpg\"},{\"@type\":\"BreadcrumbList\",\"@id\":\"https:\/\/improlabe.fr\/index.php\/nos-prestations-dimprovisation-appliquee-en-entreprise\/formations-pretes-a-lemploi\/#breadcrumb\",\"itemListElement\":[{\"@type\":\"ListItem\",\"position\":1,\"name\":\"Accueil\",\"item\":\"https:\/\/improlabe.fr\/\"},{\"@type\":\"ListItem\",\"position\":2,\"name\":\"Nos prestations d&#8217;improvisation appliqu\u00e9e en entreprise\",\"item\":\"https:\/\/improlabe.fr\/index.php\/nos-prestations-dimprovisation-appliquee-en-entreprise\/\"},{\"@type\":\"ListItem\",\"position\":3,\"name\":\"Nos formations cl\u00e9s en main\"}]},{\"@type\":\"WebSite\",\"@id\":\"https:\/\/improlabe.fr\/#website\",\"url\":\"https:\/\/improlabe.fr\/\",\"name\":\"improlabe.fr\",\"description\":\"Improlabe est une compagnie port\u00e9e par deux &lt;strong&gt;com\u00e9diennes de th\u00e9\u00e2tre d\u2019improvisation \u00e0 Tours&lt;\/strong&gt;, engag\u00e9es dans la cr\u00e9ation, la transmission et l\u2019exploration des pratiques improvis\u00e9es contemporaines.&lt;br&gt;Car la Compagnie Improlabe n\u2019est pas qu\u2019un laboratoire : c\u2019est aussi et surtout un lieu d\u2019exploration de l\u2019improvisation th\u00e9\u00e2trale. \u00c0 la mani\u00e8re de l\u2019astrolabe qui guidait marins et explorateurs en des temps recul\u00e9s, Improlabe est un outil de d\u00e9couverte et d\u2019ouverture vers l\u2019ensemble des pratiques th\u00e9\u00e2trales improvis\u00e9es d\u2019aujourd\u2019hui, en Touraine, en France et \u00e0 l\u2019\u00e9tranger.&lt;br&gt;\u00c0 travers ses ateliers, stages, spectacles, interventions p\u00e9dagogiques et prestations \u00e0 destination du monde de l\u2019entreprise et des professionnels, Improlabe d\u00e9ploie l\u2019univers de l\u2019improvisation th\u00e9\u00e2trale aupr\u00e8s de publics vari\u00e9s, dans une approche exigeante, accessible et profond\u00e9ment humaine.\",\"publisher\":{\"@id\":\"https:\/\/improlabe.fr\/#organization\"},\"potentialAction\":[{\"@type\":\"SearchAction\",\"target\":{\"@type\":\"EntryPoint\",\"urlTemplate\":\"https:\/\/improlabe.fr\/?s={search_term_string}\"},\"query-input\":{\"@type\":\"PropertyValueSpecification\",\"valueRequired\":true,\"valueName\":\"search_term_string\"}}],\"inLanguage\":\"fr-FR\"},{\"@type\":\"Organization\",\"@id\":\"https:\/\/improlabe.fr\/#organization\",\"name\":\"Compagnie Improlabe\",\"url\":\"https:\/\/improlabe.fr\/\",\"logo\":{\"@type\":\"ImageObject\",\"inLanguage\":\"fr-FR\",\"@id\":\"https:\/\/improlabe.fr\/#\/schema\/logo\/image\/\",\"url\":\"https:\/\/improlabe.fr\/wp-content\/uploads\/2025\/04\/cropped-BANDEAU-LOGO-v26-3-scaled-1.jpg\",\"contentUrl\":\"https:\/\/improlabe.fr\/wp-content\/uploads\/2025\/04\/cropped-BANDEAU-LOGO-v26-3-scaled-1.jpg\",\"width\":2413,\"height\":878,\"caption\":\"Compagnie Improlabe\"},\"image\":{\"@id\":\"https:\/\/improlabe.fr\/#\/schema\/logo\/image\/\"},\"sameAs\":[\"https:\/\/www.facebook.com\/profile.php?id=61575341305513\",\"https:\/\/www.instagram.com\/improlabe_tours\/\",\"https:\/\/www.linkedin.com\/company\/improlabe\"]}]}<\/script>\n<!-- \/ Yoast SEO plugin. -->","yoast_head_json":{"title":"Formations cl\u00e9s en main - certifi\u00e9es Qualiopi - \u00e0 Tours \u2013 Improlabe","description":"Improlabe propose des formations cl\u00e9s en main \u00e0 Tours autour de la communication, des soft skills, prise de parole et bien d'autres encore.","robots":{"index":"index","follow":"follow","max-snippet":"max-snippet:-1","max-image-preview":"max-image-preview:large","max-video-preview":"max-video-preview:-1"},"canonical":"https:\/\/improlabe.fr\/index.php\/nos-prestations-dimprovisation-appliquee-en-entreprise\/formations-pretes-a-lemploi\/","og_locale":"fr_FR","og_type":"article","og_title":"Formations cl\u00e9s en main - certifi\u00e9es Qualiopi - \u00e0 Tours \u2013 Improlabe","og_description":"Improlabe propose des formations cl\u00e9s en main \u00e0 Tours autour de la communication, des soft skills, prise de parole et bien d'autres encore.","og_url":"https:\/\/improlabe.fr\/index.php\/nos-prestations-dimprovisation-appliquee-en-entreprise\/formations-pretes-a-lemploi\/","article_publisher":"https:\/\/www.facebook.com\/profile.php?id=61575341305513","article_modified_time":"2025-12-30T00:56:18+00:00","og_image":[{"url":"https:\/\/improlabe.fr\/wp-content\/uploads\/2025\/12\/formations-theatre-improvisation-entreprise-improlabe-1.pdf-1-pdf-720x1024.jpg","type":"","width":"","height":""}],"twitter_card":"summary_large_image","twitter_misc":{"Dur\u00e9e de lecture estim\u00e9e":"3 minutes"},"schema":{"@context":"https:\/\/schema.org","@graph":[{"@type":"WebPage","@id":"https:\/\/improlabe.fr\/index.php\/nos-prestations-dimprovisation-appliquee-en-entreprise\/formations-pretes-a-lemploi\/","url":"https:\/\/improlabe.fr\/index.php\/nos-prestations-dimprovisation-appliquee-en-entreprise\/formations-pretes-a-lemploi\/","name":"Formations cl\u00e9s en main - certifi\u00e9es Qualiopi - \u00e0 Tours \u2013 Improlabe","isPartOf":{"@id":"https:\/\/improlabe.fr\/#website"},"primaryImageOfPage":{"@id":"https:\/\/improlabe.fr\/index.php\/nos-prestations-dimprovisation-appliquee-en-entreprise\/formations-pretes-a-lemploi\/#primaryimage"},"image":{"@id":"https:\/\/improlabe.fr\/index.php\/nos-prestations-dimprovisation-appliquee-en-entreprise\/formations-pretes-a-lemploi\/#primaryimage"},"thumbnailUrl":"https:\/\/improlabe.fr\/wp-content\/uploads\/2025\/12\/formations-theatre-improvisation-entreprise-improlabe-1.pdf-1-pdf-720x1024.jpg","datePublished":"2025-05-08T01:13:29+00:00","dateModified":"2025-12-30T00:56:18+00:00","description":"Improlabe propose des formations cl\u00e9s en main \u00e0 Tours autour de la communication, des soft skills, prise de parole et bien d'autres encore.","breadcrumb":{"@id":"https:\/\/improlabe.fr\/index.php\/nos-prestations-dimprovisation-appliquee-en-entreprise\/formations-pretes-a-lemploi\/#breadcrumb"},"inLanguage":"fr-FR","potentialAction":[{"@type":"ReadAction","target":["https:\/\/improlabe.fr\/index.php\/nos-prestations-dimprovisation-appliquee-en-entreprise\/formations-pretes-a-lemploi\/"]}]},{"@type":"ImageObject","inLanguage":"fr-FR","@id":"https:\/\/improlabe.fr\/index.php\/nos-prestations-dimprovisation-appliquee-en-entreprise\/formations-pretes-a-lemploi\/#primaryimage","url":"https:\/\/improlabe.fr\/wp-content\/uploads\/2025\/12\/formations-theatre-improvisation-entreprise-improlabe-1.pdf-1-pdf.jpg","contentUrl":"https:\/\/improlabe.fr\/wp-content\/uploads\/2025\/12\/formations-theatre-improvisation-entreprise-improlabe-1.pdf-1-pdf.jpg"},{"@type":"BreadcrumbList","@id":"https:\/\/improlabe.fr\/index.php\/nos-prestations-dimprovisation-appliquee-en-entreprise\/formations-pretes-a-lemploi\/#breadcrumb","itemListElement":[{"@type":"ListItem","position":1,"name":"Accueil","item":"https:\/\/improlabe.fr\/"},{"@type":"ListItem","position":2,"name":"Nos prestations d&#8217;improvisation appliqu\u00e9e en entreprise","item":"https:\/\/improlabe.fr\/index.php\/nos-prestations-dimprovisation-appliquee-en-entreprise\/"},{"@type":"ListItem","position":3,"name":"Nos formations cl\u00e9s en main"}]},{"@type":"WebSite","@id":"https:\/\/improlabe.fr\/#website","url":"https:\/\/improlabe.fr\/","name":"improlabe.fr","description":"Improlabe est une compagnie port\u00e9e par deux &lt;strong&gt;com\u00e9diennes de th\u00e9\u00e2tre d\u2019improvisation \u00e0 Tours&lt;\/strong&gt;, engag\u00e9es dans la cr\u00e9ation, la transmission et l\u2019exploration des pratiques improvis\u00e9es contemporaines.&lt;br&gt;Car la Compagnie Improlabe n\u2019est pas qu\u2019un laboratoire : c\u2019est aussi et surtout un lieu d\u2019exploration de l\u2019improvisation th\u00e9\u00e2trale. \u00c0 la mani\u00e8re de l\u2019astrolabe qui guidait marins et explorateurs en des temps recul\u00e9s, Improlabe est un outil de d\u00e9couverte et d\u2019ouverture vers l\u2019ensemble des pratiques th\u00e9\u00e2trales improvis\u00e9es d\u2019aujourd\u2019hui, en Touraine, en France et \u00e0 l\u2019\u00e9tranger.&lt;br&gt;\u00c0 travers ses ateliers, stages, spectacles, interventions p\u00e9dagogiques et prestations \u00e0 destination du monde de l\u2019entreprise et des professionnels, Improlabe d\u00e9ploie l\u2019univers de l\u2019improvisation th\u00e9\u00e2trale aupr\u00e8s de publics vari\u00e9s, dans une approche exigeante, accessible et profond\u00e9ment humaine.","publisher":{"@id":"https:\/\/improlabe.fr\/#organization"},"potentialAction":[{"@type":"SearchAction","target":{"@type":"EntryPoint","urlTemplate":"https:\/\/improlabe.fr\/?s={search_term_string}"},"query-input":{"@type":"PropertyValueSpecification","valueRequired":true,"valueName":"search_term_string"}}],"inLanguage":"fr-FR"},{"@type":"Organization","@id":"https:\/\/improlabe.fr\/#organization","name":"Compagnie Improlabe","url":"https:\/\/improlabe.fr\/","logo":{"@type":"ImageObject","inLanguage":"fr-FR","@id":"https:\/\/improlabe.fr\/#\/schema\/logo\/image\/","url":"https:\/\/improlabe.fr\/wp-content\/uploads\/2025\/04\/cropped-BANDEAU-LOGO-v26-3-scaled-1.jpg","contentUrl":"https:\/\/improlabe.fr\/wp-content\/uploads\/2025\/04\/cropped-BANDEAU-LOGO-v26-3-scaled-1.jpg","width":2413,"height":878,"caption":"Compagnie Improlabe"},"image":{"@id":"https:\/\/improlabe.fr\/#\/schema\/logo\/image\/"},"sameAs":["https:\/\/www.facebook.com\/profile.php?id=61575341305513","https:\/\/www.instagram.com\/improlabe_tours\/","https:\/\/www.linkedin.com\/company\/improlabe"]}]}},"_links":{"self":[{"href":"https:\/\/improlabe.fr\/index.php\/wp-json\/wp\/v2\/pages\/165","targetHints":{"allow":["GET"]}}],"collection":[{"href":"https:\/\/improlabe.fr\/index.php\/wp-json\/wp\/v2\/pages"}],"about":[{"href":"https:\/\/improlabe.fr\/index.php\/wp-json\/wp\/v2\/types\/page"}],"author":[{"embeddable":true,"href":"https:\/\/improlabe.fr\/index.php\/wp-json\/wp\/v2\/users\/1"}],"replies":[{"embeddable":true,"href":"https:\/\/improlabe.fr\/index.php\/wp-json\/wp\/v2\/comments?post=165"}],"version-history":[{"count":11,"href":"https:\/\/improlabe.fr\/index.php\/wp-json\/wp\/v2\/pages\/165\/revisions"}],"predecessor-version":[{"id":1120,"href":"https:\/\/improlabe.fr\/index.php\/wp-json\/wp\/v2\/pages\/165\/revisions\/1120"}],"up":[{"embeddable":true,"href":"https:\/\/improlabe.fr\/index.php\/wp-json\/wp\/v2\/pages\/126"}],"wp:attachment":[{"href":"https:\/\/improlabe.fr\/index.php\/wp-json\/wp\/v2\/media?parent=165"}],"curies":[{"name":"wp","href":"https:\/\/api.w.org\/{rel}","templated":true}]}}