{"id":155,"date":"2025-05-08T03:07:48","date_gmt":"2025-05-08T01:07:48","guid":{"rendered":"http:\/\/yolckze.cluster100.hosting.ovh.net\/?page_id=155"},"modified":"2025-12-29T18:51:42","modified_gmt":"2025-12-29T17:51:42","slug":"comediennes-de-theatre-dimprovisation-a-tours-compagnie-improlabe","status":"publish","type":"page","link":"https:\/\/improlabe.fr\/index.php\/comediennes-de-theatre-dimprovisation-a-tours-compagnie-improlabe\/","title":{"rendered":"Qui sommes-nous ?"},"content":{"rendered":"\n<p><\/p>\n\n\n\n<h2 class=\"wp-block-heading has-vivid-red-color has-text-color has-link-color wp-elements-c7d1479fc58f2ff8041ad205856788d5\">La compagnie Improlabe &#8211; Th\u00e9\u00e2tre d&#8217;improvisation &#8211; Tours<\/h2>\n\n\n\n<div style=\"height:40px\" aria-hidden=\"true\" class=\"wp-block-spacer\"><\/div>\n\n\n\n<p>Improlabe est une compagnie port\u00e9e par deux <strong>com\u00e9diennes de th\u00e9\u00e2tre d\u2019improvisation \u00e0 Tours<\/strong>, engag\u00e9es dans la cr\u00e9ation, la transmission et l\u2019exploration des pratiques improvis\u00e9es contemporaines.<\/p>\n\n\n\n<p>Car la Compagnie Improlabe n\u2019est pas qu\u2019un laboratoire : c\u2019est aussi et surtout un lieu d\u2019exploration de l\u2019improvisation th\u00e9\u00e2trale. \u00c0 la mani\u00e8re de l\u2019astrolabe qui guidait marins et explorateurs en des temps recul\u00e9s, Improlabe est un outil de d\u00e9couverte et d\u2019ouverture vers l\u2019ensemble des pratiques th\u00e9\u00e2trales improvis\u00e9es d\u2019aujourd\u2019hui, en Touraine, en France et \u00e0 l\u2019\u00e9tranger.<\/p>\n\n\n\n<p>\u00c0 travers ses ateliers, stages, spectacles, interventions p\u00e9dagogiques et prestations \u00e0 destination du monde de l\u2019entreprise et des professionnels, Improlabe d\u00e9ploie l\u2019univers de l\u2019improvisation th\u00e9\u00e2trale aupr\u00e8s de publics vari\u00e9s, dans une approche exigeante, accessible et profond\u00e9ment humaine.<\/p>\n\n\n\n<p class=\"has-vivid-red-color has-text-color has-link-color wp-elements-44544b7a6a6c74f92889cee1e3ff2268\">Pour d\u00e9couvrir nos cours, stages et ateliers, rendez-vous sur la page <a href=\"https:\/\/improlabe.fr\/index.php\/ateliers-de-theatre-dimprovisation-a-tours-improlabe\/\" target=\"_blank\" rel=\"noreferrer noopener\">Nos Ateliers d&#8217;improvisation<\/a>.<\/p>\n\n\n\n<div style=\"height:40px\" aria-hidden=\"true\" class=\"wp-block-spacer\"><\/div>\n\n\n\n<h2 class=\"wp-block-heading has-vivid-red-color has-text-color has-link-color wp-elements-99e000763ba3b99f1342563980f21c46\">Les co-fondatrices<\/h2>\n\n\n\n<div style=\"height:40px\" aria-hidden=\"true\" class=\"wp-block-spacer\"><\/div>\n\n\n\n<div class=\"wp-block-columns is-layout-flex wp-container-core-columns-is-layout-9d6595d7 wp-block-columns-is-layout-flex\">\n<div class=\"wp-block-column is-layout-flow wp-block-column-is-layout-flow\">\n<figure class=\"wp-block-image size-large is-resized\"><img loading=\"lazy\" decoding=\"async\" width=\"1024\" height=\"1024\" src=\"http:\/\/yolckze.cluster100.hosting.ovh.net\/wp-content\/uploads\/2025\/05\/WEB-portrait-Emilie-1-1024x1024.png\" alt=\"\" class=\"wp-image-273\" style=\"width:147px;height:auto\" srcset=\"https:\/\/improlabe.fr\/wp-content\/uploads\/2025\/05\/WEB-portrait-Emilie-1-1024x1024.png 1024w, https:\/\/improlabe.fr\/wp-content\/uploads\/2025\/05\/WEB-portrait-Emilie-1-300x300.png 300w, https:\/\/improlabe.fr\/wp-content\/uploads\/2025\/05\/WEB-portrait-Emilie-1-150x150.png 150w, https:\/\/improlabe.fr\/wp-content\/uploads\/2025\/05\/WEB-portrait-Emilie-1-768x768.png 768w, https:\/\/improlabe.fr\/wp-content\/uploads\/2025\/05\/WEB-portrait-Emilie-1.png 1080w\" sizes=\"auto, (max-width: 1024px) 100vw, 1024px\" \/><figcaption class=\"wp-element-caption\"><strong>Emilie MENDON\u00c7A<\/strong><\/figcaption><\/figure>\n\n\n\n<div style=\"height:10px\" aria-hidden=\"true\" class=\"wp-block-spacer\"><\/div>\n\n\n\n<p class=\"has-vivid-red-color has-text-color has-link-color wp-elements-9dff014db8c7ec37c594483081f059ab\"><strong>Tomb\u00e9e dans la marmite de l\u2019impro en 2012, elle n\u2019est toujours pas rassasi\u00e9e !&nbsp;<\/strong><\/p>\n\n\n\n<div style=\"height:10px\" aria-hidden=\"true\" class=\"wp-block-spacer\"><\/div>\n\n\n\n<p>Sans avoir le physique d\u2019Ob\u00e9lix (enfin pas encore !) elle lui ressemble : pas d\u2019app\u00e9tiit pour les sangliers, mais pour l\u2019improvisation sous toutes ses formes ! Depuis 2012 elle se forme donc en continu aupr\u00e8s des professionnels de Touraine et d\u2019ailleurs (Tim Orr, Mark Jane, Ga\u00ebl Doorneweerd-Perry, Jeanne Chartier, Les \u00c9corc\u00e9s ou Thierry Bilisko, pour ne citer qu\u2019eux). Sur sc\u00e8ne pour du Catch-Impro, des matchs, et des spectacles de formats courts et longs (les fameux \u201ccabarets\u201d et \u201clong forms\u201d dans le langage des initi\u00e9s), elle aime jouer les cam\u00e9l\u00e9ons du spectacle improvis\u00e9. Arbitre implacable ou joueuse multifonctions, co-cr\u00e9atrice de plusieurs spectacles (long form et cabaret), pour elle; ll\u2019essentiel, c\u2019est faire briller les autres en partageant le plaisir d\u2019improviser dans l\u2019instant !&nbsp;<\/p>\n\n\n\n<p>Passionn\u00e9e par la transmission des savoirs et des comp\u00e9tences, cette ancienne prof agr\u00e9g\u00e9e d\u2019espagnol et journaliste a la fibre p\u00e9dagogique ancr\u00e9e profond\u00e9ment en elle. Aupr\u00e8s de publics d\u00e9butants ou confirm\u00e9s, comme devant des \u00e9l\u00e8ves de lyc\u00e9e ou des \u00e9tudiants d\u00e9sirant perfectionner leur prise de parole en public, elle construit sur-mesure ses interventions pour amener chacun \u00e0 explorer et d\u00e9velopper ses talents personnels et professionnels.&nbsp;<\/p>\n\n\n\n<p><\/p>\n\n\n\n<p><strong>Son meilleur souvenir d\u2019impro ? <\/strong>Avoir gifl\u00e9 un camarade de jeu sans y penser. \u00c7a peut para\u00eetre violent dit comme \u00e7a, mais la sc\u00e8ne \u00e9tait intense, et la connexion entre les joueurs des plus belles. Promis, elle ne giflera personne dans ses ateliers, stages et spectacles !<\/p>\n\n\n\n<p><strong>Le territoire qu\u2019elle souhaite explorer avec Improlabe ?<\/strong> La cr\u00e9ation de spectacles sensibles et bien sentis, qui sortent du cadre traditionnel des matchs et catchs.&nbsp;<\/p>\n\n\n\n<p><strong>Sa botte secr\u00e8te pour les pros ? <\/strong>Sa connaissance du milieu culturel et du monde des m\u00e9dias, pour aider entreprises, artistes et particuliers \u00e0 booster leur communication.&nbsp;<\/p>\n\n\n\n<p class=\"has-vivid-red-color has-text-color has-link-color wp-elements-25f5dee85943575721f6772d9020869a\">Pour en savoir plus, vous pouvez consulter mon profil <a href=\"https:\/\/www.linkedin.com\/in\/emilie-mendon%C3%A7a-92357457\/\">LinkedIn<\/a>. <\/p>\n<\/div>\n\n\n\n<div class=\"wp-block-column is-layout-flow wp-block-column-is-layout-flow\">\n<figure class=\"wp-block-image is-resized\"><img loading=\"lazy\" decoding=\"async\" width=\"1080\" height=\"1080\" src=\"https:\/\/improlabe.fr\/wp-content\/uploads\/2025\/06\/SITE-WEB-vanessa.png\" alt=\"Vanessa Auger, com\u00e9dienne et formatrice en th\u00e9\u00e2tre d\u2019improvisation \u00e0 Tours\n\" class=\"wp-image-727\" style=\"width:147px\" srcset=\"https:\/\/improlabe.fr\/wp-content\/uploads\/2025\/06\/SITE-WEB-vanessa.png 1080w, https:\/\/improlabe.fr\/wp-content\/uploads\/2025\/06\/SITE-WEB-vanessa-300x300.png 300w, https:\/\/improlabe.fr\/wp-content\/uploads\/2025\/06\/SITE-WEB-vanessa-1024x1024.png 1024w, https:\/\/improlabe.fr\/wp-content\/uploads\/2025\/06\/SITE-WEB-vanessa-150x150.png 150w, https:\/\/improlabe.fr\/wp-content\/uploads\/2025\/06\/SITE-WEB-vanessa-768x768.png 768w\" sizes=\"auto, (max-width: 1080px) 100vw, 1080px\" \/><figcaption class=\"wp-element-caption\"><strong>Vanessa AUGER<\/strong><\/figcaption><\/figure>\n\n\n\n<div style=\"height:10px\" aria-hidden=\"true\" class=\"wp-block-spacer\"><\/div>\n\n\n\n<p class=\"has-vivid-red-color has-text-color has-link-color wp-elements-31476e80b44c7dce698fb3c681ef44bf\"><strong>Tomb\u00e9e amoureuse de l\u2019impro par hasard<\/strong>, <strong>elle a trouv\u00e9 l&#8217;Amour avec un grand A !<\/strong><\/p>\n\n\n\n<div style=\"height:10px\" aria-hidden=\"true\" class=\"wp-block-spacer\"><\/div>\n\n\n\n<p>Il y a des coups de foudre qu&#8217;on n&#8217;explique pas. Celui de Vanessa pour l\u2019improvisation th\u00e9\u00e2trale par exemple en 2012, et la passion est toujours l\u00e0 ! Form\u00e9e aux cours Paul Cl\u00e9ment \u00e0 Paris pendant quatre ans, elle a ensuite int\u00e9gr\u00e9 les Pigallo-Romains et a suivi de nombreux stages approfondis d\u2019improvisation et de disciplines annexes (clown, com\u00e9die musicale,&#8230;). A son arriv\u00e9e en Touraine, elle a int\u00e9gr\u00e9 diverses formations et troupe et particip\u00e9 \u00e0 la cr\u00e9ation de plusieurs spectacles (Bo\u00eete Noire avec Au Suivant, In SItu avec les Sales Gousses). Joueuse de caract\u00e8re, arbitre intraitable et cheffe de projet hors pair, elle enrichit sa palette pour colorer le monde de l\u2019improvisation.<\/p>\n\n\n\n<p><\/p>\n\n\n\n<p>Cette cheffe de projet issue du monde de l\u2019entreprise a toujours ajout\u00e9 une bonne dose de p\u00e9dagogie dans sa mani\u00e8re de mener les \u00e9quipes et guider le changement. Formatrice dans le milieu des assurances avant de devenir formatrice en th\u00e9\u00e2tre d\u2019improvisation, son cr\u00e9do est simple : apprendre en pratiquant aussi bien qu\u2019en s\u2019amusant ! Aupr\u00e8s des salari\u00e9s, des jeunes, des adultes en activit\u00e9 de loisirs ou sur leur temps professionnel, cette touche-\u00e0-tout s\u2019adapte \u00e0 tous les publics pour les amener \u00e0 d\u00e9velopper leurs talents.&nbsp;<\/p>\n\n\n\n<div style=\"height:4px\" aria-hidden=\"true\" class=\"wp-block-spacer\"><\/div>\n\n\n\n<p><strong>Son meilleur souvenir d\u2019impro ? <\/strong>Quand j\u2019ai fait pleurer les participants d\u2019un stage en jouant une sc\u00e8ne. Parce qu\u2019elle \u00e9tait \u00e9mouvante, pas parce qu\u2019elle \u00e9tait mauvaise \u00e0 en pleurer.&nbsp;<\/p>\n\n\n\n<p><strong>Le territoire \u00e0 explorer avec Improlabe ? <\/strong>Apporter l\u2019improvisation partout et pour tous, et \u00e0 tous les \u00e2ges. Un r\u00eave ? Que l\u2019impro fasse un jour partie des programmes scolaires.<\/p>\n\n\n\n<p><strong>Sa botte secr\u00e8te pour les pros ? <\/strong>Faire des roulades quand on est \u00e0 court d\u2019id\u00e9es.&nbsp;<\/p>\n\n\n\n<p class=\"has-vivid-red-color has-text-color has-link-color wp-elements-b3eef8cae29e21cf63764ef631c2ba36\">Pour en savoir plus, vous pouvez consulter mon profil <a href=\"http:\/\/www.linkedin.com\/in\/vanessa-auger-29713313b\">LinkedIn.<\/a><\/p>\n\n\n\n<p><\/p>\n<\/div>\n<\/div>\n\n\n\n<p><\/p>\n\n\n\n<p><\/p>\n\n\n\n<p><\/p>\n\n\n\n<p><\/p>\n\n\n\n<p><\/p>\n\n\n\n<p><\/p>\n","protected":false},"excerpt":{"rendered":"<p>La compagnie Improlabe &#8211; Th\u00e9\u00e2tre d&#8217;improvisation &#8211; Tours Improlabe est une compagnie port\u00e9e par deux com\u00e9diennes de th\u00e9\u00e2tre d\u2019improvisation \u00e0 Tours, engag\u00e9es dans la cr\u00e9ation, la transmission et l\u2019exploration des pratiques improvis\u00e9es contemporaines. Car la Compagnie Improlabe n\u2019est pas qu\u2019un laboratoire : c\u2019est aussi et surtout un lieu d\u2019exploration de l\u2019improvisation th\u00e9\u00e2trale. \u00c0 la mani\u00e8re [&hellip;]<\/p>\n","protected":false},"author":1,"featured_media":0,"parent":0,"menu_order":0,"comment_status":"closed","ping_status":"closed","template":"","meta":{"footnotes":""},"class_list":["post-155","page","type-page","status-publish","hentry"],"yoast_head":"<!-- This site is optimized with the Yoast SEO plugin v26.8 - https:\/\/yoast.com\/product\/yoast-seo-wordpress\/ -->\n<title>Com\u00e9diennes de th\u00e9\u00e2tre d\u2019improvisation \u00e0 Tours - Compagnie Improlabe<\/title>\n<meta name=\"description\" content=\"Improlabe est une compagnie de th\u00e9\u00e2tre d\u2019improvisation \u00e0 Tours port\u00e9e par deux com\u00e9diennes passionn\u00e9es, Emilie Mendon\u00e7a et Vanessa Auger.\" \/>\n<meta name=\"robots\" content=\"index, follow, max-snippet:-1, max-image-preview:large, max-video-preview:-1\" \/>\n<link rel=\"canonical\" href=\"https:\/\/improlabe.fr\/index.php\/comediennes-de-theatre-dimprovisation-a-tours-compagnie-improlabe\/\" \/>\n<meta property=\"og:locale\" content=\"fr_FR\" \/>\n<meta property=\"og:type\" content=\"article\" \/>\n<meta property=\"og:title\" content=\"Com\u00e9diennes de th\u00e9\u00e2tre d\u2019improvisation \u00e0 Tours - Compagnie Improlabe\" \/>\n<meta property=\"og:description\" content=\"Improlabe est une compagnie de th\u00e9\u00e2tre d\u2019improvisation \u00e0 Tours port\u00e9e par deux com\u00e9diennes passionn\u00e9es, Emilie Mendon\u00e7a et Vanessa Auger.\" \/>\n<meta property=\"og:url\" content=\"https:\/\/improlabe.fr\/index.php\/comediennes-de-theatre-dimprovisation-a-tours-compagnie-improlabe\/\" \/>\n<meta property=\"article:publisher\" content=\"https:\/\/www.facebook.com\/profile.php?id=61575341305513\" \/>\n<meta property=\"article:modified_time\" content=\"2025-12-29T17:51:42+00:00\" \/>\n<meta property=\"og:image\" content=\"https:\/\/improlabe.fr\/wp-content\/uploads\/2025\/05\/WEB-portrait-Emilie-1.png\" \/>\n\t<meta property=\"og:image:width\" content=\"1080\" \/>\n\t<meta property=\"og:image:height\" content=\"1080\" \/>\n\t<meta property=\"og:image:type\" content=\"image\/png\" \/>\n<meta name=\"twitter:card\" content=\"summary_large_image\" \/>\n<meta name=\"twitter:label1\" content=\"Dur\u00e9e de lecture estim\u00e9e\" \/>\n\t<meta name=\"twitter:data1\" content=\"5 minutes\" \/>\n<script type=\"application\/ld+json\" class=\"yoast-schema-graph\">{\"@context\":\"https:\/\/schema.org\",\"@graph\":[{\"@type\":\"WebPage\",\"@id\":\"https:\/\/improlabe.fr\/index.php\/comediennes-de-theatre-dimprovisation-a-tours-compagnie-improlabe\/\",\"url\":\"https:\/\/improlabe.fr\/index.php\/comediennes-de-theatre-dimprovisation-a-tours-compagnie-improlabe\/\",\"name\":\"Com\u00e9diennes de th\u00e9\u00e2tre d\u2019improvisation \u00e0 Tours - Compagnie Improlabe\",\"isPartOf\":{\"@id\":\"https:\/\/improlabe.fr\/#website\"},\"primaryImageOfPage\":{\"@id\":\"https:\/\/improlabe.fr\/index.php\/comediennes-de-theatre-dimprovisation-a-tours-compagnie-improlabe\/#primaryimage\"},\"image\":{\"@id\":\"https:\/\/improlabe.fr\/index.php\/comediennes-de-theatre-dimprovisation-a-tours-compagnie-improlabe\/#primaryimage\"},\"thumbnailUrl\":\"http:\/\/yolckze.cluster100.hosting.ovh.net\/wp-content\/uploads\/2025\/05\/WEB-portrait-Emilie-1-1024x1024.png\",\"datePublished\":\"2025-05-08T01:07:48+00:00\",\"dateModified\":\"2025-12-29T17:51:42+00:00\",\"description\":\"Improlabe est une compagnie de th\u00e9\u00e2tre d\u2019improvisation \u00e0 Tours port\u00e9e par deux com\u00e9diennes passionn\u00e9es, Emilie Mendon\u00e7a et Vanessa Auger.\",\"breadcrumb\":{\"@id\":\"https:\/\/improlabe.fr\/index.php\/comediennes-de-theatre-dimprovisation-a-tours-compagnie-improlabe\/#breadcrumb\"},\"inLanguage\":\"fr-FR\",\"potentialAction\":[{\"@type\":\"ReadAction\",\"target\":[\"https:\/\/improlabe.fr\/index.php\/comediennes-de-theatre-dimprovisation-a-tours-compagnie-improlabe\/\"]}]},{\"@type\":\"ImageObject\",\"inLanguage\":\"fr-FR\",\"@id\":\"https:\/\/improlabe.fr\/index.php\/comediennes-de-theatre-dimprovisation-a-tours-compagnie-improlabe\/#primaryimage\",\"url\":\"http:\/\/yolckze.cluster100.hosting.ovh.net\/wp-content\/uploads\/2025\/05\/WEB-portrait-Emilie-1-1024x1024.png\",\"contentUrl\":\"http:\/\/yolckze.cluster100.hosting.ovh.net\/wp-content\/uploads\/2025\/05\/WEB-portrait-Emilie-1-1024x1024.png\"},{\"@type\":\"BreadcrumbList\",\"@id\":\"https:\/\/improlabe.fr\/index.php\/comediennes-de-theatre-dimprovisation-a-tours-compagnie-improlabe\/#breadcrumb\",\"itemListElement\":[{\"@type\":\"ListItem\",\"position\":1,\"name\":\"Accueil\",\"item\":\"https:\/\/improlabe.fr\/\"},{\"@type\":\"ListItem\",\"position\":2,\"name\":\"Qui sommes-nous ?\"}]},{\"@type\":\"WebSite\",\"@id\":\"https:\/\/improlabe.fr\/#website\",\"url\":\"https:\/\/improlabe.fr\/\",\"name\":\"improlabe.fr\",\"description\":\"Improlabe est une compagnie port\u00e9e par deux &lt;strong&gt;com\u00e9diennes de th\u00e9\u00e2tre d\u2019improvisation \u00e0 Tours&lt;\/strong&gt;, engag\u00e9es dans la cr\u00e9ation, la transmission et l\u2019exploration des pratiques improvis\u00e9es contemporaines.&lt;br&gt;Car la Compagnie Improlabe n\u2019est pas qu\u2019un laboratoire : c\u2019est aussi et surtout un lieu d\u2019exploration de l\u2019improvisation th\u00e9\u00e2trale. \u00c0 la mani\u00e8re de l\u2019astrolabe qui guidait marins et explorateurs en des temps recul\u00e9s, Improlabe est un outil de d\u00e9couverte et d\u2019ouverture vers l\u2019ensemble des pratiques th\u00e9\u00e2trales improvis\u00e9es d\u2019aujourd\u2019hui, en Touraine, en France et \u00e0 l\u2019\u00e9tranger.&lt;br&gt;\u00c0 travers ses ateliers, stages, spectacles, interventions p\u00e9dagogiques et prestations \u00e0 destination du monde de l\u2019entreprise et des professionnels, Improlabe d\u00e9ploie l\u2019univers de l\u2019improvisation th\u00e9\u00e2trale aupr\u00e8s de publics vari\u00e9s, dans une approche exigeante, accessible et profond\u00e9ment humaine.\",\"publisher\":{\"@id\":\"https:\/\/improlabe.fr\/#organization\"},\"potentialAction\":[{\"@type\":\"SearchAction\",\"target\":{\"@type\":\"EntryPoint\",\"urlTemplate\":\"https:\/\/improlabe.fr\/?s={search_term_string}\"},\"query-input\":{\"@type\":\"PropertyValueSpecification\",\"valueRequired\":true,\"valueName\":\"search_term_string\"}}],\"inLanguage\":\"fr-FR\"},{\"@type\":\"Organization\",\"@id\":\"https:\/\/improlabe.fr\/#organization\",\"name\":\"Compagnie Improlabe\",\"url\":\"https:\/\/improlabe.fr\/\",\"logo\":{\"@type\":\"ImageObject\",\"inLanguage\":\"fr-FR\",\"@id\":\"https:\/\/improlabe.fr\/#\/schema\/logo\/image\/\",\"url\":\"https:\/\/improlabe.fr\/wp-content\/uploads\/2025\/04\/cropped-BANDEAU-LOGO-v26-3-scaled-1.jpg\",\"contentUrl\":\"https:\/\/improlabe.fr\/wp-content\/uploads\/2025\/04\/cropped-BANDEAU-LOGO-v26-3-scaled-1.jpg\",\"width\":2413,\"height\":878,\"caption\":\"Compagnie Improlabe\"},\"image\":{\"@id\":\"https:\/\/improlabe.fr\/#\/schema\/logo\/image\/\"},\"sameAs\":[\"https:\/\/www.facebook.com\/profile.php?id=61575341305513\",\"https:\/\/www.instagram.com\/improlabe_tours\/\",\"https:\/\/www.linkedin.com\/company\/improlabe\"]}]}<\/script>\n<!-- \/ Yoast SEO plugin. -->","yoast_head_json":{"title":"Com\u00e9diennes de th\u00e9\u00e2tre d\u2019improvisation \u00e0 Tours - Compagnie Improlabe","description":"Improlabe est une compagnie de th\u00e9\u00e2tre d\u2019improvisation \u00e0 Tours port\u00e9e par deux com\u00e9diennes passionn\u00e9es, Emilie Mendon\u00e7a et Vanessa Auger.","robots":{"index":"index","follow":"follow","max-snippet":"max-snippet:-1","max-image-preview":"max-image-preview:large","max-video-preview":"max-video-preview:-1"},"canonical":"https:\/\/improlabe.fr\/index.php\/comediennes-de-theatre-dimprovisation-a-tours-compagnie-improlabe\/","og_locale":"fr_FR","og_type":"article","og_title":"Com\u00e9diennes de th\u00e9\u00e2tre d\u2019improvisation \u00e0 Tours - Compagnie Improlabe","og_description":"Improlabe est une compagnie de th\u00e9\u00e2tre d\u2019improvisation \u00e0 Tours port\u00e9e par deux com\u00e9diennes passionn\u00e9es, Emilie Mendon\u00e7a et Vanessa Auger.","og_url":"https:\/\/improlabe.fr\/index.php\/comediennes-de-theatre-dimprovisation-a-tours-compagnie-improlabe\/","article_publisher":"https:\/\/www.facebook.com\/profile.php?id=61575341305513","article_modified_time":"2025-12-29T17:51:42+00:00","og_image":[{"width":1080,"height":1080,"url":"https:\/\/improlabe.fr\/wp-content\/uploads\/2025\/05\/WEB-portrait-Emilie-1.png","type":"image\/png"}],"twitter_card":"summary_large_image","twitter_misc":{"Dur\u00e9e de lecture estim\u00e9e":"5 minutes"},"schema":{"@context":"https:\/\/schema.org","@graph":[{"@type":"WebPage","@id":"https:\/\/improlabe.fr\/index.php\/comediennes-de-theatre-dimprovisation-a-tours-compagnie-improlabe\/","url":"https:\/\/improlabe.fr\/index.php\/comediennes-de-theatre-dimprovisation-a-tours-compagnie-improlabe\/","name":"Com\u00e9diennes de th\u00e9\u00e2tre d\u2019improvisation \u00e0 Tours - Compagnie Improlabe","isPartOf":{"@id":"https:\/\/improlabe.fr\/#website"},"primaryImageOfPage":{"@id":"https:\/\/improlabe.fr\/index.php\/comediennes-de-theatre-dimprovisation-a-tours-compagnie-improlabe\/#primaryimage"},"image":{"@id":"https:\/\/improlabe.fr\/index.php\/comediennes-de-theatre-dimprovisation-a-tours-compagnie-improlabe\/#primaryimage"},"thumbnailUrl":"http:\/\/yolckze.cluster100.hosting.ovh.net\/wp-content\/uploads\/2025\/05\/WEB-portrait-Emilie-1-1024x1024.png","datePublished":"2025-05-08T01:07:48+00:00","dateModified":"2025-12-29T17:51:42+00:00","description":"Improlabe est une compagnie de th\u00e9\u00e2tre d\u2019improvisation \u00e0 Tours port\u00e9e par deux com\u00e9diennes passionn\u00e9es, Emilie Mendon\u00e7a et Vanessa Auger.","breadcrumb":{"@id":"https:\/\/improlabe.fr\/index.php\/comediennes-de-theatre-dimprovisation-a-tours-compagnie-improlabe\/#breadcrumb"},"inLanguage":"fr-FR","potentialAction":[{"@type":"ReadAction","target":["https:\/\/improlabe.fr\/index.php\/comediennes-de-theatre-dimprovisation-a-tours-compagnie-improlabe\/"]}]},{"@type":"ImageObject","inLanguage":"fr-FR","@id":"https:\/\/improlabe.fr\/index.php\/comediennes-de-theatre-dimprovisation-a-tours-compagnie-improlabe\/#primaryimage","url":"http:\/\/yolckze.cluster100.hosting.ovh.net\/wp-content\/uploads\/2025\/05\/WEB-portrait-Emilie-1-1024x1024.png","contentUrl":"http:\/\/yolckze.cluster100.hosting.ovh.net\/wp-content\/uploads\/2025\/05\/WEB-portrait-Emilie-1-1024x1024.png"},{"@type":"BreadcrumbList","@id":"https:\/\/improlabe.fr\/index.php\/comediennes-de-theatre-dimprovisation-a-tours-compagnie-improlabe\/#breadcrumb","itemListElement":[{"@type":"ListItem","position":1,"name":"Accueil","item":"https:\/\/improlabe.fr\/"},{"@type":"ListItem","position":2,"name":"Qui sommes-nous ?"}]},{"@type":"WebSite","@id":"https:\/\/improlabe.fr\/#website","url":"https:\/\/improlabe.fr\/","name":"improlabe.fr","description":"Improlabe est une compagnie port\u00e9e par deux &lt;strong&gt;com\u00e9diennes de th\u00e9\u00e2tre d\u2019improvisation \u00e0 Tours&lt;\/strong&gt;, engag\u00e9es dans la cr\u00e9ation, la transmission et l\u2019exploration des pratiques improvis\u00e9es contemporaines.&lt;br&gt;Car la Compagnie Improlabe n\u2019est pas qu\u2019un laboratoire : c\u2019est aussi et surtout un lieu d\u2019exploration de l\u2019improvisation th\u00e9\u00e2trale. \u00c0 la mani\u00e8re de l\u2019astrolabe qui guidait marins et explorateurs en des temps recul\u00e9s, Improlabe est un outil de d\u00e9couverte et d\u2019ouverture vers l\u2019ensemble des pratiques th\u00e9\u00e2trales improvis\u00e9es d\u2019aujourd\u2019hui, en Touraine, en France et \u00e0 l\u2019\u00e9tranger.&lt;br&gt;\u00c0 travers ses ateliers, stages, spectacles, interventions p\u00e9dagogiques et prestations \u00e0 destination du monde de l\u2019entreprise et des professionnels, Improlabe d\u00e9ploie l\u2019univers de l\u2019improvisation th\u00e9\u00e2trale aupr\u00e8s de publics vari\u00e9s, dans une approche exigeante, accessible et profond\u00e9ment humaine.","publisher":{"@id":"https:\/\/improlabe.fr\/#organization"},"potentialAction":[{"@type":"SearchAction","target":{"@type":"EntryPoint","urlTemplate":"https:\/\/improlabe.fr\/?s={search_term_string}"},"query-input":{"@type":"PropertyValueSpecification","valueRequired":true,"valueName":"search_term_string"}}],"inLanguage":"fr-FR"},{"@type":"Organization","@id":"https:\/\/improlabe.fr\/#organization","name":"Compagnie Improlabe","url":"https:\/\/improlabe.fr\/","logo":{"@type":"ImageObject","inLanguage":"fr-FR","@id":"https:\/\/improlabe.fr\/#\/schema\/logo\/image\/","url":"https:\/\/improlabe.fr\/wp-content\/uploads\/2025\/04\/cropped-BANDEAU-LOGO-v26-3-scaled-1.jpg","contentUrl":"https:\/\/improlabe.fr\/wp-content\/uploads\/2025\/04\/cropped-BANDEAU-LOGO-v26-3-scaled-1.jpg","width":2413,"height":878,"caption":"Compagnie Improlabe"},"image":{"@id":"https:\/\/improlabe.fr\/#\/schema\/logo\/image\/"},"sameAs":["https:\/\/www.facebook.com\/profile.php?id=61575341305513","https:\/\/www.instagram.com\/improlabe_tours\/","https:\/\/www.linkedin.com\/company\/improlabe"]}]}},"_links":{"self":[{"href":"https:\/\/improlabe.fr\/index.php\/wp-json\/wp\/v2\/pages\/155","targetHints":{"allow":["GET"]}}],"collection":[{"href":"https:\/\/improlabe.fr\/index.php\/wp-json\/wp\/v2\/pages"}],"about":[{"href":"https:\/\/improlabe.fr\/index.php\/wp-json\/wp\/v2\/types\/page"}],"author":[{"embeddable":true,"href":"https:\/\/improlabe.fr\/index.php\/wp-json\/wp\/v2\/users\/1"}],"replies":[{"embeddable":true,"href":"https:\/\/improlabe.fr\/index.php\/wp-json\/wp\/v2\/comments?post=155"}],"version-history":[{"count":34,"href":"https:\/\/improlabe.fr\/index.php\/wp-json\/wp\/v2\/pages\/155\/revisions"}],"predecessor-version":[{"id":972,"href":"https:\/\/improlabe.fr\/index.php\/wp-json\/wp\/v2\/pages\/155\/revisions\/972"}],"wp:attachment":[{"href":"https:\/\/improlabe.fr\/index.php\/wp-json\/wp\/v2\/media?parent=155"}],"curies":[{"name":"wp","href":"https:\/\/api.w.org\/{rel}","templated":true}]}}