{"id":131,"date":"2025-05-08T02:49:21","date_gmt":"2025-05-08T00:49:21","guid":{"rendered":"http:\/\/yolckze.cluster100.hosting.ovh.net\/?page_id=131"},"modified":"2026-02-10T22:33:39","modified_gmt":"2026-02-10T21:33:39","slug":"ateliers-de-theatre-dimprovisation-a-tours-improlabe","status":"publish","type":"page","link":"https:\/\/improlabe.fr\/index.php\/ateliers-de-theatre-dimprovisation-a-tours-improlabe\/","title":{"rendered":"Nos Ateliers d&#8217;Improvisation"},"content":{"rendered":"\n<h2 class=\"wp-block-heading has-vivid-red-color has-text-color has-link-color wp-elements-7c8867c38dd210463578fc0d15f6d5f2\">Les ateliers d\u2019improvisation th\u00e9\u00e2trale <\/h2>\n\n\n\n<h2 class=\"wp-block-heading has-vivid-red-color has-text-color has-link-color wp-elements-d50a47a1d1de9664b72f2c01a49b8037\">A la Compagnie Improlabe &#8211; Tours<\/h2>\n\n\n\n<div style=\"height:50px\" aria-hidden=\"true\" class=\"wp-block-spacer\"><\/div>\n\n\n\n<p>Les ateliers de th\u00e9\u00e2tre d\u2019improvisation \u00e0 Tours propos\u00e9s par la Compagnie Improlabe s\u2019adressent \u00e0 celles et ceux qui souhaitent d\u00e9couvrir pour les d\u00e9butants, explorer, approfondir et enrichir pour les initi\u00e9s\/confirm\u00e9s leur pratique de l\u2019improvisation th\u00e9\u00e2trale.<\/p>\n\n\n\n<p>Improviser, c\u2019est cr\u00e9er sans filet, en s\u2019appuyant sur le pr\u00e9sent, le collectif, l\u2019\u00e9coute et l\u2019imaginaire.<br>C\u2019est oser ne pas savoir, faire confiance \u00e0 ce qui vient, et transformer une impulsion en sc\u00e8ne.<br>C\u2019est un art \u00e0 part enti\u00e8re, o\u00f9 l\u2019on apprend \u00e0 jouer avec ce qui est l\u00e0 \u2014 une situation, un partenaire, un mot, un geste \u2014 pour construire ensemble des histoires uniques, \u00e9ph\u00e9m\u00e8res et vivantes.<\/p>\n\n\n\n<p>Chez Improlabe, nous envisageons l\u2019improvisation comme un <strong>terrain de jeu exigeant et joyeux<\/strong>, o\u00f9 l\u2019on peut \u00e0 la fois se d\u00e9passer, apprendre, exp\u00e9rimenter, s\u2019amuser et s\u2019\u00e9mouvoir.<\/p>\n\n\n\n<div style=\"height:20px\" aria-hidden=\"true\" class=\"wp-block-spacer\"><\/div>\n\n\n\n<p>Notre p\u00e9dagogie repose sur quelques principes simples :<\/p>\n\n\n\n<ul class=\"wp-block-list\">\n<li>Travailler <strong>la pr\u00e9cision sans perdre la spontan\u00e9it\u00e9<\/strong>,<\/li>\n\n\n\n<li>D\u00e9velopper <strong>l\u2019\u00e9coute de soi et du groupe<\/strong>,<\/li>\n\n\n\n<li>Nourrir le jeu par <strong>la curiosit\u00e9, la technique et la libert\u00e9<\/strong>,<\/li>\n\n\n\n<li>Valoriser <strong>la singularit\u00e9 de chacun\u00b7e dans un cadre collectif solide<\/strong>.<\/li>\n<\/ul>\n\n\n\n<div style=\"height:30px\" aria-hidden=\"true\" class=\"wp-block-spacer\"><\/div>\n\n\n\n<h4 class=\"wp-block-heading has-vivid-red-color has-text-color has-link-color wp-elements-35c721b7fdda69f0783fbee741a87d22\">Trois formats d\u2019ateliers de th\u00e9\u00e2tre d\u2019improvisation pour enrichir votre pratique<\/h4>\n\n\n\n<div style=\"height:20px\" aria-hidden=\"true\" class=\"wp-block-spacer\"><\/div>\n\n\n\n<p>Que vous souhaitiez d\u00e9couvrir, approfondir votre jeu, d\u00e9couvrir de nouveaux styles, ou garder un rythme r\u00e9gulier, nous vous proposons <strong>trois formats compl\u00e9mentaires<\/strong> :<\/p>\n\n\n\n<div style=\"height:20px\" aria-hidden=\"true\" class=\"wp-block-spacer\"><\/div>\n\n\n\n<h4 class=\"wp-block-heading has-vivid-red-color has-text-color has-link-color wp-elements-2536638194ad904ac87fc4ed39010de9\">Les cycles Explo<\/h4>\n\n\n\n<div style=\"height:20px\" aria-hidden=\"true\" class=\"wp-block-spacer\"><\/div>\n\n\n\n<p>Les <strong>cycles EXPLO<\/strong>, ce sont des parcours d\u2019exploration en profondeur autour d\u2019une th\u00e9matique, d\u2019un univers ou d\u2019une structure d\u2019improvisation.<br>Chaque cycle s\u2019organise sur <strong>6 s\u00e9ances de 2h<\/strong>, et la derni\u00e8re s\u00e9ance qui se conclut par une <strong>restitution publique<\/strong> construite collectivement.<\/p>\n\n\n\n<p>Ces cycles permettent de prendre le temps de creuser un aspect du jeu, de progresser s\u00e9ance apr\u00e8s s\u00e9ance, et de sortir de ses automatismes.<\/p>\n\n\n\n<p>Parmi les th\u00e9matiques explor\u00e9es :<\/p>\n\n\n\n<ul class=\"wp-block-list\">\n<li>Le long form : Yes we can !<\/li>\n\n\n\n<li>Fini les conflits<\/li>\n\n\n\n<li>Improviser \u00e0 la mani\u00e8re de Moli\u00e8re<\/li>\n\n\n\n<li>As-tu du ch\u0153ur ?<\/li>\n\n\n\n<li>Harold &amp; Moi<\/li>\n<\/ul>\n\n\n\n<p>\u2192 <a href=\"https:\/\/improlabe.fr\/index.php\/ateliers-de-theatre-dimprovisation-a-tours-improlabe\/cycles-theatre-improvisation-tours\/\" target=\"_blank\" rel=\"noreferrer noopener\">D\u00e9couvrir les cycles EXPLO<\/a><\/p>\n\n\n\n<div class=\"wp-block-buttons is-layout-flex wp-block-buttons-is-layout-flex\">\n<div class=\"wp-block-button\"><a class=\"wp-block-button__link has-vivid-red-background-color has-background wp-element-button\" href=\"https:\/\/www.helloasso.com\/associations\/les-amis-de-la-compagnie-improlabe\" target=\"_blank\" rel=\"noreferrer noopener\">R\u00e9serve sur HelloAsso<\/a><\/div>\n<\/div>\n\n\n\n<div style=\"height:30px\" aria-hidden=\"true\" class=\"wp-block-spacer\"><\/div>\n\n\n\n<h4 class=\"wp-block-heading has-vivid-red-color has-text-color has-link-color wp-elements-cd376937a8c3010b21be66a9ab09ce10\">Les Boosts<\/h4>\n\n\n\n<div style=\"height:20px\" aria-hidden=\"true\" class=\"wp-block-spacer\"><\/div>\n\n\n\n<p>Les <strong>Boosts<\/strong> sont des ateliers intensifs de 3h, ponctuels, con\u00e7us pour <strong>travailler une posture de jeu, une technique ou un format pr\u00e9cis<\/strong>.<br>Ce sont des parenth\u00e8ses p\u00e9dagogiques dynamiques, id\u00e9ales pour exp\u00e9rimenter, se secouer ou enrichir sa bo\u00eete \u00e0 outils.<\/p>\n\n\n\n<p>Les Boosts sont accessibles d\u00e8s 1 an d\u2019exp\u00e9rience en th\u00e9\u00e2tre d&#8217;improvisation.<\/p>\n\n\n\n<p>Quelques exemples de Boost d\u00e9j\u00e0 propos\u00e9s l&#8217;\u00e9t\u00e9 2025 :<\/p>\n\n\n\n<ul class=\"wp-block-list\">\n<li>Quel improvisateur es-tu ?<\/li>\n\n\n\n<li>Com\u00e9die romantique<\/li>\n\n\n\n<li>Next (les transitions de sc\u00e8ne)<\/li>\n\n\n\n<li>Service et lead<\/li>\n\n\n\n<li>Initiation au long form\u2026<\/li>\n<\/ul>\n\n\n\n<p>\u2192 <a data-type=\"link\" data-id=\"http:\/\/yolckze.cluster100.hosting.ovh.net\/index.php\/nos-boosts\/\" href=\"https:\/\/improlabe.fr\/index.php\/cours-hebdomadaires\/nos-boosts\/\" target=\"_blank\" rel=\"noreferrer noopener\">Voir les anciens Boosts<\/a> de l&#8217;\u00e9t\u00e9 2025<\/p>\n\n\n\n<p>\u2192 <a href=\"https:\/\/improlabe.fr\/index.php\/ateliers-de-theatre-dimprovisation-a-tours-improlabe\/boosts-de-theatre-dimprovisation-a-tours-programme-2026-improlabe\/\" target=\"_blank\" rel=\"noreferrer noopener\">Voir les nouveaux Boosts<\/a> 2026<\/p>\n\n\n\n<p><\/p>\n\n\n\n<ul class=\"wp-block-list\">\n<li>BOOST Alors on chante !&nbsp;&#8211; 7 mars 2026<\/li>\n\n\n\n<li>BOOST \u00c9motions XXL : la montagne russe de l\u2019impro &#8211; 23 avril 2026<\/li>\n\n\n\n<li>BOOST Impro&#8217;D\u00e9co &#8211; 30 avril 2026<\/li>\n\n\n\n<li>BOOST STANISLAVS&#8230; QUI ? &#8211; 30 mai 2026<\/li>\n<\/ul>\n\n\n\n<p><\/p>\n\n\n\n<div class=\"wp-block-buttons is-layout-flex wp-block-buttons-is-layout-flex\">\n<div class=\"wp-block-button\"><a class=\"wp-block-button__link has-vivid-red-background-color has-background wp-element-button\" href=\"https:\/\/www.helloasso.com\/associations\/les-amis-de-la-compagnie-improlabe\" target=\"_blank\" rel=\"noreferrer noopener\">R\u00e9serve les nouveaux Boosts 2026<\/a><\/div>\n<\/div>\n\n\n\n<div style=\"height:30px\" aria-hidden=\"true\" class=\"wp-block-spacer\"><\/div>\n\n\n\n<h4 class=\"wp-block-heading has-vivid-red-color has-text-color has-link-color wp-elements-98d3d97f705c645888085babd344cc1b\">D\u00e9clic Impro &#8211; Les ateliers d\u00e9butants \u2013 <\/h4>\n\n\n\n<div style=\"height:20px\" aria-hidden=\"true\" class=\"wp-block-spacer\"><\/div>\n\n\n\n<p>Parce qu\u2019il faut parfois un premier pas pour oser se lancer, la Compagnie Improlabe ouvre r\u00e9guli\u00e8rement des ateliers d\u2019improvisation th\u00e9\u00e2trale pour d\u00e9butants, r\u00e9unis sous le nom de D\u00e9clic Impro. Ces ateliers sont con\u00e7us pour celles et ceux qui n\u2019ont jamais fait d\u2019improvisation, ou tr\u00e8s peu, et qui souhaitent d\u00e9couvrir cette pratique dans un cadre bienveillant, progressif et ludique.<\/p>\n\n\n\n<p>D\u00e9clic Impro permet de d\u00e9couvrir les bases de l\u2019improvisation th\u00e9\u00e2trale : l\u2019\u00e9coute, l\u2019acceptation, le jeu collectif, la spontan\u00e9it\u00e9 et le plaisir de jouer ensemble. Aucun pr\u00e9requis n\u2019est n\u00e9cessaire, seulement l\u2019envie d\u2019exp\u00e9rimenter, de s\u2019amuser et de sortir doucement de sa zone de confort.<\/p>\n\n\n\n<p>Le premier atelier D\u00e9clic Impro se d\u00e9roule le dimanche 15 mars 2026 de 15h \u00e0 17h30 &#8211; <a href=\"https:\/\/www.thepeoplehostel.com\/fr\/bar-restaurant\/etape-84-tours\/\">Etape 84 &#8211; 84 avenue grammont &#8211; Tours. <\/a><\/p>\n\n\n\n<div class=\"wp-block-buttons is-layout-flex wp-block-buttons-is-layout-flex\">\n<div class=\"wp-block-button\"><a class=\"wp-block-button__link has-vivid-red-background-color has-background wp-element-button\" href=\"https:\/\/www.helloasso.com\/associations\/les-amis-de-la-compagnie-improlabe\/evenements\/le-declic-impro-2-un-atelier-pour-faire-eclore-le-plaisir-d-improviser\" target=\"_blank\" rel=\"noreferrer noopener\">R\u00e9serve ta place !<\/a><\/div>\n<\/div>\n\n\n\n<div style=\"height:30px\" aria-hidden=\"true\" class=\"wp-block-spacer\"><\/div>\n\n\n\n<p>La Compagnie Improlabe s\u2019adresse \u00e0 tous ceux et celles qui veulent aller plus loin dans leur pratique.<br>\u00c0 celles et ceux qui aiment jouer avec pr\u00e9cision sans se prendre au s\u00e9rieux.<br>\u00c0 celles et ceux qui ont envie de <strong>creuser leur jeu, affiner leur \u00e9coute, partager la sc\u00e8ne autrement<\/strong>.<\/p>\n\n\n\n<p>Improviser avec la Compagnie Improlabe, c\u2019est choisir d\u2019explorer avec curiosit\u00e9, exigence et plaisir.<\/p>\n\n\n\n<p>\u00c0 travers ses ateliers de th\u00e9\u00e2tre d\u2019improvisation \u00e0 Tours, la Compagnie Improlabe d\u00e9fend une pratique exigeante, joyeuse et profond\u00e9ment collective de l\u2019impro.<\/p>\n\n\n\n<div style=\"height:50px\" aria-hidden=\"true\" class=\"wp-block-spacer\"><\/div>\n\n\n\n<details class=\"wp-block-details is-layout-flow wp-block-details-is-layout-flow\"><summary>Un Coucou silencieux des \u00e9l\u00e8ves de la Compagnie Improlabe, Chuuuuuuut, viens nous voir, nous jouons r\u00e9guli\u00e8rement des spectacles aussi !<\/summary>\n<p><\/p>\n<\/details>\n\n\n<div class=\"wp-block-image\">\n<figure class=\"aligncenter size-large is-resized\"><img loading=\"lazy\" decoding=\"async\" width=\"768\" height=\"1024\" src=\"https:\/\/improlabe.fr\/wp-content\/uploads\/2025\/12\/theatre-improvisation-tours-improlabe1-768x1024.jpg\" alt=\"atelier-theatre-improvisation-tours-improlabe1\" class=\"wp-image-891\" style=\"aspect-ratio:1;object-fit:contain;width:801px;height:auto\" srcset=\"https:\/\/improlabe.fr\/wp-content\/uploads\/2025\/12\/theatre-improvisation-tours-improlabe1-768x1024.jpg 768w, https:\/\/improlabe.fr\/wp-content\/uploads\/2025\/12\/theatre-improvisation-tours-improlabe1-225x300.jpg 225w, https:\/\/improlabe.fr\/wp-content\/uploads\/2025\/12\/theatre-improvisation-tours-improlabe1-1152x1536.jpg 1152w, https:\/\/improlabe.fr\/wp-content\/uploads\/2025\/12\/theatre-improvisation-tours-improlabe1-1536x2048.jpg 1536w, https:\/\/improlabe.fr\/wp-content\/uploads\/2025\/12\/theatre-improvisation-tours-improlabe1-scaled.jpg 1920w\" sizes=\"auto, (max-width: 768px) 100vw, 768px\" \/><\/figure>\n<\/div>","protected":false},"excerpt":{"rendered":"<p>Les ateliers d\u2019improvisation th\u00e9\u00e2trale A la Compagnie Improlabe &#8211; Tours Les ateliers de th\u00e9\u00e2tre d\u2019improvisation \u00e0 Tours propos\u00e9s par la Compagnie Improlabe s\u2019adressent \u00e0 celles et ceux qui souhaitent d\u00e9couvrir pour les d\u00e9butants, explorer, approfondir et enrichir pour les initi\u00e9s\/confirm\u00e9s leur pratique de l\u2019improvisation th\u00e9\u00e2trale. Improviser, c\u2019est cr\u00e9er sans filet, en s\u2019appuyant sur le pr\u00e9sent, [&hellip;]<\/p>\n","protected":false},"author":1,"featured_media":0,"parent":0,"menu_order":0,"comment_status":"closed","ping_status":"closed","template":"","meta":{"footnotes":""},"class_list":["post-131","page","type-page","status-publish","hentry"],"yoast_head":"<!-- This site is optimized with the Yoast SEO plugin v26.8 - https:\/\/yoast.com\/product\/yoast-seo-wordpress\/ -->\n<title>Ateliers de th\u00e9\u00e2tre d\u2019improvisation \u00e0 Tours - Compagnie Improlabe<\/title>\n<meta name=\"description\" content=\"Explorez les ateliers de th\u00e9\u00e2tre d\u2019improvisation \u00e0 Tours par la Compagnie Improlabe : cycles, boosts et stages d&#039;impro adapt\u00e9s \u00e0 votre rythme.\" \/>\n<meta name=\"robots\" content=\"index, follow, max-snippet:-1, max-image-preview:large, max-video-preview:-1\" \/>\n<link rel=\"canonical\" href=\"https:\/\/improlabe.fr\/index.php\/ateliers-de-theatre-dimprovisation-a-tours-improlabe\/\" \/>\n<meta property=\"og:locale\" content=\"fr_FR\" \/>\n<meta property=\"og:type\" content=\"article\" \/>\n<meta property=\"og:title\" content=\"Ateliers de th\u00e9\u00e2tre d\u2019improvisation \u00e0 Tours - Compagnie Improlabe\" \/>\n<meta property=\"og:description\" content=\"Explorez les ateliers de th\u00e9\u00e2tre d\u2019improvisation \u00e0 Tours par la Compagnie Improlabe : cycles, boosts et stages d&#039;impro adapt\u00e9s \u00e0 votre rythme.\" \/>\n<meta property=\"og:url\" content=\"https:\/\/improlabe.fr\/index.php\/ateliers-de-theatre-dimprovisation-a-tours-improlabe\/\" \/>\n<meta property=\"article:publisher\" content=\"https:\/\/www.facebook.com\/profile.php?id=61575341305513\" \/>\n<meta property=\"article:modified_time\" content=\"2026-02-10T21:33:39+00:00\" \/>\n<meta property=\"og:image\" content=\"https:\/\/improlabe.fr\/wp-content\/uploads\/2025\/12\/theatre-improvisation-tours-improlabe1-scaled.jpg\" \/>\n\t<meta property=\"og:image:width\" content=\"1920\" \/>\n\t<meta property=\"og:image:height\" content=\"2560\" \/>\n\t<meta property=\"og:image:type\" content=\"image\/jpeg\" \/>\n<meta name=\"twitter:card\" content=\"summary_large_image\" \/>\n<meta name=\"twitter:label1\" content=\"Dur\u00e9e de lecture estim\u00e9e\" \/>\n\t<meta name=\"twitter:data1\" content=\"4 minutes\" \/>\n<script type=\"application\/ld+json\" class=\"yoast-schema-graph\">{\"@context\":\"https:\/\/schema.org\",\"@graph\":[{\"@type\":\"WebPage\",\"@id\":\"https:\/\/improlabe.fr\/index.php\/ateliers-de-theatre-dimprovisation-a-tours-improlabe\/\",\"url\":\"https:\/\/improlabe.fr\/index.php\/ateliers-de-theatre-dimprovisation-a-tours-improlabe\/\",\"name\":\"Ateliers de th\u00e9\u00e2tre d\u2019improvisation \u00e0 Tours - Compagnie Improlabe\",\"isPartOf\":{\"@id\":\"https:\/\/improlabe.fr\/#website\"},\"primaryImageOfPage\":{\"@id\":\"https:\/\/improlabe.fr\/index.php\/ateliers-de-theatre-dimprovisation-a-tours-improlabe\/#primaryimage\"},\"image\":{\"@id\":\"https:\/\/improlabe.fr\/index.php\/ateliers-de-theatre-dimprovisation-a-tours-improlabe\/#primaryimage\"},\"thumbnailUrl\":\"https:\/\/improlabe.fr\/wp-content\/uploads\/2025\/12\/theatre-improvisation-tours-improlabe1-768x1024.jpg\",\"datePublished\":\"2025-05-08T00:49:21+00:00\",\"dateModified\":\"2026-02-10T21:33:39+00:00\",\"description\":\"Explorez les ateliers de th\u00e9\u00e2tre d\u2019improvisation \u00e0 Tours par la Compagnie Improlabe : cycles, boosts et stages d'impro adapt\u00e9s \u00e0 votre rythme.\",\"breadcrumb\":{\"@id\":\"https:\/\/improlabe.fr\/index.php\/ateliers-de-theatre-dimprovisation-a-tours-improlabe\/#breadcrumb\"},\"inLanguage\":\"fr-FR\",\"potentialAction\":[{\"@type\":\"ReadAction\",\"target\":[\"https:\/\/improlabe.fr\/index.php\/ateliers-de-theatre-dimprovisation-a-tours-improlabe\/\"]}]},{\"@type\":\"ImageObject\",\"inLanguage\":\"fr-FR\",\"@id\":\"https:\/\/improlabe.fr\/index.php\/ateliers-de-theatre-dimprovisation-a-tours-improlabe\/#primaryimage\",\"url\":\"https:\/\/improlabe.fr\/wp-content\/uploads\/2025\/12\/theatre-improvisation-tours-improlabe1-scaled.jpg\",\"contentUrl\":\"https:\/\/improlabe.fr\/wp-content\/uploads\/2025\/12\/theatre-improvisation-tours-improlabe1-scaled.jpg\",\"width\":1920,\"height\":2560},{\"@type\":\"BreadcrumbList\",\"@id\":\"https:\/\/improlabe.fr\/index.php\/ateliers-de-theatre-dimprovisation-a-tours-improlabe\/#breadcrumb\",\"itemListElement\":[{\"@type\":\"ListItem\",\"position\":1,\"name\":\"Accueil\",\"item\":\"https:\/\/improlabe.fr\/\"},{\"@type\":\"ListItem\",\"position\":2,\"name\":\"Nos Ateliers d&#8217;Improvisation\"}]},{\"@type\":\"WebSite\",\"@id\":\"https:\/\/improlabe.fr\/#website\",\"url\":\"https:\/\/improlabe.fr\/\",\"name\":\"improlabe.fr\",\"description\":\"Improlabe est une compagnie port\u00e9e par deux &lt;strong&gt;com\u00e9diennes de th\u00e9\u00e2tre d\u2019improvisation \u00e0 Tours&lt;\/strong&gt;, engag\u00e9es dans la cr\u00e9ation, la transmission et l\u2019exploration des pratiques improvis\u00e9es contemporaines.&lt;br&gt;Car la Compagnie Improlabe n\u2019est pas qu\u2019un laboratoire : c\u2019est aussi et surtout un lieu d\u2019exploration de l\u2019improvisation th\u00e9\u00e2trale. \u00c0 la mani\u00e8re de l\u2019astrolabe qui guidait marins et explorateurs en des temps recul\u00e9s, Improlabe est un outil de d\u00e9couverte et d\u2019ouverture vers l\u2019ensemble des pratiques th\u00e9\u00e2trales improvis\u00e9es d\u2019aujourd\u2019hui, en Touraine, en France et \u00e0 l\u2019\u00e9tranger.&lt;br&gt;\u00c0 travers ses ateliers, stages, spectacles, interventions p\u00e9dagogiques et prestations \u00e0 destination du monde de l\u2019entreprise et des professionnels, Improlabe d\u00e9ploie l\u2019univers de l\u2019improvisation th\u00e9\u00e2trale aupr\u00e8s de publics vari\u00e9s, dans une approche exigeante, accessible et profond\u00e9ment humaine.\",\"publisher\":{\"@id\":\"https:\/\/improlabe.fr\/#organization\"},\"potentialAction\":[{\"@type\":\"SearchAction\",\"target\":{\"@type\":\"EntryPoint\",\"urlTemplate\":\"https:\/\/improlabe.fr\/?s={search_term_string}\"},\"query-input\":{\"@type\":\"PropertyValueSpecification\",\"valueRequired\":true,\"valueName\":\"search_term_string\"}}],\"inLanguage\":\"fr-FR\"},{\"@type\":\"Organization\",\"@id\":\"https:\/\/improlabe.fr\/#organization\",\"name\":\"Compagnie Improlabe\",\"url\":\"https:\/\/improlabe.fr\/\",\"logo\":{\"@type\":\"ImageObject\",\"inLanguage\":\"fr-FR\",\"@id\":\"https:\/\/improlabe.fr\/#\/schema\/logo\/image\/\",\"url\":\"https:\/\/improlabe.fr\/wp-content\/uploads\/2025\/04\/cropped-BANDEAU-LOGO-v26-3-scaled-1.jpg\",\"contentUrl\":\"https:\/\/improlabe.fr\/wp-content\/uploads\/2025\/04\/cropped-BANDEAU-LOGO-v26-3-scaled-1.jpg\",\"width\":2413,\"height\":878,\"caption\":\"Compagnie Improlabe\"},\"image\":{\"@id\":\"https:\/\/improlabe.fr\/#\/schema\/logo\/image\/\"},\"sameAs\":[\"https:\/\/www.facebook.com\/profile.php?id=61575341305513\",\"https:\/\/www.instagram.com\/improlabe_tours\/\",\"https:\/\/www.linkedin.com\/company\/improlabe\"]}]}<\/script>\n<!-- \/ Yoast SEO plugin. -->","yoast_head_json":{"title":"Ateliers de th\u00e9\u00e2tre d\u2019improvisation \u00e0 Tours - Compagnie Improlabe","description":"Explorez les ateliers de th\u00e9\u00e2tre d\u2019improvisation \u00e0 Tours par la Compagnie Improlabe : cycles, boosts et stages d'impro adapt\u00e9s \u00e0 votre rythme.","robots":{"index":"index","follow":"follow","max-snippet":"max-snippet:-1","max-image-preview":"max-image-preview:large","max-video-preview":"max-video-preview:-1"},"canonical":"https:\/\/improlabe.fr\/index.php\/ateliers-de-theatre-dimprovisation-a-tours-improlabe\/","og_locale":"fr_FR","og_type":"article","og_title":"Ateliers de th\u00e9\u00e2tre d\u2019improvisation \u00e0 Tours - Compagnie Improlabe","og_description":"Explorez les ateliers de th\u00e9\u00e2tre d\u2019improvisation \u00e0 Tours par la Compagnie Improlabe : cycles, boosts et stages d'impro adapt\u00e9s \u00e0 votre rythme.","og_url":"https:\/\/improlabe.fr\/index.php\/ateliers-de-theatre-dimprovisation-a-tours-improlabe\/","article_publisher":"https:\/\/www.facebook.com\/profile.php?id=61575341305513","article_modified_time":"2026-02-10T21:33:39+00:00","og_image":[{"width":1920,"height":2560,"url":"https:\/\/improlabe.fr\/wp-content\/uploads\/2025\/12\/theatre-improvisation-tours-improlabe1-scaled.jpg","type":"image\/jpeg"}],"twitter_card":"summary_large_image","twitter_misc":{"Dur\u00e9e de lecture estim\u00e9e":"4 minutes"},"schema":{"@context":"https:\/\/schema.org","@graph":[{"@type":"WebPage","@id":"https:\/\/improlabe.fr\/index.php\/ateliers-de-theatre-dimprovisation-a-tours-improlabe\/","url":"https:\/\/improlabe.fr\/index.php\/ateliers-de-theatre-dimprovisation-a-tours-improlabe\/","name":"Ateliers de th\u00e9\u00e2tre d\u2019improvisation \u00e0 Tours - Compagnie Improlabe","isPartOf":{"@id":"https:\/\/improlabe.fr\/#website"},"primaryImageOfPage":{"@id":"https:\/\/improlabe.fr\/index.php\/ateliers-de-theatre-dimprovisation-a-tours-improlabe\/#primaryimage"},"image":{"@id":"https:\/\/improlabe.fr\/index.php\/ateliers-de-theatre-dimprovisation-a-tours-improlabe\/#primaryimage"},"thumbnailUrl":"https:\/\/improlabe.fr\/wp-content\/uploads\/2025\/12\/theatre-improvisation-tours-improlabe1-768x1024.jpg","datePublished":"2025-05-08T00:49:21+00:00","dateModified":"2026-02-10T21:33:39+00:00","description":"Explorez les ateliers de th\u00e9\u00e2tre d\u2019improvisation \u00e0 Tours par la Compagnie Improlabe : cycles, boosts et stages d'impro adapt\u00e9s \u00e0 votre rythme.","breadcrumb":{"@id":"https:\/\/improlabe.fr\/index.php\/ateliers-de-theatre-dimprovisation-a-tours-improlabe\/#breadcrumb"},"inLanguage":"fr-FR","potentialAction":[{"@type":"ReadAction","target":["https:\/\/improlabe.fr\/index.php\/ateliers-de-theatre-dimprovisation-a-tours-improlabe\/"]}]},{"@type":"ImageObject","inLanguage":"fr-FR","@id":"https:\/\/improlabe.fr\/index.php\/ateliers-de-theatre-dimprovisation-a-tours-improlabe\/#primaryimage","url":"https:\/\/improlabe.fr\/wp-content\/uploads\/2025\/12\/theatre-improvisation-tours-improlabe1-scaled.jpg","contentUrl":"https:\/\/improlabe.fr\/wp-content\/uploads\/2025\/12\/theatre-improvisation-tours-improlabe1-scaled.jpg","width":1920,"height":2560},{"@type":"BreadcrumbList","@id":"https:\/\/improlabe.fr\/index.php\/ateliers-de-theatre-dimprovisation-a-tours-improlabe\/#breadcrumb","itemListElement":[{"@type":"ListItem","position":1,"name":"Accueil","item":"https:\/\/improlabe.fr\/"},{"@type":"ListItem","position":2,"name":"Nos Ateliers d&#8217;Improvisation"}]},{"@type":"WebSite","@id":"https:\/\/improlabe.fr\/#website","url":"https:\/\/improlabe.fr\/","name":"improlabe.fr","description":"Improlabe est une compagnie port\u00e9e par deux &lt;strong&gt;com\u00e9diennes de th\u00e9\u00e2tre d\u2019improvisation \u00e0 Tours&lt;\/strong&gt;, engag\u00e9es dans la cr\u00e9ation, la transmission et l\u2019exploration des pratiques improvis\u00e9es contemporaines.&lt;br&gt;Car la Compagnie Improlabe n\u2019est pas qu\u2019un laboratoire : c\u2019est aussi et surtout un lieu d\u2019exploration de l\u2019improvisation th\u00e9\u00e2trale. \u00c0 la mani\u00e8re de l\u2019astrolabe qui guidait marins et explorateurs en des temps recul\u00e9s, Improlabe est un outil de d\u00e9couverte et d\u2019ouverture vers l\u2019ensemble des pratiques th\u00e9\u00e2trales improvis\u00e9es d\u2019aujourd\u2019hui, en Touraine, en France et \u00e0 l\u2019\u00e9tranger.&lt;br&gt;\u00c0 travers ses ateliers, stages, spectacles, interventions p\u00e9dagogiques et prestations \u00e0 destination du monde de l\u2019entreprise et des professionnels, Improlabe d\u00e9ploie l\u2019univers de l\u2019improvisation th\u00e9\u00e2trale aupr\u00e8s de publics vari\u00e9s, dans une approche exigeante, accessible et profond\u00e9ment humaine.","publisher":{"@id":"https:\/\/improlabe.fr\/#organization"},"potentialAction":[{"@type":"SearchAction","target":{"@type":"EntryPoint","urlTemplate":"https:\/\/improlabe.fr\/?s={search_term_string}"},"query-input":{"@type":"PropertyValueSpecification","valueRequired":true,"valueName":"search_term_string"}}],"inLanguage":"fr-FR"},{"@type":"Organization","@id":"https:\/\/improlabe.fr\/#organization","name":"Compagnie Improlabe","url":"https:\/\/improlabe.fr\/","logo":{"@type":"ImageObject","inLanguage":"fr-FR","@id":"https:\/\/improlabe.fr\/#\/schema\/logo\/image\/","url":"https:\/\/improlabe.fr\/wp-content\/uploads\/2025\/04\/cropped-BANDEAU-LOGO-v26-3-scaled-1.jpg","contentUrl":"https:\/\/improlabe.fr\/wp-content\/uploads\/2025\/04\/cropped-BANDEAU-LOGO-v26-3-scaled-1.jpg","width":2413,"height":878,"caption":"Compagnie Improlabe"},"image":{"@id":"https:\/\/improlabe.fr\/#\/schema\/logo\/image\/"},"sameAs":["https:\/\/www.facebook.com\/profile.php?id=61575341305513","https:\/\/www.instagram.com\/improlabe_tours\/","https:\/\/www.linkedin.com\/company\/improlabe"]}]}},"_links":{"self":[{"href":"https:\/\/improlabe.fr\/index.php\/wp-json\/wp\/v2\/pages\/131","targetHints":{"allow":["GET"]}}],"collection":[{"href":"https:\/\/improlabe.fr\/index.php\/wp-json\/wp\/v2\/pages"}],"about":[{"href":"https:\/\/improlabe.fr\/index.php\/wp-json\/wp\/v2\/types\/page"}],"author":[{"embeddable":true,"href":"https:\/\/improlabe.fr\/index.php\/wp-json\/wp\/v2\/users\/1"}],"replies":[{"embeddable":true,"href":"https:\/\/improlabe.fr\/index.php\/wp-json\/wp\/v2\/comments?post=131"}],"version-history":[{"count":23,"href":"https:\/\/improlabe.fr\/index.php\/wp-json\/wp\/v2\/pages\/131\/revisions"}],"predecessor-version":[{"id":1187,"href":"https:\/\/improlabe.fr\/index.php\/wp-json\/wp\/v2\/pages\/131\/revisions\/1187"}],"wp:attachment":[{"href":"https:\/\/improlabe.fr\/index.php\/wp-json\/wp\/v2\/media?parent=131"}],"curies":[{"name":"wp","href":"https:\/\/api.w.org\/{rel}","templated":true}]}}